{"id":1247,"date":"2024-10-27T11:54:13","date_gmt":"2024-10-27T08:54:13","guid":{"rendered":"https:\/\/wristbandfactory.eu\/toode\/satin-lanyards-with-1-sided-silkscreen-logo-design\/"},"modified":"2026-04-01T21:52:36","modified_gmt":"2026-04-01T18:52:36","slug":"printed-satin-lanyards-premium-vip-branding","status":"publish","type":"product","link":"https:\/\/displayproducts.eu\/pt\/p\/printed-satin-lanyards-premium-vip-branding\/","title":{"rendered":"Fitas de pesco\u00e7o de pesco\u00e7o em cetim com impress\u00e3o"},"content":{"rendered":"<p data-path-to-node=\"11\">Cause uma impress\u00e3o sofisticada em sua pr\u00f3xima confer\u00eancia, feira comercial ou reuni\u00e3o corporativa com nossos produtos. <b>Cord\u00f5es de cetim estampados<\/b>. Ao contr\u00e1rio do poli\u00e9ster comum, o cetim oferece uma solu\u00e7\u00e3o sofisticada que valoriza a imagem da sua marca por meio de sua textura e brilho. O acabamento liso e brilhante proporciona uma apar\u00eancia e toque profissionais, tornando-o a escolha perfeita para convidados VIP, funcion\u00e1rios corporativos e ativa\u00e7\u00f5es de marca premium.<\/p>\n<p data-path-to-node=\"12\">Esses cord\u00f5es s\u00e3o confeccionados em fita de cetim fina, com aproximadamente 90 cm de comprimento. Devido \u00e0 textura lisa do material, aplicamos seu logotipo com alta qualidade. <b>impress\u00e3o serigr\u00e1fica de um lado<\/b>. Este m\u00e9todo garante o seu <b>cores correspondentes \u00e0 Pantone<\/b> Mant\u00eam-se n\u00edtidas e vibrantes, criando um belo contraste com o fundo brilhante.<\/p>\n<p data-path-to-node=\"13\"><i>Nota sobre impress\u00e3o:<\/i> Devido \u00e0 natureza delicada e ligeiramente transl\u00facida do cetim fino, o desenho costuma ser levemente vis\u00edvel no verso. Essa \u00e9 uma caracter\u00edstica padr\u00e3o da ind\u00fastria de cord\u00f5es de cetim de alta qualidade e contribui para sua textura t\u00eaxtil aut\u00eantica.<\/p>\n<p data-path-to-node=\"14\">Cada cord\u00e3o vem de f\u00e1brica com um fecho resistente. <b>mosquet\u00e3o de metal<\/b>, Garantindo a fixa\u00e7\u00e3o segura de crach\u00e1s de identifica\u00e7\u00e3o ou chaves. Para uma experi\u00eancia premium completa, recomendamos o uso desses cord\u00f5es com nossos porta-crach\u00e1s r\u00edgidos.<\/p>\n<p data-path-to-node=\"15\"><b>Principais caracter\u00edsticas:<\/b><\/p>\n<ul data-path-to-node=\"16\">\n<li>\n<p data-path-to-node=\"16,0,0\"><b>Material:<\/b> Cetim fino com acabamento liso e brilhante para uma est\u00e9tica luxuosa.<\/p>\n<\/li>\n<li>\n<p data-path-to-node=\"16,1,0\"><b>Impress\u00e3o:<\/b> Impress\u00e3o serigr\u00e1fica em um s\u00f3 lado para uma identidade visual vibrante e de alto contraste.<\/p>\n<\/li>\n<li>\n<p data-path-to-node=\"16,2,0\"><b>Combina\u00e7\u00e3o de cores:<\/b> Correspond\u00eancia precisa de cores Pantone para o logotipo da sua empresa.<\/p>\n<\/li>\n<li>\n<p data-path-to-node=\"16,3,0\"><b>Dimens\u00f5es padr\u00e3o:<\/b> Com cerca de 90 cm de comprimento, \u00e9 confort\u00e1vel para uso formal.<\/p>\n<\/li>\n<li>\n<p data-path-to-node=\"16,4,0\"><b>Hardware:<\/b> Inclui um mosquet\u00e3o de metal resistente; clipes personalizados dispon\u00edveis.<\/p>\n<\/li>\n<li>\n<p data-path-to-node=\"16,5,0\"><b>Aplicativo:<\/b> Ideal para acesso VIP, cerim\u00f4nias de premia\u00e7\u00e3o e eventos de moda.<\/p>\n<\/li>\n<\/ul>","protected":false},"excerpt":{"rendered":"<ul>\n<li>\n<p data-path-to-node=\"9,0,0\"><b>Acabamento de luxo:<\/b> O tecido acetinado de alta qualidade oferece uma superf\u00edcie lisa e brilhante com um toque de requinte.<\/p>\n<\/li>\n<li>\n<p data-path-to-node=\"9,1,0\"><b>Detalhes precisos:<\/b> A serigrafia de alta qualidade garante que seu logotipo apare\u00e7a vibrante e n\u00edtido contra o fundo brilhante.<\/p>\n<\/li>\n<li>\n<p data-path-to-node=\"9,2,0\"><b>VIP e Corporativo:<\/b> A op\u00e7\u00e3o ideal para confer\u00eancias de alto n\u00edvel, jantares de gala e promo\u00e7\u00f5es exclusivas de marcas.<\/p>\n<\/li>\n<li>\n<p data-path-to-node=\"9,3,0\"><b>Hardware profissional:<\/b> Inclui um mosquet\u00e3o de metal resistente como padr\u00e3o; outros acess\u00f3rios premium dispon\u00edveis.<\/p>\n<\/li>\n<li><\/li>\n<\/ul>","protected":false},"featured_media":6758,"comment_status":"closed","ping_status":"closed","template":"","meta":[],"product_brand":[],"product_cat":[43,104],"product_tag":[],"class_list":{"0":"post-1247","1":"product","2":"type-product","3":"status-publish","4":"has-post-thumbnail","6":"product_cat-lanyards","7":"product_cat-custom-printed-lanyards","9":"first","10":"instock","11":"shipping-taxable","12":"purchasable","13":"product-type-simple"},"_links":{"self":[{"href":"https:\/\/displayproducts.eu\/pt\/wp-json\/wp\/v2\/product\/1247","targetHints":{"allow":["GET"]}}],"collection":[{"href":"https:\/\/displayproducts.eu\/pt\/wp-json\/wp\/v2\/product"}],"about":[{"href":"https:\/\/displayproducts.eu\/pt\/wp-json\/wp\/v2\/types\/product"}],"replies":[{"embeddable":true,"href":"https:\/\/displayproducts.eu\/pt\/wp-json\/wp\/v2\/comments?post=1247"}],"wp:featuredmedia":[{"embeddable":true,"href":"https:\/\/displayproducts.eu\/pt\/wp-json\/wp\/v2\/media\/6758"}],"wp:attachment":[{"href":"https:\/\/displayproducts.eu\/pt\/wp-json\/wp\/v2\/media?parent=1247"}],"wp:term":[{"taxonomy":"product_brand","embeddable":true,"href":"https:\/\/displayproducts.eu\/pt\/wp-json\/wp\/v2\/product_brand?post=1247"},{"taxonomy":"product_cat","embeddable":true,"href":"https:\/\/displayproducts.eu\/pt\/wp-json\/wp\/v2\/product_cat?post=1247"},{"taxonomy":"product_tag","embeddable":true,"href":"https:\/\/displayproducts.eu\/pt\/wp-json\/wp\/v2\/product_tag?post=1247"}],"curies":[{"name":"wp","href":"https:\/\/api.w.org\/{rel}","templated":true}]}}