{"id":1246,"date":"2024-10-27T11:54:13","date_gmt":"2024-10-27T08:54:13","guid":{"rendered":"https:\/\/wristbandfactory.eu\/toode\/flat-polyester-lanyards\/"},"modified":"2026-04-01T21:52:04","modified_gmt":"2026-04-01T18:52:04","slug":"custom-printed-polyester-lanyards-corporate-branding","status":"publish","type":"product","link":"https:\/\/displayproducts.eu\/pt\/p\/custom-printed-polyester-lanyards-corporate-branding\/","title":{"rendered":"Cord\u00f5es de poli\u00e9ster personalizados com impress\u00e3o \u2013 Identidade visual corporativa"},"content":{"rendered":"<div class=\"mx-12 md:mx-24 lg:mx-48\">\n<div class=\"container my-8 svelte-zlsknf\">\n<div class=\"my-24 rounded-lg border-0 border-gray-700 bg-gray-100 px-16 py-24\">\n<div class=\"mt-11 !text-gray-500\">\n<p data-path-to-node=\"12\">Garanta a seguran\u00e7a do seu evento e una sua equipe com nossos servi\u00e7os. <b>Cord\u00f5es de poli\u00e9ster impressos personalizados<\/b>, A solu\u00e7\u00e3o padr\u00e3o do setor para visibilidade eficaz da marca. Projetados para atender a grandes volumes de demanda, como em confer\u00eancias internacionais, feiras comerciais e festivais de grande porte, esses cord\u00f5es oferecem o equil\u00edbrio ideal entre durabilidade, qualidade de impress\u00e3o e custo-benef\u00edcio.<\/p>\n<p data-path-to-node=\"13\">Fabricado em poli\u00e9ster plano de alta qualidade, o material proporciona uma superf\u00edcie lisa, essencial para uma marca n\u00edtida e leg\u00edvel. Ao contr\u00e1rio das alternativas texturizadas, esta superf\u00edcie plana permite a reprodu\u00e7\u00e3o precisa do logotipo, garantindo que a identidade da sua empresa seja exibida sem distor\u00e7\u00f5es. Oferecemos <b>Correspond\u00eancia de cores Pantone<\/b>, permitindo-nos tingir o tecido e imprimir sua arte nas cores exatas da sua marca, em um ou ambos os lados.<\/p>\n<p data-path-to-node=\"14\">Projetado para conforto e funcionalidade, cada cord\u00e3o mede aproximadamente 90 cm de comprimento, sendo adequado para todos os participantes. A unidade vem pr\u00e9-montada com um suporte robusto. <b>mosquet\u00e3o de metal<\/b>, Garantindo que os crach\u00e1s de identifica\u00e7\u00e3o, passes de visitantes e chaves de acesso permane\u00e7am firmemente presos durante todo o evento. Para organiza\u00e7\u00f5es com necessidades espec\u00edficas de seguran\u00e7a ou funcionalidade, fixadores alternativos (como fechos de seguran\u00e7a ou clipes diferentes) est\u00e3o dispon\u00edveis mediante solicita\u00e7\u00e3o.<\/p>\n<p data-path-to-node=\"15\"><b>Principais caracter\u00edsticas:<\/b><\/p>\n<ul data-path-to-node=\"16\">\n<li>\n<p data-path-to-node=\"16,0,0\"><b>Material:<\/b> Poli\u00e9ster plano e resistente, projetado para impress\u00e3o de alta defini\u00e7\u00e3o.<\/p>\n<\/li>\n<li>\n<p data-path-to-node=\"16,1,0\"><b>Personaliza\u00e7\u00e3o:<\/b> Correspond\u00eancia total de cores Pantone, tanto para o tecido quanto para a impress\u00e3o.<\/p>\n<\/li>\n<li>\n<p data-path-to-node=\"16,2,0\"><b>Op\u00e7\u00f5es de impress\u00e3o:<\/b> Dispon\u00edvel com logotipo em um ou dois lados para m\u00e1xima visibilidade.<\/p>\n<\/li>\n<li>\n<p data-path-to-node=\"16,3,0\"><b>Dimens\u00f5es padr\u00e3o:<\/b> 90 cm de comprimento x 20 mm de largura (padr\u00e3o) para encaixe universal.<\/p>\n<\/li>\n<li>\n<p data-path-to-node=\"16,4,0\"><b>Hardware:<\/b> Mosquet\u00e3o de metal refor\u00e7ado inclu\u00eddo; acess\u00f3rios personalizados dispon\u00edveis.<\/p>\n<\/li>\n<li>\n<p data-path-to-node=\"16,5,0\"><b>Caso de uso:<\/b> Ideal para identifica\u00e7\u00e3o corporativa, crach\u00e1s de funcion\u00e1rios e brindes promocionais em eventos.<\/p>\n<\/li>\n<\/ul>\n<\/div>\n<\/div>\n<\/div>\n<\/div>","protected":false},"excerpt":{"rendered":"<ul data-path-to-node=\"10\">\n<li>\n<p data-path-to-node=\"10,0,0\"><b>Identidade Visual de Alto Impacto:<\/b> A superf\u00edcie lisa e plana do poli\u00e9ster garante uma reprodu\u00e7\u00e3o n\u00edtida e de alto contraste do logotipo.<\/p>\n<\/li>\n<li>\n<p data-path-to-node=\"10,1,0\"><b>Precis\u00e3o Pantone:<\/b> Impress\u00e3o totalmente personaliz\u00e1vel em 1 ou 2 lados para combinar exatamente com as cores da sua empresa.<\/p>\n<\/li>\n<li>\n<p data-path-to-node=\"10,2,0\"><b>Solu\u00e7\u00e3o econ\u00f4mica para compras em grande quantidade:<\/b> O padr\u00e3o da ind\u00fastria para confer\u00eancias, festivais e feiras comerciais de grande escala.<\/p>\n<\/li>\n<li>\n<p data-path-to-node=\"10,3,0\"><b>Hardware confi\u00e1vel:<\/b> Inclui um mosquet\u00e3o de metal resistente como item padr\u00e3o para fixa\u00e7\u00e3o segura de crach\u00e1s e documentos de identifica\u00e7\u00e3o.<\/p>\n<\/li>\n<\/ul>","protected":false},"featured_media":6815,"comment_status":"closed","ping_status":"closed","template":"","meta":[],"product_brand":[],"product_cat":[104],"product_tag":[],"class_list":{"0":"post-1246","1":"product","2":"type-product","3":"status-publish","4":"has-post-thumbnail","6":"product_cat-custom-printed-lanyards","8":"first","9":"instock","10":"shipping-taxable","11":"purchasable","12":"product-type-simple"},"_links":{"self":[{"href":"https:\/\/displayproducts.eu\/pt\/wp-json\/wp\/v2\/product\/1246","targetHints":{"allow":["GET"]}}],"collection":[{"href":"https:\/\/displayproducts.eu\/pt\/wp-json\/wp\/v2\/product"}],"about":[{"href":"https:\/\/displayproducts.eu\/pt\/wp-json\/wp\/v2\/types\/product"}],"replies":[{"embeddable":true,"href":"https:\/\/displayproducts.eu\/pt\/wp-json\/wp\/v2\/comments?post=1246"}],"wp:featuredmedia":[{"embeddable":true,"href":"https:\/\/displayproducts.eu\/pt\/wp-json\/wp\/v2\/media\/6815"}],"wp:attachment":[{"href":"https:\/\/displayproducts.eu\/pt\/wp-json\/wp\/v2\/media?parent=1246"}],"wp:term":[{"taxonomy":"product_brand","embeddable":true,"href":"https:\/\/displayproducts.eu\/pt\/wp-json\/wp\/v2\/product_brand?post=1246"},{"taxonomy":"product_cat","embeddable":true,"href":"https:\/\/displayproducts.eu\/pt\/wp-json\/wp\/v2\/product_cat?post=1246"},{"taxonomy":"product_tag","embeddable":true,"href":"https:\/\/displayproducts.eu\/pt\/wp-json\/wp\/v2\/product_tag?post=1246"}],"curies":[{"name":"wp","href":"https:\/\/api.w.org\/{rel}","templated":true}]}}