{"id":1243,"date":"2024-10-27T11:54:13","date_gmt":"2024-10-27T08:54:13","guid":{"rendered":"https:\/\/wristbandfactory.eu\/toode\/seed-paper-lanyard\/"},"modified":"2026-04-01T21:52:36","modified_gmt":"2026-04-01T18:52:36","slug":"seed-paper-lanyards","status":"publish","type":"product","link":"https:\/\/displayproducts.eu\/pt\/p\/seed-paper-lanyards\/","title":{"rendered":"Fitas de pesco\u00e7o de pesco\u00e7o em papel semente (Plant\u00e1vel)"},"content":{"rendered":"<p data-path-to-node=\"11\">Deixe uma marca ambiental duradoura no seu pr\u00f3ximo evento, exposi\u00e7\u00e3o ou festival com a nossa solu\u00e7\u00e3o inovadora. <b>Cord\u00f5es de papel semente<\/b>. Concebidos para dar um novo prop\u00f3sito ecol\u00f3gico a um produto tradicionalmente descart\u00e1vel, estes cord\u00f5es oferecem uma forma \u00fanica de demonstrar o compromisso da sua organiza\u00e7\u00e3o com a regenera\u00e7\u00e3o e a sustentabilidade.<\/p>\n<p data-path-to-node=\"12\">Em vez de descartar o cord\u00e3o ap\u00f3s o evento, os participantes s\u00e3o convidados a plant\u00e1-lo diretamente no solo. Com o tempo, o papel biodegrad\u00e1vel se decomp\u00f5e e as sementes nele contidas florescem, dando origem a uma bela mistura de... <b>flores silvestres<\/b>. Isso cria uma lembran\u00e7a positiva e permanente da sua marca e mensagem, mesmo depois que as portas da confer\u00eancia se fecharem.<\/p>\n<p data-path-to-node=\"13\">Cada cord\u00e3o \u00e9 fabricado na Europa a partir de <b>Papel semente 80 g\/m\u00b2<\/b>. Embora delicado, \u00e9 perfeito para eventos de um \u00fanico dia, passes VIP ou convites exclusivos. Seu design colorido pode ser impresso em apenas um lado. Para refor\u00e7ar a natureza ecologicamente consciente do produto e garantir as melhores taxas de germina\u00e7\u00e3o, recomendamos designs que cubram menos de 50% da superf\u00edcie (o que tamb\u00e9m oferece uma vantagem em termos de custo).<\/p>\n<p data-path-to-node=\"14\"><b>Principais caracter\u00edsticas:<\/b><\/p>\n<ul data-path-to-node=\"15\">\n<li>\n<p data-path-to-node=\"15,0,0\"><b>Material:<\/b> Papel biodegrad\u00e1vel de 80 g\/m\u00b2 com uma mistura de sementes de flores silvestres incorporada.<\/p>\n<\/li>\n<li>\n<p data-path-to-node=\"15,1,0\"><b>Utiliza\u00e7\u00e3o p\u00f3s-evento:<\/b> Totalmente plant\u00e1vel; transforma res\u00edduos em um jardim de flores silvestres.<\/p>\n<\/li>\n<li>\n<p data-path-to-node=\"15,2,0\"><b>Impress\u00e3o:<\/b> Impress\u00e3o a cores num s\u00f3 lado (recomenda-se o uso de tinta ecol\u00f3gica com baixo consumo de tinta).<\/p>\n<\/li>\n<li>\n<p data-path-to-node=\"15,3,0\"><b>Dimens\u00f5es:<\/b> Tamanho padr\u00e3o de 90 x 20 mm (aproximadamente).<\/p>\n<\/li>\n<li>\n<p data-path-to-node=\"15,4,0\"><b>Origem:<\/b> Fabricado na Europa para uma menor pegada de carbono.<\/p>\n<\/li>\n<li>\n<p data-path-to-node=\"15,5,0\"><b>Caso de uso:<\/b> Ideal para eventos de curta dura\u00e7\u00e3o, lan\u00e7amentos de produtos e casamentos ecol\u00f3gicos.<\/p>\n<\/li>\n<\/ul>","protected":false},"excerpt":{"rendered":"<ul data-path-to-node=\"9\">\n<li>\n<p data-path-to-node=\"9,0,0\"><b>Identidade Visual Plant\u00e1vel:<\/b> O cord\u00e3o cont\u00e9m uma mistura de sementes de flores silvestres que florescem quando plantadas no solo ap\u00f3s o evento.<\/p>\n<\/li>\n<li>\n<p data-path-to-node=\"9,1,0\"><b>Ciclo Zero Res\u00edduos:<\/b> Um produto completamente biodegrad\u00e1vel que n\u00e3o deixa res\u00edduos, apenas flores.<\/p>\n<\/li>\n<li>\n<p data-path-to-node=\"9,2,0\"><b>Ecodesign:<\/b> A impress\u00e3o \u00e9 otimizada para o uso m\u00ednimo de tinta (recomenda-se cobertura &lt;50%) para garantir a viabilidade das sementes.<\/p>\n<\/li>\n<li>\n<p data-path-to-node=\"9,3,0\"><b>Fabricado na Europa:<\/b> Produzido localmente com papel de 80 g\/m\u00b2 para minimizar as emiss\u00f5es do transporte.<\/p>\n<\/li>\n<\/ul>","protected":false},"featured_media":6780,"comment_status":"closed","ping_status":"closed","template":"","meta":[],"product_brand":[],"product_cat":[43,107],"product_tag":[],"class_list":{"0":"post-1243","1":"product","2":"type-product","3":"status-publish","4":"has-post-thumbnail","6":"product_cat-lanyards","7":"product_cat-eco-friendly-lanyards","9":"first","10":"instock","11":"shipping-taxable","12":"purchasable","13":"product-type-simple"},"_links":{"self":[{"href":"https:\/\/displayproducts.eu\/pt\/wp-json\/wp\/v2\/product\/1243","targetHints":{"allow":["GET"]}}],"collection":[{"href":"https:\/\/displayproducts.eu\/pt\/wp-json\/wp\/v2\/product"}],"about":[{"href":"https:\/\/displayproducts.eu\/pt\/wp-json\/wp\/v2\/types\/product"}],"replies":[{"embeddable":true,"href":"https:\/\/displayproducts.eu\/pt\/wp-json\/wp\/v2\/comments?post=1243"}],"wp:featuredmedia":[{"embeddable":true,"href":"https:\/\/displayproducts.eu\/pt\/wp-json\/wp\/v2\/media\/6780"}],"wp:attachment":[{"href":"https:\/\/displayproducts.eu\/pt\/wp-json\/wp\/v2\/media?parent=1243"}],"wp:term":[{"taxonomy":"product_brand","embeddable":true,"href":"https:\/\/displayproducts.eu\/pt\/wp-json\/wp\/v2\/product_brand?post=1243"},{"taxonomy":"product_cat","embeddable":true,"href":"https:\/\/displayproducts.eu\/pt\/wp-json\/wp\/v2\/product_cat?post=1243"},{"taxonomy":"product_tag","embeddable":true,"href":"https:\/\/displayproducts.eu\/pt\/wp-json\/wp\/v2\/product_tag?post=1243"}],"curies":[{"name":"wp","href":"https:\/\/api.w.org\/{rel}","templated":true}]}}