{"id":1242,"date":"2024-10-27T11:54:14","date_gmt":"2024-10-27T08:54:14","guid":{"rendered":"https:\/\/wristbandfactory.eu\/toode\/corn-lanyards\/"},"modified":"2026-04-01T21:52:36","modified_gmt":"2026-04-01T18:52:36","slug":"printed-eco-corn-lanyards","status":"publish","type":"product","link":"https:\/\/displayproducts.eu\/pt\/p\/printed-eco-corn-lanyards\/","title":{"rendered":"Fitas de pesco\u00e7o de pesco\u00e7o de fibra de milho (PLA)"},"content":{"rendered":"<div class=\"mx-12 md:mx-24 lg:mx-48\">\n<div class=\"container my-8 svelte-zlsknf\">\n<div class=\"my-24 rounded-lg border-0 border-gray-700 bg-gray-100 px-16 py-24\">\n<div class=\"mt-11 !text-gray-500\">\n<p data-path-to-node=\"11\">Demonstre uma verdadeira lideran\u00e7a ambiental com o nosso <b>Cord\u00f5es de milho ecol\u00f3gicos impressos<\/b>. Ao contr\u00e1rio dos cord\u00f5es sint\u00e9ticos tradicionais derivados do petr\u00f3leo, estas inovadoras tiras de identifica\u00e7\u00e3o s\u00e3o fabricadas a partir de <b>100% Amido de Milho (PLA)<\/b> fibra. Isso as torna uma solu\u00e7\u00e3o totalmente biodegrad\u00e1vel e \u00e0 base de plantas, perfeita para organiza\u00e7\u00f5es inovadoras e eventos sustent\u00e1veis.<\/p>\n<p data-path-to-node=\"12\">O que torna este produto \u00fanico \u00e9 a sua natureza &quot;sem concess\u00f5es&quot;. Embora seja feito de milho, a fibra PLA resultante imita a durabilidade, a textura e a resist\u00eancia do poli\u00e9ster padr\u00e3o. Isso significa que voc\u00ea obt\u00e9m um cord\u00e3o robusto e de alta qualidade, capaz de suportar confer\u00eancias de v\u00e1rios dias, e que ainda \u00e9 compost\u00e1vel ao final de seu ciclo de vida.<\/p>\n<p data-path-to-node=\"13\">Oferecemos servi\u00e7os profissionais. <b>serigrafia<\/b> Na superf\u00edcie lisa do PLA, garantindo que seu logotipo seja reproduzido com exatid\u00e3o. <b>Cores da marca Pantone<\/b>. Quer voc\u00ea precise de impress\u00e3o em um ou dois lados, o resultado \u00e9 n\u00edtido e vibrante. Cada unidade \u00e9 fornecida com um padr\u00e3o <b>mosquet\u00e3o de metal<\/b>, combinando durabilidade industrial com sensibilidade ambiental.<\/p>\n<p data-path-to-node=\"14\"><b>Principais caracter\u00edsticas:<\/b><\/p>\n<ul data-path-to-node=\"15\">\n<li>\n<p data-path-to-node=\"15,0,0\"><b>Material:<\/b> 100% Fibra de amido de milho (PLA) \u2013 De origem vegetal e biodegrad\u00e1vel.<\/p>\n<\/li>\n<li>\n<p data-path-to-node=\"15,1,0\"><b>Desempenho:<\/b> Textura dur\u00e1vel e macia, semelhante ao poli\u00e9ster tradicional.<\/p>\n<\/li>\n<li>\n<p data-path-to-node=\"15,2,0\"><b>Sustentabilidade:<\/b> Pegada de carbono significativamente menor em compara\u00e7\u00e3o com os pl\u00e1sticos derivados do petr\u00f3leo.<\/p>\n<\/li>\n<li>\n<p data-path-to-node=\"15,3,0\"><b>Impress\u00e3o:<\/b> Impress\u00e3o serigr\u00e1fica de alta qualidade com correspond\u00eancia de cores Pantone.<\/p>\n<\/li>\n<li>\n<p data-path-to-node=\"15,4,0\"><b>Hardware:<\/b> Inclui um mosquet\u00e3o de metal resistente para fixa\u00e7\u00e3o segura do crach\u00e1.<\/p>\n<\/li>\n<li>\n<p data-path-to-node=\"15,5,0\"><b>Caso de uso:<\/b> Ideal para confer\u00eancias &quot;verdes&quot;, festivais ecol\u00f3gicos e iniciativas de responsabilidade social corporativa.<\/p>\n<\/li>\n<\/ul>\n<\/div>\n<\/div>\n<\/div>\n<\/div>","protected":false},"excerpt":{"rendered":"<ul>\n<li>\n<p data-path-to-node=\"9,0,0\"><b>Inova\u00e7\u00e3o \u00e0 base de plantas:<\/b> Fabricado com fibra de amido de milho 100% (PLA), oferecendo uma alternativa totalmente biodegrad\u00e1vel aos pl\u00e1sticos derivados do petr\u00f3leo.<\/p>\n<\/li>\n<li>\n<p data-path-to-node=\"9,1,0\"><b>Desempenho semelhante ao do poli\u00e9ster:<\/b> Tem a mesma textura e funciona exatamente como um tecido sint\u00e9tico \u2014 dur\u00e1vel e macio \u2014, mas \u00e9 derivado inteiramente de plantas.<\/p>\n<\/li>\n<li>\n<p data-path-to-node=\"9,2,0\"><b>Responsabilidade Corporativa:<\/b> A escolha ideal para empresas com pol\u00edticas rigorosas de zero res\u00edduos ou neutralidade de carbono.<\/p>\n<\/li>\n<li>\n<p data-path-to-node=\"9,3,0\"><b>Identidade Visual Personalizada:<\/b> A superf\u00edcie lisa permite impress\u00e3o serigr\u00e1fica n\u00edtida e com cores Pantone correspondentes em um ou ambos os lados.<\/p>\n<\/li>\n<\/ul>","protected":false},"featured_media":6736,"comment_status":"closed","ping_status":"closed","template":"","meta":[],"product_brand":[],"product_cat":[104,107],"product_tag":[],"class_list":{"0":"post-1242","1":"product","2":"type-product","3":"status-publish","4":"has-post-thumbnail","6":"product_cat-custom-printed-lanyards","7":"product_cat-eco-friendly-lanyards","9":"first","10":"instock","11":"shipping-taxable","12":"purchasable","13":"product-type-simple"},"_links":{"self":[{"href":"https:\/\/displayproducts.eu\/pt\/wp-json\/wp\/v2\/product\/1242","targetHints":{"allow":["GET"]}}],"collection":[{"href":"https:\/\/displayproducts.eu\/pt\/wp-json\/wp\/v2\/product"}],"about":[{"href":"https:\/\/displayproducts.eu\/pt\/wp-json\/wp\/v2\/types\/product"}],"replies":[{"embeddable":true,"href":"https:\/\/displayproducts.eu\/pt\/wp-json\/wp\/v2\/comments?post=1242"}],"wp:featuredmedia":[{"embeddable":true,"href":"https:\/\/displayproducts.eu\/pt\/wp-json\/wp\/v2\/media\/6736"}],"wp:attachment":[{"href":"https:\/\/displayproducts.eu\/pt\/wp-json\/wp\/v2\/media?parent=1242"}],"wp:term":[{"taxonomy":"product_brand","embeddable":true,"href":"https:\/\/displayproducts.eu\/pt\/wp-json\/wp\/v2\/product_brand?post=1242"},{"taxonomy":"product_cat","embeddable":true,"href":"https:\/\/displayproducts.eu\/pt\/wp-json\/wp\/v2\/product_cat?post=1242"},{"taxonomy":"product_tag","embeddable":true,"href":"https:\/\/displayproducts.eu\/pt\/wp-json\/wp\/v2\/product_tag?post=1242"}],"curies":[{"name":"wp","href":"https:\/\/api.w.org\/{rel}","templated":true}]}}