{"id":1238,"date":"2024-10-27T11:54:14","date_gmt":"2024-10-27T08:54:14","guid":{"rendered":"https:\/\/wristbandfactory.eu\/toode\/standard-shoelace-lanyards\/"},"modified":"2026-04-01T21:52:36","modified_gmt":"2026-04-01T18:52:36","slug":"plain-shoelace-lanyards","status":"publish","type":"product","link":"https:\/\/displayproducts.eu\/pt\/p\/plain-shoelace-lanyards\/","title":{"rendered":"Cord\u00f5es de cadar\u00e7o sem impress\u00e3o"},"content":{"rendered":"<p>Equipe sua equipe com uma solu\u00e7\u00e3o pr\u00e1tica e profissional para identifica\u00e7\u00e3o di\u00e1ria. Nossos Cord\u00f5es para Cadar\u00e7o s\u00e3o uma op\u00e7\u00e3o econ\u00f4mica e elegante para empresas e organiza\u00e7\u00f5es que precisam de uma maneira confi\u00e1vel de exibir identidades de funcion\u00e1rios ou cart\u00f5es de acesso a eventos.<\/p>\n<p>Estes cord\u00f5es apresentam o popular design de cadar\u00e7o, conhecido por seu toque confort\u00e1vel e durabilidade, tornando-os perfeitos para uso di\u00e1rio em confer\u00eancias, feiras ou no escrit\u00f3rio. Sem impress\u00e3o, eles est\u00e3o dispon\u00edveis em uma ampla gama de cores, permitindo que voc\u00ea os combine facilmente com a identidade visual da sua empresa ou tema do evento. Cada cord\u00e3o inclui um suporte de metal resistente para prender com seguran\u00e7a qualquer porta-identidade ou cart\u00e3o de acesso.<\/p>\n<p><b>Principais caracter\u00edsticas:<\/b><\/p>\n<ul>\n<li><b>Design cl\u00e1ssico de cadar\u00e7o:<\/b> Oferece uma solu\u00e7\u00e3o confort\u00e1vel, leve e dur\u00e1vel para uso durante todo o dia.<\/li>\n<li><b>Solu\u00e7\u00e3o de identifica\u00e7\u00e3o com excelente custo-benef\u00edcio:<\/b> Ideal para encomendas em grande quantidade para eventos de grande escala, confer\u00eancias ou identifica\u00e7\u00e3o di\u00e1ria de funcion\u00e1rios.<\/li>\n<li><b>Diversas op\u00e7\u00f5es de cores:<\/b> Dispon\u00edvel em uma ampla gama de cores lisas para combinar com a identidade visual da empresa ou para categorizar os participantes.<\/li>\n<li><b>Clipe met\u00e1lico padr\u00e3o:<\/b> Inclui um clipe de metal resistente para fixar com seguran\u00e7a porta-crach\u00e1s ou passes de eventos.<\/li>\n<\/ul>\n<p>&nbsp;<\/p>","protected":false},"excerpt":{"rendered":"<ul>\n<li>Uma solu\u00e7\u00e3o econ\u00f4mica para identifica\u00e7\u00e3o di\u00e1ria de funcion\u00e1rios e acesso a eventos.<\/li>\n<li>Apresenta um design cl\u00e1ssico e dur\u00e1vel com cadar\u00e7o para conforto durante todo o dia.<\/li>\n<li>Dispon\u00edvel em uma ampla gama de cores lisas para combinar com a identidade visual da sua empresa.<\/li>\n<li>Inclui um clipe met\u00e1lico padr\u00e3o para crach\u00e1s de identifica\u00e7\u00e3o e cart\u00f5es de acesso.<\/li>\n<li><\/li>\n<\/ul>","protected":false},"featured_media":6723,"comment_status":"closed","ping_status":"closed","template":"","meta":[],"product_brand":[],"product_cat":[43,113],"product_tag":[],"class_list":{"0":"post-1238","1":"product","2":"type-product","3":"status-publish","4":"has-post-thumbnail","6":"product_cat-lanyards","7":"product_cat-plain-lanyards","9":"first","10":"instock","11":"shipping-taxable","12":"purchasable","13":"product-type-simple"},"_links":{"self":[{"href":"https:\/\/displayproducts.eu\/pt\/wp-json\/wp\/v2\/product\/1238","targetHints":{"allow":["GET"]}}],"collection":[{"href":"https:\/\/displayproducts.eu\/pt\/wp-json\/wp\/v2\/product"}],"about":[{"href":"https:\/\/displayproducts.eu\/pt\/wp-json\/wp\/v2\/types\/product"}],"replies":[{"embeddable":true,"href":"https:\/\/displayproducts.eu\/pt\/wp-json\/wp\/v2\/comments?post=1238"}],"wp:featuredmedia":[{"embeddable":true,"href":"https:\/\/displayproducts.eu\/pt\/wp-json\/wp\/v2\/media\/6723"}],"wp:attachment":[{"href":"https:\/\/displayproducts.eu\/pt\/wp-json\/wp\/v2\/media?parent=1238"}],"wp:term":[{"taxonomy":"product_brand","embeddable":true,"href":"https:\/\/displayproducts.eu\/pt\/wp-json\/wp\/v2\/product_brand?post=1238"},{"taxonomy":"product_cat","embeddable":true,"href":"https:\/\/displayproducts.eu\/pt\/wp-json\/wp\/v2\/product_cat?post=1238"},{"taxonomy":"product_tag","embeddable":true,"href":"https:\/\/displayproducts.eu\/pt\/wp-json\/wp\/v2\/product_tag?post=1238"}],"curies":[{"name":"wp","href":"https:\/\/api.w.org\/{rel}","templated":true}]}}