{"id":1235,"date":"2024-10-27T11:54:14","date_gmt":"2024-10-27T08:54:14","guid":{"rendered":"https:\/\/wristbandfactory.eu\/toode\/fluorescent-lanyards\/"},"modified":"2026-04-01T21:52:04","modified_gmt":"2026-04-01T18:52:04","slug":"fluorescent-lanyards","status":"publish","type":"product","link":"https:\/\/displayproducts.eu\/pt\/p\/fluorescent-lanyards\/","title":{"rendered":"Cord\u00f5es fluorescentes"},"content":{"rendered":"<p>Aumente a visibilidade e a seguran\u00e7a do seu pr\u00f3ximo evento com nossos cord\u00f5es fluorescentes. Esses cord\u00f5es s\u00e3o uma ferramenta essencial para organizadores de eventos que precisam identificar facilmente funcion\u00e1rios, VIPs ou convidados em todas as condi\u00e7\u00f5es de ilumina\u00e7\u00e3o.<\/p>\n<p>Fabricados com materiais dur\u00e1veis e de alta qualidade, esses cord\u00f5es s\u00e3o projetados para uso prolongado. O material fluorescente vibrante \u00e9 altamente vis\u00edvel \u00e0 luz do dia e <b>Brilha intensamente sob luz ultravioleta (luz negra).<\/b>, tornando-as a solu\u00e7\u00e3o perfeita para casas noturnas, shows, festivais e eventos corporativos noturnos.<\/p>\n<p>Este recurso de alta visibilidade proporciona uma camada adicional de seguran\u00e7a e permite a r\u00e1pida identifica\u00e7\u00e3o visual de pessoal autorizado. Dispon\u00edveis em diversas cores vibrantes, oferecem uma excelente base para o seu logotipo personalizado, transformando um item de seguran\u00e7a em uma ferramenta promocional. Encomende em grandes quantidades para uma forma econ\u00f4mica de gerenciar seu evento e promover sua marca.<\/p>\n<p><b>Principais caracter\u00edsticas:<\/b><\/p>\n<ul>\n<li><b>Material de alta visibilidade:<\/b> Proporciona excelente visibilidade \u00e0 luz do dia e brilha intensamente sob luz ultravioleta\/negra.<\/li>\n<li><b>Constru\u00e7\u00e3o dur\u00e1vel:<\/b> Fabricado com materiais dur\u00e1veis e de alta qualidade, adequados para eventos com dura\u00e7\u00e3o de v\u00e1rios dias.<\/li>\n<li><b>Seguran\u00e7a aprimorada para eventos:<\/b> Permite a identifica\u00e7\u00e3o visual f\u00e1cil e r\u00e1pida de funcion\u00e1rios ou h\u00f3spedes em condi\u00e7\u00f5es de baixa luminosidade.<\/li>\n<li><b>Identidade visual com boa rela\u00e7\u00e3o custo-benef\u00edcio:<\/b> Uma solu\u00e7\u00e3o acess\u00edvel para promover sua marca ou mensagem em grande escala em eventos de grande porte.<\/li>\n<li><b>Diversas op\u00e7\u00f5es de cores:<\/b> Dispon\u00edvel em uma variedade de cores fluorescentes vibrantes para combinar com o tema do seu evento.<\/li>\n<\/ul>","protected":false},"excerpt":{"rendered":"<ul>\n<li>Aumentar a visibilidade de funcion\u00e1rios e h\u00f3spedes em ambientes com pouca luz.<\/li>\n<li>Material fluorescente vibrante que brilha intensamente sob luz ultravioleta\/negra.<\/li>\n<li>Material dur\u00e1vel e de alta qualidade para uso em eventos com v\u00e1rios dias de dura\u00e7\u00e3o.<\/li>\n<li>Ideal para festivais, concertos e identifica\u00e7\u00e3o de funcion\u00e1rios em eventos corporativos.<\/li>\n<\/ul>","protected":false},"featured_media":6706,"comment_status":"closed","ping_status":"closed","template":"","meta":[],"product_brand":[],"product_cat":[43,109],"product_tag":[],"class_list":{"0":"post-1235","1":"product","2":"type-product","3":"status-publish","4":"has-post-thumbnail","6":"product_cat-lanyards","7":"product_cat-reflective-lanyards","9":"first","10":"instock","11":"shipping-taxable","12":"purchasable","13":"product-type-simple"},"_links":{"self":[{"href":"https:\/\/displayproducts.eu\/pt\/wp-json\/wp\/v2\/product\/1235","targetHints":{"allow":["GET"]}}],"collection":[{"href":"https:\/\/displayproducts.eu\/pt\/wp-json\/wp\/v2\/product"}],"about":[{"href":"https:\/\/displayproducts.eu\/pt\/wp-json\/wp\/v2\/types\/product"}],"replies":[{"embeddable":true,"href":"https:\/\/displayproducts.eu\/pt\/wp-json\/wp\/v2\/comments?post=1235"}],"wp:featuredmedia":[{"embeddable":true,"href":"https:\/\/displayproducts.eu\/pt\/wp-json\/wp\/v2\/media\/6706"}],"wp:attachment":[{"href":"https:\/\/displayproducts.eu\/pt\/wp-json\/wp\/v2\/media?parent=1235"}],"wp:term":[{"taxonomy":"product_brand","embeddable":true,"href":"https:\/\/displayproducts.eu\/pt\/wp-json\/wp\/v2\/product_brand?post=1235"},{"taxonomy":"product_cat","embeddable":true,"href":"https:\/\/displayproducts.eu\/pt\/wp-json\/wp\/v2\/product_cat?post=1235"},{"taxonomy":"product_tag","embeddable":true,"href":"https:\/\/displayproducts.eu\/pt\/wp-json\/wp\/v2\/product_tag?post=1235"}],"curies":[{"name":"wp","href":"https:\/\/api.w.org\/{rel}","templated":true}]}}