{"id":1233,"date":"2024-10-27T11:54:14","date_gmt":"2024-10-27T08:54:14","guid":{"rendered":"https:\/\/wristbandfactory.eu\/toode\/rpet-eco-lanyards\/"},"modified":"2026-04-01T21:52:36","modified_gmt":"2026-04-01T18:52:36","slug":"printed-rpet-lanyards","status":"publish","type":"product","link":"https:\/\/displayproducts.eu\/pt\/p\/printed-rpet-lanyards\/","title":{"rendered":"Fitas de pesco\u00e7o de pesco\u00e7o rPET impressas (Serigrafia)"},"content":{"rendered":"<p data-path-to-node=\"11\">Junte-se ao movimento em prol da sustentabilidade e promova sua marca de forma respons\u00e1vel com o nosso servi\u00e7o. <b>Cord\u00f5es de rPET impressos<\/b>. Este produto \u00e9 a escolha perfeita para organiza\u00e7\u00f5es que precisam de um cord\u00e3o de identifica\u00e7\u00e3o econ\u00f4mico e de alto volume, alinhado aos valores ambientais corporativos, sem comprometer o or\u00e7amento.<\/p>\n<p data-path-to-node=\"12\">Esses cord\u00f5es s\u00e3o tran\u00e7ados a partir de <b>Poli\u00e9ster rPET 100%<\/b>, uma fibra resistente derivada inteiramente de garrafas de pl\u00e1stico recicladas. Ao escolher o rPET, voc\u00ea est\u00e1 ativamente desviando res\u00edduos pl\u00e1sticos de aterros sanit\u00e1rios e reduzindo a pegada de carbono do seu evento. Diferentemente da nossa vers\u00e3o para sublima\u00e7\u00e3o, este modelo espec\u00edfico utiliza <b>impress\u00e3o serigr\u00e1fica<\/b>. Este m\u00e9todo \u00e9 ideal para logotipos com cores s\u00f3lidas, proporcionando um acabamento n\u00edtido e marcante que se destaca no tecido com textura canelada.<\/p>\n<p data-path-to-node=\"13\">Oferecemos <b>correspond\u00eancia precisa de cores Pantone<\/b> Para a impress\u00e3o do seu logotipo, garantindo que a identidade corporativa seja mantida perfeitamente. O material em si \u00e9 robusto e dur\u00e1vel, indistingu\u00edvel em resist\u00eancia do poli\u00e9ster virgem, tornando-o uma op\u00e7\u00e3o confi\u00e1vel para confer\u00eancias, festivais e uso di\u00e1rio no escrit\u00f3rio. Cada cord\u00e3o vem com um mosquet\u00e3o de metal, oferecendo uma solu\u00e7\u00e3o funcional e ecologicamente correta para os participantes.<\/p>\n<p data-path-to-node=\"14\"><b>Principais caracter\u00edsticas:<\/b><\/p>\n<ul data-path-to-node=\"15\">\n<li>\n<p data-path-to-node=\"15,0,0\"><b>Material:<\/b> 100% rPET (Polietileno Tereftalato Reciclado).<\/p>\n<\/li>\n<li>\n<p data-path-to-node=\"15,1,0\"><b>Tecnologia de Impress\u00e3o:<\/b> Impress\u00e3o em serigrafia (ideal para 1 a 4 cores s\u00f3lidas).<\/p>\n<\/li>\n<li>\n<p data-path-to-node=\"15,2,0\"><b>Economia:<\/b> Uma alternativa sustent\u00e1vel e econ\u00f4mica ao poli\u00e9ster virgem.<\/p>\n<\/li>\n<li>\n<p data-path-to-node=\"15,3,0\"><b>Precis\u00e3o de cores:<\/b> Correspond\u00eancia de cores Pantone dispon\u00edvel para o logotipo impresso.<\/p>\n<\/li>\n<li>\n<p data-path-to-node=\"15,4,0\"><b>Durabilidade:<\/b> Alta resist\u00eancia \u00e0 tra\u00e7\u00e3o, adequada para emblemas e chaves pesadas.<\/p>\n<\/li>\n<li>\n<p data-path-to-node=\"15,5,0\"><b>Hardware:<\/b> Inclui um mosquet\u00e3o met\u00e1lico padr\u00e3o (clips personalizados dispon\u00edveis).<\/p>\n<\/li>\n<\/ul>","protected":false},"excerpt":{"rendered":"<ul>\n<li>\n<p data-path-to-node=\"9,0,0\"><b>Escolha Sustent\u00e1vel:<\/b> Fabricado com PET reciclado 100% (rPET) derivado de garrafas pl\u00e1sticas p\u00f3s-consumo.<\/p>\n<\/li>\n<li>\n<p data-path-to-node=\"9,1,0\"><b>Ecol\u00f3gico e econ\u00f4mico:<\/b> A op\u00e7\u00e3o mais acess\u00edvel para marcas que desejam adotar solu\u00e7\u00f5es de identifica\u00e7\u00e3o sustent\u00e1veis.<\/p>\n<\/li>\n<li>\n<p data-path-to-node=\"9,2,0\"><b>Identidade visual n\u00edtida:<\/b> Apresenta impress\u00e3o serigr\u00e1fica de alta qualidade para logotipos n\u00edtidos e marcantes, utilizando correspond\u00eancia precisa de cores Pantone.<\/p>\n<\/li>\n<li>\n<p data-path-to-node=\"9,3,0\"><b>Dur\u00e1vel e resistente:<\/b> Mant\u00e9m a resist\u00eancia do poli\u00e9ster padr\u00e3o, tornando-o adequado para eventos com v\u00e1rios dias de dura\u00e7\u00e3o e para uso por funcion\u00e1rios.<\/p>\n<\/li>\n<\/ul>","protected":false},"featured_media":6754,"comment_status":"closed","ping_status":"closed","template":"","meta":[],"product_brand":[],"product_cat":[104,107],"product_tag":[],"class_list":{"0":"post-1233","1":"product","2":"type-product","3":"status-publish","4":"has-post-thumbnail","6":"product_cat-custom-printed-lanyards","7":"product_cat-eco-friendly-lanyards","9":"first","10":"instock","11":"shipping-taxable","12":"purchasable","13":"product-type-simple"},"_links":{"self":[{"href":"https:\/\/displayproducts.eu\/pt\/wp-json\/wp\/v2\/product\/1233","targetHints":{"allow":["GET"]}}],"collection":[{"href":"https:\/\/displayproducts.eu\/pt\/wp-json\/wp\/v2\/product"}],"about":[{"href":"https:\/\/displayproducts.eu\/pt\/wp-json\/wp\/v2\/types\/product"}],"replies":[{"embeddable":true,"href":"https:\/\/displayproducts.eu\/pt\/wp-json\/wp\/v2\/comments?post=1233"}],"wp:featuredmedia":[{"embeddable":true,"href":"https:\/\/displayproducts.eu\/pt\/wp-json\/wp\/v2\/media\/6754"}],"wp:attachment":[{"href":"https:\/\/displayproducts.eu\/pt\/wp-json\/wp\/v2\/media?parent=1233"}],"wp:term":[{"taxonomy":"product_brand","embeddable":true,"href":"https:\/\/displayproducts.eu\/pt\/wp-json\/wp\/v2\/product_brand?post=1233"},{"taxonomy":"product_cat","embeddable":true,"href":"https:\/\/displayproducts.eu\/pt\/wp-json\/wp\/v2\/product_cat?post=1233"},{"taxonomy":"product_tag","embeddable":true,"href":"https:\/\/displayproducts.eu\/pt\/wp-json\/wp\/v2\/product_tag?post=1233"}],"curies":[{"name":"wp","href":"https:\/\/api.w.org\/{rel}","templated":true}]}}