{"id":1232,"date":"2024-10-27T11:54:14","date_gmt":"2024-10-27T08:54:14","guid":{"rendered":"https:\/\/wristbandfactory.eu\/toode\/vinyl-wristbands\/"},"modified":"2026-04-01T21:52:36","modified_gmt":"2026-04-01T18:52:36","slug":"custom-printed-vinyl-wristbands","status":"publish","type":"product","link":"https:\/\/displayproducts.eu\/pt\/p\/custom-printed-vinyl-wristbands\/","title":{"rendered":"Pulseiras de vinil impressas"},"content":{"rendered":"<div class=\"mx-12 md:mx-24 lg:mx-48\">\n<div class=\"container my-8 svelte-zlsknf\">\n<div class=\"my-24 rounded-lg border-0 border-gray-700 bg-gray-100 px-16 py-24\">\n<div class=\"mt-11 !text-gray-500\">\n<p data-path-to-node=\"15\">Garanta a seguran\u00e7a do seu evento com nossos servi\u00e7os. <b data-path-to-node=\"15\" data-index-in-node=\"52\">Pulseiras de vinil impressas<\/b>, o padr\u00e3o da ind\u00fastria para controle de acesso de v\u00e1rios dias. Essas pulseiras s\u00e3o fabricadas com tr\u00eas camadas de vinil macio, por\u00e9m extremamente dur\u00e1vel, garantindo conforto mesmo em ambientes com muita \u00e1gua, suor e atividades intensas como festivais, parques aqu\u00e1ticos e resorts.<\/p>\n<p data-path-to-node=\"16\">Ao contr\u00e1rio das faixas de papel, estas n\u00e3o podem ser rasgadas. <b data-path-to-node=\"16\" data-index-in-node=\"50\">fecho de press\u00e3o de pl\u00e1stico descart\u00e1vel<\/b> Garante que, uma vez fixada, a pulseira precise ser cortada para ser removida, impedindo transfer\u00eancias n\u00e3o autorizadas. Dispon\u00edvel em <b data-path-to-node=\"16\" data-index-in-node=\"199\">Face larga<\/b> (para logotipos maiores) ou <b data-path-to-node=\"16\" data-index-in-node=\"231\">Em forma de L<\/b> Para os nossos projetos, utilizamos materiais de alta qualidade. <b data-path-to-node=\"16\" data-index-in-node=\"268\">impress\u00e3o serigr\u00e1fica<\/b> Para aplicar seu logotipo ou texto em uma \u00fanica cor vibrante que resista ao desbotamento.<\/p>\n<h2 data-path-to-node=\"17\">Principais caracter\u00edsticas<\/h2>\n<ul data-path-to-node=\"18\">\n<li>\n<p data-path-to-node=\"18,0,0\"><b data-path-to-node=\"18,0,0\" data-index-in-node=\"0\">Cadeado inviol\u00e1vel:<\/b> O fecho permanente impede a reutiliza\u00e7\u00e3o, garantindo o controle seguro da multid\u00e3o.<\/p>\n<\/li>\n<li>\n<p data-path-to-node=\"18,1,0\"><b data-path-to-node=\"18,1,0\" data-index-in-node=\"0\">Design \u00e0 prova d&#039;\u00e1gua:<\/b> Ideal para ambientes \u00famidos, incluindo piscinas, saunas e festivais ao ar livre.<\/p>\n<\/li>\n<li>\n<p data-path-to-node=\"18,2,0\"><b data-path-to-node=\"18,2,0\" data-index-in-node=\"0\">Impress\u00e3o de alto contraste:<\/b> A tecnologia de serigrafia proporciona uma impress\u00e3o n\u00edtida e dur\u00e1vel do seu logotipo ou mensagem.<\/p>\n<\/li>\n<li>\n<p data-path-to-node=\"18,3,0\"><b data-path-to-node=\"18,3,0\" data-index-in-node=\"0\">Ampla gama de cores:<\/b> Escolha entre cores de base neon, foscas ou brilhantes para combinar com a identidade da sua marca.<\/p>\n<\/li>\n<\/ul>\n<h2 data-path-to-node=\"19\">Especifica\u00e7\u00f5es<\/h2>\n<ul data-path-to-node=\"20\">\n<li>\n<p data-path-to-node=\"20,0,0\"><b data-path-to-node=\"20,0,0\" data-index-in-node=\"0\">Material:<\/b> Vinil trilaminado de 3 camadas<\/p>\n<\/li>\n<li>\n<p data-path-to-node=\"20,1,0\"><b data-path-to-node=\"20,1,0\" data-index-in-node=\"0\">Impress\u00e3o:<\/b> Serigrafia de 1 cor (dur\u00e1vel e n\u00edtida)<\/p>\n<\/li>\n<li>\n<p data-path-to-node=\"20,2,0\"><b data-path-to-node=\"20,2,0\" data-index-in-node=\"0\">Encerramento:<\/b> fecho de pl\u00e1stico descart\u00e1vel<\/p>\n<\/li>\n<li>\n<p data-path-to-node=\"20,3,0\"><b data-path-to-node=\"20,3,0\" data-index-in-node=\"0\">Tamanho:<\/b> Ajust\u00e1vel (Serve para todos os tamanhos de pulso)<\/p>\n<\/li>\n<li>\n<p data-path-to-node=\"20,4,0\"><b data-path-to-node=\"20,4,0\" data-index-in-node=\"0\">Dura\u00e7\u00e3o da utiliza\u00e7\u00e3o:<\/b> 3 a 7+ dias<\/p>\n<\/li>\n<li>\n<p data-path-to-node=\"20,5,0\"><b data-path-to-node=\"20,5,0\" data-index-in-node=\"0\">Imperme\u00e1vel:<\/b> Sim (100%)<\/p>\n<\/li>\n<li>\n<p data-path-to-node=\"20,6,0\"><b data-path-to-node=\"20,6,0\" data-index-in-node=\"0\">Quantidade m\u00ednima:<\/b> 100 unidades<\/p>\n<\/li>\n<\/ul>\n<h2 data-path-to-node=\"21\">Casos de uso<\/h2>\n<ul data-path-to-node=\"22\">\n<li>\n<p data-path-to-node=\"22,0,0\"><b data-path-to-node=\"22,0,0\" data-index-in-node=\"0\">Hot\u00e9is e Resorts:<\/b> Identifica\u00e7\u00e3o do h\u00f3spede para pacotes com tudo inclu\u00eddo (cofre para piscina e chuveiro).<\/p>\n<\/li>\n<li>\n<p data-path-to-node=\"22,1,0\"><b data-path-to-node=\"22,1,0\" data-index-in-node=\"0\">Concertos e festivais:<\/b> Gest\u00e3o segura de entradas com dura\u00e7\u00e3o de v\u00e1rios dias.<\/p>\n<\/li>\n<li>\n<p data-path-to-node=\"22,2,0\"><b data-path-to-node=\"22,2,0\" data-index-in-node=\"0\">Parques aqu\u00e1ticos:<\/b> Suficientemente resistente para suportar cloro e exposi\u00e7\u00e3o constante \u00e0 \u00e1gua.<\/p>\n<\/li>\n<li>\n<p data-path-to-node=\"22,3,0\"><b data-path-to-node=\"22,3,0\" data-index-in-node=\"0\">Casas noturnas e bares:<\/b> VIP ou verifica\u00e7\u00e3o de idade que permanece ativa a noite toda.<\/p>\n<\/li>\n<\/ul>\n<\/div>\n<\/div>\n<\/div>\n<\/div>","protected":false},"excerpt":{"rendered":"<ul>\n<li>\n<p data-path-to-node=\"14,0,0\"><b data-path-to-node=\"14,0,0\" data-index-in-node=\"0\">Alta seguran\u00e7a:<\/b> Possui um fecho de pl\u00e1stico descart\u00e1vel com trava para evitar transfer\u00eancia e adultera\u00e7\u00e3o.<\/p>\n<\/li>\n<li>\n<p data-path-to-node=\"14,1,0\"><b data-path-to-node=\"14,1,0\" data-index-in-node=\"0\">Durabilidade para v\u00e1rios dias:<\/b> Fabricado em vinil de 3 camadas, 100% \u00e0 prova d&#039;\u00e1gua e resistente a rasgos.<\/p>\n<\/li>\n<li>\n<p data-path-to-node=\"14,2,0\"><b data-path-to-node=\"14,2,0\" data-index-in-node=\"0\">Identidade Visual Personalizada:<\/b> Impress\u00e3o serigr\u00e1fica dur\u00e1vel em 1 cor para logotipos e textos de alto contraste.<\/p>\n<\/li>\n<li>\n<p data-path-to-node=\"14,3,0\"><b data-path-to-node=\"14,3,0\" data-index-in-node=\"0\">Roupa confort\u00e1vel:<\/b> Material macio e suave, projetado para uso prolongado (3 a 7 dias ou mais).<\/p>\n<\/li>\n<\/ul>","protected":false},"featured_media":6007,"comment_status":"closed","ping_status":"closed","template":"","meta":[],"product_brand":[],"product_cat":[66,51],"product_tag":[],"class_list":{"0":"post-1232","1":"product","2":"type-product","3":"status-publish","4":"has-post-thumbnail","6":"product_cat-wristbands","7":"product_cat-vinyl","9":"first","10":"instock","11":"shipping-taxable","12":"purchasable","13":"product-type-simple"},"_links":{"self":[{"href":"https:\/\/displayproducts.eu\/pt\/wp-json\/wp\/v2\/product\/1232","targetHints":{"allow":["GET"]}}],"collection":[{"href":"https:\/\/displayproducts.eu\/pt\/wp-json\/wp\/v2\/product"}],"about":[{"href":"https:\/\/displayproducts.eu\/pt\/wp-json\/wp\/v2\/types\/product"}],"replies":[{"embeddable":true,"href":"https:\/\/displayproducts.eu\/pt\/wp-json\/wp\/v2\/comments?post=1232"}],"wp:featuredmedia":[{"embeddable":true,"href":"https:\/\/displayproducts.eu\/pt\/wp-json\/wp\/v2\/media\/6007"}],"wp:attachment":[{"href":"https:\/\/displayproducts.eu\/pt\/wp-json\/wp\/v2\/media?parent=1232"}],"wp:term":[{"taxonomy":"product_brand","embeddable":true,"href":"https:\/\/displayproducts.eu\/pt\/wp-json\/wp\/v2\/product_brand?post=1232"},{"taxonomy":"product_cat","embeddable":true,"href":"https:\/\/displayproducts.eu\/pt\/wp-json\/wp\/v2\/product_cat?post=1232"},{"taxonomy":"product_tag","embeddable":true,"href":"https:\/\/displayproducts.eu\/pt\/wp-json\/wp\/v2\/product_tag?post=1232"}],"curies":[{"name":"wp","href":"https:\/\/api.w.org\/{rel}","templated":true}]}}