{"id":1229,"date":"2024-10-27T11:54:14","date_gmt":"2024-10-27T08:54:14","guid":{"rendered":"https:\/\/wristbandfactory.eu\/toode\/glitter-wristbands\/"},"modified":"2026-04-01T21:52:36","modified_gmt":"2026-04-01T18:52:36","slug":"glitter-vinyl-wristbands","status":"publish","type":"product","link":"https:\/\/displayproducts.eu\/pt\/p\/glitter-vinyl-wristbands\/","title":{"rendered":"Pulseiras de vinil com glitter"},"content":{"rendered":"<p data-path-to-node=\"8\">Adicione um toque de exclusividade ao seu pr\u00f3ximo evento sofisticado com nossas pulseiras de vinil com glitter. Esta \u00e9 a solu\u00e7\u00e3o premium para bailes de gala, \u00e1reas VIP e festas exclusivas onde um acabamento de alto impacto e requinte \u00e9 essencial para a imagem da sua marca.<\/p>\n<p data-path-to-node=\"9\">Essas pulseiras combinam a durabilidade de v\u00e1rios dias e a seguran\u00e7a \u00e0 prova d&#039;\u00e1gua de nossas pulseiras de vinil padr\u00e3o com um acabamento brilhante e reluzente.<\/p>\n<h3>Encomende de produtos em estoque ou com impress\u00e3o personalizada.<\/h3>\n<p data-path-to-node=\"11\">Para cumprir seus prazos, oferecemos duas op\u00e7\u00f5es:<\/p>\n<ol start=\"1\" data-path-to-node=\"12\">\n<li>\n<p data-path-to-node=\"12,0,0\"><b>Sem impress\u00e3o (em estoque):<\/b> Para envio imediato, nossas pulseiras com glitter sem impress\u00e3o est\u00e3o dispon\u00edveis em estoque em 6 cores vibrantes: dourado, prateado, verde, azul, rosa ou vermelho.<\/p>\n<\/li>\n<li>\n<p data-path-to-node=\"12,1,0\"><b>Impress\u00e3o personalizada:<\/b> Para fins de personaliza\u00e7\u00e3o da marca, podemos adicionar seu logotipo ou texto em uma impress\u00e3o dur\u00e1vel de uma cor, utilizando qualquer cor de tinta de sua escolha.<\/p>\n<\/li>\n<\/ol>\n<h3>Seguran\u00e7a inclu\u00edda<\/h3>\n<p data-path-to-node=\"14\">Cada pulseira \u00e9 protegida com um fecho de press\u00e3o de pl\u00e1stico descart\u00e1vel. Este fecho intransfer\u00edvel garante a seguran\u00e7a do seu evento e impede a entrada de pessoas n\u00e3o autorizadas.<\/p>\n<p data-path-to-node=\"15\"><i>Aten\u00e7\u00e3o: A impress\u00e3o personalizada em superf\u00edcies com glitter \u00e9 sens\u00edvel a lo\u00e7\u00f5es, areia e \u00e1gua salgada. Recomendamos o uso dessas pulseiras em eventos internos ou festivais sem \u00e1gua para garantir a m\u00e1xima durabilidade da impress\u00e3o.<\/i><\/p>\n<p data-path-to-node=\"16\"><b>Principais caracter\u00edsticas:<\/b><\/p>\n<ul data-path-to-node=\"17\">\n<li>\n<p data-path-to-node=\"17,0,0\"><b>Acabamento Premium com Glitter:<\/b> Material com alto brilho, ideal para VIPs, galas e festas exclusivas.<\/p>\n<\/li>\n<li>\n<p data-path-to-node=\"17,1,0\"><b>Encerramento de Alta Seguran\u00e7a:<\/b> Possui um fecho de encaixe de pl\u00e1stico descart\u00e1vel para evitar a transfer\u00eancia.<\/p>\n<\/li>\n<li>\n<p data-path-to-node=\"17,2,0\"><b>Identidade Visual Personalizada:<\/b> Dispon\u00edvel com logotipo ou texto impresso em alta durabilidade e em uma cor.<\/p>\n<\/li>\n<li>\n<p data-path-to-node=\"17,3,0\"><b>6 cores vibrantes:<\/b> Escolha entre op\u00e7\u00f5es de a\u00e7\u00f5es nas cores ouro, prata, verde, azul, vermelha ou rosa.<\/p>\n<\/li>\n<li>\n<p data-path-to-node=\"17,4,0\"><b>Disponibilidade em estoque:<\/b> Pulseiras sem impress\u00e3o est\u00e3o dispon\u00edveis em estoque para envio imediato.<\/p>\n<\/li>\n<\/ul>","protected":false},"excerpt":{"rendered":"<ul>\n<li>\n<p data-path-to-node=\"7,0,0\"><b>Acabamento VIP Premium:<\/b> Acabamento brilhante de alto impacto, perfeito para bailes de gala, clientes VIP e festas exclusivas.<\/p>\n<\/li>\n<li>\n<p data-path-to-node=\"7,1,0\"><b>Encerramento de Alta Seguran\u00e7a:<\/b> Possui um fecho de encaixe de pl\u00e1stico seguro e de uso \u00fanico para evitar a transfer\u00eancia.<\/p>\n<\/li>\n<li>\n<p data-path-to-node=\"7,2,0\"><b>Pedidos flex\u00edveis:<\/b> Dispon\u00edvel sem impress\u00e3o em estoque (para entrega r\u00e1pida) ou com impress\u00e3o de logotipo personalizado em 1 cor.<\/p>\n<\/li>\n<li>\n<p data-path-to-node=\"7,3,0\"><b>6 cores b\u00e1sicas:<\/b> Escolha entre dourado, prateado, verde, azul, vermelho ou rosa.<\/p>\n<\/li>\n<\/ul>","protected":false},"featured_media":6032,"comment_status":"closed","ping_status":"closed","template":"","meta":[],"product_brand":[],"product_cat":[66,51,68],"product_tag":[],"class_list":{"0":"post-1229","1":"product","2":"type-product","3":"status-publish","4":"has-post-thumbnail","6":"product_cat-wristbands","7":"product_cat-vinyl","8":"product_cat-event-supplies","10":"first","11":"instock","12":"shipping-taxable","13":"purchasable","14":"product-type-simple"},"_links":{"self":[{"href":"https:\/\/displayproducts.eu\/pt\/wp-json\/wp\/v2\/product\/1229","targetHints":{"allow":["GET"]}}],"collection":[{"href":"https:\/\/displayproducts.eu\/pt\/wp-json\/wp\/v2\/product"}],"about":[{"href":"https:\/\/displayproducts.eu\/pt\/wp-json\/wp\/v2\/types\/product"}],"replies":[{"embeddable":true,"href":"https:\/\/displayproducts.eu\/pt\/wp-json\/wp\/v2\/comments?post=1229"}],"wp:featuredmedia":[{"embeddable":true,"href":"https:\/\/displayproducts.eu\/pt\/wp-json\/wp\/v2\/media\/6032"}],"wp:attachment":[{"href":"https:\/\/displayproducts.eu\/pt\/wp-json\/wp\/v2\/media?parent=1229"}],"wp:term":[{"taxonomy":"product_brand","embeddable":true,"href":"https:\/\/displayproducts.eu\/pt\/wp-json\/wp\/v2\/product_brand?post=1229"},{"taxonomy":"product_cat","embeddable":true,"href":"https:\/\/displayproducts.eu\/pt\/wp-json\/wp\/v2\/product_cat?post=1229"},{"taxonomy":"product_tag","embeddable":true,"href":"https:\/\/displayproducts.eu\/pt\/wp-json\/wp\/v2\/product_tag?post=1229"}],"curies":[{"name":"wp","href":"https:\/\/api.w.org\/{rel}","templated":true}]}}