{"id":1217,"date":"2024-10-27T11:54:36","date_gmt":"2024-10-27T08:54:36","guid":{"rendered":"https:\/\/wristbandfactory.eu\/toode\/polyester-wristbands-with-woven-logo\/"},"modified":"2026-04-01T21:52:36","modified_gmt":"2026-04-01T18:52:36","slug":"woven-fabric-wristbands-up-to-4-colours","status":"publish","type":"product","link":"https:\/\/displayproducts.eu\/pt\/p\/woven-fabric-wristbands-up-to-4-colours\/","title":{"rendered":"Pulseiras de tecido tecidas (at\u00e9 4 cores)"},"content":{"rendered":"<div class=\"mx-12 md:mx-24 lg:mx-48\">\n<div class=\"container my-8 svelte-zlsknf\">\n<div class=\"my-24 rounded-lg border-0 border-gray-700 bg-gray-100 px-16 py-24\">\n<div class=\"mt-11 !text-gray-500\">\n<p data-path-to-node=\"8\">D\u00ea destaque \u00e0 identidade visual do seu evento com nossas pulseiras premium em tecido tran\u00e7ado. Ao contr\u00e1rio das op\u00e7\u00f5es impressas, este design integra seu logotipo e mensagem (utilizando at\u00e9 4 cores distintas) diretamente no tecido de poli\u00e9ster resistente. O m\u00e9todo de tran\u00e7ado cria um acabamento texturizado dur\u00e1vel e de alta qualidade, resistente ao desbotamento e ao desgaste, tornando-o a escolha ideal para festivais de v\u00e1rios dias e eventos corporativos onde o prest\u00edgio da marca \u00e9 fundamental.<\/p>\n<h3 data-path-to-node=\"9\"><b>Configure a sua pulseira de tecido perfeita<\/b><\/h3>\n<ol start=\"1\" data-path-to-node=\"10\">\n<li>\n<p data-path-to-node=\"10,0,0\"><b>Escolha sua fechadura:<\/b> Selecione o fecho que melhor atenda \u00e0s necessidades de seguran\u00e7a do seu evento. Esta pulseira \u00e9 compat\u00edvel com toda a nossa linha de cadeados, incluindo:<\/p>\n<ul data-path-to-node=\"10,0,1\">\n<li>\n<p data-path-to-node=\"10,0,1,0,0\"><b>Fechaduras de alta seguran\u00e7a:<\/b> Uma fechadura de uso \u00fanico para evitar a transfer\u00eancia e garantir um controle de acesso robusto.<\/p>\n<\/li>\n<li>\n<p data-path-to-node=\"10,0,1,1,0\"><b>Cadeados reutiliz\u00e1veis:<\/b> Uma conta ajust\u00e1vel para uso flex\u00edvel por v\u00e1rios dias.<\/p>\n<\/li>\n<li>\n<p data-path-to-node=\"10,0,1,2,0\"><b>Fechaduras ecol\u00f3gicas:<\/b> Nosso cadeado de bambu sustent\u00e1vel e descart\u00e1vel.<\/p>\n<\/li>\n<\/ul>\n<\/li>\n<li>\n<p data-path-to-node=\"10,1,0\"><b>Adicionar tratamento antibacteriano opcional:<\/b> Para eventos que exigem os mais altos padr\u00f5es de higiene, essas pulseiras est\u00e3o dispon\u00edveis com uma op\u00e7\u00e3o adicional. <b>Tratamento antibacteriano certificado segundo as normas ISO 20743<\/b>. Isso proporciona uma camada essencial de seguran\u00e7a para os participantes em confer\u00eancias de sa\u00fade, festivais gastron\u00f4micos ou grandes aglomera\u00e7\u00f5es p\u00fablicas.<\/p>\n<\/li>\n<\/ol>\n<h3 data-path-to-node=\"11\"><b>Principais caracter\u00edsticas:<\/b><\/h3>\n<ul data-path-to-node=\"12\">\n<li>\n<p data-path-to-node=\"12,0,0\"><b>Logotipo tecido premium:<\/b> Seu design \u00e9 tecido no tecido (at\u00e9 4 cores) para um acabamento dur\u00e1vel e de alta qualidade.<\/p>\n<\/li>\n<li>\n<p data-path-to-node=\"12,1,0\"><b>Op\u00e7\u00f5es de fechadura de seguran\u00e7a:<\/b> Escolha entre bambu de alta seguran\u00e7a (uso \u00fanico), reutiliz\u00e1vel ou ecol\u00f3gico.<\/p>\n<\/li>\n<li>\n<p data-path-to-node=\"12,2,0\"><b>Tratamento antibacteriano opcional:<\/b> Certifica\u00e7\u00e3o ISO 20743 para higiene refor\u00e7ada.<\/p>\n<\/li>\n<li>\n<p data-path-to-node=\"12,3,0\"><b>Poli\u00e9ster dur\u00e1vel:<\/b> Material resistente, ideal para uso prolongado.<\/p>\n<\/li>\n<li>\n<p data-path-to-node=\"12,4,0\"><b>Pedido m\u00ednimo:<\/b> 100 pe\u00e7as.<\/p>\n<\/li>\n<\/ul>\n<p data-path-to-node=\"13\">\n<\/div>\n<\/div>\n<\/div>\n<\/div>","protected":false},"excerpt":{"rendered":"<ul>\n<li>\n<p data-path-to-node=\"7,0,0\">Design Premium com Tecido: Seu logotipo \u00e9 tecido diretamente no tecido usando at\u00e9 4 cores para um acabamento dur\u00e1vel e que n\u00e3o desbota.<\/p>\n<\/li>\n<li>\n<p data-path-to-node=\"7,1,0\">Op\u00e7\u00f5es de fechadura: Escolha entre alta seguran\u00e7a (uso \u00fanico), reutiliz\u00e1vel ou bambu ecol\u00f3gico.<\/p>\n<\/li>\n<li>\n<p data-path-to-node=\"7,2,0\">Tratamento antibacteriano opcional: tratamento com certifica\u00e7\u00e3o ISO 20743 para maior higiene e seguran\u00e7a dos participantes.<\/p>\n<\/li>\n<li>\n<p data-path-to-node=\"7,3,0\">Material de poli\u00e9ster dur\u00e1vel, ideal para festivais com dura\u00e7\u00e3o de v\u00e1rios dias.<\/p>\n<\/li>\n<\/ul>","protected":false},"featured_media":6385,"comment_status":"closed","ping_status":"closed","template":"","meta":[],"product_brand":[],"product_cat":[66,47],"product_tag":[],"class_list":{"0":"post-1217","1":"product","2":"type-product","3":"status-publish","4":"has-post-thumbnail","6":"product_cat-wristbands","7":"product_cat-fabric-wristbands","9":"first","10":"instock","11":"shipping-taxable","12":"purchasable","13":"product-type-simple"},"_links":{"self":[{"href":"https:\/\/displayproducts.eu\/pt\/wp-json\/wp\/v2\/product\/1217","targetHints":{"allow":["GET"]}}],"collection":[{"href":"https:\/\/displayproducts.eu\/pt\/wp-json\/wp\/v2\/product"}],"about":[{"href":"https:\/\/displayproducts.eu\/pt\/wp-json\/wp\/v2\/types\/product"}],"replies":[{"embeddable":true,"href":"https:\/\/displayproducts.eu\/pt\/wp-json\/wp\/v2\/comments?post=1217"}],"wp:featuredmedia":[{"embeddable":true,"href":"https:\/\/displayproducts.eu\/pt\/wp-json\/wp\/v2\/media\/6385"}],"wp:attachment":[{"href":"https:\/\/displayproducts.eu\/pt\/wp-json\/wp\/v2\/media?parent=1217"}],"wp:term":[{"taxonomy":"product_brand","embeddable":true,"href":"https:\/\/displayproducts.eu\/pt\/wp-json\/wp\/v2\/product_brand?post=1217"},{"taxonomy":"product_cat","embeddable":true,"href":"https:\/\/displayproducts.eu\/pt\/wp-json\/wp\/v2\/product_cat?post=1217"},{"taxonomy":"product_tag","embeddable":true,"href":"https:\/\/displayproducts.eu\/pt\/wp-json\/wp\/v2\/product_tag?post=1217"}],"curies":[{"name":"wp","href":"https:\/\/api.w.org\/{rel}","templated":true}]}}