{"id":1216,"date":"2024-10-27T11:54:36","date_gmt":"2024-10-27T08:54:36","guid":{"rendered":"https:\/\/wristbandfactory.eu\/toode\/adjustable-cord-wristbands\/"},"modified":"2026-04-01T21:52:04","modified_gmt":"2026-04-01T18:52:04","slug":"adjustable-rope-wristbands-custom-printed-cord-with-logo","status":"publish","type":"product","link":"https:\/\/displayproducts.eu\/pt\/p\/adjustable-rope-wristbands-custom-printed-cord-with-logo\/","title":{"rendered":"Pulseiras de tecido corda \u2013 Com logotipo"},"content":{"rendered":"<div class=\"mx-12 md:mx-24 lg:mx-48\">\n<div class=\"container my-8 svelte-zlsknf\">\n<div class=\"my-24 rounded-lg border-0 border-gray-700 bg-gray-100 px-16 py-24\">\n<div class=\"mt-11 !text-gray-500\">\n<p data-path-to-node=\"9\"><b>Identidade visual elegante e vers\u00e1til: Pulseiras de corda ajust\u00e1veis personalizadas<\/b><\/p>\n<p data-path-to-node=\"10\">D\u00ea um toque especial aos seus brindes promocionais com nossas pulseiras de corda ajust\u00e1veis personalizadas. Projetadas para durabilidade e uso prolongado, essas pulseiras contam com um cord\u00e3o de poli\u00e9ster resistente e um tubo de borracha personaliz\u00e1vel, oferecendo uma alternativa moderna \u00e0s pulseiras planas tradicionais. Elas s\u00e3o a solu\u00e7\u00e3o perfeita para campanhas de reconhecimento de marca, eventos beneficentes e brindes VIP.<\/p>\n<p data-path-to-node=\"11\"><b>Praticidade de tamanho \u00fanico<\/b> O mecanismo inteligente de cord\u00e3o deslizante permite que a pulseira seja facilmente ajustada para qualquer tamanho de pulso, de crian\u00e7as a adultos. Essa versatilidade de &quot;tamanho \u00fanico&quot; simplifica o processo de pedidos, eliminando a necessidade de estimar as propor\u00e7\u00f5es de tamanho para o seu p\u00fablico.<\/p>\n<p data-path-to-node=\"12\"><b>Marca focada<\/b> Diferentemente das impress\u00f5es que envolvem toda a pulseira, estas pulseiras direcionam a aten\u00e7\u00e3o para o seu logotipo ou mensagem, impressos com clareza no tubo de borracha central. A impress\u00e3o de alto contraste e em uma \u00fanica cor garante que sua marca permane\u00e7a em destaque contra o elegante fundo bicolor do cord\u00e3o.<\/p>\n<p data-path-to-node=\"13\"><b>Op\u00e7\u00f5es de Higiene e Seguran\u00e7a<\/b> Para eventos que exigem padr\u00f5es de sa\u00fade mais elevados, oferecemos um tratamento antibacteriano opcional com certifica\u00e7\u00e3o ISO 20743 para o cord\u00e3o de poli\u00e9ster. Este recurso proporciona maior tranquilidade aos usu\u00e1rios e posiciona sua marca como l\u00edder respons\u00e1vel no setor.<\/p>\n<p data-path-to-node=\"14\"><b>Principais caracter\u00edsticas:<\/b><\/p>\n<ul data-path-to-node=\"15\">\n<li>\n<p data-path-to-node=\"15,0,0\"><b>Cabo de alta qualidade:<\/b> O poli\u00e9ster tecido dur\u00e1vel mant\u00e9m sua forma e cor.<\/p>\n<\/li>\n<li>\n<p data-path-to-node=\"15,1,0\"><b>Design diferenciado:<\/b> Dispon\u00edvel em combina\u00e7\u00f5es de duas cores para combinar com os temas da marca.<\/p>\n<\/li>\n<li>\n<p data-path-to-node=\"15,2,0\"><b>Controle deslizante ajust\u00e1vel:<\/b> Mecanismo de tubo deslizante seguro e f\u00e1cil de usar.<\/p>\n<\/li>\n<li>\n<p data-path-to-node=\"15,3,0\"><b>Duradouro:<\/b> Concebido para uso prolongado, maximizando o impacto da marca.<\/p>\n<\/li>\n<li>\n<p data-path-to-node=\"15,4,0\"><b>Pronto para atacado:<\/b> Otimizado para encomendas em grande quantidade com controle de qualidade consistente.<\/p>\n<\/li>\n<\/ul>\n<\/div>\n<\/div>\n<\/div>\n<\/div>","protected":false},"excerpt":{"rendered":"<ul>\n<li>\n<p data-path-to-node=\"6,0,0\"><b>Material:<\/b> Cabo redondo de poli\u00e9ster bicolor com tubo de borracha deslizante.<\/p>\n<\/li>\n<li>\n<p data-path-to-node=\"6,1,0\"><b>Personaliza\u00e7\u00e3o:<\/b> Logotipo n\u00edtido impresso em uma cor no tubo central.<\/p>\n<\/li>\n<li>\n<p data-path-to-node=\"6,2,0\"><b>Ajustar:<\/b> Mecanismo de n\u00f3 deslizante totalmente ajust\u00e1vel (Tamanho \u00fanico).<\/p>\n<\/li>\n<li>\n<p data-path-to-node=\"6,3,0\"><b>Seguran\u00e7a:<\/b> Tratamento antibacteriano opcional ISO 20743 dispon\u00edvel.<\/p>\n<\/li>\n<\/ul>","protected":false},"featured_media":6400,"comment_status":"closed","ping_status":"closed","template":"","meta":[],"product_brand":[],"product_cat":[66,112],"product_tag":[],"class_list":{"0":"post-1216","1":"product","2":"type-product","3":"status-publish","4":"has-post-thumbnail","6":"product_cat-wristbands","7":"product_cat-paracord-wristbands","9":"first","10":"instock","11":"shipping-taxable","12":"purchasable","13":"product-type-simple"},"_links":{"self":[{"href":"https:\/\/displayproducts.eu\/pt\/wp-json\/wp\/v2\/product\/1216","targetHints":{"allow":["GET"]}}],"collection":[{"href":"https:\/\/displayproducts.eu\/pt\/wp-json\/wp\/v2\/product"}],"about":[{"href":"https:\/\/displayproducts.eu\/pt\/wp-json\/wp\/v2\/types\/product"}],"replies":[{"embeddable":true,"href":"https:\/\/displayproducts.eu\/pt\/wp-json\/wp\/v2\/comments?post=1216"}],"wp:featuredmedia":[{"embeddable":true,"href":"https:\/\/displayproducts.eu\/pt\/wp-json\/wp\/v2\/media\/6400"}],"wp:attachment":[{"href":"https:\/\/displayproducts.eu\/pt\/wp-json\/wp\/v2\/media?parent=1216"}],"wp:term":[{"taxonomy":"product_brand","embeddable":true,"href":"https:\/\/displayproducts.eu\/pt\/wp-json\/wp\/v2\/product_brand?post=1216"},{"taxonomy":"product_cat","embeddable":true,"href":"https:\/\/displayproducts.eu\/pt\/wp-json\/wp\/v2\/product_cat?post=1216"},{"taxonomy":"product_tag","embeddable":true,"href":"https:\/\/displayproducts.eu\/pt\/wp-json\/wp\/v2\/product_tag?post=1216"}],"curies":[{"name":"wp","href":"https:\/\/api.w.org\/{rel}","templated":true}]}}