{"id":1212,"date":"2024-10-27T11:54:36","date_gmt":"2024-10-27T08:54:36","guid":{"rendered":"https:\/\/wristbandfactory.eu\/toode\/safety-wristbands-for-children\/"},"modified":"2026-04-01T21:52:36","modified_gmt":"2026-04-01T18:52:36","slug":"safety-wristbands-for-children","status":"publish","type":"product","link":"https:\/\/displayproducts.eu\/pt\/p\/safety-wristbands-for-children\/","title":{"rendered":"Pulseiras de seguran\u00e7a para crian\u00e7as"},"content":{"rendered":"<div class=\"wpb_text_column wpb_content_element\">\n<div class=\"wpb_wrapper\">\n<p>As bra\u00e7adeiras s\u00e3o totalmente seguras para a sa\u00fade e a pele das crian\u00e7as, o que \u00e9 comprovado pelos certificados apropriados. Cooperamos com os fabricantes de materiais mais experientes para garantir que nossos clientes recebam um produto absolutamente seguro.<\/p>\n<\/div>\n<\/div>\n<p>certificado<br \/>\naprovado pelo Instituto Nacional de Higiene da Pol\u00f4nia<\/p>\n<p>material<br \/>\nmaterial especial que \u00e9 suave para a pele da crian\u00e7a<\/p>\n<p>hipoalerg\u00eanico<br \/>\nsem compostos alerg\u00eanicos<\/p>\n<p>hipoalerg\u00eanico<br \/>\nTermos de parceria favor\u00e1veis<\/p>\n<p>mais de 300 pe\u00e7as<br \/>\nbaixas quantidades de produ\u00e7\u00e3o poss\u00edveis<\/p>\n<p>tempo<br \/>\ntempos de fabrica\u00e7\u00e3o curtos<br \/>\ndurabilidade<br \/>\no material \u00e9 flex\u00edvel, delicado e dur\u00e1vel ao mesmo tempo<\/p>\n<p>reutiliz\u00e1vel<br \/>\nfechos da banda projetados para permitir o uso m\u00faltiplo da banda<\/p>\n<p>cor<br \/>\no fecho muda de cor quando exposto a fortes raios UV<\/p>","protected":false},"excerpt":{"rendered":"<div>\n<p class=\"text-gray-500\">Uma ampla gama de padr\u00f5es coloridos e exclusivos, criados por um ilustrador e educador. Al\u00e9m disso, qualquer design pode ser criado pelo Cliente e aplicado em uma bra\u00e7adeira. \u00c9 a solu\u00e7\u00e3o perfeita para empresas que buscam um meio de publicidade exclusivo, um gadget inovador e criativo ou um presente \u00fatil para seus funcion\u00e1rios e clientes. Os gr\u00e1ficos publicit\u00e1rios podem cobrir toda a superf\u00edcie da bra\u00e7adeira (exceto o fecho).<\/p>\n<\/div>","protected":false},"featured_media":6439,"comment_status":"closed","ping_status":"closed","template":"","meta":[],"product_brand":[],"product_cat":[66,68],"product_tag":[],"class_list":{"0":"post-1212","1":"product","2":"type-product","3":"status-publish","4":"has-post-thumbnail","6":"product_cat-wristbands","7":"product_cat-event-supplies","9":"first","10":"instock","11":"shipping-taxable","12":"purchasable","13":"product-type-simple"},"_links":{"self":[{"href":"https:\/\/displayproducts.eu\/pt\/wp-json\/wp\/v2\/product\/1212","targetHints":{"allow":["GET"]}}],"collection":[{"href":"https:\/\/displayproducts.eu\/pt\/wp-json\/wp\/v2\/product"}],"about":[{"href":"https:\/\/displayproducts.eu\/pt\/wp-json\/wp\/v2\/types\/product"}],"replies":[{"embeddable":true,"href":"https:\/\/displayproducts.eu\/pt\/wp-json\/wp\/v2\/comments?post=1212"}],"wp:featuredmedia":[{"embeddable":true,"href":"https:\/\/displayproducts.eu\/pt\/wp-json\/wp\/v2\/media\/6439"}],"wp:attachment":[{"href":"https:\/\/displayproducts.eu\/pt\/wp-json\/wp\/v2\/media?parent=1212"}],"wp:term":[{"taxonomy":"product_brand","embeddable":true,"href":"https:\/\/displayproducts.eu\/pt\/wp-json\/wp\/v2\/product_brand?post=1212"},{"taxonomy":"product_cat","embeddable":true,"href":"https:\/\/displayproducts.eu\/pt\/wp-json\/wp\/v2\/product_cat?post=1212"},{"taxonomy":"product_tag","embeddable":true,"href":"https:\/\/displayproducts.eu\/pt\/wp-json\/wp\/v2\/product_tag?post=1212"}],"curies":[{"name":"wp","href":"https:\/\/api.w.org\/{rel}","templated":true}]}}