{"id":1209,"date":"2024-07-16T17:57:25","date_gmt":"2024-07-16T14:57:25","guid":{"rendered":"https:\/\/wristbandfactory.eu\/toode\/seed-paper-bracelet\/"},"modified":"2026-04-01T21:52:36","modified_gmt":"2026-04-01T18:52:36","slug":"seed-paper-wristbands","status":"publish","type":"product","link":"https:\/\/displayproducts.eu\/pt\/p\/seed-paper-wristbands\/","title":{"rendered":"Pulseiras de papel semente"},"content":{"rendered":"<p data-path-to-node=\"12\">Cause um impacto positivo e duradouro nos seus participantes e no meio ambiente com o nosso <b data-path-to-node=\"12\" data-index-in-node=\"104\">Pulseiras de papel semente<\/b>. Este produto inovador oferece uma solu\u00e7\u00e3o \u00fanica e sem desperd\u00edcio para organizadores de eventos ecologicamente conscientes, transformando um item normalmente descart\u00e1vel em uma memor\u00e1vel &quot;segunda vida&quot; como flores silvestres. Concebidas para festivais, eventos corporativos de sustentabilidade e confer\u00eancias ecol\u00f3gicas, estas pulseiras servem tanto como um crach\u00e1 de acesso seguro quanto como uma declara\u00e7\u00e3o dos seus valores ambientais.<\/p>\n<h2 data-path-to-node=\"13\">Principais caracter\u00edsticas<\/h2>\n<ul data-path-to-node=\"14\">\n<li>\n<p data-path-to-node=\"14,0,0\"><b data-path-to-node=\"14,0,0\" data-index-in-node=\"0\">Tecnologia Plant\u00e1vel:<\/b> Feita de papel de 80 g\/m\u00b2 com uma mistura de sementes de flores silvestres incorporadas. Ap\u00f3s o evento, a pulseira pode ser plantada na terra para que as flores flores\u00e7am.<\/p>\n<\/li>\n<li>\n<p data-path-to-node=\"14,1,0\"><b data-path-to-node=\"14,1,0\" data-index-in-node=\"0\">Identidade visual em cores:<\/b> Suporta impress\u00e3o de ponta a ponta, permitindo que voc\u00ea exiba seu logotipo, patrocinadores ou mensagem ecol\u00f3gica de forma v\u00edvida.<\/p>\n<\/li>\n<li>\n<p data-path-to-node=\"14,2,0\"><b data-path-to-node=\"14,2,0\" data-index-in-node=\"0\">Controle de acesso seguro:<\/b> Possui uma fita adesiva confi\u00e1vel, de uso \u00fanico e intransfer\u00edvel, garantindo a seguran\u00e7a no seu estabelecimento.<\/p>\n<\/li>\n<li>\n<p data-path-to-node=\"14,3,0\"><b data-path-to-node=\"14,3,0\" data-index-in-node=\"0\">Textura e sensa\u00e7\u00e3o ao toque:<\/b> A textura natural e ligeiramente irregular do papel semente confere uma qualidade t\u00e1til e org\u00e2nica que refor\u00e7a a mensagem de sustentabilidade.<\/p>\n<\/li>\n<\/ul>\n<h2 data-path-to-node=\"15\">Especifica\u00e7\u00f5es<\/h2>\n<ul data-path-to-node=\"16\">\n<li>\n<p data-path-to-node=\"16,0,0\"><b data-path-to-node=\"16,0,0\" data-index-in-node=\"0\">Dimens\u00f5es:<\/b> Aproximadamente 240 x 20 mm (tamanho padr\u00e3o ajust\u00e1vel).<\/p>\n<\/li>\n<li>\n<p data-path-to-node=\"16,1,0\"><b data-path-to-node=\"16,1,0\" data-index-in-node=\"0\">Peso do material:<\/b> Papel semente de 80 g\/m\u00b2.<\/p>\n<\/li>\n<li>\n<p data-path-to-node=\"16,2,0\"><b data-path-to-node=\"16,2,0\" data-index-in-node=\"0\">M\u00e9todo de impress\u00e3o:<\/b> Impress\u00e3o digital a cores (CMYK).<\/p>\n<\/li>\n<li>\n<p data-path-to-node=\"16,3,0\"><b data-path-to-node=\"16,3,0\" data-index-in-node=\"0\">Dura\u00e7\u00e3o da utiliza\u00e7\u00e3o:<\/b> Recomendado para eventos de um \u00fanico dia (m\u00e1ximo de 1 a 2 dias) devido \u00e0 sua biodegradabilidade.<\/p>\n<\/li>\n<li>\n<p data-path-to-node=\"16,4,0\"><b data-path-to-node=\"16,4,0\" data-index-in-node=\"0\">Quantidade m\u00ednima de encomenda:<\/b> 100 unidades.<\/p>\n<\/li>\n<\/ul>\n<h2 data-path-to-node=\"17\">Casos de uso<\/h2>\n<ul data-path-to-node=\"18\">\n<li>\n<p data-path-to-node=\"18,0,0\"><b data-path-to-node=\"18,0,0\" data-index-in-node=\"0\">Festivais ecol\u00f3gicos:<\/b> Ideal para festivais de m\u00fasica e arte ao ar livre que priorizam os princ\u00edpios de &quot;N\u00e3o Deixar Rastros&quot;.<\/p>\n<\/li>\n<li>\n<p data-path-to-node=\"18,1,0\"><b data-path-to-node=\"18,1,0\" data-index-in-node=\"0\">Eventos de Responsabilidade Social Corporativa:<\/b> Ideal para encontros empresariais focados em sustentabilidade e responsabilidade ambiental.<\/p>\n<\/li>\n<li>\n<p data-path-to-node=\"18,2,0\"><b data-path-to-node=\"18,2,0\" data-index-in-node=\"0\">Eventos para arrecada\u00e7\u00e3o de fundos para institui\u00e7\u00f5es de caridade:<\/b> Um presente simb\u00f3lico para doadores que se transforma em flores, representando crescimento e gratid\u00e3o.<\/p>\n<\/li>\n<li>\n<p data-path-to-node=\"18,3,0\"><b data-path-to-node=\"18,3,0\" data-index-in-node=\"0\">Acesso VIP:<\/b> Um diferencial \u00fanico e de alta qualidade para convidados especiais em confer\u00eancias com tem\u00e1tica ecol\u00f3gica.<\/p>\n<\/li>\n<\/ul>","protected":false},"excerpt":{"rendered":"<ul>\n<li>\n<p data-path-to-node=\"11,0,0\"><b data-path-to-node=\"11,0,0\" data-index-in-node=\"0\">Material:<\/b> Papel biodegrad\u00e1vel de 80 g\/m\u00b2 com sementes de flores silvestres incorporadas.<\/p>\n<\/li>\n<li>\n<p data-path-to-node=\"11,1,0\"><b data-path-to-node=\"11,1,0\" data-index-in-node=\"0\">Personaliza\u00e7\u00e3o:<\/b> Impress\u00e3o a cores, de ponta a ponta, para uma identidade visual de alto impacto.<\/p>\n<\/li>\n<li>\n<p data-path-to-node=\"11,2,0\"><b data-path-to-node=\"11,2,0\" data-index-in-node=\"0\">Encerramento:<\/b> A fita adesiva descart\u00e1vel e segura impede a transfer\u00eancia.<\/p>\n<\/li>\n<li>\n<p data-path-to-node=\"11,3,0\"><b data-path-to-node=\"11,3,0\" data-index-in-node=\"0\">Eco-foco:<\/b> 100% plant\u00e1vel ap\u00f3s o uso, para uma solu\u00e7\u00e3o de evento com zero desperd\u00edcio.<\/p>\n<\/li>\n<\/ul>","protected":false},"featured_media":6394,"comment_status":"closed","ping_status":"closed","template":"","meta":[],"product_brand":[],"product_cat":[133,66],"product_tag":[],"class_list":{"0":"post-1209","1":"product","2":"type-product","3":"status-publish","4":"has-post-thumbnail","6":"product_cat-eco-friendly-wristbands","7":"product_cat-wristbands","9":"first","10":"instock","11":"shipping-taxable","12":"purchasable","13":"product-type-simple"},"_links":{"self":[{"href":"https:\/\/displayproducts.eu\/pt\/wp-json\/wp\/v2\/product\/1209","targetHints":{"allow":["GET"]}}],"collection":[{"href":"https:\/\/displayproducts.eu\/pt\/wp-json\/wp\/v2\/product"}],"about":[{"href":"https:\/\/displayproducts.eu\/pt\/wp-json\/wp\/v2\/types\/product"}],"replies":[{"embeddable":true,"href":"https:\/\/displayproducts.eu\/pt\/wp-json\/wp\/v2\/comments?post=1209"}],"wp:featuredmedia":[{"embeddable":true,"href":"https:\/\/displayproducts.eu\/pt\/wp-json\/wp\/v2\/media\/6394"}],"wp:attachment":[{"href":"https:\/\/displayproducts.eu\/pt\/wp-json\/wp\/v2\/media?parent=1209"}],"wp:term":[{"taxonomy":"product_brand","embeddable":true,"href":"https:\/\/displayproducts.eu\/pt\/wp-json\/wp\/v2\/product_brand?post=1209"},{"taxonomy":"product_cat","embeddable":true,"href":"https:\/\/displayproducts.eu\/pt\/wp-json\/wp\/v2\/product_cat?post=1209"},{"taxonomy":"product_tag","embeddable":true,"href":"https:\/\/displayproducts.eu\/pt\/wp-json\/wp\/v2\/product_tag?post=1209"}],"curies":[{"name":"wp","href":"https:\/\/api.w.org\/{rel}","templated":true}]}}