{"id":1208,"date":"2024-10-27T11:54:37","date_gmt":"2024-10-27T08:54:37","guid":{"rendered":"https:\/\/wristbandfactory.eu\/toode\/faux-leather-wristbands\/"},"modified":"2026-04-01T21:52:36","modified_gmt":"2026-04-01T18:52:36","slug":"faux-leather-wristbands","status":"publish","type":"product","link":"https:\/\/displayproducts.eu\/pt\/p\/faux-leather-wristbands\/","title":{"rendered":"Pulseiras de couro sint\u00e9tico"},"content":{"rendered":"<p>Aposte em um visual aut\u00eantico com pulseiras de couro gravadas. Seu texto \u00e9 gravado em baixo-relevo na pulseira, assim como os artes\u00e3os de couro aut\u00eantico. Dessa forma, o texto fica da mesma cor da pulseira.<\/p>\n<p>Oferecemos dois tipos de fechos: um clipe de pl\u00e1stico e um fecho de metal.<\/p>\n<p>O fecho de clipe de pl\u00e1stico \u00e9 semelhante ao fecho de pulseiras de vinil. H\u00e1 furos na pulseira que permitem um ajuste personalizado. Voc\u00ea n\u00e3o pode abrir o fecho ap\u00f3s fech\u00e1-lo sem danific\u00e1-lo, apresentando sinais de adultera\u00e7\u00e3o. Isso evita fraudes.<\/p>\n<p>O fecho de metal tamb\u00e9m \u00e9 o fecho padr\u00e3o para pulseiras de tecido para festivais. \u00c9 necess\u00e1rio um alicate de crimpagem para fech\u00e1-lo. N\u00e3o \u00e9 poss\u00edvel remover a pulseira ap\u00f3s crimp\u00e1-la sem apresentar sinais de adultera\u00e7\u00e3o, o que evita fraudes.<\/p>","protected":false},"excerpt":{"rendered":"<div>\n<p class=\"text-gray-500\">Com pulseiras de couro artificial ou couro sint\u00e9tico, voc\u00ea opta por um controle de acesso seguro para o seu evento com um visual \u00fanico. Voc\u00ea pode escolher entre 4 cores diferentes de couro artificial para impress\u00e3o em 1 ou 2 cores ou para grava\u00e7\u00e3o. Para proteger as pulseiras, oferecemos duas op\u00e7\u00f5es: fecho de metal ou fecho de pl\u00e1stico com bot\u00e3o de press\u00e3o.<\/p>\n<\/div>","protected":false},"featured_media":6410,"comment_status":"closed","ping_status":"closed","template":"","meta":[],"product_brand":[],"product_cat":[66,117],"product_tag":[],"class_list":{"0":"post-1208","1":"product","2":"type-product","3":"status-publish","4":"has-post-thumbnail","6":"product_cat-wristbands","7":"product_cat-leather-wristbands","9":"first","10":"instock","11":"shipping-taxable","12":"purchasable","13":"product-type-simple"},"_links":{"self":[{"href":"https:\/\/displayproducts.eu\/pt\/wp-json\/wp\/v2\/product\/1208","targetHints":{"allow":["GET"]}}],"collection":[{"href":"https:\/\/displayproducts.eu\/pt\/wp-json\/wp\/v2\/product"}],"about":[{"href":"https:\/\/displayproducts.eu\/pt\/wp-json\/wp\/v2\/types\/product"}],"replies":[{"embeddable":true,"href":"https:\/\/displayproducts.eu\/pt\/wp-json\/wp\/v2\/comments?post=1208"}],"wp:featuredmedia":[{"embeddable":true,"href":"https:\/\/displayproducts.eu\/pt\/wp-json\/wp\/v2\/media\/6410"}],"wp:attachment":[{"href":"https:\/\/displayproducts.eu\/pt\/wp-json\/wp\/v2\/media?parent=1208"}],"wp:term":[{"taxonomy":"product_brand","embeddable":true,"href":"https:\/\/displayproducts.eu\/pt\/wp-json\/wp\/v2\/product_brand?post=1208"},{"taxonomy":"product_cat","embeddable":true,"href":"https:\/\/displayproducts.eu\/pt\/wp-json\/wp\/v2\/product_cat?post=1208"},{"taxonomy":"product_tag","embeddable":true,"href":"https:\/\/displayproducts.eu\/pt\/wp-json\/wp\/v2\/product_tag?post=1208"}],"curies":[{"name":"wp","href":"https:\/\/api.w.org\/{rel}","templated":true}]}}