{"id":1205,"date":"2024-10-27T11:54:37","date_gmt":"2024-10-27T08:54:37","guid":{"rendered":"https:\/\/wristbandfactory.eu\/toode\/custom-rfid-leather-wristband\/"},"modified":"2026-04-01T21:52:36","modified_gmt":"2026-04-01T18:52:36","slug":"custom-rfid-leather-wristband","status":"publish","type":"product","link":"https:\/\/displayproducts.eu\/pt\/p\/custom-rfid-leather-wristband\/","title":{"rendered":"Pulseiras RFID de couro"},"content":{"rendered":"<p data-path-to-node=\"12\">Aprimore a experi\u00eancia dos seus h\u00f3spedes com nossos <b data-path-to-node=\"12\" data-index-in-node=\"64\">Pulseiras RFID de couro personalizadas<\/b>. Projetadas para ambientes onde o estilo \u00e9 t\u00e3o importante quanto a seguran\u00e7a, estas pulseiras combinam tecnologia RFID avan\u00e7ada com a eleg\u00e2ncia cl\u00e1ssica do couro. Ao contr\u00e1rio das op\u00e7\u00f5es padr\u00e3o de silicone ou tecido, estas pulseiras servem como um acess\u00f3rio premium, tornando-as perfeitas para \u00e1reas VIP, resorts de luxo, clubes de campo e eventos corporativos sofisticados.<\/p>\n<p data-path-to-node=\"13\">Fabricadas em couro PU dur\u00e1vel (com op\u00e7\u00f5es em couro genu\u00edno dispon\u00edveis), oferecem um ajuste confort\u00e1vel para uso prolongado. O chip integrado \u00e9 perfeitamente embutido, garantindo a transmiss\u00e3o confi\u00e1vel de dados para controle de acesso, pagamentos sem dinheiro ou integra\u00e7\u00e3o com redes sociais, sem comprometer a est\u00e9tica da pulseira.<\/p>\n<h2 data-path-to-node=\"14\">Principais caracter\u00edsticas<\/h2>\n<ul data-path-to-node=\"15\">\n<li>\n<p data-path-to-node=\"15,0,1\"><span data-path-to-node=\"15,0,1,0\"><b data-path-to-node=\"15,0,1,0\" data-index-in-node=\"0\"><span class=\"citation-43\">Compatibilidade avan\u00e7ada de chips:<\/span><\/b><span class=\"citation-43\"> Dispon\u00edvel com uma ampla gama de chips RFID, incluindo LF (125 kHz), HF (13,56 MHz NTAG\u00ae\/Mifare) e UHF (860-960 MHz), para atender a qualquer sistema.<\/span><\/span><span data-path-to-node=\"15,0,1,2\">.<\/span><\/p>\n<\/li>\n<li>\n<p data-path-to-node=\"15,1,1\"><span data-path-to-node=\"15,1,1,0\"><b data-path-to-node=\"15,1,1,0\" data-index-in-node=\"0\"><span class=\"citation-42\">Est\u00e9tica Premium:<\/span><\/b><span class=\"citation-42\"> O acabamento em couro oferece uma alternativa sofisticada ao pl\u00e1stico, valorizando o seu evento ou espa\u00e7o.<\/span><\/span><span data-path-to-node=\"15,1,1,2\">.<\/span><\/p>\n<\/li>\n<li>\n<p data-path-to-node=\"15,2,0\"><b data-path-to-node=\"15,2,0\" data-index-in-node=\"0\">Identidade Visual Personalizada:<\/b> Personalize com seu logotipo usando t\u00e9cnicas premium como relevo, baixo-relevo ou serigrafia.<\/p>\n<\/li>\n<li>\n<p data-path-to-node=\"15,3,0\"><b data-path-to-node=\"15,3,0\" data-index-in-node=\"0\">Ajuste ajust\u00e1vel:<\/b> Projetado com um fecho de fivela cl\u00e1ssico (tamanho padr\u00e3o 250x22x3 mm) para se ajustar confortavelmente \u00e0 maioria dos tamanhos de pulso.<\/p>\n<\/li>\n<\/ul>\n<h2 data-path-to-node=\"16\">Especifica\u00e7\u00f5es<\/h2>\n<ul data-path-to-node=\"17\">\n<li>\n<p data-path-to-node=\"17,0,0\"><b data-path-to-node=\"17,0,0\" data-index-in-node=\"0\">Dimens\u00f5es:<\/b> 250 mm x 22 mm x 3 mm.<\/p>\n<\/li>\n<li>\n<p data-path-to-node=\"17,1,0\"><b data-path-to-node=\"17,1,0\" data-index-in-node=\"0\">Material:<\/b> Couro PU (padr\u00e3o) ou couro genu\u00edno (op\u00e7\u00e3o superior).<\/p>\n<\/li>\n<li>\n<p data-path-to-node=\"17,2,0\"><b data-path-to-node=\"17,2,0\" data-index-in-node=\"0\">Op\u00e7\u00f5es de frequ\u00eancia:<\/b> LF (125 kHz), HF (13,56 MHz), UHF (860-960 MHz).<\/p>\n<\/li>\n<li>\n<p data-path-to-node=\"17,3,0\"><b data-path-to-node=\"17,3,0\" data-index-in-node=\"0\">Tipos de chips:<\/b> TK4100, F08, NTAG213\/215\/216, Alien H3 e outros.<\/p>\n<\/li>\n<li>\n<p data-path-to-node=\"17,4,0\"><b data-path-to-node=\"17,4,0\" data-index-in-node=\"0\">Dist\u00e2ncia de leitura:<\/b> 1-10 cm (LF\/HF), at\u00e9 v\u00e1rios metros (UHF, dependendo do leitor).<\/p>\n<\/li>\n<li>\n<p data-path-to-node=\"17,5,0\"><b data-path-to-node=\"17,5,0\" data-index-in-node=\"0\">Quantidade m\u00ednima de encomenda:<\/b> 100 unidades.<\/p>\n<\/li>\n<\/ul>\n<h2 data-path-to-node=\"18\">Casos de uso<\/h2>\n<ul data-path-to-node=\"19\">\n<li>\n<p data-path-to-node=\"19,0,0\"><b data-path-to-node=\"19,0,0\" data-index-in-node=\"0\">Hot\u00e9is e Resorts de Luxo:<\/b> Acesso aos quartos sem chave e pagamentos sem dinheiro em esp\u00e9cie para as comodidades do resort.<\/p>\n<\/li>\n<li>\n<p data-path-to-node=\"19,1,0\"><b data-path-to-node=\"19,1,0\" data-index-in-node=\"0\">Acesso VIP ao evento:<\/b> Credenciais de acesso exclusivo para \u00e1reas de bastidores, lounges privados e eventos de gala.<\/p>\n<\/li>\n<li>\n<p data-path-to-node=\"19,2,0\"><b data-path-to-node=\"19,2,0\" data-index-in-node=\"0\">Clubes de fitness e de campo:<\/b> Identificadores de acesso \u00e0s instala\u00e7\u00f5es, dur\u00e1veis e elegantes.<\/p>\n<\/li>\n<li>\n<p data-path-to-node=\"19,3,0\"><b data-path-to-node=\"19,3,0\" data-index-in-node=\"0\">Seguran\u00e7a do escrit\u00f3rio:<\/b> Identifica\u00e7\u00e3o elegante para funcion\u00e1rios em ambientes corporativos.<\/p>\n<\/li>\n<\/ul>","protected":false},"excerpt":{"rendered":"<ul>\n<li>\n<p data-path-to-node=\"11,0,0\"><b data-path-to-node=\"11,0,0\" data-index-in-node=\"0\">Material:<\/b> Op\u00e7\u00f5es em PU de alta qualidade ou couro genu\u00edno para um visual sofisticado.<\/p>\n<\/li>\n<li>\n<p data-path-to-node=\"11,1,0\"><b data-path-to-node=\"11,1,0\" data-index-in-node=\"0\">Tecnologia:<\/b> Chips integrados de baixa frequ\u00eancia (TK4100), alta frequ\u00eancia (NTAG\u00ae) ou ultra-alta frequ\u00eancia (Alien H3).<\/p>\n<\/li>\n<li>\n<p data-path-to-node=\"11,2,0\"><b data-path-to-node=\"11,2,0\" data-index-in-node=\"0\">Personaliza\u00e7\u00e3o:<\/b> Rebaixo, alto-relevo ou impress\u00e3o para uma identifica\u00e7\u00e3o discreta da marca.<\/p>\n<\/li>\n<li>\n<p data-path-to-node=\"11,3,0\"><b data-path-to-node=\"11,3,0\" data-index-in-node=\"0\">Aplicativo:<\/b> Ideal para controle de acesso VIP, pagamentos sem dinheiro em esp\u00e9cie e hot\u00e9is de luxo.<\/p>\n<\/li>\n<\/ul>","protected":false},"featured_media":6037,"comment_status":"closed","ping_status":"closed","template":"","meta":[],"product_brand":[],"product_cat":[66,117,81],"product_tag":[],"class_list":{"0":"post-1205","1":"product","2":"type-product","3":"status-publish","4":"has-post-thumbnail","6":"product_cat-wristbands","7":"product_cat-leather-wristbands","8":"product_cat-rfid","10":"first","11":"instock","12":"shipping-taxable","13":"purchasable","14":"product-type-simple"},"_links":{"self":[{"href":"https:\/\/displayproducts.eu\/pt\/wp-json\/wp\/v2\/product\/1205","targetHints":{"allow":["GET"]}}],"collection":[{"href":"https:\/\/displayproducts.eu\/pt\/wp-json\/wp\/v2\/product"}],"about":[{"href":"https:\/\/displayproducts.eu\/pt\/wp-json\/wp\/v2\/types\/product"}],"replies":[{"embeddable":true,"href":"https:\/\/displayproducts.eu\/pt\/wp-json\/wp\/v2\/comments?post=1205"}],"wp:featuredmedia":[{"embeddable":true,"href":"https:\/\/displayproducts.eu\/pt\/wp-json\/wp\/v2\/media\/6037"}],"wp:attachment":[{"href":"https:\/\/displayproducts.eu\/pt\/wp-json\/wp\/v2\/media?parent=1205"}],"wp:term":[{"taxonomy":"product_brand","embeddable":true,"href":"https:\/\/displayproducts.eu\/pt\/wp-json\/wp\/v2\/product_brand?post=1205"},{"taxonomy":"product_cat","embeddable":true,"href":"https:\/\/displayproducts.eu\/pt\/wp-json\/wp\/v2\/product_cat?post=1205"},{"taxonomy":"product_tag","embeddable":true,"href":"https:\/\/displayproducts.eu\/pt\/wp-json\/wp\/v2\/product_tag?post=1205"}],"curies":[{"name":"wp","href":"https:\/\/api.w.org\/{rel}","templated":true}]}}