{"id":1203,"date":"2024-10-27T11:54:37","date_gmt":"2024-10-27T08:54:37","guid":{"rendered":"https:\/\/wristbandfactory.eu\/toode\/fabric-wristbands\/"},"modified":"2026-04-01T21:52:36","modified_gmt":"2026-04-01T18:52:36","slug":"full-colour-printed-fabric-wristbands","status":"publish","type":"product","link":"https:\/\/displayproducts.eu\/pt\/p\/full-colour-printed-fabric-wristbands\/","title":{"rendered":"Pulseiras de tecido estampadas a cores"},"content":{"rendered":"<div class=\"mx-12 md:mx-24 lg:mx-48\">\n<div class=\"container my-8 svelte-zlsknf\">\n<div class=\"my-24 rounded-lg border-0 border-gray-700 bg-gray-100 px-16 py-24\">\n<div class=\"mt-11 !text-gray-500\">\n<p data-path-to-node=\"8\">Aprimore a experi\u00eancia do seu evento com nossas pulseiras de tecido impressas em cores vibrantes. Esta \u00e9 a nossa solu\u00e7\u00e3o mais popular para controle de acesso em eventos, projetada para ser uma poderosa ferramenta de marketing que tamb\u00e9m funciona como uma lembran\u00e7a valiosa para os participantes.<\/p>\n<p data-path-to-node=\"9\"><b>Uma pulseira, totalmente personalizada por voc\u00ea.<\/b><\/p>\n<p data-path-to-node=\"10\">Esta p\u00e1gina \u00fanica re\u00fane todas as nossas op\u00e7\u00f5es de tecido estampado. Basta escolher o material e o fecho para criar a pulseira perfeita para o seu evento.<\/p>\n<ol start=\"1\" data-path-to-node=\"11\">\n<li>\n<p data-path-to-node=\"11,0,0\"><b>Escolha a sua impress\u00e3o e o material:<\/b> Utilizando a mais moderna tecnologia de impress\u00e3o por sublima\u00e7\u00e3o, reproduzimos seu design em cores vibrantes e resistentes ao desbotamento, em CMYK ou em cores Pantone (PMS) precisas. Selecione entre dois acabamentos de material:<\/p>\n<ul data-path-to-node=\"11,0,1\">\n<li>\n<p data-path-to-node=\"11,0,1,0,0\"><b>Poli\u00e9ster dur\u00e1vel:<\/b> Nosso padr\u00e3o de alta qualidade, \u00e0 prova d&#039;\u00e1gua e hipoalerg\u00eanico para todos os eventos.<\/p>\n<\/li>\n<li>\n<p data-path-to-node=\"11,0,1,1,0\"><b>Cetim Premium:<\/b> Um acabamento mais suave e com maior brilho para uma sensa\u00e7\u00e3o premium e sofisticada (absorve o produto \u201cPulseiras de Cetim\u201d).<\/p>\n<\/li>\n<\/ul>\n<\/li>\n<li>\n<p data-path-to-node=\"11,1,0\"><b>Escolha sua fechadura:<\/b> A seguran\u00e7a \u00e9 fundamental. Configure suas pulseiras com a fechadura ideal para suas necessidades. Oferecemos uma gama completa de op\u00e7\u00f5es:<\/p>\n<ul data-path-to-node=\"11,1,1\">\n<li>\n<p data-path-to-node=\"11,1,1,0,0\"><b>Fechaduras de alta seguran\u00e7a:<\/b> Clipes de pl\u00e1stico descart\u00e1veis com fecho autom\u00e1tico ou travas de metal resistentes para evitar a transfer\u00eancia.<\/p>\n<\/li>\n<li>\n<p data-path-to-node=\"11,1,1,1,0\"><b>Cadeados reutiliz\u00e1veis:<\/b> Uma conta ajust\u00e1vel que permite que as pulseiras sejam removidas e reutilizadas.<\/p>\n<\/li>\n<li>\n<p data-path-to-node=\"11,1,1,2,0\"><b>Fechaduras ecol\u00f3gicas:<\/b> Nosso cadeado de bambu sustent\u00e1vel e descart\u00e1vel.<\/p>\n<\/li>\n<\/ul>\n<\/li>\n<\/ol>\n<p data-path-to-node=\"12\">Essas pulseiras s\u00e3o a solu\u00e7\u00e3o de seguran\u00e7a ideal para controlar o acesso em shows, festivais, festas, hot\u00e9is e parques aqu\u00e1ticos.<\/p>\n<p data-path-to-node=\"13\"><i>(Observa\u00e7\u00e3o: devido ao processo de fabrica\u00e7\u00e3o, recomendamos o uso de padr\u00f5es repetidos no verso da pulseira para obter melhores resultados.)<\/i><\/p>\n<p data-path-to-node=\"14\"><b>Principais caracter\u00edsticas:<\/b><\/p>\n<ul data-path-to-node=\"15\">\n<li>\n<p data-path-to-node=\"15,0,0\"><b>Impress\u00e3o:<\/b> Impress\u00e3o por sublima\u00e7\u00e3o em cores CMYK ou PMS.<\/p>\n<\/li>\n<li>\n<p data-path-to-node=\"15,1,0\"><b>Material:<\/b> Poli\u00e9ster de alta qualidade (acabamento acetinado premium tamb\u00e9m dispon\u00edvel).<\/p>\n<\/li>\n<li>\n<p data-path-to-node=\"15,2,0\"><b>Op\u00e7\u00f5es de fechadura de seguran\u00e7a:<\/b> Alta seguran\u00e7a (pl\u00e1stico\/metal), mi\u00e7anga reutiliz\u00e1vel ou bambu ecol\u00f3gico.<\/p>\n<\/li>\n<li>\n<p data-path-to-node=\"15,3,0\"><b>Dur\u00e1vel e \u00e0 prova d&#039;\u00e1gua:<\/b> Ideal para eventos com v\u00e1rios dias de dura\u00e7\u00e3o.<\/p>\n<\/li>\n<li>\n<p data-path-to-node=\"15,4,0\"><b>Conforto:<\/b> Leve e macio para uso confort\u00e1vel e prolongado.<\/p>\n<\/li>\n<li>\n<p data-path-to-node=\"15,5,0\"><b>Pedido m\u00ednimo:<\/b> 100 pe\u00e7as.<\/p>\n<\/li>\n<\/ul>\n<p data-path-to-node=\"16\">\n<\/div>\n<\/div>\n<\/div>\n<\/div>","protected":false},"excerpt":{"rendered":"<ul data-path-to-node=\"7\">\n<li>\n<p data-path-to-node=\"7,0,0\">Impress\u00e3o por sublima\u00e7\u00e3o vibrante e em cores plenas, CMYK ou Pantone.<\/p>\n<\/li>\n<li>\n<p data-path-to-node=\"7,1,0\"><b>Op\u00e7\u00f5es de materiais:<\/b> Escolha entre poli\u00e9ster resistente e imperme\u00e1vel ou cetim com acabamento premium.<\/p>\n<\/li>\n<li>\n<p data-path-to-node=\"7,2,0\"><b>Op\u00e7\u00f5es de bloqueio:<\/b> Alta seguran\u00e7a (pl\u00e1stico\/metal de uso \u00fanico), reutiliz\u00e1vel (conta ajust\u00e1vel) ou bambu ecol\u00f3gico.<\/p>\n<\/li>\n<li>\n<p data-path-to-node=\"7,3,0\">Confort\u00e1vel, dur\u00e1vel e suave para a pele, ideal para eventos com dura\u00e7\u00e3o de v\u00e1rios dias.<\/p>\n<\/li>\n<\/ul>","protected":false},"featured_media":6388,"comment_status":"closed","ping_status":"closed","template":"","meta":[],"product_brand":[],"product_cat":[47],"product_tag":[],"class_list":{"0":"post-1203","1":"product","2":"type-product","3":"status-publish","4":"has-post-thumbnail","6":"product_cat-fabric-wristbands","8":"first","9":"instock","10":"shipping-taxable","11":"purchasable","12":"product-type-simple"},"_links":{"self":[{"href":"https:\/\/displayproducts.eu\/pt\/wp-json\/wp\/v2\/product\/1203","targetHints":{"allow":["GET"]}}],"collection":[{"href":"https:\/\/displayproducts.eu\/pt\/wp-json\/wp\/v2\/product"}],"about":[{"href":"https:\/\/displayproducts.eu\/pt\/wp-json\/wp\/v2\/types\/product"}],"replies":[{"embeddable":true,"href":"https:\/\/displayproducts.eu\/pt\/wp-json\/wp\/v2\/comments?post=1203"}],"wp:featuredmedia":[{"embeddable":true,"href":"https:\/\/displayproducts.eu\/pt\/wp-json\/wp\/v2\/media\/6388"}],"wp:attachment":[{"href":"https:\/\/displayproducts.eu\/pt\/wp-json\/wp\/v2\/media?parent=1203"}],"wp:term":[{"taxonomy":"product_brand","embeddable":true,"href":"https:\/\/displayproducts.eu\/pt\/wp-json\/wp\/v2\/product_brand?post=1203"},{"taxonomy":"product_cat","embeddable":true,"href":"https:\/\/displayproducts.eu\/pt\/wp-json\/wp\/v2\/product_cat?post=1203"},{"taxonomy":"product_tag","embeddable":true,"href":"https:\/\/displayproducts.eu\/pt\/wp-json\/wp\/v2\/product_tag?post=1203"}],"curies":[{"name":"wp","href":"https:\/\/api.w.org\/{rel}","templated":true}]}}