{"id":1183,"date":"2024-07-16T18:07:16","date_gmt":"2024-07-16T15:07:16","guid":{"rendered":"https:\/\/wristbandfactory.eu\/toode\/uv-neverloseme-wristbands\/"},"modified":"2026-04-01T21:52:04","modified_gmt":"2026-04-01T18:52:04","slug":"uv-sensor-safety-wristbands","status":"publish","type":"product","link":"https:\/\/displayproducts.eu\/pt\/p\/uv-sensor-safety-wristbands\/","title":{"rendered":"Pulseiras de seguran\u00e7a com sensor UV"},"content":{"rendered":"<p>Demonstre o compromisso da sua organiza\u00e7\u00e3o com a seguran\u00e7a com a Pulseira de Seguran\u00e7a com Sensor UV. Este item promocional funcional \u00e9 ideal para dias de conv\u00edvio familiar corporativos, confer\u00eancias ao ar livre ou campanhas de marketing focadas na sa\u00fade, proporcionando utilidade real aos participantes.<\/p>\n<p>A pulseira possui um fecho especial reutiliz\u00e1vel que monitora ativamente a exposi\u00e7\u00e3o solar. O fecho muda de branco para vermelho intenso quando os n\u00edveis de radia\u00e7\u00e3o UVA ou UVB se tornam perigosos, fornecendo um alerta visual claro para os usu\u00e1rios.<\/p>\n<p>A pr\u00f3pria pulseira \u00e9 feita de um material especial hipoalerg\u00eanico, dur\u00e1vel e suave para a pele. <b>certificado pelo Instituto Nacional de Higiene<\/b>. Toda a superf\u00edcie da faixa pode ser totalmente personalizada com o logotipo da sua empresa em cores, a identidade visual do seu evento ou um slogan de seguran\u00e7a, criando uma ferramenta promocional altamente vis\u00edvel e memor\u00e1vel.<\/p>\n<p>Esta pulseira alinha sua marca com a responsabilidade social e a consci\u00eancia moderna de seguran\u00e7a, criando uma associa\u00e7\u00e3o positiva que perdura muito depois do evento.<\/p>\n<p><b>Principais caracter\u00edsticas:<\/b><\/p>\n<ul>\n<li><b>Fecho com sensor UV:<\/b> O fecho reutiliz\u00e1vel muda de cor para vermelho para alertar sobre altos n\u00edveis de radia\u00e7\u00e3o UVA\/UVB.<\/li>\n<li><b>Personaliza\u00e7\u00e3o a cores:<\/b> Toda a superf\u00edcie da pulseira pode ser impressa com seu logotipo ou mensagem exclusiva.<\/li>\n<li><b>Material com certifica\u00e7\u00e3o de seguran\u00e7a infantil:<\/b> Material hipoalerg\u00eanico, flex\u00edvel e dur\u00e1vel, certificado pelo Instituto Nacional de Higiene.<\/li>\n<li><b>Design reutiliz\u00e1vel:<\/b> O fecho foi projetado para m\u00faltiplos usos, prolongando a vida \u00fatil do seu brinde promocional.<\/li>\n<li><b>Ferramenta de Responsabilidade Corporativa:<\/b> Um dispositivo exclusivo para demonstrar o compromisso da sua marca com a sa\u00fade e a seguran\u00e7a.<\/li>\n<\/ul>","protected":false},"excerpt":{"rendered":"<ul>\n<li>Possui um fecho que reage aos raios UV, mudando de cor para vermelho quando exposto \u00e0 luz solar intensa.<\/li>\n<li>Material hipoalerg\u00eanico, dur\u00e1vel e reutiliz\u00e1vel, com certifica\u00e7\u00e3o de seguran\u00e7a infantil.<\/li>\n<li>Pulseira totalmente personaliz\u00e1vel com seu logotipo colorido ou mensagem de seguran\u00e7a.<\/li>\n<li>Um brinde promocional de alta qualidade para eventos voltados para a fam\u00edlia e para a\u00e7\u00f5es de responsabilidade corporativa.<\/li>\n<\/ul>\n<p>&nbsp;<\/p>","protected":false},"featured_media":6254,"comment_status":"closed","ping_status":"closed","template":"","meta":[],"product_brand":[],"product_cat":[66,88,68],"product_tag":[],"class_list":{"0":"post-1183","1":"product","2":"type-product","3":"status-publish","4":"has-post-thumbnail","6":"product_cat-wristbands","7":"product_cat-smart-wristbands","8":"product_cat-event-supplies","10":"first","11":"instock","12":"shipping-taxable","13":"purchasable","14":"product-type-simple"},"_links":{"self":[{"href":"https:\/\/displayproducts.eu\/pt\/wp-json\/wp\/v2\/product\/1183","targetHints":{"allow":["GET"]}}],"collection":[{"href":"https:\/\/displayproducts.eu\/pt\/wp-json\/wp\/v2\/product"}],"about":[{"href":"https:\/\/displayproducts.eu\/pt\/wp-json\/wp\/v2\/types\/product"}],"replies":[{"embeddable":true,"href":"https:\/\/displayproducts.eu\/pt\/wp-json\/wp\/v2\/comments?post=1183"}],"wp:featuredmedia":[{"embeddable":true,"href":"https:\/\/displayproducts.eu\/pt\/wp-json\/wp\/v2\/media\/6254"}],"wp:attachment":[{"href":"https:\/\/displayproducts.eu\/pt\/wp-json\/wp\/v2\/media?parent=1183"}],"wp:term":[{"taxonomy":"product_brand","embeddable":true,"href":"https:\/\/displayproducts.eu\/pt\/wp-json\/wp\/v2\/product_brand?post=1183"},{"taxonomy":"product_cat","embeddable":true,"href":"https:\/\/displayproducts.eu\/pt\/wp-json\/wp\/v2\/product_cat?post=1183"},{"taxonomy":"product_tag","embeddable":true,"href":"https:\/\/displayproducts.eu\/pt\/wp-json\/wp\/v2\/product_tag?post=1183"}],"curies":[{"name":"wp","href":"https:\/\/api.w.org\/{rel}","templated":true}]}}