{"id":9311,"date":"2026-04-01T20:35:58","date_gmt":"2026-04-01T17:35:58","guid":{"rendered":"https:\/\/displayproducts.eu\/p\/aluminium-gazebo-tent-dome-5m\/"},"modified":"2026-04-02T23:13:16","modified_gmt":"2026-04-02T20:13:16","slug":"aluminium-gazebo-tent-dome-5m","status":"publish","type":"product","link":"https:\/\/displayproducts.eu\/pl\/p\/aluminium-gazebo-tent-dome-5m\/","title":{"rendered":"Aluminium gazebo tent Strona g\u0142\u00f3wnae 5m"},"content":{"rendered":"<p>The Strona g\u0142\u00f3wnae 5 m promotional tent is a practical and elegant solution for outdoor use. Its lightweight yet durable aluminium structure allows for quick and easy assembly, while ensuring stability and safety during use. This type of tent is perfect for a wide range of events, such as trade fairs, festivals, concerts, or corporate events.<\/p>","protected":false},"excerpt":{"rendered":"<p>The Strona g\u0142\u00f3wnae 5 m promotional tent is a practical and elegant solution for outdoor use. Its lightweight yet durable aluminium structure allows for quick and easy assembly, while ensuring stability and safety during use. This type of tent is perfect for a wide range of events, such as trade fairs, festivals, concerts, or corporate events.<\/p>","protected":false},"featured_media":9312,"comment_status":"closed","ping_status":"open","template":"","meta":[],"product_brand":[],"product_cat":[195,236,231,233,137,265,194,264],"product_tag":[],"class_list":{"0":"post-9311","1":"product","2":"type-product","3":"status-publish","4":"has-post-thumbnail","6":"product_cat-aluminium-gazebo-tents-dome","7":"product_cat-corporate-events-conferences","8":"product_cat-industry","9":"product_cat-outdoor","10":"product_cat-outdoor-advertising","11":"product_cat-outdoor-festivals-sports","12":"product_cat-tents","13":"product_cat-tents-pop-up-gazebos","15":"first","16":"instock","17":"product-type-simple"},"_links":{"self":[{"href":"https:\/\/displayproducts.eu\/pl\/wp-json\/wp\/v2\/product\/9311","targetHints":{"allow":["GET"]}}],"collection":[{"href":"https:\/\/displayproducts.eu\/pl\/wp-json\/wp\/v2\/product"}],"about":[{"href":"https:\/\/displayproducts.eu\/pl\/wp-json\/wp\/v2\/types\/product"}],"replies":[{"embeddable":true,"href":"https:\/\/displayproducts.eu\/pl\/wp-json\/wp\/v2\/comments?post=9311"}],"wp:featuredmedia":[{"embeddable":true,"href":"https:\/\/displayproducts.eu\/pl\/wp-json\/wp\/v2\/media\/9312"}],"wp:attachment":[{"href":"https:\/\/displayproducts.eu\/pl\/wp-json\/wp\/v2\/media?parent=9311"}],"wp:term":[{"taxonomy":"product_brand","embeddable":true,"href":"https:\/\/displayproducts.eu\/pl\/wp-json\/wp\/v2\/product_brand?post=9311"},{"taxonomy":"product_cat","embeddable":true,"href":"https:\/\/displayproducts.eu\/pl\/wp-json\/wp\/v2\/product_cat?post=9311"},{"taxonomy":"product_tag","embeddable":true,"href":"https:\/\/displayproducts.eu\/pl\/wp-json\/wp\/v2\/product_tag?post=9311"}],"curies":[{"name":"wp","href":"https:\/\/api.w.org\/{rel}","templated":true}]}}