{"id":6857,"date":"2026-01-15T16:48:49","date_gmt":"2026-01-15T13:48:49","guid":{"rendered":"https:\/\/wristbandfactory.eu\/?post_type=product&#038;p=6857"},"modified":"2026-04-01T21:52:34","modified_gmt":"2026-04-01T18:52:34","slug":"custom-lanyards-with-metal-bulldog-clip","status":"publish","type":"product","link":"https:\/\/displayproducts.eu\/pl\/p\/custom-lanyards-with-metal-bulldog-clip\/","title":{"rendered":"Smycze reklamowe z klamr\u0105 typu bulldog"},"content":{"rendered":"<p data-path-to-node=\"4\">Usprawnij proces rejestracji na wydarzenie dzi\u0119ki naszemu <b data-path-to-node=\"4\" data-index-in-node=\"73\">Spersonalizowane smycze z metalowym klipsem w kszta\u0142cie buldoga<\/b>. Cz\u0119sto okre\u015blany jako element mocuj\u0105cy w stylu \u201cklamerki do bielizny\u201d, ten element mocuj\u0105cy jest ulubionym elementem konferencji i targ\u00f3w ze wzgl\u0119du na swoj\u0105 szybko\u015b\u0107 i wszechstronno\u015b\u0107. Spr\u0119\u017cynowe szcz\u0119ki otwieraj\u0105 si\u0119 \u0142atwo po naci\u015bni\u0119ciu, umo\u017cliwiaj\u0105c natychmiastowe mocowanie identyfikator\u00f3w, przepustek lub plastikowych portfeli \u2013 nawet tych bez specjalnego otworu.<\/p>\n<h2 data-path-to-node=\"5\">G\u0142\u00f3wne cechy<\/h2>\n<ul data-path-to-node=\"6\">\n<li>\n<p data-path-to-node=\"6,0,0\"><b data-path-to-node=\"6,0,0\" data-index-in-node=\"0\">Wszechstronne mocowanie:<\/b> W przeciwie\u0144stwie do haczyk\u00f3w, kt\u00f3re wymagaj\u0105 otworu o okre\u015blonej \u015brednicy, szcz\u0119ki zaciskowe Bulldog mog\u0105 chwyci\u0107 kraw\u0119d\u017a niemal ka\u017cdego uchwytu na identyfikator, laminatu lub karty.<\/p>\n<\/li>\n<li>\n<p data-path-to-node=\"6,1,0\"><b data-path-to-node=\"6,1,0\" data-index-in-node=\"0\">Stabilno\u015b\u0107 przeciw skr\u0119caniu:<\/b> Szeroka powierzchnia uchwytu sprawia, \u017ce identyfikatory wisz\u0105 prosto i s\u0105 skierowane do przodu, dzi\u0119ki czemu imiona i nazwiska oraz logo s\u0105 zawsze widoczne.<\/p>\n<\/li>\n<li>\n<p data-path-to-node=\"6,2,0\"><b data-path-to-node=\"6,2,0\" data-index-in-node=\"0\">Delikatny dla materia\u0142\u00f3w:<\/b> Mimo \u017ce uchwyt jest mocny, g\u0142adkie metalowe szcz\u0119ki zaprojektowano tak, aby pewnie trzyma\u0107, nie uszkadzaj\u0105c standardowych torebek z PVC.<\/p>\n<\/li>\n<li>\n<p data-path-to-node=\"6,3,0\"><b data-path-to-node=\"6,3,0\" data-index-in-node=\"0\">Pe\u0142ny nadruk sublimacyjny:<\/b> Sam pasek na szyj\u0119 jest zadrukowany od kraw\u0119dzi do kraw\u0119dzi \u017cywymi kolorami, dzi\u0119ki czemu Twoje logo pasuje do wysokiej jako\u015bci u\u017cytkowego klipsa.<\/p>\n<\/li>\n<\/ul>\n<h2 data-path-to-node=\"7\">Specyfikacje<\/h2>\n<ul data-path-to-node=\"8\">\n<li>\n<p data-path-to-node=\"8,0,0\"><b data-path-to-node=\"8,0,0\" data-index-in-node=\"0\">Tworzywo:<\/b> 100% G\u0142adki poliester.<\/p>\n<\/li>\n<li>\n<p data-path-to-node=\"8,1,0\"><b data-path-to-node=\"8,1,0\" data-index-in-node=\"0\">Za\u0142\u0105cznik:<\/b> Klips Bulldog z niklowanego metalu (zacisk do identyfikatora).<\/p>\n<\/li>\n<li>\n<p data-path-to-node=\"8,2,0\"><b data-path-to-node=\"8,2,0\" data-index-in-node=\"0\">Metoda drukowania:<\/b> Pe\u0142nokolorowa sublimacja barwnika.<\/p>\n<\/li>\n<li>\n<p data-path-to-node=\"8,3,0\"><b data-path-to-node=\"8,3,0\" data-index-in-node=\"0\">Szeroko\u015b\u0107 klipsa:<\/b> Standardowa szeroko\u015b\u0107 szcz\u0119k ~10 mm zapewniaj\u0105ca pewne trzymanie.<\/p>\n<\/li>\n<li>\n<p data-path-to-node=\"8,4,0\"><b data-path-to-node=\"8,4,0\" data-index-in-node=\"0\">Dost\u0119pne szeroko\u015bci:<\/b> 15 mm, 20 mm, 25 mm.<\/p>\n<\/li>\n<\/ul>\n<h2 data-path-to-node=\"9\">Przypadki u\u017cycia<\/h2>\n<ul data-path-to-node=\"10\">\n<li>\n<p data-path-to-node=\"10,0,0\"><b data-path-to-node=\"10,0,0\" data-index-in-node=\"0\">Konferencje i targi:<\/b> Najszybszy spos\u00f3b mocowania identyfikator\u00f3w do smyczy podczas rejestracji du\u017cej liczby os\u00f3b.<\/p>\n<\/li>\n<li>\n<p data-path-to-node=\"10,1,0\"><b data-path-to-node=\"10,1,0\" data-index-in-node=\"0\">Przepustki dla zwiedzaj\u0105cych:<\/b> Idealne dla tymczasowych identyfikator\u00f3w, kt\u00f3re trzeba zbiera\u0107 i ponownie wykorzystywa\u0107.<\/p>\n<\/li>\n<li>\n<p data-path-to-node=\"10,2,0\"><b data-path-to-node=\"10,2,0\" data-index-in-node=\"0\">Mundury pracownicze:<\/b> Mo\u017cna go przypi\u0105\u0107 do ko\u0142nierzyka lub kieszeni, je\u015bli nie jest wskazane noszenie smyczy na szyi.<\/p>\n<\/li>\n<\/ul>","protected":false},"excerpt":{"rendered":"<ul>\n<li>\n<p data-path-to-node=\"3,0,0\"><b data-path-to-node=\"3,0,0\" data-index-in-node=\"0\">Akcja w stylu klamerki do bielizny:<\/b> \u0141atwy w otwieraniu mechanizm \u201cBulldog\u201d pewnie mocuje si\u0119 do uchwyt\u00f3w na identyfikatory lub ubrania, bez konieczno\u015bci wycinania otworu.<\/p>\n<\/li>\n<li>\n<p data-path-to-node=\"3,1,0\"><b data-path-to-node=\"3,1,0\" data-index-in-node=\"0\">Stabilny wy\u015bwietlacz:<\/b> Szerokie, p\u0142askie szcz\u0119ki mocno trzymaj\u0105 odznak\u0119, zapobiegaj\u0105c jej przekr\u0119ceniu lub odwr\u00f3ceniu.<\/p>\n<\/li>\n<li>\n<p data-path-to-node=\"3,2,0\"><b data-path-to-node=\"3,2,0\" data-index-in-node=\"0\">Podw\u00f3jne mocowanie:<\/b> Mo\u017cna go przypi\u0105\u0107 do plastikowego woreczka na identyfikator lub bezpo\u015brednio do kieszeni koszuli lub klapy.<\/p>\n<\/li>\n<li>\n<p data-path-to-node=\"3,3,0\"><b data-path-to-node=\"3,3,0\" data-index-in-node=\"0\">Trwa\u0142a konstrukcja metalowa:<\/b> Wykonane ze stali niklowanej, co zapewnia d\u0142ugotrwa\u0142e utrzymanie spr\u0119\u017cyny i wytrzyma\u0142o\u015b\u0107.<\/p>\n<\/li>\n<\/ul>","protected":false},"featured_media":6858,"comment_status":"closed","ping_status":"closed","template":"","meta":[],"product_brand":[],"product_cat":[104],"product_tag":[],"class_list":{"0":"post-6857","1":"product","2":"type-product","3":"status-publish","4":"has-post-thumbnail","6":"product_cat-custom-printed-lanyards","8":"first","9":"instock","10":"shipping-taxable","11":"purchasable","12":"product-type-simple"},"_links":{"self":[{"href":"https:\/\/displayproducts.eu\/pl\/wp-json\/wp\/v2\/product\/6857","targetHints":{"allow":["GET"]}}],"collection":[{"href":"https:\/\/displayproducts.eu\/pl\/wp-json\/wp\/v2\/product"}],"about":[{"href":"https:\/\/displayproducts.eu\/pl\/wp-json\/wp\/v2\/types\/product"}],"replies":[{"embeddable":true,"href":"https:\/\/displayproducts.eu\/pl\/wp-json\/wp\/v2\/comments?post=6857"}],"wp:featuredmedia":[{"embeddable":true,"href":"https:\/\/displayproducts.eu\/pl\/wp-json\/wp\/v2\/media\/6858"}],"wp:attachment":[{"href":"https:\/\/displayproducts.eu\/pl\/wp-json\/wp\/v2\/media?parent=6857"}],"wp:term":[{"taxonomy":"product_brand","embeddable":true,"href":"https:\/\/displayproducts.eu\/pl\/wp-json\/wp\/v2\/product_brand?post=6857"},{"taxonomy":"product_cat","embeddable":true,"href":"https:\/\/displayproducts.eu\/pl\/wp-json\/wp\/v2\/product_cat?post=6857"},{"taxonomy":"product_tag","embeddable":true,"href":"https:\/\/displayproducts.eu\/pl\/wp-json\/wp\/v2\/product_tag?post=6857"}],"curies":[{"name":"wp","href":"https:\/\/api.w.org\/{rel}","templated":true}]}}