{"id":6853,"date":"2026-01-15T15:29:17","date_gmt":"2026-01-15T12:29:17","guid":{"rendered":"https:\/\/wristbandfactory.eu\/?post_type=product&#038;p=6853"},"modified":"2026-04-01T21:52:34","modified_gmt":"2026-04-01T18:52:34","slug":"custom-printed-eco-friendly-yoga-mats-cork-microfiber-coconut","status":"publish","type":"product","link":"https:\/\/displayproducts.eu\/pl\/p\/custom-printed-eco-friendly-yoga-mats-cork-microfiber-coconut\/","title":{"rendered":"Maty do jogi z nadrukiem (korek i mikrofibra)"},"content":{"rendered":"<p data-path-to-node=\"6\">Przekszta\u0142\u0107 swoj\u0105 przestrze\u0144 studyjn\u0105 lub program wellness w firmie dzi\u0119ki naszej ofercie premium <b data-path-to-node=\"6\" data-index-in-node=\"109\">Ekologiczne maty do jogi z nadrukiem na zapytanie ofertowe<\/b>. Zaprojektowane do u\u017cytku profesjonalnego i do sprzeda\u017cy detalicznej, te maty \u0142\u0105cz\u0105 w sobie zr\u00f3wnowa\u017cony rozw\u00f3j z doskona\u0142\u0105 wydajno\u015bci\u0105. W przeciwie\u0144stwie do standardowych mat z PVC, nasza kolekcja wykorzystuje baz\u0119 z naturalnego kauczuku, zapewniaj\u0105c\u0105 niezr\u00f3wnan\u0105 stabilno\u015b\u0107, i oferuje trzy r\u00f3\u017cne materia\u0142y powierzchniowe, dopasowane do indywidualnych potrzeb marki i funkcjonalno\u015bci.<\/p>\n<p data-path-to-node=\"7\">Niezale\u017cnie od tego, czy potrzebujesz powierzchni poch\u0142aniaj\u0105cej pot do gor\u0105cej jogi, czy te\u017c tekstury o wysokiej przyczepno\u015bci do precyzyjnych pozycji, nasze personalizowane maty stanowi\u0105 idealne p\u0142\u00f3tno dla Twojej marki.<\/p>\n<h2 data-path-to-node=\"8\">Opcje materia\u0142owe<\/h2>\n<ul data-path-to-node=\"9\">\n<li>\n<p data-path-to-node=\"9,0,0\"><b data-path-to-node=\"9,0,0\" data-index-in-node=\"0\">Opcja A: Mikrofibra przypominaj\u0105ca zamsz:<\/b> Mi\u0119kka, aksamitna powierzchnia, kt\u00f3ra staje si\u0119 bardziej chwytliwa, gdy si\u0119 pocisz. Idealna do gor\u0105cej jogi i szczeg\u00f3\u0142owych, kolorowych wydruk\u00f3w fotograficznych.<\/p>\n<\/li>\n<li>\n<p data-path-to-node=\"9,1,0\"><b data-path-to-node=\"9,1,0\" data-index-in-node=\"0\">Opcja B: 100% Korek naturalny:<\/b> Antybakteryjne i przyjazne dla \u015brodowiska. Oferuje naturalny, organiczny wygl\u0105d i doskona\u0142\u0105 przyczepno\u015b\u0107 na sucho.<\/p>\n<\/li>\n<li>\n<p data-path-to-node=\"9,2,0\"><b data-path-to-node=\"9,2,0\" data-index-in-node=\"0\">Opcja C: W\u0142\u00f3kno poliuretanowe kokosowe:<\/b> Wyb\u00f3r najwy\u017cszej jako\u015bci. Mieszanka poliuretanu i w\u0142\u00f3kna kokosowego o minimalnej zawarto\u015bci 10% zapewnia doskona\u0142\u0105 przyczepno\u015b\u0107 i wyj\u0105tkow\u0105 tekstur\u0119.<\/p>\n<\/li>\n<\/ul>\n<h2 data-path-to-node=\"10\">Specyfikacje<\/h2>\n<ul data-path-to-node=\"11\">\n<li>\n<p data-path-to-node=\"11,0,0\"><b data-path-to-node=\"11,0,0\" data-index-in-node=\"0\">Materia\u0142 bazowy:<\/b> Kauczuk naturalny (wszystkie modele)<\/p>\n<\/li>\n<li>\n<p data-path-to-node=\"11,1,0\"><b data-path-to-node=\"11,1,0\" data-index-in-node=\"0\">Druk:<\/b> Pe\u0142nokolorowy CMYK (Uwaga: mo\u017ce wyst\u0105pi\u0107 odchylenie odcienia koloru \u00b115% ze wzgl\u0119du na absorpcj\u0119 materia\u0142u)<\/p>\n<\/li>\n<li>\n<p data-path-to-node=\"11,2,0\"><b data-path-to-node=\"11,2,0\" data-index-in-node=\"0\">Minimalne zapytanie ofertowe:<\/b> 12 sztuk (Zam\u00f3w wielokrotno\u015b\u0107 6)<\/p>\n<\/li>\n<li>\n<p data-path-to-node=\"11,3,0\"><b data-path-to-node=\"11,3,0\" data-index-in-node=\"0\">Model 1 (mikrofibra):<\/b> 183 x 68 cm | Grubo\u015b\u0107: 0,15 cm lub 0,4 cm | Waga: ~1,5 kg \u2013 3,0 kg<\/p>\n<\/li>\n<li>\n<p data-path-to-node=\"11,4,0\"><b data-path-to-node=\"11,4,0\" data-index-in-node=\"0\">Model 2 (korek):<\/b> 183 x 61 cm | Grubo\u015b\u0107: 0,2 cm lub 0,4 cm | Waga: ~1,4 kg \u2013 2,8 kg<\/p>\n<\/li>\n<li>\n<p data-path-to-node=\"11,5,0\"><b data-path-to-node=\"11,5,0\" data-index-in-node=\"0\">Model 3 (PU kokosowy):<\/b> 183 x 68 cm | Grubo\u015b\u0107: 0,2 cm lub 0,45 cm | Waga: ~1,5 kg \u2013 3,0 kg | 100% Bez lateksu\/PCW<\/p>\n<\/li>\n<\/ul>\n<h2 data-path-to-node=\"12\">Przypadki u\u017cycia<\/h2>\n<ul data-path-to-node=\"13\">\n<li>\n<p data-path-to-node=\"13,0,0\"><b data-path-to-node=\"13,0,0\" data-index-in-node=\"0\">Studia jogi i si\u0142ownie:<\/b> Sprz\u0119t markowy do zaj\u0119\u0107 lub w sprzeda\u017cy detalicznej cz\u0142onkom.<\/p>\n<\/li>\n<li>\n<p data-path-to-node=\"13,1,0\"><b data-path-to-node=\"13,1,0\" data-index-in-node=\"0\">Dobrostan korporacyjny:<\/b> Prezenty premium dla pracownik\u00f3w promuj\u0105ce zdrowie i r\u00f3wnowag\u0119 mi\u0119dzy \u017cyciem zawodowym a prywatnym.<\/p>\n<\/li>\n<li>\n<p data-path-to-node=\"13,2,0\"><b data-path-to-node=\"13,2,0\" data-index-in-node=\"0\">O\u015brodki wypoczynkowe i spa:<\/b> Ekskluzywne produkty na luksusowe wyjazdy wellness.<\/p>\n<\/li>\n<li>\n<p data-path-to-node=\"13,3,0\"><b data-path-to-node=\"13,3,0\" data-index-in-node=\"0\">Gad\u017cety dla influencer\u00f3w:<\/b> Wysokiej jako\u015bci produkty spersonalizowane dla influencer\u00f3w i trener\u00f3w fitness.<\/p>\n<\/li>\n<\/ul>","protected":false},"excerpt":{"rendered":"<ul>\n<li>\n<p data-path-to-node=\"5,0,0\"><b data-path-to-node=\"5,0,0\" data-index-in-node=\"0\">Materia\u0142y ekologiczne klasy premium:<\/b> Wybierz mi\u0119kk\u0105 mikrofibr\u0119 zamszow\u0105, naturalny antybakteryjny korek lub mieszank\u0119 poliuretanu kokosowego o wysokiej przyczepno\u015bci \u2014 wszystkie z naturaln\u0105 gumow\u0105 podstaw\u0105 antypo\u015blizgow\u0105.<\/p>\n<\/li>\n<li>\n<p data-path-to-node=\"5,1,0\"><b data-path-to-node=\"5,1,0\" data-index-in-node=\"0\">Pe\u0142nokolorowy branding:<\/b> Drukowanie w technologii CMYK od kraw\u0119dzi do kraw\u0119dzi pozwala na tworzenie fotorealistycznych projekt\u00f3w, niestandardowych wzor\u00f3w lub wyrazistych logo firmowych.<\/p>\n<\/li>\n<li>\n<p data-path-to-node=\"5,2,0\"><b data-path-to-node=\"5,2,0\" data-index-in-node=\"0\">Trwa\u0142o\u015b\u0107 komercyjna:<\/b> Solidna konstrukcja zaprojektowana z my\u015bl\u0105 o si\u0142owniach, studiach jogi i jako ekskluzywne prezenty firmowe zwi\u0105zane z wellness.<\/p>\n<\/li>\n<li>\n<p data-path-to-node=\"5,3,0\"><b data-path-to-node=\"5,3,0\" data-index-in-node=\"0\">Stabilno\u015b\u0107 antypo\u015blizgowa:<\/b> Sp\u00f3d wykonany z naturalnej gumy gwarantuje, \u017ce mata pozostanie na swoim miejscu nawet podczas intensywnych \u0107wicze\u0144.<\/p>\n<\/li>\n<\/ul>","protected":false},"featured_media":6854,"comment_status":"closed","ping_status":"closed","template":"","meta":[],"product_brand":[],"product_cat":[118],"product_tag":[],"class_list":{"0":"post-6853","1":"product","2":"type-product","3":"status-publish","4":"has-post-thumbnail","6":"product_cat-sports-fitness","8":"first","9":"instock","10":"shipping-taxable","11":"purchasable","12":"product-type-simple"},"_links":{"self":[{"href":"https:\/\/displayproducts.eu\/pl\/wp-json\/wp\/v2\/product\/6853","targetHints":{"allow":["GET"]}}],"collection":[{"href":"https:\/\/displayproducts.eu\/pl\/wp-json\/wp\/v2\/product"}],"about":[{"href":"https:\/\/displayproducts.eu\/pl\/wp-json\/wp\/v2\/types\/product"}],"replies":[{"embeddable":true,"href":"https:\/\/displayproducts.eu\/pl\/wp-json\/wp\/v2\/comments?post=6853"}],"wp:featuredmedia":[{"embeddable":true,"href":"https:\/\/displayproducts.eu\/pl\/wp-json\/wp\/v2\/media\/6854"}],"wp:attachment":[{"href":"https:\/\/displayproducts.eu\/pl\/wp-json\/wp\/v2\/media?parent=6853"}],"wp:term":[{"taxonomy":"product_brand","embeddable":true,"href":"https:\/\/displayproducts.eu\/pl\/wp-json\/wp\/v2\/product_brand?post=6853"},{"taxonomy":"product_cat","embeddable":true,"href":"https:\/\/displayproducts.eu\/pl\/wp-json\/wp\/v2\/product_cat?post=6853"},{"taxonomy":"product_tag","embeddable":true,"href":"https:\/\/displayproducts.eu\/pl\/wp-json\/wp\/v2\/product_tag?post=6853"}],"curies":[{"name":"wp","href":"https:\/\/api.w.org\/{rel}","templated":true}]}}