{"id":6851,"date":"2026-01-15T15:18:22","date_gmt":"2026-01-15T12:18:22","guid":{"rendered":"https:\/\/wristbandfactory.eu\/?post_type=product&#038;p=6851"},"modified":"2026-04-01T21:52:03","modified_gmt":"2026-04-01T18:52:03","slug":"custom-printed-cotton-tea-towels-250gsm-45x70cm","status":"publish","type":"product","link":"https:\/\/displayproducts.eu\/pl\/p\/custom-printed-cotton-tea-towels-250gsm-45x70cm\/","title":{"rendered":"Bawe\u0142niane \u015bciereczki kuchenne z nadrukiem (250gsm)"},"content":{"rendered":"<p data-path-to-node=\"8\">Zwi\u0119ksz obecno\u015b\u0107 swojej marki w sercu strona g\u0142\u00f3wnau lub w obiekcie hotelarskim dzi\u0119ki naszym <b data-path-to-node=\"8\" data-index-in-node=\"110\">\u015aciereczki kuchenne bawe\u0142niane z nadrukiem na zapytanie ofertowe<\/b>. W przeciwie\u0144stwie do standardowych tekstyli\u00f3w promocyjnych, te r\u0119czniki s\u0105 wykonane z wysokiej jako\u015bci bawe\u0142ny o gramaturze 250 g\/m\u00b2, oferuj\u0105c solidny, luksusowy wygl\u0105d, kt\u00f3ry dobrze odzwierciedla charakter Twojej firmy. Niezale\u017cnie od tego, czy u\u017cywasz ich w ruchliwej, profesjonalnej kuchni, czy jako stylowy upominek firmowy, \u0142\u0105cz\u0105 one codzienn\u0105 u\u017cyteczno\u015b\u0107 z efektywnym eksponowaniem marki.<\/p>\n<p data-path-to-node=\"9\">Te \u015bciereczki kuchenne zosta\u0142y zaprojektowane z my\u015bl\u0105 o klientach B2B, kt\u00f3rzy szukaj\u0105 produkt\u00f3w, kt\u00f3re mo\u017cna wykorzysta\u0107, a nie wyrzuci\u0107. Wyrazisty proces sitodruku pozwala na uzyskanie wyrazistych, wyra\u017anych logotyp\u00f3w lub artystycznych wzor\u00f3w, dzi\u0119ki czemu doskonale nadaj\u0105 si\u0119 do sklep\u00f3w muzealnych, butik\u00f3w i jako upominki na wydarzenia.<\/p>\n<h2 data-path-to-node=\"10\">G\u0142\u00f3wne cechy<\/h2>\n<ul data-path-to-node=\"11\">\n<li>\n<p data-path-to-node=\"11,0,0\"><b data-path-to-node=\"11,0,0\" data-index-in-node=\"0\">Tkanina o wysokiej g\u0119sto\u015bci:<\/b> Ta bawe\u0142na o gramaturze 250 g\/m2 jest grubsza i trwalsza od standardowych r\u0119cznik\u00f3w reklamowych, co gwarantuje d\u0142ug\u0105 \u017cywotno\u015b\u0107.<\/p>\n<\/li>\n<li>\n<p data-path-to-node=\"11,1,0\"><b data-path-to-node=\"11,1,0\" data-index-in-node=\"0\">Wyrazisty sitodruk:<\/b> Mo\u017cemy wydrukowa\u0107 Tw\u00f3j konkretny projekt, wykorzystuj\u0105c do 3 kolor\u00f3w dopasowanych do wzornika Pantone, gwarantuj\u0105c zachowanie to\u017csamo\u015bci Twojej marki.<\/p>\n<\/li>\n<li>\n<p data-path-to-node=\"11,2,0\"><b data-path-to-node=\"11,2,0\" data-index-in-node=\"0\">Rozmiar funkcjonalny:<\/b> Rozmiar 45x70 cm to standard bran\u017cowy w zakresie wyposa\u017cenia kuchni, zapewniaj\u0105cy du\u017c\u0105 powierzchni\u0119 do suszenia i eksponowania.<\/p>\n<\/li>\n<li>\n<p data-path-to-node=\"11,3,0\"><b data-path-to-node=\"11,3,0\" data-index-in-node=\"0\">Mo\u017cna pra\u0107 w pralce:<\/b> Zaprojektowane tak, aby wytrzyma\u0107 regularne pranie, zachowuj\u0105c integralno\u015b\u0107 tkaniny (zaleca si\u0119 pranie w niskiej temperaturze, aby zachowa\u0107 trwa\u0142o\u015b\u0107 nadruku).<\/p>\n<\/li>\n<\/ul>\n<h2 data-path-to-node=\"12\">Specyfikacje<\/h2>\n<ul data-path-to-node=\"13\">\n<li>\n<p data-path-to-node=\"13,0,0\"><b data-path-to-node=\"13,0,0\" data-index-in-node=\"0\">Tworzywo:<\/b> 100% Bawe\u0142na<\/p>\n<\/li>\n<li>\n<p data-path-to-node=\"13,1,0\"><b data-path-to-node=\"13,1,0\" data-index-in-node=\"0\">Waga:<\/b> 250 g\/m2 (gram\u00f3w na metr kwadratowy)<\/p>\n<\/li>\n<li>\n<p data-path-to-node=\"13,2,0\"><b data-path-to-node=\"13,2,0\" data-index-in-node=\"0\">Wymiary:<\/b> 45 cm x 70 cm<\/p>\n<\/li>\n<li>\n<p data-path-to-node=\"13,3,0\"><b data-path-to-node=\"13,3,0\" data-index-in-node=\"0\">Metoda drukowania:<\/b> Sitodruk (do 3 kolor\u00f3w)<\/p>\n<\/li>\n<li>\n<p data-path-to-node=\"13,4,0\"><b data-path-to-node=\"13,4,0\" data-index-in-node=\"0\">P\u0119tla do zawieszania:<\/b> Zintegrowane dla wygody<\/p>\n<\/li>\n<li>\n<p data-path-to-node=\"13,5,0\"><b data-path-to-node=\"13,5,0\" data-index-in-node=\"0\">Odchylenia produkcyjne:<\/b> Zastrzegamy sobie prawo do dostarczenia i wystawienia faktury na ilo\u015b\u0107 +\/- 5% zam\u00f3wionej ilo\u015bci ze wzgl\u0119du na partie produkcyjne.<\/p>\n<\/li>\n<\/ul>\n<h2 data-path-to-node=\"14\">Przypadki u\u017cycia<\/h2>\n<ul data-path-to-node=\"15\">\n<li>\n<p data-path-to-node=\"15,0,0\"><b data-path-to-node=\"15,0,0\" data-index-in-node=\"0\">Branding hotelarski:<\/b> Jednolity dodatek dla kelner\u00f3w, barman\u00f3w i kucharzy w hotelach i restauracjach.<\/p>\n<\/li>\n<li>\n<p data-path-to-node=\"15,1,0\"><b data-path-to-node=\"15,1,0\" data-index-in-node=\"0\">Prezenty firmowe:<\/b> Praktyczny i ekologiczny dodatek do \u015bwi\u0105tecznych koszy prezentowych lub pakiet\u00f3w PR o tematyce strona g\u0142\u00f3wnaowej.<\/p>\n<\/li>\n<li>\n<p data-path-to-node=\"15,2,0\"><b data-path-to-node=\"15,2,0\" data-index-in-node=\"0\">Towary detaliczne:<\/b> Przedmioty odsprzeda\u017cy o wysokiej mar\u017cy dla artyst\u00f3w, sklep\u00f3w z pami\u0105tkami i marek lifestylowych.<\/p>\n<\/li>\n<li>\n<p data-path-to-node=\"15,3,0\"><b data-path-to-node=\"15,3,0\" data-index-in-node=\"0\">Nagrody w ramach wydarzenia:<\/b> niezapomniane materia\u0142y targowe na wydarzenia bran\u017cy spo\u017cywczej i napoj\u00f3w.<\/p>\n<\/li>\n<\/ul>","protected":false},"excerpt":{"rendered":"<ul>\n<li>\n<p data-path-to-node=\"7,0,0\"><b data-path-to-node=\"7,0,0\" data-index-in-node=\"0\">Wysokiej jako\u015bci bawe\u0142na o du\u017cej gramaturze:<\/b> Wykonane z trwa\u0142ej bawe\u0142ny o gramaturze 250 g\/m2, kt\u00f3ra zapewnia doskona\u0142\u0105 ch\u0142onno\u015b\u0107 i wysok\u0105 jako\u015b\u0107.<\/p>\n<\/li>\n<li>\n<p data-path-to-node=\"7,1,0\"><b data-path-to-node=\"7,1,0\" data-index-in-node=\"0\">Du\u017ca powierzchnia brandingowa:<\/b> Du\u017ce wymiary 45x70 cm zapewniaj\u0105 maksymaln\u0105 widoczno\u015b\u0107 Twojego logo lub z w\u0142asnym nadrukiemj grafiki.<\/p>\n<\/li>\n<li>\n<p data-path-to-node=\"7,2,0\"><b data-path-to-node=\"7,2,0\" data-index-in-node=\"0\">Wszechstronna personalizacja:<\/b> Obs\u0142uguje sitodruk w maksymalnie 3 r\u00f3\u017cnych kolorach (w tym bia\u0142ym), co pozwala na uzyskanie wyrazistych i trwa\u0142ych wzor\u00f3w.<\/p>\n<\/li>\n<li>\n<p data-path-to-node=\"7,3,0\"><b data-path-to-node=\"7,3,0\" data-index-in-node=\"0\">Idealne dla bran\u017cy hotelarskiej i handlu detalicznego:<\/b> Doskonale nadaje si\u0119 do restauracji, jako prezent firmowy, do kolekcjonowania towar\u00f3w i promocji wystroju wn\u0119trz.<\/p>\n<\/li>\n<\/ul>","protected":false},"featured_media":6852,"comment_status":"closed","ping_status":"closed","template":"","meta":[],"product_brand":[],"product_cat":[122],"product_tag":[],"class_list":{"0":"post-6851","1":"product","2":"type-product","3":"status-publish","4":"has-post-thumbnail","6":"product_cat-promotional-accessories","8":"first","9":"instock","10":"shipping-taxable","11":"purchasable","12":"product-type-simple"},"_links":{"self":[{"href":"https:\/\/displayproducts.eu\/pl\/wp-json\/wp\/v2\/product\/6851","targetHints":{"allow":["GET"]}}],"collection":[{"href":"https:\/\/displayproducts.eu\/pl\/wp-json\/wp\/v2\/product"}],"about":[{"href":"https:\/\/displayproducts.eu\/pl\/wp-json\/wp\/v2\/types\/product"}],"replies":[{"embeddable":true,"href":"https:\/\/displayproducts.eu\/pl\/wp-json\/wp\/v2\/comments?post=6851"}],"wp:featuredmedia":[{"embeddable":true,"href":"https:\/\/displayproducts.eu\/pl\/wp-json\/wp\/v2\/media\/6852"}],"wp:attachment":[{"href":"https:\/\/displayproducts.eu\/pl\/wp-json\/wp\/v2\/media?parent=6851"}],"wp:term":[{"taxonomy":"product_brand","embeddable":true,"href":"https:\/\/displayproducts.eu\/pl\/wp-json\/wp\/v2\/product_brand?post=6851"},{"taxonomy":"product_cat","embeddable":true,"href":"https:\/\/displayproducts.eu\/pl\/wp-json\/wp\/v2\/product_cat?post=6851"},{"taxonomy":"product_tag","embeddable":true,"href":"https:\/\/displayproducts.eu\/pl\/wp-json\/wp\/v2\/product_tag?post=6851"}],"curies":[{"name":"wp","href":"https:\/\/api.w.org\/{rel}","templated":true}]}}