{"id":6849,"date":"2026-01-15T15:09:32","date_gmt":"2026-01-15T12:09:32","guid":{"rendered":"https:\/\/wristbandfactory.eu\/?post_type=product&#038;p=6849"},"modified":"2026-04-01T21:52:34","modified_gmt":"2026-04-01T18:52:34","slug":"custom-printed-bike-seat-covers-waterproof-reflective-eco-options","status":"publish","type":"product","link":"https:\/\/displayproducts.eu\/pl\/p\/custom-printed-bike-seat-covers-waterproof-reflective-eco-options\/","title":{"rendered":"Pokrowce na siode\u0142ko rowerowe z nadrukiem"},"content":{"rendered":"<p data-path-to-node=\"8\">Chro\u0144 siode\u0142ka rowerowe przed deszczem i brudem, jednocze\u015bnie maksymalizuj\u0105c widoczno\u015b\u0107 swojej marki w \u015brodowisku miejskim. Nasze <b data-path-to-node=\"8\" data-index-in-node=\"133\">Pokrowce na siode\u0142ka rowerowe z nadrukiem na zapytanie ofertowe<\/b> s\u0105 doskona\u0142ym narz\u0119dziem marketingu partyzanckiego, zapewniaj\u0105cym du\u017c\u0105 widoczno\u015b\u0107 na zat\u0142oczonych stojakach na rowery i w centrach miast.<\/p>\n<p data-path-to-node=\"9\">Zamiast ogranicza\u0107 si\u0119 do jednego stylu, oferujemy pe\u0142n\u0105 gam\u0119 materia\u0142\u00f3w dopasowanych do cel\u00f3w kampanii i bud\u017cetu. Niezale\u017cnie od tego, czy potrzebujesz zr\u00f3wnowa\u017conego rozwi\u0105zania z wykorzystaniem plastiku pochodz\u0105cego z recyklingu, czy odblaskowej os\u0142ony zapewniaj\u0105cej bezpiecze\u0144stwo dla os\u00f3b doje\u017cd\u017caj\u0105cych do pracy zim\u0105, produkujemy dok\u0142adnie wed\u0142ug Twoich wymaga\u0144.<\/p>\n<h3 data-path-to-node=\"10\">G\u0142\u00f3wne cechy i opcje materia\u0142owe<\/h3>\n<ul data-path-to-node=\"11\">\n<li>\n<p data-path-to-node=\"11,0,0\"><b data-path-to-node=\"11,0,0\" data-index-in-node=\"0\">Standardowa promocja (poliester 210D):<\/b> Najpopularniejszy wyb\u00f3r do dystrybucji masowej. Lekki, wodoodporny i ekonomiczny.<\/p>\n<\/li>\n<li>\n<p data-path-to-node=\"11,1,0\"><b data-path-to-node=\"11,1,0\" data-index-in-node=\"0\">Ekologiczne (RPET z recyklingu):<\/b> Wykonane z recyklingowanych plastikowych butelek. Idealne do ekologicznych kampanii. Dost\u0119pne z bia\u0142\u0105 podstaw\u0105 lub dopasowane do PMS.<\/p>\n<\/li>\n<li>\n<p data-path-to-node=\"11,2,0\"><b data-path-to-node=\"11,2,0\" data-index-in-node=\"0\">Bezpiecze\u0144stwo przede wszystkim (odblaskowe):<\/b> Posiada odblaskowe panele boczne, kt\u00f3re zapewniaj\u0105 widoczno\u015b\u0107 rowerzyst\u00f3w w nocy. Funkcjonalny prezent zapewniaj\u0105cy bezpiecze\u0144stwo, kt\u00f3ry doceni\u0105 obdarowani.<\/p>\n<\/li>\n<li>\n<p data-path-to-node=\"11,3,0\"><b data-path-to-node=\"11,3,0\" data-index-in-node=\"0\">Maksymalna trwa\u0142o\u015b\u0107 (laminowanie PVC):<\/b> Tkanina 210T z wodoodporn\u0105 warstw\u0105 laminowan\u0105 PVC. Wytrzyma\u0142y wyb\u00f3r na ekstremalne warunki pogodowe.<\/p>\n<\/li>\n<\/ul>\n<h3 data-path-to-node=\"12\">Personalizacja i branding<\/h3>\n<ul data-path-to-node=\"13\">\n<li>\n<p data-path-to-node=\"13,0,0\"><b data-path-to-node=\"13,0,0\" data-index-in-node=\"0\">Pe\u0142ne dopasowanie kolor\u00f3w:<\/b> Mo\u017cemy przybli\u017cy\u0107 standardowe kolory materia\u0142\u00f3w do odcienia Pantone (PMS) u\u017cywanego w Twojej firmie.<\/p>\n<\/li>\n<li>\n<p data-path-to-node=\"13,1,0\"><b data-path-to-node=\"13,1,0\" data-index-in-node=\"0\">Umieszczenie logo:<\/b> Du\u017ca powierzchnia nadruku na g\u00f3rnej powierzchni oraz mo\u017cliwo\u015b\u0107 nadruku bocznego (z wyj\u0105tkiem modeli odblaskowych) zapewniaj\u0105 widoczno\u015b\u0107 360 stopni.<\/p>\n<\/li>\n<li>\n<p data-path-to-node=\"13,2,0\"><b data-path-to-node=\"13,2,0\" data-index-in-node=\"0\">Style przywi\u0105zania:<\/b> Wybierz standardow\u0105 czarno-bia\u0142\u0105 gumk\u0119 lub zamie\u0144 j\u0105 na eleganck\u0105 \u201cniewidoczn\u0105\u201d gumk\u0119, aby uzyska\u0107 schludny wygl\u0105d.<\/p>\n<\/li>\n<\/ul>\n<h3 data-path-to-node=\"14\">Specyfikacje<\/h3>\n<ul data-path-to-node=\"15\">\n<li>\n<p data-path-to-node=\"15,0,0\"><b data-path-to-node=\"15,0,0\" data-index-in-node=\"0\">Wymiary:<\/b> Ok. 24 x 26 cm (pasuje do wi\u0119kszo\u015bci standardowych siode\u0142).<\/p>\n<\/li>\n<li>\n<p data-path-to-node=\"15,1,0\"><b data-path-to-node=\"15,1,0\" data-index-in-node=\"0\">Waga materia\u0142\u00f3w:<\/b> 210D (standard), 210T (wersja PVC), opcje RPET.<\/p>\n<\/li>\n<li>\n<p data-path-to-node=\"15,2,0\"><b data-path-to-node=\"15,2,0\" data-index-in-node=\"0\">Odporno\u015b\u0107 na wod\u0119:<\/b> Pow\u0142oki hydrofobowe na poliestrze\/RPET; Laminowana hydroizolacja na modelach z PVC.<\/p>\n<\/li>\n<li>\n<p data-path-to-node=\"15,3,0\"><b data-path-to-node=\"15,3,0\" data-index-in-node=\"0\">Minimalna ilo\u015b\u0107 zam\u00f3wienia:<\/b> 250 szt.<\/p>\n<\/li>\n<\/ul>","protected":false},"excerpt":{"rendered":"<ul>\n<li>\n<p data-path-to-node=\"7,0,0\"><b data-path-to-node=\"7,0,0\" data-index-in-node=\"0\">Widoczno\u015b\u0107 o du\u017cym wp\u0142ywie:<\/b> Zamie\u0144 ka\u017cdy rower w mobiln\u0105 tablic\u0119 reklamow\u0105 dzi\u0119ki pe\u0142nopowierzchniowemu nadrukowi.<\/p>\n<\/li>\n<li>\n<p data-path-to-node=\"7,1,0\"><b data-path-to-node=\"7,1,0\" data-index-in-node=\"0\">Wszechstronny wyb\u00f3r materia\u0142\u00f3w:<\/b> Dost\u0119pne w standardowym poliestrze 210D, ekologicznym RPET, odblaskowym materiale o wysokiej widoczno\u015bci lub wytrzyma\u0142ym PVC.<\/p>\n<\/li>\n<li>\n<p data-path-to-node=\"7,2,0\"><b data-path-to-node=\"7,2,0\" data-index-in-node=\"0\">Uniwersalne dopasowanie:<\/b> Standardowy rozmiar 24\u00d726 cm z elastyczn\u0105 gumk\u0105, pasuje do wi\u0119kszo\u015bci siode\u0142ek rower\u00f3w miejskich i sportowych.<\/p>\n<\/li>\n<li>\n<p data-path-to-node=\"7,3,0\"><b data-path-to-node=\"7,3,0\" data-index-in-node=\"0\">Idealne dla marketingu partyzanckiego:<\/b> Doskonale nadaje si\u0119 do kampanii uniwersyteckich, wydarze\u0144 miejskich, sklep\u00f3w rowerowych i promocji \u015bwiastrona g\u0142\u00f3wnao\u015bci ekologicznej.<\/p>\n<\/li>\n<\/ul>","protected":false},"featured_media":6850,"comment_status":"closed","ping_status":"closed","template":"","meta":[],"product_brand":[],"product_cat":[129,118],"product_tag":[],"class_list":{"0":"post-6849","1":"product","2":"type-product","3":"status-publish","4":"has-post-thumbnail","6":"product_cat-leisure-lifestyle","7":"product_cat-sports-fitness","9":"first","10":"instock","11":"shipping-taxable","12":"product-type-simple"},"_links":{"self":[{"href":"https:\/\/displayproducts.eu\/pl\/wp-json\/wp\/v2\/product\/6849","targetHints":{"allow":["GET"]}}],"collection":[{"href":"https:\/\/displayproducts.eu\/pl\/wp-json\/wp\/v2\/product"}],"about":[{"href":"https:\/\/displayproducts.eu\/pl\/wp-json\/wp\/v2\/types\/product"}],"replies":[{"embeddable":true,"href":"https:\/\/displayproducts.eu\/pl\/wp-json\/wp\/v2\/comments?post=6849"}],"wp:featuredmedia":[{"embeddable":true,"href":"https:\/\/displayproducts.eu\/pl\/wp-json\/wp\/v2\/media\/6850"}],"wp:attachment":[{"href":"https:\/\/displayproducts.eu\/pl\/wp-json\/wp\/v2\/media?parent=6849"}],"wp:term":[{"taxonomy":"product_brand","embeddable":true,"href":"https:\/\/displayproducts.eu\/pl\/wp-json\/wp\/v2\/product_brand?post=6849"},{"taxonomy":"product_cat","embeddable":true,"href":"https:\/\/displayproducts.eu\/pl\/wp-json\/wp\/v2\/product_cat?post=6849"},{"taxonomy":"product_tag","embeddable":true,"href":"https:\/\/displayproducts.eu\/pl\/wp-json\/wp\/v2\/product_tag?post=6849"}],"curies":[{"name":"wp","href":"https:\/\/api.w.org\/{rel}","templated":true}]}}