{"id":6846,"date":"2026-01-15T13:19:07","date_gmt":"2026-01-15T10:19:07","guid":{"rendered":"https:\/\/wristbandfactory.eu\/?post_type=product&#038;p=6846"},"modified":"2026-04-01T21:52:34","modified_gmt":"2026-04-01T18:52:34","slug":"custom-printed-polyester-ski-bibs-race-vests","status":"publish","type":"product","link":"https:\/\/displayproducts.eu\/pl\/p\/custom-printed-polyester-ski-bibs-race-vests\/","title":{"rendered":"Plastrony narciarskie i numery startowe z nadrukiem"},"content":{"rendered":"<p data-path-to-node=\"9\">Podnie\u015b profesjonalny wygl\u0105d swojego zimowego wydarzenia sportowego, maratonu lub szko\u0142y narciarskiej dzi\u0119ki naszym spersonalizowanym, poliestrowym szelkom narciarskim z nadrukiem. Zaprojektowane specjalnie do aktywnego u\u017cytkowania, te kamizelki startowe stanowi\u0105 g\u0142\u00f3wny identyfikator zawodnik\u00f3w, a jednocze\u015bnie zapewniaj\u0105 doskona\u0142\u0105 widoczno\u015b\u0107 sponsor\u00f3w.<\/p>\n<p data-path-to-node=\"10\">W przeciwie\u0144stwie do standardowych naklejek czy numer\u00f3w papierowych, kt\u00f3re mog\u0105 si\u0119 rozerwa\u0107 lub odklei\u0107 w mokrych warunkach, nasze poliestrowe numery startowe s\u0105 odporne na \u015bnieg, wiatr i ruch. Rozmiar 33 x 50 cm jest uniwersalny, odpowiedni dla doros\u0142ych i m\u0142odzie\u017cy, z \u0142atwo\u015bci\u0105 nak\u0142adaj\u0105c si\u0119 na obszerne zimowe ubrania lub lekk\u0105 odzie\u017c sportow\u0105.<\/p>\n<p data-path-to-node=\"11\"><b data-path-to-node=\"11\" data-index-in-node=\"0\">G\u0142\u00f3wne cechy<\/b><\/p>\n<ul data-path-to-node=\"12\">\n<li>\n<p data-path-to-node=\"12,0,0\"><b data-path-to-node=\"12,0,0\" data-index-in-node=\"0\">Numerowanie sekwencyjne:<\/b> Upro\u015b\u0107 organizacj\u0119 wy\u015bcigu. Oferujemy druk zmiennych danych (VDP), dzi\u0119ki czemu ka\u017cdy numer startowy mo\u017ce mie\u0107 unikalny numer startowy, imi\u0119 i nazwisko uczestnika lub kod QR zintegrowany bezpo\u015brednio z projektem.<\/p>\n<\/li>\n<li>\n<p data-path-to-node=\"12,1,0\"><b data-path-to-node=\"12,1,0\" data-index-in-node=\"0\">Branding o wysokiej widoczno\u015bci:<\/b> Dzi\u0119ki zaawansowanej technologii druku sublimacyjnego, logo i grafika sponsora staj\u0105 si\u0119 integraln\u0105 cz\u0119\u015bci\u0105 tkaniny. Dzi\u0119ki temu kolory pozostaj\u0105 \u017cywe i nie p\u0119kaj\u0105 ani nie \u0142uszcz\u0105 si\u0119, nawet w ujemnych temperaturach.<\/p>\n<\/li>\n<li>\n<p data-path-to-node=\"12,2,0\"><b data-path-to-node=\"12,2,0\" data-index-in-node=\"0\">Komfort i mobilno\u015b\u0107:<\/b> Otwarta boczna konstrukcja z elastycznymi ta\u015bmami \u0142\u0105cz\u0105cymi zapewnia narciarzom i biegaczom swobod\u0119 ruch\u00f3w, jednocze\u015bnie utrzymuj\u0105c szelki bezpiecznie na miejscu.<\/p>\n<\/li>\n<li>\n<p data-path-to-node=\"12,3,0\"><b data-path-to-node=\"12,3,0\" data-index-in-node=\"0\">Wielokrotnego u\u017cytku i nadaj\u0105ce si\u0119 do prania:<\/b> Wykonane z poliestru 100% kamizelki mo\u017cna zbiera\u0107, pra\u0107 i ponownie wykorzystywa\u0107 podczas wydarze\u0144 kilkudniowych lub powtarzaj\u0105cych si\u0119 sezon\u00f3w, co zapewnia doskona\u0142y zwrot z inwestycji.<\/p>\n<\/li>\n<\/ul>\n<p data-path-to-node=\"13\"><b data-path-to-node=\"13\" data-index-in-node=\"0\">Specyfikacje<\/b><\/p>\n<ul data-path-to-node=\"14\">\n<li>\n<p data-path-to-node=\"14,0,0\"><b data-path-to-node=\"14,0,0\" data-index-in-node=\"0\">Tworzywo:<\/b> 100% Wytrzyma\u0142y poliester<\/p>\n<\/li>\n<li>\n<p data-path-to-node=\"14,1,0\"><b data-path-to-node=\"14,1,0\" data-index-in-node=\"0\">Wymiary:<\/b> 33 cm (szeroko\u015b\u0107) x 50 cm (wysoko\u015b\u0107)<\/p>\n<\/li>\n<li>\n<p data-path-to-node=\"14,2,0\"><b data-path-to-node=\"14,2,0\" data-index-in-node=\"0\">Zapi\u0119cie:<\/b> Elastyczne paski boczne zapewniaj\u0105ce elastyczne dopasowanie<\/p>\n<\/li>\n<li>\n<p data-path-to-node=\"14,3,0\"><b data-path-to-node=\"14,3,0\" data-index-in-node=\"0\">Metoda drukowania:<\/b> Pe\u0142nokolorowa sublimacja barwnika lub termotransfer<\/p>\n<\/li>\n<li>\n<p data-path-to-node=\"14,4,0\"><b data-path-to-node=\"14,4,0\" data-index-in-node=\"0\">Personalizacja:<\/b> Loga, t\u0142a, numery indywidualne (001-999+)<\/p>\n<\/li>\n<\/ul>\n<p data-path-to-node=\"15\"><b data-path-to-node=\"15\" data-index-in-node=\"0\">Przypadki u\u017cycia<\/b><\/p>\n<ul data-path-to-node=\"16\">\n<li>\n<p data-path-to-node=\"16,0,0\"><b data-path-to-node=\"16,0,0\" data-index-in-node=\"0\">Szko\u0142y narciarskie i snowboardowe:<\/b> Wyra\u017anie identyfikuj instruktor\u00f3w i kursant\u00f3w na stoku.<\/p>\n<\/li>\n<li>\n<p data-path-to-node=\"16,1,0\"><b data-path-to-node=\"16,1,0\" data-index-in-node=\"0\">Wy\u015bcigi konkurencyjne:<\/b> Niezb\u0119dny w biathlonach, maratonach i triatlonach, gdzie wymagany jest odr\u0119bny numer zawodnika.<\/p>\n<\/li>\n<li>\n<p data-path-to-node=\"16,2,0\"><b data-path-to-node=\"16,2,0\" data-index-in-node=\"0\">Wydarzenia korporacyjne:<\/b> \u0106wiczenia team building i dni sportu firmowego.<\/p>\n<\/li>\n<li>\n<p data-path-to-node=\"16,3,0\"><b data-path-to-node=\"16,3,0\" data-index-in-node=\"0\">Personel wydarzenia:<\/b> Dobrze widoczna identyfikacja dla s\u0142u\u017cb porz\u0105dkowych, ochrony i zespo\u0142\u00f3w medycznych.<\/p>\n<\/li>\n<\/ul>\n<p data-path-to-node=\"17\">","protected":false},"excerpt":{"rendered":"<ul data-path-to-node=\"8\">\n<li>\n<p data-path-to-node=\"8,0,0\"><b data-path-to-node=\"8,0,0\" data-index-in-node=\"0\">Uniwersalne dopasowanie:<\/b> Wymiary 33x50 cm z elastycznymi paskami po bokach, zaprojektowane tak, aby wygodnie pasowa\u0142y na kurtki narciarskie lub odzie\u017c sportow\u0105.<\/p>\n<\/li>\n<li>\n<p data-path-to-node=\"8,1,0\"><b data-path-to-node=\"8,1,0\" data-index-in-node=\"0\">Drukowanie zmiennych danych:<\/b> Na ka\u017cdym numerze mo\u017cemy umie\u015bci\u0107 unikalny numer sekwencyjny lub imi\u0119 i nazwisko, a tak\u017ce logo Twojego wydarzenia.<\/p>\n<\/li>\n<li>\n<p data-path-to-node=\"8,2,0\"><b data-path-to-node=\"8,2,0\" data-index-in-node=\"0\">Wytrzyma\u0142y poliester:<\/b> Lekki, odporny na warunki atmosferyczne materia\u0142, idealny do sport\u00f3w zimowych i zawod\u00f3w na \u015bwie\u017cym powietrzu.<\/p>\n<\/li>\n<li>\n<p data-path-to-node=\"8,3,0\"><b data-path-to-node=\"8,3,0\" data-index-in-node=\"0\">Pe\u0142na personalizacja:<\/b> Mo\u017cliwo\u015b\u0107 druku sublimacyjnego od kraw\u0119dzi do kraw\u0119dzi, pozwalaj\u0105ca na uzyskanie wyrazistych i trwa\u0142ych logo firmowych.<\/p>\n<\/li>\n<\/ul>","protected":false},"featured_media":6847,"comment_status":"closed","ping_status":"closed","template":"","meta":[],"product_brand":[],"product_cat":[68,118],"product_tag":[],"class_list":{"0":"post-6846","1":"product","2":"type-product","3":"status-publish","4":"has-post-thumbnail","6":"product_cat-event-supplies","7":"product_cat-sports-fitness","9":"first","10":"instock","11":"shipping-taxable","12":"purchasable","13":"product-type-simple"},"_links":{"self":[{"href":"https:\/\/displayproducts.eu\/pl\/wp-json\/wp\/v2\/product\/6846","targetHints":{"allow":["GET"]}}],"collection":[{"href":"https:\/\/displayproducts.eu\/pl\/wp-json\/wp\/v2\/product"}],"about":[{"href":"https:\/\/displayproducts.eu\/pl\/wp-json\/wp\/v2\/types\/product"}],"replies":[{"embeddable":true,"href":"https:\/\/displayproducts.eu\/pl\/wp-json\/wp\/v2\/comments?post=6846"}],"wp:featuredmedia":[{"embeddable":true,"href":"https:\/\/displayproducts.eu\/pl\/wp-json\/wp\/v2\/media\/6847"}],"wp:attachment":[{"href":"https:\/\/displayproducts.eu\/pl\/wp-json\/wp\/v2\/media?parent=6846"}],"wp:term":[{"taxonomy":"product_brand","embeddable":true,"href":"https:\/\/displayproducts.eu\/pl\/wp-json\/wp\/v2\/product_brand?post=6846"},{"taxonomy":"product_cat","embeddable":true,"href":"https:\/\/displayproducts.eu\/pl\/wp-json\/wp\/v2\/product_cat?post=6846"},{"taxonomy":"product_tag","embeddable":true,"href":"https:\/\/displayproducts.eu\/pl\/wp-json\/wp\/v2\/product_tag?post=6846"}],"curies":[{"name":"wp","href":"https:\/\/api.w.org\/{rel}","templated":true}]}}