{"id":6842,"date":"2026-01-13T11:51:23","date_gmt":"2026-01-13T08:51:23","guid":{"rendered":"https:\/\/wristbandfactory.eu\/?post_type=product&#038;p=6842"},"modified":"2026-04-01T21:52:03","modified_gmt":"2026-04-01T18:52:03","slug":"numbered-fabric-wristbands","status":"publish","type":"product","link":"https:\/\/displayproducts.eu\/pl\/p\/numbered-fabric-wristbands\/","title":{"rendered":"Numerowane opaski materia\u0142owe"},"content":{"rendered":"<p data-path-to-node=\"10\">Przejmij kontrol\u0119 nad bezpiecze\u0144stwem i logistyk\u0105 swojego wydarzenia dzi\u0119ki naszym spersonalizowanym opaskom materia\u0142owym z numeracj\u0105 sekwencyjn\u0105. Standardowe opaski z logo marki zapewniaj\u0105 identyfikacj\u0119 wizualn\u0105, natomiast opaski numerowane stanowi\u0105 istotn\u0105 warstw\u0119 u\u017cyteczno\u015bci dla profesjonalnych organizator\u00f3w wydarze\u0144. Niezale\u017cnie od tego, czy zarz\u0105dzasz festiwalem, konferencj\u0105 firmow\u0105, czy obiektem o ograniczonym dost\u0119pie, unikalny identyfikator na ka\u017cdym nadgarstku usprawni Twoje dzia\u0142ania.<\/p>\n<p data-path-to-node=\"11\">Te opaski s\u0105 niezb\u0119dne podczas wydarze\u0144 wymagaj\u0105cych \u015bcis\u0142ych limit\u00f3w pojemno\u015bci lub \u015bledzenia unikalnych danych go\u015bci. Numeracja mo\u017ce by\u0107 nadrukowana bezpo\u015brednio na materiale lub wytrawiona laserowo na suwaku, zapewniaj\u0105c czytelno\u015b\u0107 przez ca\u0142y czas trwania wydarzenia. Ta funkcja skutecznie przekszta\u0142ca standardowe akcesorium w funkcjonalne narz\u0119dzie do zarz\u0105dzania t\u0142umem i uzgadniania danych.<\/p>\n<h2 data-path-to-node=\"12\">G\u0142\u00f3wne cechy<\/h2>\n<ul data-path-to-node=\"13\">\n<li>\n<p data-path-to-node=\"13,0,0\"><b data-path-to-node=\"13,0,0\" data-index-in-node=\"0\">Opcje numerowania sekwencyjnego:<\/b> Wybierz pomi\u0119dzy nadrukowanymi numerami na powierzchni opaski lub grawerunkiem laserowym na plastikowym\/metalowym zapi\u0119ciu.<\/p>\n<\/li>\n<li>\n<p data-path-to-node=\"13,1,0\"><b data-path-to-node=\"13,1,0\" data-index-in-node=\"0\">Branding w wysokiej rozdzielczo\u015bci:<\/b> Dost\u0119pne w wersji wykonanej metod\u0105 sublimacji (fotorealistyczne wyko\u0144czenie) oraz tkanej (klasyczny wygl\u0105d festiwalowy).<\/p>\n<\/li>\n<li>\n<p data-path-to-node=\"13,2,0\"><b data-path-to-node=\"13,2,0\" data-index-in-node=\"0\">Trwa\u0142e materia\u0142y:<\/b> Wykonane z wysokiej jako\u015bci poliestru, kt\u00f3ry zapewnia wygod\u0119 podczas wielodniowego noszenia, jest odporny na wod\u0119 i rozdarcia.<\/p>\n<\/li>\n<li>\n<p data-path-to-node=\"13,3,0\"><b data-path-to-node=\"13,3,0\" data-index-in-node=\"0\">Seria niestandardowa:<\/b> Mo\u017cemy dostosowa\u0107 konkretne zakresy numer\u00f3w (np. 0001\u20131000) lub kody alfanumeryczne do Twojego systemu biletowego.<\/p>\n<\/li>\n<\/ul>\n<h2 data-path-to-node=\"14\">Specyfikacje<\/h2>\n<ul data-path-to-node=\"15\">\n<li>\n<p data-path-to-node=\"15,0,0\"><b data-path-to-node=\"15,0,0\" data-index-in-node=\"0\">Tworzywo:<\/b> 100% Poliester (wyko\u0144czenie satynowe lub tkane).<\/p>\n<\/li>\n<li>\n<p data-path-to-node=\"15,1,0\"><b data-path-to-node=\"15,1,0\" data-index-in-node=\"0\">Rozmiar standardowy:<\/b> 15 mm x 350 mm lub 20 mm x 350 mm (jeden rozmiar pasuje do wszystkich).<\/p>\n<\/li>\n<li>\n<p data-path-to-node=\"15,2,0\"><b data-path-to-node=\"15,2,0\" data-index-in-node=\"0\">Technika numeracji:<\/b> Wtrysk tuszu lub trawienie laserowe.<\/p>\n<\/li>\n<li>\n<p data-path-to-node=\"15,3,0\"><b data-path-to-node=\"15,3,0\" data-index-in-node=\"0\">Opcje blokady:<\/b> Jednorazowa plastikowa blokada suwakowa (bezpieczna) lub koralik wielokrotnego u\u017cytku (promocyjny).<\/p>\n<\/li>\n<li>\n<p data-path-to-node=\"15,4,0\"><b data-path-to-node=\"15,4,0\" data-index-in-node=\"0\">Minimalne zapytanie ofertowe:<\/b> 100 jednostek.<\/p>\n<\/li>\n<\/ul>\n<h2 data-path-to-node=\"16\">Przypadki u\u017cycia<\/h2>\n<ul data-path-to-node=\"17\">\n<li>\n<p data-path-to-node=\"17,0,0\"><b data-path-to-node=\"17,0,0\" data-index-in-node=\"0\">Festiwale i koncerty:<\/b> \u015aled\u017a dzienn\u0105 frekwencj\u0119 i dopasowuj opaski do liczby sprzedanych bilet\u00f3w.<\/p>\n<\/li>\n<li>\n<p data-path-to-node=\"17,1,0\"><b data-path-to-node=\"17,1,0\" data-index-in-node=\"0\">Szatnia i baga\u017c:<\/b> U\u017cyj numeru opaski jako bezpiecznego potwierdzenia odbioru baga\u017cu rejestrowanego.<\/p>\n<\/li>\n<li>\n<p data-path-to-node=\"17,2,0\"><b data-path-to-node=\"17,2,0\" data-index-in-node=\"0\">Losowania i konkursy:<\/b> U\u017cyj unikalnego identyfikatora, aby wzi\u0105\u0107 udzia\u0142 w losowaniu nagr\u00f3d bezpo\u015brednio ze sceny.<\/p>\n<\/li>\n<li>\n<p data-path-to-node=\"17,3,0\"><b data-path-to-node=\"17,3,0\" data-index-in-node=\"0\">Kontrola dost\u0119pu VIP:<\/b> Zweryfikuj konkretnych go\u015bci na g\u0142\u00f3wnej li\u015bcie go\u015bci, u\u017cywaj\u0105c ich unikalnych numer\u00f3w.<\/p>\n<\/li>\n<\/ul>","protected":false},"excerpt":{"rendered":"<ul>\n<li>\n<p data-path-to-node=\"8,0,0\"><b data-path-to-node=\"8,0,0\" data-index-in-node=\"0\">Zwi\u0119kszone bezpiecze\u0144stwo i \u015bledzenie:<\/b> Unikalna numeracja sekwencyjna pozwala na precyzyjne monitorowanie liczby go\u015bci i \u0142atw\u0105 identyfikacj\u0119 go\u015bci.<\/p>\n<\/li>\n<li>\n<p data-path-to-node=\"8,1,0\"><b data-path-to-node=\"8,1,0\" data-index-in-node=\"0\">Dopasowywanie bilet\u00f3w:<\/b> Doskonale nadaje si\u0119 do \u0142\u0105czenia konkretnych opasek z numerami bilet\u00f3w, przedmiotami do szatni lub loteriami VIP.<\/p>\n<\/li>\n<li>\n<p data-path-to-node=\"8,2,0\"><b data-path-to-node=\"8,2,0\" data-index-in-node=\"0\">Personalizacja premium:<\/b> Pe\u0142nokolorowy nadruk sublimacyjny lub wzory tkane w po\u0142\u0105czeniu z wyra\u017anie widoczn\u0105, trwa\u0142\u0105 numeracj\u0105.<\/p>\n<\/li>\n<li>\n<p data-path-to-node=\"8,3,0\"><b data-path-to-node=\"8,3,0\" data-index-in-node=\"0\">Blokada zabezpieczaj\u0105ca przed manipulacj\u0105:<\/b> Wyposa\u017cone w bezpieczne zamki przesuwne, zapobiegaj\u0105ce nieautoryzowanemu przenoszeniu lub ponownemu u\u017cyciu podczas wydarze\u0144 trwaj\u0105cych kilka dni.<\/p>\n<\/li>\n<\/ul>","protected":false},"featured_media":6844,"comment_status":"closed","ping_status":"closed","template":"","meta":[],"product_brand":[],"product_cat":[47],"product_tag":[],"class_list":{"0":"post-6842","1":"product","2":"type-product","3":"status-publish","4":"has-post-thumbnail","6":"product_cat-fabric-wristbands","8":"first","9":"instock","10":"shipping-taxable","11":"purchasable","12":"product-type-simple"},"_links":{"self":[{"href":"https:\/\/displayproducts.eu\/pl\/wp-json\/wp\/v2\/product\/6842","targetHints":{"allow":["GET"]}}],"collection":[{"href":"https:\/\/displayproducts.eu\/pl\/wp-json\/wp\/v2\/product"}],"about":[{"href":"https:\/\/displayproducts.eu\/pl\/wp-json\/wp\/v2\/types\/product"}],"replies":[{"embeddable":true,"href":"https:\/\/displayproducts.eu\/pl\/wp-json\/wp\/v2\/comments?post=6842"}],"wp:featuredmedia":[{"embeddable":true,"href":"https:\/\/displayproducts.eu\/pl\/wp-json\/wp\/v2\/media\/6844"}],"wp:attachment":[{"href":"https:\/\/displayproducts.eu\/pl\/wp-json\/wp\/v2\/media?parent=6842"}],"wp:term":[{"taxonomy":"product_brand","embeddable":true,"href":"https:\/\/displayproducts.eu\/pl\/wp-json\/wp\/v2\/product_brand?post=6842"},{"taxonomy":"product_cat","embeddable":true,"href":"https:\/\/displayproducts.eu\/pl\/wp-json\/wp\/v2\/product_cat?post=6842"},{"taxonomy":"product_tag","embeddable":true,"href":"https:\/\/displayproducts.eu\/pl\/wp-json\/wp\/v2\/product_tag?post=6842"}],"curies":[{"name":"wp","href":"https:\/\/api.w.org\/{rel}","templated":true}]}}