{"id":6841,"date":"2026-01-13T11:36:59","date_gmt":"2026-01-13T08:36:59","guid":{"rendered":"https:\/\/wristbandfactory.eu\/?post_type=product&#038;p=6841"},"modified":"2026-04-01T21:52:34","modified_gmt":"2026-04-01T18:52:34","slug":"custom-hard-pvc-tags-for-wristbands-qr-barcode-rfid-ready","status":"publish","type":"product","link":"https:\/\/displayproducts.eu\/pl\/p\/custom-hard-pvc-tags-for-wristbands-qr-barcode-rfid-ready\/","title":{"rendered":"Twarde zawieszki PVC do opasek materia\u0142owych"},"content":{"rendered":"<p data-path-to-node=\"10\">Zmie\u0144 standardowe opaski eventowe w inteligentne narz\u0119dzia kontroli dost\u0119pu dzi\u0119ki naszym niestandardowym, twardym zawieszkom z PVC. Te sztywne zawieszki s\u0105 zaprojektowane do bezpo\u015bredniego nawlekania na opaski materia\u0142owe, zapewniaj\u0105c p\u0142ask\u0105, trwa\u0142\u0105 powierzchni\u0119 zoptymalizowan\u0105 pod k\u0105tem skanowania danych. W przeciwie\u0144stwie do mi\u0119kkich powierzchni materia\u0142owych, na kt\u00f3rych kody QR mog\u0105 si\u0119 odkszta\u0142ca\u0107, zawieszki z twardego PVC gwarantuj\u0105 skanowalno\u015b\u0107 100% w przypadku p\u0142atno\u015bci bezgot\u00f3wkowych, bilet\u00f3w i integracji z mediami spo\u0142eczno\u015bciowymi.<\/p>\n<h3 data-path-to-node=\"11\">G\u0142\u00f3wne cechy<\/h3>\n<ul data-path-to-node=\"12\">\n<li>\n<p data-path-to-node=\"12,0,0\"><b data-path-to-node=\"12,0,0\" data-index-in-node=\"0\">Drukowanie zmiennych danych:<\/b> Na ka\u017cdym znaczniku mo\u017cemy umie\u015bci\u0107 unikalny kod QR, kod kreskowy lub kolejny numer seryjny, co umo\u017cliwia indywidualne \u015bledzenie go\u015bci i bezpieczn\u0105 kontrol\u0119 dost\u0119pu.<\/p>\n<\/li>\n<li>\n<p data-path-to-node=\"12,1,0\"><b data-path-to-node=\"12,1,0\" data-index-in-node=\"0\">Budownictwo Premium:<\/b> Wykonane z wysokiej jako\u015bci twardego PVC znaczniki te s\u0105 odporne na zginanie, dzia\u0142anie wody i promieniowanie UV, co czyni je lepszymi od laminowanych papierowych odpowiednik\u00f3w.<\/p>\n<\/li>\n<li>\n<p data-path-to-node=\"12,2,0\"><b data-path-to-node=\"12,2,0\" data-index-in-node=\"0\">\u017bywy branding:<\/b> G\u0142adka, bia\u0142a powierzchnia stanowi idealne p\u0142\u00f3tno dla wyra\u017anych, kolorowych logotyp\u00f3w i oznacze\u0144 sponsor\u00f3w, kt\u00f3re wyr\u00f3\u017cniaj\u0105 si\u0119 na tle materia\u0142owego paska.<\/p>\n<\/li>\n<li>\n<p data-path-to-node=\"12,3,0\"><b data-path-to-node=\"12,3,0\" data-index-in-node=\"0\">Mo\u017cliwo\u015b\u0107 obs\u0142ugi RFID\/NFC:<\/b> Dost\u0119pne na \u017cyczenie z wbudowanymi chipami RFID lub NFC do system\u00f3w bezdotykowych i p\u0142atno\u015bci bezgot\u00f3wkowych.<\/p>\n<\/li>\n<\/ul>\n<h3 data-path-to-node=\"13\">Specyfikacje<\/h3>\n<ul data-path-to-node=\"14\">\n<li>\n<p data-path-to-node=\"14,0,0\"><b data-path-to-node=\"14,0,0\" data-index-in-node=\"0\">Tworzywo:<\/b> Twardy, sztywny PVC (polichlorek winylu)<\/p>\n<\/li>\n<li>\n<p data-path-to-node=\"14,1,0\"><b data-path-to-node=\"14,1,0\" data-index-in-node=\"0\">Wymiary:<\/b> Dost\u0119pne s\u0105 rozmiary standardowe (np. 26x33mm, 30x40mm) lub kszta\u0142ty z w\u0142asnym nadrukiem.<\/p>\n<\/li>\n<li>\n<p data-path-to-node=\"14,2,0\"><b data-path-to-node=\"14,2,0\" data-index-in-node=\"0\">Zgodno\u015b\u0107:<\/b> Otwory przeznaczone do opasek tkanych lub satynowych o szeroko\u015bci 15 mm lub 20 mm.<\/p>\n<\/li>\n<li>\n<p data-path-to-node=\"14,3,0\"><b data-path-to-node=\"14,3,0\" data-index-in-node=\"0\">Metoda drukowania:<\/b> Druk cyfrowy UV lub druk offsetowy zapewniaj\u0105cy jako\u015b\u0107 fotograficzn\u0105.<\/p>\n<\/li>\n<li>\n<p data-path-to-node=\"14,4,0\"><b data-path-to-node=\"14,4,0\" data-index-in-node=\"0\">Sko\u0144czy\u0107:<\/b> Dost\u0119pna jest laminacja b\u0142yszcz\u0105ca lub matowa.<\/p>\n<\/li>\n<\/ul>\n<h3 data-path-to-node=\"15\">Przyk\u0142ady zastosowa\u0144 B2B<\/h3>\n<ul data-path-to-node=\"16\">\n<li>\n<p data-path-to-node=\"16,0,0\"><b data-path-to-node=\"16,0,0\" data-index-in-node=\"0\">Festiwale muzyczne:<\/b> U\u017cyj kod\u00f3w QR do bezgot\u00f3wkowego do\u0142adowywania rachunk\u00f3w i skanowania przy wej\u015bciu.<\/p>\n<\/li>\n<li>\n<p data-path-to-node=\"16,1,0\"><b data-path-to-node=\"16,1,0\" data-index-in-node=\"0\">Dost\u0119p VIP:<\/b> Charakterystyczne, twarde znaczniki umo\u017cliwiaj\u0105ce identyfikacj\u0119 specjalnych go\u015bci lub personelu pracuj\u0105cego za kulisami.<\/p>\n<\/li>\n<li>\n<p data-path-to-node=\"16,2,0\"><b data-path-to-node=\"16,2,0\" data-index-in-node=\"0\">Zarz\u0105dzanie szatniami:<\/b> Ponumerowane znaczniki przymocowane do opasek umo\u017cliwiaj\u0105 bezpieczne odnajdywanie przedmiot\u00f3w.<\/p>\n<\/li>\n<li>\n<p data-path-to-node=\"16,3,0\"><b data-path-to-node=\"16,3,0\" data-index-in-node=\"0\">O\u015brodki wypoczynkowe i hotele:<\/b> Trwa\u0142e klucze do pokoju lub \u017cetony do wymiany r\u0119cznik\u00f3w przyczepione do nadgarstk\u00f3w go\u015bci.<\/p>\n<\/li>\n<\/ul>","protected":false},"excerpt":{"rendered":"<ul>\n<li>\n<p data-path-to-node=\"9,0,0\"><b data-path-to-node=\"9,0,0\" data-index-in-node=\"0\">Rozwi\u0105zanie Smart ID:<\/b> Idealne do integracji kod\u00f3w QR, kod\u00f3w kreskowych i numer\u00f3w UID z materia\u0142owymi opaskami na nadgarstek.<\/p>\n<\/li>\n<li>\n<p data-path-to-node=\"9,1,0\"><b data-path-to-node=\"9,1,0\" data-index-in-node=\"0\">Trwa\u0142y materia\u0142:<\/b> Wykonane z sztywnego, wodoodpornego tworzywa PVC, odpornego na wielodniowe imprezy i trudne warunki.<\/p>\n<\/li>\n<li>\n<p data-path-to-node=\"9,2,0\"><b data-path-to-node=\"9,2,0\" data-index-in-node=\"0\">Pe\u0142na personalizacja:<\/b> Druk UV lub offsetowy o wysokiej rozdzielczo\u015bci umo\u017cliwia uzyskanie wyrazistych logotyp\u00f3w i skanowanie z\u0142o\u017conych danych.<\/p>\n<\/li>\n<li>\n<p data-path-to-node=\"9,3,0\"><b data-path-to-node=\"9,3,0\" data-index-in-node=\"0\">Uniwersalne dopasowanie:<\/b> Zaprojektowane z dwoma otworami, aby idealnie pasowa\u0142y do standardowych opasek materia\u0142owych o szeroko\u015bci 15 mm i 20 mm.<\/p>\n<\/li>\n<\/ul>","protected":false},"featured_media":6840,"comment_status":"closed","ping_status":"closed","template":"","meta":[],"product_brand":[],"product_cat":[66,124],"product_tag":[],"class_list":{"0":"post-6841","1":"product","2":"type-product","3":"status-publish","4":"has-post-thumbnail","6":"product_cat-wristbands","7":"product_cat-id-solutions","9":"first","10":"instock","11":"shipping-taxable","12":"product-type-simple"},"_links":{"self":[{"href":"https:\/\/displayproducts.eu\/pl\/wp-json\/wp\/v2\/product\/6841","targetHints":{"allow":["GET"]}}],"collection":[{"href":"https:\/\/displayproducts.eu\/pl\/wp-json\/wp\/v2\/product"}],"about":[{"href":"https:\/\/displayproducts.eu\/pl\/wp-json\/wp\/v2\/types\/product"}],"replies":[{"embeddable":true,"href":"https:\/\/displayproducts.eu\/pl\/wp-json\/wp\/v2\/comments?post=6841"}],"wp:featuredmedia":[{"embeddable":true,"href":"https:\/\/displayproducts.eu\/pl\/wp-json\/wp\/v2\/media\/6840"}],"wp:attachment":[{"href":"https:\/\/displayproducts.eu\/pl\/wp-json\/wp\/v2\/media?parent=6841"}],"wp:term":[{"taxonomy":"product_brand","embeddable":true,"href":"https:\/\/displayproducts.eu\/pl\/wp-json\/wp\/v2\/product_brand?post=6841"},{"taxonomy":"product_cat","embeddable":true,"href":"https:\/\/displayproducts.eu\/pl\/wp-json\/wp\/v2\/product_cat?post=6841"},{"taxonomy":"product_tag","embeddable":true,"href":"https:\/\/displayproducts.eu\/pl\/wp-json\/wp\/v2\/product_tag?post=6841"}],"curies":[{"name":"wp","href":"https:\/\/api.w.org\/{rel}","templated":true}]}}