{"id":6838,"date":"2026-01-13T10:28:34","date_gmt":"2026-01-13T07:28:34","guid":{"rendered":"https:\/\/wristbandfactory.eu\/?post_type=product&#038;p=6838"},"modified":"2026-04-01T21:52:03","modified_gmt":"2026-04-01T18:52:03","slug":"custom-printed-velvet-gift-bags-premium-drawstring-pouches","status":"publish","type":"product","link":"https:\/\/displayproducts.eu\/pl\/p\/custom-printed-velvet-gift-bags-premium-drawstring-pouches\/","title":{"rendered":"Woreczki welurowe z nadrukiem"},"content":{"rendered":"<p data-path-to-node=\"9\">Stw\u00f3rz niezapomniane wra\u017cenia z rozpakowywania dzi\u0119ki naszym <b data-path-to-node=\"9\" data-index-in-node=\"78\">Torby prezentowe z aksamitu z nadrukiem na zapytanie ofertowe<\/b>. Zaprojektowane dla luksusowych sprzedawc\u00f3w detalicznych, marek jubilerskich i organizator\u00f3w imprez korporacyjnych, te mi\u0119kkie woreczki oferuj\u0105 wyrafinowany spos\u00f3b pakowania ma\u0142ych przedmiot\u00f3w. W przeciwie\u0144stwie do standardowych opakowa\u0144 plastikowych lub papierowych, aksamitne woreczki \u0142\u0105cz\u0105 w sobie trwa\u0142o\u015b\u0107, elegancj\u0119 i wysok\u0105 warto\u015b\u0107.<\/p>\n<p data-path-to-node=\"10\">Niezale\u017cnie od tego, czy potrzebujesz ma\u0142ej saszetki na pier\u015bcionki, czy wi\u0119kszej torby na kosmetyki i gad\u017cety technologiczne, oferujemy pe\u0142n\u0105 elastyczno\u015b\u0107 w zakresie rozmiar\u00f3w i produkcji.<\/p>\n<h2 data-path-to-node=\"11\">Kluczowe cechy marki<\/h2>\n<p data-path-to-node=\"12\">Oferujemy trzy r\u00f3\u017cne metody brandingu, kt\u00f3re dopasuj\u0105 si\u0119 do stylu Twojego logo:<\/p>\n<ul data-path-to-node=\"13\">\n<li>\n<p data-path-to-node=\"13,0,0\"><b data-path-to-node=\"13,0,0\" data-index-in-node=\"0\">Sitodruk:<\/b> Idealny do wyrazistych, jednolitych kolor\u00f3w i wyra\u017anego brandingu.<\/p>\n<\/li>\n<li>\n<p data-path-to-node=\"13,1,0\"><b data-path-to-node=\"13,1,0\" data-index-in-node=\"0\">T\u0142oczenie na gor\u0105co (folia):<\/b> Idealne dla marek luksusowych. Dodaj b\u0142yszcz\u0105ce wyko\u0144czenie w postaci z\u0142otej lub srebrnej folii, kt\u00f3ra odbija \u015bwiat\u0142o na tle ciemnej, aksamitnej faktury.<\/p>\n<\/li>\n<li>\n<p data-path-to-node=\"13,2,0\"><b data-path-to-node=\"13,2,0\" data-index-in-node=\"0\">T\u0142oczenie\/Wyt\u0142aczanie:<\/b> Stw\u00f3rz subtelny, wyczuwalny w dotyku efekt 3D, wciskaj\u0105c logo w tkanin\u0119, aby uzyska\u0107 ekskluzywny, stonowany wygl\u0105d.<\/p>\n<\/li>\n<\/ul>\n<h2 data-path-to-node=\"14\">Specyfikacje<\/h2>\n<ul data-path-to-node=\"15\">\n<li>\n<p data-path-to-node=\"15,0,0\"><b data-path-to-node=\"15,0,0\" data-index-in-node=\"0\">Tworzywo:<\/b> Wysokiej jako\u015bci mi\u0119kka tkanina welurowa \/ aksamitna.<\/p>\n<\/li>\n<li>\n<p data-path-to-node=\"15,1,0\"><b data-path-to-node=\"15,1,0\" data-index-in-node=\"0\">Style zapi\u0119cia:<\/b> \u015aci\u0105gacz jednostronny lub dwustronny (poci\u0105gany z obu ko\u0144c\u00f3w).<\/p>\n<\/li>\n<li>\n<p data-path-to-node=\"15,2,0\"><b data-path-to-node=\"15,2,0\" data-index-in-node=\"0\">Materia\u0142y strunowe:<\/b> Wst\u0105\u017cka satynowa, sznurek PP, sznurek bawe\u0142niany lub pasuj\u0105cy pasek aksamitny.<\/p>\n<\/li>\n<li>\n<p data-path-to-node=\"15,3,0\"><b data-path-to-node=\"15,3,0\" data-index-in-node=\"0\">Zabarwienie:<\/b> Szeroka gama standardowych kolor\u00f3w aksamitu (czarny, granatowy, czerwony, szary, zielony, itp.).<\/p>\n<\/li>\n<li>\n<p data-path-to-node=\"15,4,0\"><b data-path-to-node=\"15,4,0\" data-index-in-node=\"0\">Rozmiary:<\/b> W pe\u0142ni konfigurowalne (np. 5x7cm, 8x10cm, 10x15cm, 15x20cm i wi\u0119ksze).<\/p>\n<\/li>\n<li>\n<p data-path-to-node=\"15,5,0\"><b data-path-to-node=\"15,5,0\" data-index-in-node=\"0\">Minimalne zapytanie ofertowe:<\/b> Dost\u0119pne ilo\u015bci hurtowe.<\/p>\n<\/li>\n<\/ul>\n<h2 data-path-to-node=\"16\">Typowe przypadki u\u017cycia<\/h2>\n<ul data-path-to-node=\"17\">\n<li>\n<p data-path-to-node=\"17,0,0\"><b data-path-to-node=\"17,0,0\" data-index-in-node=\"0\">Opakowanie bi\u017cuterii:<\/b> Pier\u015bcionki, naszyjniki, kolczyki i zegarki.<\/p>\n<\/li>\n<li>\n<p data-path-to-node=\"17,1,0\"><b data-path-to-node=\"17,1,0\" data-index-in-node=\"0\">Prezenty firmowe:<\/b> Ekskluzywne opakowania na pami\u0119ci USB, medale i monety.<\/p>\n<\/li>\n<li>\n<p data-path-to-node=\"17,2,0\"><b data-path-to-node=\"17,2,0\" data-index-in-node=\"0\">Upominki na wydarzenie:<\/b> \u015aluby, gale i gad\u017cety promocyjne.<\/p>\n<\/li>\n<li>\n<p data-path-to-node=\"17,3,0\"><b data-path-to-node=\"17,3,0\" data-index-in-node=\"0\">Kosmetyki:<\/b> Luksusowe saszetki na przybory kosmetyczne i perfumy.<\/p>\n<\/li>\n<\/ul>","protected":false},"excerpt":{"rendered":"<ul data-path-to-node=\"8\">\n<li>\n<p data-path-to-node=\"8,0,0\"><b data-path-to-node=\"8,0,0\" data-index-in-node=\"0\">Mi\u0119kka tekstura premium:<\/b> Wysokiej jako\u015bci tkanina aksamitna, kt\u00f3ra doda luksusowego akcentu ka\u017cdemu produktowi lub prezentowi.<\/p>\n<\/li>\n<li>\n<p data-path-to-node=\"8,1,0\"><b data-path-to-node=\"8,1,0\" data-index-in-node=\"0\">Wszechstronna personalizacja:<\/b> Wybierz spo\u015br\u00f3d sitodruku, metalicznego t\u0142oczenia na gor\u0105co (z\u0142otego\/srebrnego) lub eleganckiego t\u0142oczenia.<\/p>\n<\/li>\n<li>\n<p data-path-to-node=\"8,2,0\"><b data-path-to-node=\"8,2,0\" data-index-in-node=\"0\">Elastyczna konstrukcja:<\/b> Dost\u0119pne z pojedynczym lub podw\u00f3jnym \u015bci\u0105gaczem wykonanym z r\u00f3\u017cnych materia\u0142\u00f3w: wst\u0105\u017cek lub sznurk\u00f3w.<\/p>\n<\/li>\n<li>\n<p data-path-to-node=\"8,3,0\"><b data-path-to-node=\"8,3,0\" data-index-in-node=\"0\">Wykonane na wymiar:<\/b> Dost\u0119pne s\u0105 rozmiary z w\u0142asnym nadrukiem, idealnie pasuj\u0105ce do bi\u017cuterii, kosmetyk\u00f3w, akcesori\u00f3w technologicznych lub upomink\u00f3w na wydarzenia.<\/p>\n<\/li>\n<\/ul>","protected":false},"featured_media":6839,"comment_status":"closed","ping_status":"closed","template":"","meta":[],"product_brand":[],"product_cat":[131],"product_tag":[],"class_list":{"0":"post-6838","1":"product","2":"type-product","3":"status-publish","4":"has-post-thumbnail","6":"product_cat-custom-bags-totes","8":"first","9":"instock","10":"shipping-taxable","11":"purchasable","12":"product-type-simple"},"_links":{"self":[{"href":"https:\/\/displayproducts.eu\/pl\/wp-json\/wp\/v2\/product\/6838","targetHints":{"allow":["GET"]}}],"collection":[{"href":"https:\/\/displayproducts.eu\/pl\/wp-json\/wp\/v2\/product"}],"about":[{"href":"https:\/\/displayproducts.eu\/pl\/wp-json\/wp\/v2\/types\/product"}],"replies":[{"embeddable":true,"href":"https:\/\/displayproducts.eu\/pl\/wp-json\/wp\/v2\/comments?post=6838"}],"wp:featuredmedia":[{"embeddable":true,"href":"https:\/\/displayproducts.eu\/pl\/wp-json\/wp\/v2\/media\/6839"}],"wp:attachment":[{"href":"https:\/\/displayproducts.eu\/pl\/wp-json\/wp\/v2\/media?parent=6838"}],"wp:term":[{"taxonomy":"product_brand","embeddable":true,"href":"https:\/\/displayproducts.eu\/pl\/wp-json\/wp\/v2\/product_brand?post=6838"},{"taxonomy":"product_cat","embeddable":true,"href":"https:\/\/displayproducts.eu\/pl\/wp-json\/wp\/v2\/product_cat?post=6838"},{"taxonomy":"product_tag","embeddable":true,"href":"https:\/\/displayproducts.eu\/pl\/wp-json\/wp\/v2\/product_tag?post=6838"}],"curies":[{"name":"wp","href":"https:\/\/api.w.org\/{rel}","templated":true}]}}