{"id":6678,"date":"2026-01-09T22:38:59","date_gmt":"2026-01-09T19:38:59","guid":{"rendered":"https:\/\/wristbandfactory.eu\/?post_type=product&#038;p=6678"},"modified":"2026-04-01T21:52:34","modified_gmt":"2026-04-01T18:52:34","slug":"metal-opera-glasses-with-handle-bulk-theatre-binoculars-3x-4x","status":"publish","type":"product","link":"https:\/\/displayproducts.eu\/pl\/p\/metal-opera-glasses-with-handle-bulk-theatre-binoculars-3x-4x\/","title":{"rendered":"Metalowa lornetka teatralna z r\u0105czk\u0105"},"content":{"rendered":"<p data-path-to-node=\"9\">Ulepsz do\u015bwiadczenia kulturalne swoich klient\u00f3w lub patron\u00f3w dzi\u0119ki naszym <b data-path-to-node=\"9\" data-index-in-node=\"94\">Metalowe lornetki operowe premium<\/b>. Zaprojektowane z my\u015bl\u0105 o wyrafinowaniu i przejrzysto\u015bci, te lornetki teatralne to doskona\u0142y dodatek do oper, teatr\u00f3w i sal koncertowych. W przeciwie\u0144stwie do plastikowych alternatyw, te lornetki charakteryzuj\u0105 si\u0119 trwa\u0142\u0105, w pe\u0142ni metalow\u0105 konstrukcj\u0105 ze z\u0142otym wyko\u0144czeniem, co czyni je przedmiotem o wysokiej warto\u015bci, nadaj\u0105cym si\u0119 do odsprzeda\u017cy detalicznej lub jako ekskluzywny prezent firmowy.<\/p>\n<p data-path-to-node=\"10\">Zintegrowany, sk\u0142adany uchwyt dodaje odrobin\u0119 uroku w stylu vintage, zapewniaj\u0105c jednocze\u015bnie praktyczny komfort podczas d\u0142ugich przedstawie\u0144. Niezale\u017cnie od tego, czy zaopatrujesz sklep z pami\u0105tkami muzealnymi, czy szukasz wyj\u0105tkowego prezentu na gal\u0119, ta lornetka operowa oferuje idealne po\u0142\u0105czenie stylu i funkcjonalno\u015bci.<\/p>\n<h2 data-path-to-node=\"11\">G\u0142\u00f3wne cechy<\/h2>\n<ul data-path-to-node=\"12\">\n<li>\n<p data-path-to-node=\"12,0,0\"><b data-path-to-node=\"12,0,0\" data-index-in-node=\"0\">Dwie wersje optyczne:<\/b> Wybierz pomi\u0119dzy <b data-path-to-node=\"12,0,0\" data-index-in-node=\"37\">3-krotne powi\u0119kszenie<\/b> (szersze pole widzenia, 122 m\/1000 m) do uchwycenia ca\u0142ej sceny lub <b data-path-to-node=\"12,0,0\" data-index-in-node=\"122\">4-krotne powi\u0119kszenie<\/b> (105 m\/1000 m) do skupiania si\u0119 na mimice twarzy i drobnych szczeg\u00f3\u0142ach.<\/p>\n<\/li>\n<li>\n<p data-path-to-node=\"12,1,0\"><b data-path-to-node=\"12,1,0\" data-index-in-node=\"0\">Ergonomiczna konstrukcja:<\/b> Wyposa\u017cony w pryzmat z centralnym ogniskowaniem i sk\u0142adan\u0105\/teleskopow\u0105 r\u0105czk\u0119 (105\u2013165 mm) umo\u017cliwiaj\u0105c\u0105 \u0142atw\u0105 regulacj\u0119 i wygodne trzymanie.<\/p>\n<\/li>\n<li>\n<p data-path-to-node=\"12,2,0\"><b data-path-to-node=\"12,2,0\" data-index-in-node=\"0\">Wersja premium:<\/b> Urz\u0105dzenie wa\u017cy 175 g, ma kompaktowy rozmiar (100 \u00d7 54 mm) i solidn\u0105 metalow\u0105 obudow\u0119, co gwarantuje d\u0142ug\u0105 \u017cywotno\u015b\u0107 i doskona\u0142e wyczucie d\u0142oni.<\/p>\n<\/li>\n<li>\n<p data-path-to-node=\"12,3,0\"><b data-path-to-node=\"12,3,0\" data-index-in-node=\"0\">Gotowe do prezentacji:<\/b> Ka\u017cdy egzemplarz sprzedawany jest w eleganckim opakowaniu, kt\u00f3re u\u0142atwia pakowanie na prezent lub do ekspozycji w sklepie.<\/p>\n<\/li>\n<\/ul>\n<h2 data-path-to-node=\"13\">Specyfikacje<\/h2>\n<ul data-path-to-node=\"14\">\n<li>\n<p data-path-to-node=\"14,0,0\"><b data-path-to-node=\"14,0,0\" data-index-in-node=\"0\">Tworzywo:<\/b> Pe\u0142ny stop metalu ze z\u0142otym wyko\u0144czeniem<\/p>\n<\/li>\n<li>\n<p data-path-to-node=\"14,1,0\"><b data-path-to-node=\"14,1,0\" data-index-in-node=\"0\">Uchwyt:<\/b> Teleskopowy\/sk\u0142adany (105 mm do 165 mm)<\/p>\n<\/li>\n<li>\n<p data-path-to-node=\"14,2,0\"><b data-path-to-node=\"14,2,0\" data-index-in-node=\"0\">Waga:<\/b> 175 gram\u00f3w<\/p>\n<\/li>\n<li>\n<p data-path-to-node=\"14,3,0\"><b data-path-to-node=\"14,3,0\" data-index-in-node=\"0\">Wymiary:<\/b> 100 \u00d7 54 mm<\/p>\n<\/li>\n<li>\n<p data-path-to-node=\"14,4,0\"><b data-path-to-node=\"14,4,0\" data-index-in-node=\"0\">Typ pryzmatu:<\/b> Skupienie centralne<\/p>\n<\/li>\n<li>\n<p data-path-to-node=\"14,5,0\"><b data-path-to-node=\"14,5,0\" data-index-in-node=\"0\">Specyfikacja modelu 3x:<\/b><\/p>\n<ul data-path-to-node=\"14,5,1\">\n<li>\n<p data-path-to-node=\"14,5,1,0,0\">\u0179renica wyj\u015bciowa: 8 mm<\/p>\n<\/li>\n<li>\n<p data-path-to-node=\"14,5,1,1,0\">Pole widzenia: 122 m \/ 1000 m<\/p>\n<\/li>\n<li>\n<p data-path-to-node=\"14,5,1,2,0\">Wska\u017anik jasno\u015bci: 69<\/p>\n<\/li>\n<\/ul>\n<\/li>\n<li>\n<p data-path-to-node=\"14,6,0\"><b data-path-to-node=\"14,6,0\" data-index-in-node=\"0\">Specyfikacja modelu 4x:<\/b><\/p>\n<ul data-path-to-node=\"14,6,1\">\n<li>\n<p data-path-to-node=\"14,6,1,0,0\">\u0179renica wyj\u015bciowa: 6,5 mm<\/p>\n<\/li>\n<li>\n<p data-path-to-node=\"14,6,1,1,0\">Pole widzenia: 105 m \/ 1000 m<\/p>\n<\/li>\n<li>\n<p data-path-to-node=\"14,6,1,2,0\">Wska\u017anik jasno\u015bci: 39<\/p>\n<\/li>\n<\/ul>\n<\/li>\n<li>\n<p data-path-to-node=\"14,7,0\"><b data-path-to-node=\"14,7,0\" data-index-in-node=\"0\">Czas dostawy:<\/b> Oko\u0142o 37 dni (na zapytanie ofertowe\/import)<\/p>\n<\/li>\n<\/ul>\n<h2 data-path-to-node=\"15\">Przypadki u\u017cycia<\/h2>\n<ul data-path-to-node=\"16\">\n<li>\n<p data-path-to-node=\"16,0,0\"><b data-path-to-node=\"16,0,0\" data-index-in-node=\"0\">Sklepy teatralne i operowe:<\/b> Produkt o wysokiej mar\u017cy dla widz\u00f3w, kt\u00f3rzy chc\u0105 poprawi\u0107 swoje wra\u017cenia podczas ogl\u0105dania filmu.<\/p>\n<\/li>\n<li>\n<p data-path-to-node=\"16,1,0\"><b data-path-to-node=\"16,1,0\" data-index-in-node=\"0\">Prezenty firmowe:<\/b> Wyj\u0105tkowy prezent dla partner\u00f3w z sektora sztuki i kultury.<\/p>\n<\/li>\n<li>\n<p data-path-to-node=\"16,2,0\"><b data-path-to-node=\"16,2,0\" data-index-in-node=\"0\">Udogodnienia na wydarzeniach VIP:<\/b> Zapewnij posiadaczom bilet\u00f3w najwy\u017cszej jako\u015bci markowe lub ekskluzywne narz\u0119dzia do ogl\u0105dania.<\/p>\n<\/li>\n<\/ul>","protected":false},"excerpt":{"rendered":"<ul data-path-to-node=\"8\">\n<li>\n<p data-path-to-node=\"8,0,0\"><b data-path-to-node=\"8,0,0\" data-index-in-node=\"0\">Klasyczna elegancja:<\/b> Ca\u0142kowicie metalowa obudowa z luksusowym z\u0142otym wyko\u0144czeniem i sk\u0142adanym uchwytem dla zapewnienia komfortowego ogl\u0105dania.<\/p>\n<\/li>\n<li>\n<p data-path-to-node=\"8,1,0\"><b data-path-to-node=\"8,1,0\" data-index-in-node=\"0\">Doskona\u0142a optyka:<\/b> Dost\u0119pne z powi\u0119kszeniem 3x (szeroki k\u0105t widzenia) lub 4x (szczeg\u00f3\u0142owe ogniskowanie) i wysokim wsp\u00f3\u0142czynnikiem jasno\u015bci.<\/p>\n<\/li>\n<li>\n<p data-path-to-node=\"8,2,0\"><b data-path-to-node=\"8,2,0\" data-index-in-node=\"0\">Gotowy na B2B:<\/b> Doskonale nadaj\u0105 si\u0119 do sklep\u00f3w z gad\u017cetami teatralnymi, jako podarunek na imprezy VIP i ekskluzywne nagrody korporacyjne.<\/p>\n<\/li>\n<li>\n<p data-path-to-node=\"8,3,0\"><b data-path-to-node=\"8,3,0\" data-index-in-node=\"0\">Kompletny zestaw:<\/b> W zestawie znajduje si\u0119 trwa\u0142e etui do przechowywania i prezentacji.<\/p>\n<\/li>\n<\/ul>","protected":false},"featured_media":6679,"comment_status":"closed","ping_status":"closed","template":"","meta":[],"product_brand":[],"product_cat":[121],"product_tag":[],"class_list":{"0":"post-6678","1":"product","2":"type-product","3":"status-publish","4":"has-post-thumbnail","6":"product_cat-promotional-merchandise","8":"first","9":"instock","10":"shipping-taxable","11":"purchasable","12":"product-type-simple"},"_links":{"self":[{"href":"https:\/\/displayproducts.eu\/pl\/wp-json\/wp\/v2\/product\/6678","targetHints":{"allow":["GET"]}}],"collection":[{"href":"https:\/\/displayproducts.eu\/pl\/wp-json\/wp\/v2\/product"}],"about":[{"href":"https:\/\/displayproducts.eu\/pl\/wp-json\/wp\/v2\/types\/product"}],"replies":[{"embeddable":true,"href":"https:\/\/displayproducts.eu\/pl\/wp-json\/wp\/v2\/comments?post=6678"}],"wp:featuredmedia":[{"embeddable":true,"href":"https:\/\/displayproducts.eu\/pl\/wp-json\/wp\/v2\/media\/6679"}],"wp:attachment":[{"href":"https:\/\/displayproducts.eu\/pl\/wp-json\/wp\/v2\/media?parent=6678"}],"wp:term":[{"taxonomy":"product_brand","embeddable":true,"href":"https:\/\/displayproducts.eu\/pl\/wp-json\/wp\/v2\/product_brand?post=6678"},{"taxonomy":"product_cat","embeddable":true,"href":"https:\/\/displayproducts.eu\/pl\/wp-json\/wp\/v2\/product_cat?post=6678"},{"taxonomy":"product_tag","embeddable":true,"href":"https:\/\/displayproducts.eu\/pl\/wp-json\/wp\/v2\/product_tag?post=6678"}],"curies":[{"name":"wp","href":"https:\/\/api.w.org\/{rel}","templated":true}]}}