{"id":6671,"date":"2026-01-09T18:39:46","date_gmt":"2026-01-09T15:39:46","guid":{"rendered":"https:\/\/wristbandfactory.eu\/?post_type=product&#038;p=6671"},"modified":"2026-04-01T21:52:34","modified_gmt":"2026-04-01T18:52:34","slug":"custom-foil-holographic-event-wristbands","status":"publish","type":"product","link":"https:\/\/displayproducts.eu\/pl\/p\/custom-foil-holographic-event-wristbands\/","title":{"rendered":"Opaski z nadrukiem foliowym"},"content":{"rendered":"<p data-path-to-node=\"9\">Podnie\u015b poziom brandingu swojego wydarzenia dzi\u0119ki naszym spersonalizowanym opaskom foliowym i holograficznym. Wykonane z wysokiej jako\u015bci syntetycznego papieru YUPO, te opaski stanowi\u0105 doskona\u0142\u0105 alternatyw\u0119 dla standardowego Tyveku, a ich mlecznobia\u0142a powierzchnia zapewnia \u017cywe kolory i wierno\u015b\u0107 projektowi.<\/p>\n<p data-path-to-node=\"10\">Zaprojektowane z my\u015bl\u0105 o presti\u017cowych wydarzeniach, klubach i festiwalach, opaski te oferuj\u0105 luksusowe metaliczne detale \u2013 w tym z\u0142oto, srebro i foli\u0119 szklan\u0105 \u2013 lub pe\u0142ne wyko\u0144czenie holograficzne. G\u0142adka faktura w po\u0142\u0105czeniu z drukiem offsetowym CMYK o wysokiej rozdzielczo\u015bci sprawia, \u017ce idealnie nadaj\u0105 si\u0119 do skomplikowanych wzor\u00f3w i identyfikacji VIP-\u00f3w. Pomimo eleganckiego wygl\u0105du, s\u0105 solidnie wykonane, odporne na wod\u0119, pot i intensywne warunki otoczenia.<\/p>\n<h2 data-path-to-node=\"11\">G\u0142\u00f3wne cechy<\/h2>\n<ul data-path-to-node=\"12\">\n<li>\n<p data-path-to-node=\"12,0,0\"><b data-path-to-node=\"12,0,0\" data-index-in-node=\"0\">Wyko\u0144czenia luksusowe:<\/b> Dost\u0119pne z t\u0142oczon\u0105 na gor\u0105co z\u0142ot\u0105 foli\u0105, srebrn\u0105 foli\u0105, foli\u0105 \u201cszklan\u0105\u201d i nak\u0142adkami holograficznymi zapewniaj\u0105cymi maksymaln\u0105 widoczno\u015b\u0107.<\/p>\n<\/li>\n<li>\n<p data-path-to-node=\"12,1,0\"><b data-path-to-node=\"12,1,0\" data-index-in-node=\"0\">Doskona\u0142o\u015b\u0107 materia\u0142owa:<\/b> Syntetyczna masa celulozowa YUPO zapewnia g\u0142adsze wyko\u0144czenie ni\u017c Tyvek, co pozwala na uzyskanie wyra\u017aniejszych szczeg\u00f3\u0142\u00f3w nadruku i ja\u015bniejszych kolor\u00f3w.<\/p>\n<\/li>\n<li>\n<p data-path-to-node=\"12,2,0\"><b data-path-to-node=\"12,2,0\" data-index-in-node=\"0\">Konstrukcja zabezpieczona przed manipulacj\u0105:<\/b> Mocne zamkni\u0119cie klejowe zawiera wyci\u0119te naci\u0119cia zabezpieczaj\u0105ce, kt\u00f3re p\u0119kaj\u0105 przy pr\u00f3bie usuni\u0119cia, uniemo\u017cliwiaj\u0105c ponowne u\u017cycie opaski.<\/p>\n<\/li>\n<li>\n<p data-path-to-node=\"12,3,0\"><b data-path-to-node=\"12,3,0\" data-index-in-node=\"0\">Gotowo\u015b\u0107 na inteligentne dane:<\/b> Pe\u0142na kompatybilno\u015b\u0107 z drukowaniem zmiennych danych, w tym numeracj\u0105 sekwencyjn\u0105, kodami kreskowymi i kodami QR do integracji cyfrowej.<\/p>\n<\/li>\n<\/ul>\n<h2 data-path-to-node=\"13\">Specyfikacje<\/h2>\n<ul data-path-to-node=\"14\">\n<li>\n<p data-path-to-node=\"14,0,0\"><b data-path-to-node=\"14,0,0\" data-index-in-node=\"0\">Tworzywo:<\/b> YUPO (papier mieszany z pulpy i syntetyczny) \u2013 wodoodporny i odporny na rozdarcia.<\/p>\n<\/li>\n<li>\n<p data-path-to-node=\"14,1,0\"><b data-path-to-node=\"14,1,0\" data-index-in-node=\"0\">Wymiary standardowe:<\/b><\/p>\n<ul data-path-to-node=\"14,1,1\">\n<li>\n<p data-path-to-node=\"14,1,1,0,0\">20 mm x 250 mm<\/p>\n<\/li>\n<li>\n<p data-path-to-node=\"14,1,1,1,0\">25 mm x 250 mm<\/p>\n<\/li>\n<li>\n<p data-path-to-node=\"14,1,1,2,0\"><i data-path-to-node=\"14,1,1,2,0\" data-index-in-node=\"0\">Z w\u0142asnym nadrukiem rozmiary dost\u0119pne na \u017cyczenie.<\/i><\/p>\n<\/li>\n<\/ul>\n<\/li>\n<li>\n<p data-path-to-node=\"14,2,0\"><b data-path-to-node=\"14,2,0\" data-index-in-node=\"0\">Metoda drukowania:<\/b> Pe\u0142nokolorowy druk offsetowy CMYK + t\u0142oczenie foli\u0105.<\/p>\n<\/li>\n<li>\n<p data-path-to-node=\"14,3,0\"><b data-path-to-node=\"14,3,0\" data-index-in-node=\"0\">Opcje folii:<\/b> Z\u0142oto, srebro, folia szklana, hologram.<\/p>\n<\/li>\n<li>\n<p data-path-to-node=\"14,4,0\"><b data-path-to-node=\"14,4,0\" data-index-in-node=\"0\">Pochodzenie:<\/b> Korea Po\u0142udniowa (ANYWRISTBAND \/ Model TS25).<\/p>\n<\/li>\n<\/ul>\n<h2 data-path-to-node=\"15\">Przypadki u\u017cycia<\/h2>\n<ul data-path-to-node=\"16\">\n<li>\n<p data-path-to-node=\"16,0,0\"><b data-path-to-node=\"16,0,0\" data-index-in-node=\"0\">Kontrola dost\u0119pu VIP:<\/b> Doskonale nadaj\u0105 si\u0119 do wyr\u00f3\u017cniania go\u015bci VIP na koncertach, festiwalach i w klubach nocnych ze wzgl\u0119du na odblaskowe, metaliczne wyko\u0144czenie.<\/p>\n<\/li>\n<li>\n<p data-path-to-node=\"16,1,0\"><b data-path-to-node=\"16,1,0\" data-index-in-node=\"0\">Wydarzenia korporacyjne:<\/b> Ekskluzywne brandingi na gale i konferencje, gdzie prezentacja wizualna ma kluczowe znaczenie.<\/p>\n<\/li>\n<li>\n<p data-path-to-node=\"16,2,0\"><b data-path-to-node=\"16,2,0\" data-index-in-node=\"0\">Bezpieczne miejsca:<\/b> Idealne dla park\u00f3w rozrywki i obszar\u00f3w o ograniczonym dost\u0119pie, w kt\u00f3rych wymagana jest niezawodna identyfikacja z wykorzystaniem kod\u00f3w kreskowych.<\/p>\n<\/li>\n<\/ul>\n<p data-path-to-node=\"17\">","protected":false},"excerpt":{"rendered":"<ul>\n<li>\n<p data-path-to-node=\"7,0,0\"><b data-path-to-node=\"7,0,0\" data-index-in-node=\"0\">Doskona\u0142y efekt wizualny:<\/b> Wyr\u00f3\u017cnia si\u0119 osza\u0142amiaj\u0105cymi metalicznymi akcentami (z\u0142oto, srebro, folia szklana) lub efektami holograficznymi na g\u0142adkiej, mlecznobia\u0142ej powierzchni YUPO.<\/p>\n<\/li>\n<li>\n<p data-path-to-node=\"7,1,0\"><b data-path-to-node=\"7,1,0\" data-index-in-node=\"0\">Wy\u017csza trwa\u0142o\u015b\u0107:<\/b> Wykonane z odpornego na rozdarcia, wodoodpornego papieru syntetycznego 100%, kt\u00f3ry przewy\u017csza jako\u015bci\u0105 standardowe opaski papierowe.<\/p>\n<\/li>\n<li>\n<p data-path-to-node=\"7,2,0\"><b data-path-to-node=\"7,2,0\" data-index-in-node=\"0\">Wysoki poziom bezpiecze\u0144stwa:<\/b> Wyposa\u017cone w plomb\u0119 zabezpieczaj\u0105c\u0105 przed otwarciem i specjalnie zaprojektowane naci\u0119cia zabezpieczaj\u0105ce przed przenoszeniem.<\/p>\n<\/li>\n<li>\n<p data-path-to-node=\"7,3,0\"><b data-path-to-node=\"7,3,0\" data-index-in-node=\"0\">Pe\u0142na personalizacja:<\/b> Obs\u0142uguje \u017cywy druk offsetowy CMYK, kody kreskowe, kody QR i zmienn\u0105 numeracj\u0119 na potrzeby kontroli dost\u0119pu.<\/p>\n<\/li>\n<\/ul>","protected":false},"featured_media":6677,"comment_status":"closed","ping_status":"closed","template":"","meta":[],"product_brand":[],"product_cat":[41],"product_tag":[],"class_list":{"0":"post-6671","1":"product","2":"type-product","3":"status-publish","4":"has-post-thumbnail","6":"product_cat-tyvek","8":"first","9":"instock","10":"shipping-taxable","11":"product-type-simple"},"_links":{"self":[{"href":"https:\/\/displayproducts.eu\/pl\/wp-json\/wp\/v2\/product\/6671","targetHints":{"allow":["GET"]}}],"collection":[{"href":"https:\/\/displayproducts.eu\/pl\/wp-json\/wp\/v2\/product"}],"about":[{"href":"https:\/\/displayproducts.eu\/pl\/wp-json\/wp\/v2\/types\/product"}],"replies":[{"embeddable":true,"href":"https:\/\/displayproducts.eu\/pl\/wp-json\/wp\/v2\/comments?post=6671"}],"wp:featuredmedia":[{"embeddable":true,"href":"https:\/\/displayproducts.eu\/pl\/wp-json\/wp\/v2\/media\/6677"}],"wp:attachment":[{"href":"https:\/\/displayproducts.eu\/pl\/wp-json\/wp\/v2\/media?parent=6671"}],"wp:term":[{"taxonomy":"product_brand","embeddable":true,"href":"https:\/\/displayproducts.eu\/pl\/wp-json\/wp\/v2\/product_brand?post=6671"},{"taxonomy":"product_cat","embeddable":true,"href":"https:\/\/displayproducts.eu\/pl\/wp-json\/wp\/v2\/product_cat?post=6671"},{"taxonomy":"product_tag","embeddable":true,"href":"https:\/\/displayproducts.eu\/pl\/wp-json\/wp\/v2\/product_tag?post=6671"}],"curies":[{"name":"wp","href":"https:\/\/api.w.org\/{rel}","templated":true}]}}