{"id":6618,"date":"2026-01-09T15:51:34","date_gmt":"2026-01-09T12:51:34","guid":{"rendered":"https:\/\/wristbandfactory.eu\/?post_type=product&#038;p=6618"},"modified":"2026-04-01T21:52:34","modified_gmt":"2026-04-01T18:52:34","slug":"custom-natural-cork-wristbands","status":"publish","type":"product","link":"https:\/\/displayproducts.eu\/pl\/p\/custom-natural-cork-wristbands\/","title":{"rendered":"Opaski z naturalnego korka"},"content":{"rendered":"<p data-path-to-node=\"10\">Z\u0142\u00f3\u017c odwa\u017cne o\u015bwiadczenie na temat zr\u00f3wnowa\u017conego rozwoju dzi\u0119ki naszemu <b data-path-to-node=\"10\" data-index-in-node=\"77\">Opaski z naturalnego korka<\/b>. Pozyskiwany z kory d\u0119b\u00f3w korkowych bez szkody dla samego drzewa, materia\u0142 ten jest jednym z najbardziej ekologicznych dost\u0119pnych zasob\u00f3w. Te opaski to idealny wyb\u00f3r na konferencje ekologiczne, o\u015brodki wypoczynkowe i festiwale, gdzie chce si\u0119 wyeliminowa\u0107 odpady plastikowe, oferuj\u0105c jednocze\u015bnie go\u015bciom wysokiej jako\u015bci dodatek.<\/p>\n<p data-path-to-node=\"11\">W przeciwie\u0144stwie do materia\u0142\u00f3w syntetycznych, ka\u017cda opaska korkowa ma unikalny, naturalny wz\u00f3r s\u0142oj\u00f3w. Materia\u0142 jest mi\u0119kki w dotyku, lekki i zaskakuj\u0105co trwa\u0142y \u2013 naturalnie odpycha wod\u0119 i pot. Aby uzyska\u0107 idealny, ekologiczny wygl\u0105d, polecamy <b data-path-to-node=\"11\" data-index-in-node=\"239\">Grawerowanie laserowe<\/b> Twoje logo, kt\u00f3re tworzy ciemny, wyra\u017any kontrast na z\u0142otym korkowym tle bez u\u017cycia \u017cadnych chemicznych tuszy.<\/p>\n<h2 data-path-to-node=\"12\">G\u0142\u00f3wne cechy<\/h2>\n<ul data-path-to-node=\"13\">\n<li>\n<p data-path-to-node=\"13,0,0\"><b data-path-to-node=\"13,0,0\" data-index-in-node=\"0\">Zasoby odnawialne:<\/b> Korek pozyskiwany jest w spos\u00f3b zr\u00f3wnowa\u017cony; drzewo regeneruje kor\u0119, dzi\u0119ki czemu jest to produkt wolny od poczucia winy.<\/p>\n<\/li>\n<li>\n<p data-path-to-node=\"13,1,0\"><b data-path-to-node=\"13,1,0\" data-index-in-node=\"0\">Branding premium:<\/b> Wybierz pomi\u0119dzy ostrym czarnym nadrukiem sitodrukowym a zaawansowanym grawerunkiem laserowym, daj\u0105cym wra\u017cenie dotyku.<\/p>\n<\/li>\n<li>\n<p data-path-to-node=\"13,2,0\"><b data-path-to-node=\"13,2,0\" data-index-in-node=\"0\">Bezpieczne blokowanie:<\/b> Dost\u0119pne w wersji zr\u00f3wnowa\u017conej <b data-path-to-node=\"13,2,0\" data-index-in-node=\"45\">Drewniany suwak<\/b> lub koralik bambusowy uzupe\u0142niaj\u0105cy profil 100% bez plastiku (dost\u0119pne s\u0105 r\u00f3wnie\u017c standardowe blokady plastikowe).<\/p>\n<\/li>\n<li>\n<p data-path-to-node=\"13,3,0\"><b data-path-to-node=\"13,3,0\" data-index-in-node=\"0\">Hipoalergiczne:<\/b> Idealne dla os\u00f3b o wra\u017cliwej sk\u00f3rze, gdy\u017c korek jest odporny na kurz i bakterie.<\/p>\n<\/li>\n<\/ul>\n<h2 data-path-to-node=\"14\">Specyfikacje<\/h2>\n<ul data-path-to-node=\"15\">\n<li>\n<p data-path-to-node=\"15,0,0\"><b data-path-to-node=\"15,0,0\" data-index-in-node=\"0\">Tworzywo:<\/b> Warstwa naturalnego korka (wzmocniony sp\u00f3d)<\/p>\n<\/li>\n<li>\n<p data-path-to-node=\"15,1,0\"><b data-path-to-node=\"15,1,0\" data-index-in-node=\"0\">Metoda brandingu:<\/b> Grawerowanie laserowe (zalecane) lub sitodruk<\/p>\n<\/li>\n<li>\n<p data-path-to-node=\"15,2,0\"><b data-path-to-node=\"15,2,0\" data-index-in-node=\"0\">Rozmiar:<\/b> 350 mm x 15 mm (regulowane)<\/p>\n<\/li>\n<li>\n<p data-path-to-node=\"15,3,0\"><b data-path-to-node=\"15,3,0\" data-index-in-node=\"0\">Wodoodporny:<\/b> Tak (naturalnie wodoodporny)<\/p>\n<\/li>\n<li>\n<p data-path-to-node=\"15,4,0\"><b data-path-to-node=\"15,4,0\" data-index-in-node=\"0\">Opcje blokady:<\/b> Koralik drewniany, suwak bambusowy lub plastik z recyklingu<\/p>\n<\/li>\n<li>\n<p data-path-to-node=\"15,5,0\"><b data-path-to-node=\"15,5,0\" data-index-in-node=\"0\">Minimalna ilo\u015b\u0107:<\/b> 100 jednostek<\/p>\n<\/li>\n<\/ul>\n<h2 data-path-to-node=\"16\">Przypadki u\u017cycia<\/h2>\n<ul data-path-to-node=\"17\">\n<li>\n<p data-path-to-node=\"17,0,0\"><b data-path-to-node=\"17,0,0\" data-index-in-node=\"0\">Konferencje na temat zr\u00f3wnowa\u017conego rozwoju:<\/b> Doskona\u0142a akredytacja na wydarzenia po\u015bwi\u0119cone klimatowi i \u015brodowisku.<\/p>\n<\/li>\n<li>\n<p data-path-to-node=\"17,1,0\"><b data-path-to-node=\"17,1,0\" data-index-in-node=\"0\">Eko-o\u015brodki i glamping:<\/b> Odpowiada naturalnej estetyce luksusowych miejsc zakwaterowania na \u015bwie\u017cym powietrzu.<\/p>\n<\/li>\n<li>\n<p data-path-to-node=\"17,2,0\"><b data-path-to-node=\"17,2,0\" data-index-in-node=\"0\">Festiwale Wina:<\/b> Tematyczne nawi\u0105zanie do kork\u00f3w do wina sprawia, \u017ce jest to zabawne i istotne narz\u0119dzie budowania marki.<\/p>\n<\/li>\n<li>\n<p data-path-to-node=\"17,3,0\"><b data-path-to-node=\"17,3,0\" data-index-in-node=\"0\">Gale charytatywne:<\/b> Wyrafinowany, stonowany wygl\u0105d na ekskluzywne imprezy charytatywne.<\/p>\n<\/li>\n<\/ul>","protected":false},"excerpt":{"rendered":"<ul>\n<li>\n<p data-path-to-node=\"9,0,0\"><b data-path-to-node=\"9,0,0\" data-index-in-node=\"0\">100% Naturalna estetyka:<\/b> Wykonane z prawdziwego korka, oferuj\u0105ce wyj\u0105tkow\u0105, organiczn\u0105 faktur\u0119 przypominaj\u0105c\u0105 drewno.<\/p>\n<\/li>\n<li>\n<p data-path-to-node=\"9,1,0\"><b data-path-to-node=\"9,1,0\" data-index-in-node=\"0\">Wyb\u00f3r przyjazny dla \u015brodowiska:<\/b> Odnawialna, biodegradowalna alternatywa dla plastiku, idealna na \u201czielone\u201d wydarzenia.<\/p>\n<\/li>\n<li>\n<p data-path-to-node=\"9,2,0\"><b data-path-to-node=\"9,2,0\" data-index-in-node=\"0\">Grawerowanie laserowe:<\/b> Branding jest wypalany bezpo\u015brednio w korku, co zapewnia trwa\u0142e, wysokiej jako\u015bci wyko\u0144czenie (dost\u0119pny jest r\u00f3wnie\u017c nadruk tuszem).<\/p>\n<\/li>\n<li>\n<p data-path-to-node=\"9,3,0\"><b data-path-to-node=\"9,3,0\" data-index-in-node=\"0\">Naturalnie trwa\u0142e:<\/b> Korek jest materia\u0142em naturalnie wodoodpornym, hipoalergicznym i komfortowym w przypadku d\u0142ugotrwa\u0142ego noszenia.<\/p>\n<\/li>\n<\/ul>","protected":false},"featured_media":6620,"comment_status":"closed","ping_status":"closed","template":"","meta":[],"product_brand":[],"product_cat":[133,47],"product_tag":[],"class_list":{"0":"post-6618","1":"product","2":"type-product","3":"status-publish","4":"has-post-thumbnail","6":"product_cat-eco-friendly-wristbands","7":"product_cat-fabric-wristbands","9":"first","10":"instock","11":"shipping-taxable","12":"purchasable","13":"product-type-simple"},"_links":{"self":[{"href":"https:\/\/displayproducts.eu\/pl\/wp-json\/wp\/v2\/product\/6618","targetHints":{"allow":["GET"]}}],"collection":[{"href":"https:\/\/displayproducts.eu\/pl\/wp-json\/wp\/v2\/product"}],"about":[{"href":"https:\/\/displayproducts.eu\/pl\/wp-json\/wp\/v2\/types\/product"}],"replies":[{"embeddable":true,"href":"https:\/\/displayproducts.eu\/pl\/wp-json\/wp\/v2\/comments?post=6618"}],"wp:featuredmedia":[{"embeddable":true,"href":"https:\/\/displayproducts.eu\/pl\/wp-json\/wp\/v2\/media\/6620"}],"wp:attachment":[{"href":"https:\/\/displayproducts.eu\/pl\/wp-json\/wp\/v2\/media?parent=6618"}],"wp:term":[{"taxonomy":"product_brand","embeddable":true,"href":"https:\/\/displayproducts.eu\/pl\/wp-json\/wp\/v2\/product_brand?post=6618"},{"taxonomy":"product_cat","embeddable":true,"href":"https:\/\/displayproducts.eu\/pl\/wp-json\/wp\/v2\/product_cat?post=6618"},{"taxonomy":"product_tag","embeddable":true,"href":"https:\/\/displayproducts.eu\/pl\/wp-json\/wp\/v2\/product_tag?post=6618"}],"curies":[{"name":"wp","href":"https:\/\/api.w.org\/{rel}","templated":true}]}}