{"id":6615,"date":"2026-01-09T15:29:35","date_gmt":"2026-01-09T12:29:35","guid":{"rendered":"https:\/\/wristbandfactory.eu\/?post_type=product&#038;p=6615"},"modified":"2026-04-01T21:52:34","modified_gmt":"2026-04-01T18:52:34","slug":"custom-full-color-vinyl-wristbands","status":"publish","type":"product","link":"https:\/\/displayproducts.eu\/pl\/p\/custom-full-color-vinyl-wristbands\/","title":{"rendered":"Opaski winylowe z nadrukiem pe\u0142nokolorowym"},"content":{"rendered":"<p data-path-to-node=\"10\">Podnie\u015b poziom brandingu swojego wydarzenia dzi\u0119ki naszym <b data-path-to-node=\"10\" data-index-in-node=\"62\">Opaski winylowe z nadrukiem pe\u0142nokolorowym<\/b>. Podczas gdy standardowe opaski ograniczaj\u0105 si\u0119 do prostych, jednokolorowych logotyp\u00f3w, te opaski premium wykorzystuj\u0105 zaawansowane <b data-path-to-node=\"10\" data-index-in-node=\"200\">Technologia druku cyfrowego CMYK<\/b> do reprodukcji obraz\u00f3w fotograficznych, p\u0142ynnych przej\u015b\u0107 barwnych i niezwykle szczeg\u00f3\u0142owych grafik bezpo\u015brednio na powierzchni opaski.<\/p>\n<p data-path-to-node=\"11\">Zaprojektowane z my\u015bl\u0105 o presti\u017cowych wydarzeniach, festiwalach i o\u015brodkach wypoczynkowych, <b data-path-to-node=\"11\" data-index-in-node=\"62\">Szeroka twarz (kszta\u0142t litery L)<\/b> Struktura maksymalizuje powierzchni\u0119 nadruku, co czyni j\u0105 idealnym wyborem do prezentacji logo sponsor\u00f3w lub skomplikowanych grafik. Pomimo wysokiej jako\u015bci wyko\u0144czenia, opaski te zachowuj\u0105 wiod\u0105ce w bran\u017cy zabezpieczenia, jakich oczekujesz, w tym zatrzask zabezpieczaj\u0105cy przed manipulacj\u0105 i wodoodporn\u0105 konstrukcj\u0119 z tr\u00f3jwarstwowego laminatu, kt\u00f3ra wytrzyma p\u0142ywanie, prysznice i d\u0142ugotrwa\u0142e noszenie.<\/p>\n<h2 data-path-to-node=\"12\">G\u0142\u00f3wne cechy<\/h2>\n<ul data-path-to-node=\"13\">\n<li>\n<p data-path-to-node=\"13,0,0\"><b data-path-to-node=\"13,0,0\" data-index-in-node=\"0\">Wydruk w jako\u015bci fotograficznej:<\/b> Odwzoruj dowolny projekt, w tym zdj\u0119cia i gradienty, z wyra\u017anymi szczeg\u00f3\u0142ami o wysokiej rozdzielczo\u015bci.<\/p>\n<\/li>\n<li>\n<p data-path-to-node=\"13,1,0\"><b data-path-to-node=\"13,1,0\" data-index-in-node=\"0\">Blokada zabezpieczaj\u0105ca przed manipulacj\u0105:<\/b> Aby zdj\u0105\u0107 opask\u0119, nale\u017cy zniszczy\u0107 sta\u0142y plastikowy zatrzask, co zapewnia pe\u0142ne bezpiecze\u0144stwo.<\/p>\n<\/li>\n<li>\n<p data-path-to-node=\"13,2,0\"><b data-path-to-node=\"13,2,0\" data-index-in-node=\"0\">Wodoodporny i odporny na rozdarcia:<\/b> Doskonale nadaj\u0105 si\u0119 do wielodniowego u\u017cytkowania w wilgotnych warunkach, np. w parkach wodnych i kurortach nadmorskich.<\/p>\n<\/li>\n<li>\n<p data-path-to-node=\"13,3,0\"><b data-path-to-node=\"13,3,0\" data-index-in-node=\"0\">Gotowo\u015b\u0107 do zmiennych danych:<\/b> Mo\u017cliwo\u015b\u0107 nadruku unikalnych kod\u00f3w QR, kod\u00f3w kreskowych i numer\u00f3w seryjnych w celu zintegrowanej kontroli dost\u0119pu.<\/p>\n<\/li>\n<\/ul>\n<h2 data-path-to-node=\"14\">Specyfikacje<\/h2>\n<ul data-path-to-node=\"15\">\n<li>\n<p data-path-to-node=\"15,0,0\"><b data-path-to-node=\"15,0,0\" data-index-in-node=\"0\">Tworzywo:<\/b> 3-warstwowy winyl tr\u00f3jwarstwowy<\/p>\n<\/li>\n<li>\n<p data-path-to-node=\"15,1,0\"><b data-path-to-node=\"15,1,0\" data-index-in-node=\"0\">Metoda drukowania:<\/b> Druk cyfrowy CMYK (pe\u0142ny kolor)<\/p>\n<\/li>\n<li>\n<p data-path-to-node=\"15,2,0\"><b data-path-to-node=\"15,2,0\" data-index-in-node=\"0\">Model:<\/b> Szeroka twarz \/ kszta\u0142t litery L<\/p>\n<\/li>\n<li>\n<p data-path-to-node=\"15,3,0\"><b data-path-to-node=\"15,3,0\" data-index-in-node=\"0\">Zamkni\u0119cie:<\/b> Jednorazowy plastikowy zatrzask<\/p>\n<\/li>\n<li>\n<p data-path-to-node=\"15,4,0\"><b data-path-to-node=\"15,4,0\" data-index-in-node=\"0\">Wodoodporny:<\/b> Tak (100%)<\/p>\n<\/li>\n<li>\n<p data-path-to-node=\"15,5,0\"><b data-path-to-node=\"15,5,0\" data-index-in-node=\"0\">Czas produkcji:<\/b> 5-10 dni roboczych<\/p>\n<\/li>\n<li>\n<p data-path-to-node=\"15,6,0\"><b data-path-to-node=\"15,6,0\" data-index-in-node=\"0\">Minimalna ilo\u015b\u0107:<\/b> 100 jednostek<\/p>\n<\/li>\n<\/ul>\n<h2 data-path-to-node=\"16\">Przypadki u\u017cycia<\/h2>\n<ul data-path-to-node=\"17\">\n<li>\n<p data-path-to-node=\"17,0,0\"><b data-path-to-node=\"17,0,0\" data-index-in-node=\"0\">Festiwale muzyczne:<\/b> Skomplikowane, trudne do podrobienia wzory s\u0142u\u017c\u0105 jako bezpieczne po\u015bwiadczenia umo\u017cliwiaj\u0105ce wej\u015bcie na kilka dni.<\/p>\n<\/li>\n<li>\n<p data-path-to-node=\"17,1,0\"><b data-path-to-node=\"17,1,0\" data-index-in-node=\"0\">VIP i za kulisami:<\/b> Pe\u0142nokolorowy wygl\u0105d premium pozwala odr\u00f3\u017cni\u0107 go\u015bci VIP od zwyk\u0142ych go\u015bci.<\/p>\n<\/li>\n<li>\n<p data-path-to-node=\"17,2,0\"><b data-path-to-node=\"17,2,0\" data-index-in-node=\"0\">Sponsorowanie:<\/b> Du\u017ca powierzchnia pozwala na wyra\u017ane i kolorowe wy\u015bwietlanie logo sponsor\u00f3w.<\/p>\n<\/li>\n<li>\n<p data-path-to-node=\"17,3,0\"><b data-path-to-node=\"17,3,0\" data-index-in-node=\"0\">O\u015brodki wypoczynkowe i hotele:<\/b> Wystarczaj\u0105co trwa\u0142e, by przez tydzie\u0144 mo\u017cna by\u0142o je identyfikowa\u0107 jako go\u015bci, a przy tym prezentuj\u0105 si\u0119 elegancko.<\/p>\n<\/li>\n<\/ul>","protected":false},"excerpt":{"rendered":"<ul>\n<li>\n<p data-path-to-node=\"9,0,0\"><b data-path-to-node=\"9,0,0\" data-index-in-node=\"0\">Nieograniczone kolory:<\/b> Druk cyfrowy CMYK umo\u017cliwia tworzenie zdj\u0119\u0107, gradient\u00f3w i skomplikowanych wzor\u00f3w bez ogranicze\u0144 kolorystycznych.<\/p>\n<\/li>\n<li>\n<p data-path-to-node=\"9,1,0\"><b data-path-to-node=\"9,1,0\" data-index-in-node=\"0\">Maksymalna przestrze\u0144 marki:<\/b> \u201cKonstrukcja \u201dWide Face\u201d zapewnia du\u017c\u0105 powierzchni\u0119 do umieszczania logo sponsor\u00f3w i grafiki wydarze\u0144.<\/p>\n<\/li>\n<li>\n<p data-path-to-node=\"9,2,0\"><b data-path-to-node=\"9,2,0\" data-index-in-node=\"0\">Wysoki poziom bezpiecze\u0144stwa:<\/b> Jednorazowe plastikowe zapi\u0119cie zatrzaskowe zapobiega przenoszeniu i ponownemu u\u017cyciu mi\u0119dzy go\u015b\u0107mi.<\/p>\n<\/li>\n<li>\n<p data-path-to-node=\"9,3,0\"><b data-path-to-node=\"9,3,0\" data-index-in-node=\"0\">Najwy\u017csza trwa\u0142o\u015b\u0107:<\/b> Tr\u00f3jwarstwowa konstrukcja winylowa gwarantuje, \u017ce opaska pozostanie nienaruszona i \u017cywa przez ponad 7 dni.<\/p>\n<\/li>\n<\/ul>","protected":false},"featured_media":6616,"comment_status":"closed","ping_status":"closed","template":"","meta":[],"product_brand":[],"product_cat":[51],"product_tag":[],"class_list":{"0":"post-6615","1":"product","2":"type-product","3":"status-publish","4":"has-post-thumbnail","6":"product_cat-vinyl","8":"first","9":"instock","10":"shipping-taxable","11":"purchasable","12":"product-type-simple"},"_links":{"self":[{"href":"https:\/\/displayproducts.eu\/pl\/wp-json\/wp\/v2\/product\/6615","targetHints":{"allow":["GET"]}}],"collection":[{"href":"https:\/\/displayproducts.eu\/pl\/wp-json\/wp\/v2\/product"}],"about":[{"href":"https:\/\/displayproducts.eu\/pl\/wp-json\/wp\/v2\/types\/product"}],"replies":[{"embeddable":true,"href":"https:\/\/displayproducts.eu\/pl\/wp-json\/wp\/v2\/comments?post=6615"}],"wp:featuredmedia":[{"embeddable":true,"href":"https:\/\/displayproducts.eu\/pl\/wp-json\/wp\/v2\/media\/6616"}],"wp:attachment":[{"href":"https:\/\/displayproducts.eu\/pl\/wp-json\/wp\/v2\/media?parent=6615"}],"wp:term":[{"taxonomy":"product_brand","embeddable":true,"href":"https:\/\/displayproducts.eu\/pl\/wp-json\/wp\/v2\/product_brand?post=6615"},{"taxonomy":"product_cat","embeddable":true,"href":"https:\/\/displayproducts.eu\/pl\/wp-json\/wp\/v2\/product_cat?post=6615"},{"taxonomy":"product_tag","embeddable":true,"href":"https:\/\/displayproducts.eu\/pl\/wp-json\/wp\/v2\/product_tag?post=6615"}],"curies":[{"name":"wp","href":"https:\/\/api.w.org\/{rel}","templated":true}]}}