{"id":6609,"date":"2026-01-06T13:25:58","date_gmt":"2026-01-06T10:25:58","guid":{"rendered":"https:\/\/wristbandfactory.eu\/?post_type=product&#038;p=6609"},"modified":"2026-04-01T21:52:03","modified_gmt":"2026-04-01T18:52:03","slug":"custom-full-color-microfiber-suede-towels","status":"publish","type":"product","link":"https:\/\/displayproducts.eu\/pl\/p\/custom-full-color-microfiber-suede-towels\/","title":{"rendered":"R\u0119czniki z mikrofibry z nadrukiem"},"content":{"rendered":"<p data-path-to-node=\"9\">Podkre\u015bl obecno\u015b\u0107 swojej marki na si\u0142owni, pla\u017cy lub podczas wydarze\u0144 sportowych dzi\u0119ki naszym ekskluzywnym r\u0119cznikom z mikrofibry z zamszu. W przeciwie\u0144stwie do tradycyjnych r\u0119cznik\u00f3w, mikrofibra z wyko\u0144czeniem zamszowym zapewnia g\u0142adk\u0105, pozbawion\u0105 p\u0119telek powierzchni\u0119, co pozwala na uzyskanie niezwykle ostrych i \u017cywych, pe\u0142nokolorowych nadruk\u00f3w, dzi\u0119ki czemu Twoje logo lub grafika b\u0119d\u0105 si\u0119 wyr\u00f3\u017cnia\u0107 z fotograficzn\u0105 wyrazisto\u015bci\u0105.<\/p>\n<h2 data-path-to-node=\"10\">G\u0142\u00f3wne cechy<\/h2>\n<ul data-path-to-node=\"11\">\n<li>\n<p data-path-to-node=\"11,0,0\"><b data-path-to-node=\"11,0,0\" data-index-in-node=\"0\">\u017bywa sublimacja:<\/b> Stosujemy zaawansowany druk termotransferowy, aby mie\u0107 pewno\u015b\u0107, \u017ce kolory pozostan\u0105 \u017cywe nawet po wielokrotnym praniu.<\/p>\n<\/li>\n<li>\n<p data-path-to-node=\"11,1,0\"><b data-path-to-node=\"11,1,0\" data-index-in-node=\"0\">Wyko\u0144czenie zamszowe:<\/b> Mi\u0119kka, szczotkowana faktura jest przyjemna w dotyku, a jednocze\u015bnie bardzo funkcjonalna i odporna na piasek.<\/p>\n<\/li>\n<li>\n<p data-path-to-node=\"11,2,0\"><b data-path-to-node=\"11,2,0\" data-index-in-node=\"0\">Tusze przyjazne dla \u015brodowiska:<\/b> W naszym procesie drukowania stosujemy bezpieczne i trwa\u0142e tusze, nadaj\u0105ce si\u0119 do codziennego u\u017cytku.<\/p>\n<\/li>\n<li>\n<p data-path-to-node=\"11,3,0\"><b data-path-to-node=\"11,3,0\" data-index-in-node=\"0\">Wszechstronne rozmiary:<\/b> Wybierz r\u0119cznik do r\u0105k (50x70 cm) lub du\u017cy r\u0119cznik pla\u017cowy (80x160 cm).<\/p>\n<\/li>\n<\/ul>\n<h2 data-path-to-node=\"12\">Specyfikacje<\/h2>\n<ul data-path-to-node=\"13\">\n<li>\n<p data-path-to-node=\"13,0,0\"><b data-path-to-node=\"13,0,0\" data-index-in-node=\"0\">Tworzywo:<\/b> 100% Mikrofibra Zamszowa (Mieszanka Poliestru\/Poliamidu).<\/p>\n<\/li>\n<li>\n<p data-path-to-node=\"13,1,0\"><b data-path-to-node=\"13,1,0\" data-index-in-node=\"0\">Rozmiary standardowe:<\/b> 50x70cm, 50x100cm, 70x140cm, 80x160cm.<\/p>\n<\/li>\n<li>\n<p data-path-to-node=\"13,2,0\"><b data-path-to-node=\"13,2,0\" data-index-in-node=\"0\">Personalizacja:<\/b> Nadruk cyfrowy na ca\u0142ej powierzchni (jednostronny lub dwustronny).<\/p>\n<\/li>\n<li>\n<p data-path-to-node=\"13,3,0\"><b data-path-to-node=\"13,3,0\" data-index-in-node=\"0\">Opcje z w\u0142asnym nadrukiem:<\/b> Z w\u0142asnym nadrukiem rozmiary i kszta\u0142ty dost\u0119pne na \u017cyczenie.<\/p>\n<\/li>\n<li>\n<p data-path-to-node=\"13,4,0\"><b data-path-to-node=\"13,4,0\" data-index-in-node=\"0\">Waga:<\/b> Lekkie i sk\u0142adane, \u0142atwe w transporcie.<\/p>\n<\/li>\n<\/ul>\n<h2 data-path-to-node=\"14\">Przypadki u\u017cycia<\/h2>\n<ul data-path-to-node=\"15\">\n<li>\n<p data-path-to-node=\"15,0,0\"><b data-path-to-node=\"15,0,0\" data-index-in-node=\"0\">To\u017csamo\u015b\u0107 korporacyjna:<\/b> Ekskluzywne prezenty dla pracownik\u00f3w i partner\u00f3w.<\/p>\n<\/li>\n<li>\n<p data-path-to-node=\"15,1,0\"><b data-path-to-node=\"15,1,0\" data-index-in-node=\"0\">Sport i fitness:<\/b> Markowy sprz\u0119t do box\u00f3w CrossFit, klub\u00f3w p\u0142ywackich i studi\u00f3w jogi.<\/p>\n<\/li>\n<li>\n<p data-path-to-node=\"15,2,0\"><b data-path-to-node=\"15,2,0\" data-index-in-node=\"0\">Merchandising imprezowy:<\/b> Pami\u0105tkowe pami\u0105tki na festiwale i zawody plenerowe.<\/p>\n<\/li>\n<li>\n<p data-path-to-node=\"15,3,0\"><b data-path-to-node=\"15,3,0\" data-index-in-node=\"0\">Turystyka i hotelarstwo:<\/b> R\u0119czniki pla\u017cowe na zapytanie ofertowe dla hoteli, spa i o\u015brodk\u00f3w wypoczynkowych.<\/p>\n<\/li>\n<\/ul>\n<p data-path-to-node=\"16\">","protected":false},"excerpt":{"rendered":"<p data-path-to-node=\"7\">Nasze spersonalizowane r\u0119czniki z mikrofibry zamszowej oferuj\u0105 wysokiej jako\u015bci, mi\u0119kk\u0105 w dotyku powierzchni\u0119, idealn\u0105 do nadruku w wysokiej rozdzielczo\u015bci i w pe\u0142nym kolorze. Idealne dla klub\u00f3w sportowych, na prezenty firmowe i eventy.<\/p>\n<ul data-path-to-node=\"8\">\n<li>\n<p data-path-to-node=\"8,0,0\"><b data-path-to-node=\"8,0,0\" data-index-in-node=\"0\">Branding w jako\u015bci fotograficznej:<\/b> Nadruk sublimacyjny w pe\u0142nym kolorze od kraw\u0119dzi do kraw\u0119dzi.<\/p>\n<\/li>\n<li>\n<p data-path-to-node=\"8,1,0\"><b data-path-to-node=\"8,1,0\" data-index-in-node=\"0\">Technologia szybkiego suszenia:<\/b> Wysokiej jako\u015bci materia\u0142 zamszowy z mikrofibry, kt\u00f3ry schnie znacznie szybciej ni\u017c bawe\u0142na.<\/p>\n<\/li>\n<li>\n<p data-path-to-node=\"8,2,0\"><b data-path-to-node=\"8,2,0\" data-index-in-node=\"0\">W pe\u0142ni konfigurowalny:<\/b> Dost\u0119pne w czterech standardowych rozmiarach lub wymiarach niestandardowych, dostosowanych do potrzeb Twojej marki.<\/p>\n<\/li>\n<li>\n<p data-path-to-node=\"8,3,0\"><b data-path-to-node=\"8,3,0\" data-index-in-node=\"0\">Kompaktowy i lekki:<\/b> Doskonale nadaj\u0105 si\u0119 do podr\u00f3\u017cy, na si\u0142owni\u0119 lub jako gad\u017cety reklamowe.<\/p>\n<\/li>\n<\/ul>","protected":false},"featured_media":6610,"comment_status":"closed","ping_status":"closed","template":"","meta":[],"product_brand":[],"product_cat":[129,118],"product_tag":[],"class_list":{"0":"post-6609","1":"product","2":"type-product","3":"status-publish","4":"has-post-thumbnail","6":"product_cat-leisure-lifestyle","7":"product_cat-sports-fitness","9":"first","10":"instock","11":"shipping-taxable","12":"purchasable","13":"product-type-simple"},"_links":{"self":[{"href":"https:\/\/displayproducts.eu\/pl\/wp-json\/wp\/v2\/product\/6609","targetHints":{"allow":["GET"]}}],"collection":[{"href":"https:\/\/displayproducts.eu\/pl\/wp-json\/wp\/v2\/product"}],"about":[{"href":"https:\/\/displayproducts.eu\/pl\/wp-json\/wp\/v2\/types\/product"}],"replies":[{"embeddable":true,"href":"https:\/\/displayproducts.eu\/pl\/wp-json\/wp\/v2\/comments?post=6609"}],"wp:featuredmedia":[{"embeddable":true,"href":"https:\/\/displayproducts.eu\/pl\/wp-json\/wp\/v2\/media\/6610"}],"wp:attachment":[{"href":"https:\/\/displayproducts.eu\/pl\/wp-json\/wp\/v2\/media?parent=6609"}],"wp:term":[{"taxonomy":"product_brand","embeddable":true,"href":"https:\/\/displayproducts.eu\/pl\/wp-json\/wp\/v2\/product_brand?post=6609"},{"taxonomy":"product_cat","embeddable":true,"href":"https:\/\/displayproducts.eu\/pl\/wp-json\/wp\/v2\/product_cat?post=6609"},{"taxonomy":"product_tag","embeddable":true,"href":"https:\/\/displayproducts.eu\/pl\/wp-json\/wp\/v2\/product_tag?post=6609"}],"curies":[{"name":"wp","href":"https:\/\/api.w.org\/{rel}","templated":true}]}}