{"id":6607,"date":"2026-01-06T12:55:23","date_gmt":"2026-01-06T09:55:23","guid":{"rendered":"https:\/\/wristbandfactory.eu\/?post_type=product&#038;p=6607"},"modified":"2026-04-01T21:52:34","modified_gmt":"2026-04-01T18:52:34","slug":"custom-round-cord-lanyards-with-printable-badge-slider","status":"publish","type":"product","link":"https:\/\/displayproducts.eu\/pl\/p\/custom-round-cord-lanyards-with-printable-badge-slider\/","title":{"rendered":"Smycze sznurkowe z nadrukiem na \u0142\u0105czniku"},"content":{"rendered":"<p data-path-to-node=\"8\">Nasze z w\u0142asnym nadrukiem, okr\u0105g\u0142e smycze z mo\u017cliwo\u015bci\u0105 nadruku stanowi\u0105 nowoczesn\u0105, minimalistyczn\u0105 alternatyw\u0119 dla tradycyjnych smyczy z p\u0142askiej ta\u015bmy. Centralnym elementem tego projektu jest okr\u0105g\u0142y plastikowy element mocuj\u0105cy, kt\u00f3ry mo\u017cna w pe\u0142ni spersonalizowa\u0107, umieszczaj\u0105c na nim logo firmy. Ten element nie tylko podkre\u015bla to\u017csamo\u015b\u0107 marki na wysoko\u015bci oczu, ale tak\u017ce zapewnia stabilne zamocowanie identyfikator\u00f3w, gwarantuj\u0105c, \u017ce b\u0119d\u0105 one zawsze skierowane do przodu przez ca\u0142y czas trwania wydarzenia.<\/p>\n<h2 data-path-to-node=\"9\">G\u0142\u00f3wne cechy<\/h2>\n<ul data-path-to-node=\"10\">\n<li>\n<p data-path-to-node=\"10,0,0\"><b data-path-to-node=\"10,0,0\" data-index-in-node=\"0\">Z\u0142\u0105cze plastikowe do druku:<\/b> Wytrzyma\u0142y suwak z tworzywa sztucznego jest zoptymalizowany pod k\u0105tem trwa\u0142ego nanoszenia logo, kt\u00f3re nie blaknie.<\/p>\n<\/li>\n<li>\n<p data-path-to-node=\"10,1,0\"><b data-path-to-node=\"10,1,0\" data-index-in-node=\"0\">Tekstura sznurka premium:<\/b> Sznurek o g\u0119stym splocie, kt\u00f3ry zachowuje sw\u00f3j kszta\u0142t i profesjonalny wygl\u0105d.<\/p>\n<\/li>\n<li>\n<p data-path-to-node=\"10,2,0\"><b data-path-to-node=\"10,2,0\" data-index-in-node=\"0\">Zoptymalizowane pod k\u0105tem odznak:<\/b> Zintegrowana p\u0119tla ma idealny rozmiar do standardowych klips\u00f3w do identyfikator\u00f3w i uchwyt\u00f3w na karty.<\/p>\n<\/li>\n<li>\n<p data-path-to-node=\"10,3,0\"><b data-path-to-node=\"10,3,0\" data-index-in-node=\"0\">Wszechstronna personalizacja:<\/b> Dost\u0119pne w szerokiej gamie kolor\u00f3w sznurka, aby idealnie dopasowa\u0107 je do identyfikacji wizualnej Twojej firmy.<\/p>\n<\/li>\n<\/ul>\n<h2 data-path-to-node=\"11\">Specyfikacje<\/h2>\n<ul data-path-to-node=\"12\">\n<li>\n<p data-path-to-node=\"12,0,0\"><b data-path-to-node=\"12,0,0\" data-index-in-node=\"0\">\u015arednica przewodu:<\/b> Wysokiej wytrzyma\u0142o\u015bci sznurek poliestrowy o grubo\u015bci 5 mm lub 6 mm.<\/p>\n<\/li>\n<li>\n<p data-path-to-node=\"12,1,0\"><b data-path-to-node=\"12,1,0\" data-index-in-node=\"0\">Materia\u0142 suwaka:<\/b> Wzmocnione tworzywo ABS z g\u0142adk\u0105 powierzchni\u0105 do drukowania.<\/p>\n<\/li>\n<li>\n<p data-path-to-node=\"12,2,0\"><b data-path-to-node=\"12,2,0\" data-index-in-node=\"0\">Wymiary suwaka:<\/b> Obszar znakowania o \u015brednicy od 25 mm do 30 mm.<\/p>\n<\/li>\n<li>\n<p data-path-to-node=\"12,3,0\"><b data-path-to-node=\"12,3,0\" data-index-in-node=\"0\">Typ za\u0142\u0105cznika:<\/b> Zintegrowana p\u0119tla na sznurku do mocowania identyfikator\u00f3w.<\/p>\n<\/li>\n<\/ul>\n<h2 data-path-to-node=\"13\">Przypadki u\u017cycia<\/h2>\n<ul data-path-to-node=\"14\">\n<li>\n<p data-path-to-node=\"14,0,0\"><b data-path-to-node=\"14,0,0\" data-index-in-node=\"0\">Szczyty wysokiego szczebla:<\/b> Doskonale nadaje si\u0119 na presti\u017cowe wydarzenia, takie jak Davos czy fora mi\u0119dzynarodowe, gdzie branding musi by\u0107 subtelny, ale jednocze\u015bnie profesjonalny.<\/p>\n<\/li>\n<li>\n<p data-path-to-node=\"14,1,0\"><b data-path-to-node=\"14,1,0\" data-index-in-node=\"0\">Identyfikacja korporacyjna:<\/b> Idealne rozwi\u0105zanie do noszenia na co dzie\u0144 dla pracownik\u00f3w wymagaj\u0105cych widocznego dost\u0119pu do identyfikatora.<\/p>\n<\/li>\n<li>\n<p data-path-to-node=\"14,2,0\"><b data-path-to-node=\"14,2,0\" data-index-in-node=\"0\">Branding wystawcy:<\/b> Nadaj swojemu personelowi targowemu ekskluzywny wygl\u0105d, kt\u00f3ry wyr\u00f3\u017cni si\u0119 na tle standardowych p\u0142askich smyczy.<\/p>\n<\/li>\n<\/ul>","protected":false},"excerpt":{"rendered":"<p data-path-to-node=\"6\">Profesjonalna, okr\u0105g\u0142a smycz z nadrukiem, wyposa\u017cona w specjalny, okr\u0105g\u0142y suwak. Ten element mocuj\u0105cy stanowi centralny punkt brandingu, zapewniaj\u0105c jednocze\u015bnie dobr\u0105 widoczno\u015b\u0107 i bezpieczne mocowanie identyfikator\u00f3w i przepustek na imprezy.<\/p>\n<ul data-path-to-node=\"7\">\n<li>\n<p data-path-to-node=\"7,0,0\"><b data-path-to-node=\"7,0,0\" data-index-in-node=\"0\">Branding o du\u017cym wp\u0142ywie:<\/b> Centralny suwak z tworzywa sztucznego tworzy p\u0142ask\u0105 i stabiln\u0105 powierzchni\u0119 do nadruku logo o wysokiej rozdzielczo\u015bci.<\/p>\n<\/li>\n<li>\n<p data-path-to-node=\"7,1,0\"><b data-path-to-node=\"7,1,0\" data-index-in-node=\"0\">Ergonomiczna konstrukcja:<\/b> Wygodny, okr\u0105g\u0142y przew\u00f3d zapobiega podra\u017cnieniom szyi podczas d\u0142ugich wydarze\u0144 korporacyjnych.<\/p>\n<\/li>\n<li>\n<p data-path-to-node=\"7,2,0\"><b data-path-to-node=\"7,2,0\" data-index-in-node=\"0\">Zintegrowane rozwi\u0105zanie ID:<\/b> Zaprojektowany specjalnie do wsp\u00f3\u0142pracy z plastikowymi uchwytami na identyfikatory i kartami zbli\u017ceniowymi bez konieczno\u015bci u\u017cywania dodatkowego sprz\u0119tu.<\/p>\n<\/li>\n<\/ul>","protected":false},"featured_media":6608,"comment_status":"closed","ping_status":"closed","template":"","meta":[],"product_brand":[],"product_cat":[125,105],"product_tag":[],"class_list":{"0":"post-6607","1":"product","2":"type-product","3":"status-publish","4":"has-post-thumbnail","6":"product_cat-cord-lanyards","7":"product_cat-badge-holder-lanyards","9":"first","10":"instock","11":"shipping-taxable","12":"purchasable","13":"product-type-simple"},"_links":{"self":[{"href":"https:\/\/displayproducts.eu\/pl\/wp-json\/wp\/v2\/product\/6607","targetHints":{"allow":["GET"]}}],"collection":[{"href":"https:\/\/displayproducts.eu\/pl\/wp-json\/wp\/v2\/product"}],"about":[{"href":"https:\/\/displayproducts.eu\/pl\/wp-json\/wp\/v2\/types\/product"}],"replies":[{"embeddable":true,"href":"https:\/\/displayproducts.eu\/pl\/wp-json\/wp\/v2\/comments?post=6607"}],"wp:featuredmedia":[{"embeddable":true,"href":"https:\/\/displayproducts.eu\/pl\/wp-json\/wp\/v2\/media\/6608"}],"wp:attachment":[{"href":"https:\/\/displayproducts.eu\/pl\/wp-json\/wp\/v2\/media?parent=6607"}],"wp:term":[{"taxonomy":"product_brand","embeddable":true,"href":"https:\/\/displayproducts.eu\/pl\/wp-json\/wp\/v2\/product_brand?post=6607"},{"taxonomy":"product_cat","embeddable":true,"href":"https:\/\/displayproducts.eu\/pl\/wp-json\/wp\/v2\/product_cat?post=6607"},{"taxonomy":"product_tag","embeddable":true,"href":"https:\/\/displayproducts.eu\/pl\/wp-json\/wp\/v2\/product_tag?post=6607"}],"curies":[{"name":"wp","href":"https:\/\/api.w.org\/{rel}","templated":true}]}}