{"id":6604,"date":"2026-01-06T01:05:42","date_gmt":"2026-01-05T22:05:42","guid":{"rendered":"https:\/\/wristbandfactory.eu\/?post_type=product&#038;p=6604"},"modified":"2026-04-01T21:52:03","modified_gmt":"2026-04-01T18:52:03","slug":"custom-rpet-sublimation-yoyo-keyring","status":"publish","type":"product","link":"https:\/\/displayproducts.eu\/pl\/p\/custom-rpet-sublimation-yoyo-keyring\/","title":{"rendered":"Smycz jojo z nadrukiem RPET"},"content":{"rendered":"<p data-path-to-node=\"10\">Brelok Subiner YoYo RPET to wielofunkcyjny dodatek dla nowoczesnych firm. Zaprojektowany z my\u015bl\u0105 o pracownikach, kt\u00f3rzy potrzebuj\u0105 szybkiego dost\u0119pu do identyfikator\u00f3w, kluczy lub brelok\u00f3w, ten zwijany brelok zapewnia wygod\u0119 u\u017cytkowania, a jednocze\u015bnie eksponuje Twoj\u0105 mark\u0119 w pe\u0142nym kolorze.<\/p>\n<h2 data-path-to-node=\"11\">G\u0142\u00f3wne cechy<\/h2>\n<p data-path-to-node=\"12\">Ka\u017cdy element zegarka Subiner YoYo zosta\u0142 zaprojektowany z my\u015bl\u0105 o trwa\u0142o\u015bci i widoczno\u015bci. Pasek z poliestru pochodz\u0105cego z recyklingu stanowi mi\u0119kk\u0105, a zarazem mocn\u0105 podstaw\u0119 do nadruku sublimacyjnego o wysokiej rozdzielczo\u015bci. W przeciwie\u0144stwie do standardowego sitodruku, sublimacja przenika w\u0142\u00f3kna, dzi\u0119ki czemu logo nie blaknie, nie p\u0119ka ani nie odkleja si\u0119 nawet przy intensywnym, codziennym u\u017cytkowaniu. Zintegrowany mechanizm teleskopowy zosta\u0142 przetestowany pod k\u0105tem trwa\u0142o\u015bci, zapewniaj\u0105c p\u0142ynne naci\u0105ganie za ka\u017cdym razem.<\/p>\n<h2 data-path-to-node=\"13\">Specyfikacje<\/h2>\n<ul data-path-to-node=\"14\">\n<li>\n<p data-path-to-node=\"14,0,0\"><b data-path-to-node=\"14,0,0\" data-index-in-node=\"0\">Tworzywo:<\/b> Poliester RPET z recyklingu (pasek i etykieta), aluminium (karabi\u0144czyk), metal (brelok do kluczy).<\/p>\n<\/li>\n<li>\n<p data-path-to-node=\"14,1,0\"><b data-path-to-node=\"14,1,0\" data-index-in-node=\"0\">Druk:<\/b> Dwustronna sublimacja w pe\u0142nym kolorze.<\/p>\n<\/li>\n<li>\n<p data-path-to-node=\"14,2,0\"><b data-path-to-node=\"14,2,0\" data-index-in-node=\"0\">Za\u0142\u0105czniki:<\/b> Teleskopowy uchwyt na identyfikator, karabi\u0144czyk i k\u00f3\u0142ko rozdzielcze.<\/p>\n<\/li>\n<li>\n<p data-path-to-node=\"14,3,0\"><b data-path-to-node=\"14,3,0\" data-index-in-node=\"0\">Zr\u00f3wnowa\u017cony rozw\u00f3j:<\/b> Zawiera wewn\u0119trzn\u0105 etykiet\u0119 RPET potwierdzaj\u0105c\u0105 wykorzystanie przyjaznych dla \u015brodowiska materia\u0142\u00f3w.<\/p>\n<\/li>\n<li>\n<p data-path-to-node=\"14,4,0\"><b data-path-to-node=\"14,4,0\" data-index-in-node=\"0\">Minimalna ilo\u015b\u0107 zam\u00f3wienia:<\/b> 100 sztuk.<\/p>\n<\/li>\n<\/ul>\n<h2 data-path-to-node=\"15\">Przypadki u\u017cycia<\/h2>\n<p data-path-to-node=\"16\">Breloczki YoYo idealnie sprawdzaj\u0105 si\u0119 w \u015brodowiskach korporacyjnych, gdzie identyfikatory s\u0105 cz\u0119sto skanowane. Doskonale sprawdzaj\u0105 si\u0119 jako gad\u017cety reklamowe na targach, bezpieczne zawieszki dla personelu eventowego lub element ekologicznego zestawu powitalnego dla nowych pracownik\u00f3w. Karabi\u0144czyk umo\u017cliwia \u0142atwe przymocowanie do szlufek, plecak\u00f3w lub smyczy, dzi\u0119ki czemu s\u0105 ch\u0119tnie wybierane w aktywnych \u015brodowiskach zawodowych.<\/p>","protected":false},"excerpt":{"rendered":"<p data-path-to-node=\"8\">Ten ekologiczny, teleskopowy brelok \u0142\u0105czy funkcjonalno\u015b\u0107 z wyrazistym brandingiem. Wykonany z przetworzonego tworzywa PET, posiada zwijany sznurek i bezpieczny karabi\u0144czyk, idealny do codziennego u\u017cytku w pracy.<\/p>\n<ul data-path-to-node=\"9\">\n<li>\n<p data-path-to-node=\"9,0,0\"><b data-path-to-node=\"9,0,0\" data-index-in-node=\"0\">Branding przyjazny dla \u015brodowiska:<\/b> Wykonane z wysokiej jako\u015bci poliestru RPET z recyklingu, aby wspiera\u0107 cele zr\u00f3wnowa\u017conego rozwoju przedsi\u0119biorstw.<\/p>\n<\/li>\n<li>\n<p data-path-to-node=\"9,1,0\"><b data-path-to-node=\"9,1,0\" data-index-in-node=\"0\">Pe\u0142nokolorowa personalizacja:<\/b> Dwustronny druk sublimacyjny pozwala na tworzenie skomplikowanych projekt\u00f3w fotograficznych si\u0119gaj\u0105cych od kraw\u0119dzi do kraw\u0119dzi.<\/p>\n<\/li>\n<li>\n<p data-path-to-node=\"9,2,0\"><b data-path-to-node=\"9,2,0\" data-index-in-node=\"0\">Wszechstronna konstrukcja 3 w 1:<\/b> Posiada teleskopowy uchwyt na identyfikator, solidny aluminiowy karabi\u0144czyk i metalowy brelok.<\/p>\n<\/li>\n<li>\n<p data-path-to-node=\"9,3,0\"><b data-path-to-node=\"9,3,0\" data-index-in-node=\"0\">Niskie wymagania minimalne B2B:<\/b> Profesjonalna produkcja na zapytanie ofertowe ju\u017c od 100 sztuk.<\/p>\n<\/li>\n<\/ul>","protected":false},"featured_media":6606,"comment_status":"closed","ping_status":"closed","template":"","meta":[],"product_brand":[],"product_cat":[105,94],"product_tag":[],"class_list":{"0":"post-6604","1":"product","2":"type-product","3":"status-publish","4":"has-post-thumbnail","6":"product_cat-badge-holder-lanyards","7":"product_cat-keychains","9":"first","10":"instock","11":"shipping-taxable","12":"purchasable","13":"product-type-simple"},"_links":{"self":[{"href":"https:\/\/displayproducts.eu\/pl\/wp-json\/wp\/v2\/product\/6604","targetHints":{"allow":["GET"]}}],"collection":[{"href":"https:\/\/displayproducts.eu\/pl\/wp-json\/wp\/v2\/product"}],"about":[{"href":"https:\/\/displayproducts.eu\/pl\/wp-json\/wp\/v2\/types\/product"}],"replies":[{"embeddable":true,"href":"https:\/\/displayproducts.eu\/pl\/wp-json\/wp\/v2\/comments?post=6604"}],"wp:featuredmedia":[{"embeddable":true,"href":"https:\/\/displayproducts.eu\/pl\/wp-json\/wp\/v2\/media\/6606"}],"wp:attachment":[{"href":"https:\/\/displayproducts.eu\/pl\/wp-json\/wp\/v2\/media?parent=6604"}],"wp:term":[{"taxonomy":"product_brand","embeddable":true,"href":"https:\/\/displayproducts.eu\/pl\/wp-json\/wp\/v2\/product_brand?post=6604"},{"taxonomy":"product_cat","embeddable":true,"href":"https:\/\/displayproducts.eu\/pl\/wp-json\/wp\/v2\/product_cat?post=6604"},{"taxonomy":"product_tag","embeddable":true,"href":"https:\/\/displayproducts.eu\/pl\/wp-json\/wp\/v2\/product_tag?post=6604"}],"curies":[{"name":"wp","href":"https:\/\/api.w.org\/{rel}","templated":true}]}}