{"id":6599,"date":"2026-01-06T00:43:04","date_gmt":"2026-01-05T21:43:04","guid":{"rendered":"https:\/\/wristbandfactory.eu\/?post_type=product&#038;p=6599"},"modified":"2026-04-01T21:52:34","modified_gmt":"2026-04-01T18:52:34","slug":"premium-fabric-wristbands-with-gold-thread","status":"publish","type":"product","link":"https:\/\/displayproducts.eu\/pl\/p\/premium-fabric-wristbands-with-gold-thread\/","title":{"rendered":"Materia\u0142owe opaski ze z\u0142ot\u0105 nici\u0105"},"content":{"rendered":"<p data-path-to-node=\"8\">Nasze opaski materia\u0142owe Premium Gold Thread to kwintesencja identyfikacji na wydarzeniu. \u0141\u0105cz\u0105c tradycyjne, wysokiej jako\u015bci w\u0142\u00f3kna poliestrowe z metaliczn\u0105 nici\u0105 lureksow\u0105, tworzymy opask\u0119, kt\u00f3ra nie tylko identyfikuje go\u015bcia, ale tak\u017ce wzbogaca ca\u0142e wydarzenie. Te opaski s\u0105 przeznaczone dla organizator\u00f3w, kt\u00f3rzy nie id\u0105 na kompromisy w kwestii bezpiecze\u0144stwa ani stylu.<\/p>\n<h2 data-path-to-node=\"9\">G\u0142\u00f3wne cechy<\/h2>\n<ul data-path-to-node=\"10\">\n<li>\n<p data-path-to-node=\"10,0,0\"><b data-path-to-node=\"10,0,0\" data-index-in-node=\"0\">Tkactwo metalicznego lureksu:<\/b> Oryginalna ni\u0107 w kolorze z\u0142otym wpleciona bezpo\u015brednio w tkanin\u0119, zapewniaj\u0105ca trwa\u0142e, b\u0142yszcz\u0105ce wyko\u0144czenie.<\/p>\n<\/li>\n<li>\n<p data-path-to-node=\"10,1,0\"><b data-path-to-node=\"10,1,0\" data-index-in-node=\"0\">Zamkni\u0119cia zabezpieczaj\u0105ce przed manipulacj\u0105:<\/b> Wybierz spo\u015br\u00f3d jednokierunkowych plastikowych zje\u017cd\u017calni, metalowych k\u00f3\u0142ek lub ekologicznych zamk\u00f3w bambusowych.<\/p>\n<\/li>\n<li>\n<p data-path-to-node=\"10,2,0\"><b data-path-to-node=\"10,2,0\" data-index-in-node=\"0\">Konstrukcja zapewniaj\u0105ca wygod\u0119:<\/b> Mi\u0119kkie kraw\u0119dzie gwarantuj\u0105 wygod\u0119 noszenia opaski nawet podczas d\u0142ugotrwa\u0142ych, wielodniowych wydarze\u0144.<\/p>\n<\/li>\n<li>\n<p data-path-to-node=\"10,3,0\"><b data-path-to-node=\"10,3,0\" data-index-in-node=\"0\">Odporno\u015b\u0107 na wod\u0119 i rozdarcie:<\/b> Zaprojektowane tak, aby przetrwa\u0107 deszcz, pot i intensywn\u0105 aktywno\u015b\u0107 fizyczn\u0105, nie trac\u0105c koloru ani integralno\u015bci strukturalnej.<\/p>\n<\/li>\n<\/ul>\n<h2 data-path-to-node=\"11\">Specyfikacje<\/h2>\n<ul data-path-to-node=\"12\">\n<li>\n<p data-path-to-node=\"12,0,0\"><b data-path-to-node=\"12,0,0\" data-index-in-node=\"0\">Tworzywo:<\/b> Wysokiej jako\u015bci poliester + metaliczny z\u0142oty lureks.<\/p>\n<\/li>\n<li>\n<p data-path-to-node=\"12,1,0\"><b data-path-to-node=\"12,1,0\" data-index-in-node=\"0\">Wymiary:<\/b> Standardowe wymiary: 15 mm x 350 mm (z w\u0142asnym nadrukiem szeroko\u015bci dost\u0119pne na \u017cyczenie).<\/p>\n<\/li>\n<li>\n<p data-path-to-node=\"12,2,0\"><b data-path-to-node=\"12,2,0\" data-index-in-node=\"0\">Druk:<\/b> Do 8 kolor\u00f3w tkaniny, \u0142\u0105cznie z metaliczn\u0105 podstaw\u0105.<\/p>\n<\/li>\n<li>\n<p data-path-to-node=\"12,3,0\"><b data-path-to-node=\"12,3,0\" data-index-in-node=\"0\">Opcje blokowania:<\/b> Jednorazowa blokada przesuwna (plastikowa\/metalowa) lub koralik wielokrotnego u\u017cytku.<\/p>\n<\/li>\n<li>\n<p data-path-to-node=\"12,4,0\"><b data-path-to-node=\"12,4,0\" data-index-in-node=\"0\">Minimalna ilo\u015b\u0107 zam\u00f3wienia:<\/b> 100 jednostek.<\/p>\n<\/li>\n<\/ul>\n<h2 data-path-to-node=\"13\">Przypadki u\u017cycia<\/h2>\n<ul data-path-to-node=\"14\">\n<li>\n<p data-path-to-node=\"14,0,0\"><b data-path-to-node=\"14,0,0\" data-index-in-node=\"0\">Festiwale muzyczne:<\/b> Oznaczanie stref VIP, Backstage lub Artists widocznym znacznikiem premium.<\/p>\n<\/li>\n<li>\n<p data-path-to-node=\"14,1,0\"><b data-path-to-node=\"14,1,0\" data-index-in-node=\"0\">Gale korporacyjne:<\/b> Wyrafinowana alternatywa dla standardowych opasek plastikowych lub papierowych na specjalne okazje.<\/p>\n<\/li>\n<li>\n<p data-path-to-node=\"14,2,0\"><b data-path-to-node=\"14,2,0\" data-index-in-node=\"0\">Hotele i o\u015brodki luksusowe:<\/b> Wyr\u00f3\u017cnianie go\u015bci z pakietem \u201cAll-Inclusive\u201d lub \u201cClub Level\u201d w stylowy spos\u00f3b.<\/p>\n<\/li>\n<li>\n<p data-path-to-node=\"14,3,0\"><b data-path-to-node=\"14,3,0\" data-index-in-node=\"0\">Wydarzenia upami\u0119tniaj\u0105ce:<\/b> Uroczysto\u015bci rocznicowe, podczas kt\u00f3rych opaska pe\u0142ni funkcj\u0119 cennej pami\u0105tki.<\/p>\n<\/li>\n<\/ul>\n<p data-path-to-node=\"15\">","protected":false},"excerpt":{"rendered":"<ul>\n<li>\n<p data-path-to-node=\"7,0,0\"><b data-path-to-node=\"7,0,0\" data-index-in-node=\"0\">Estetyka Premium VIP:<\/b> Tkana metaliczna z\u0142ota ni\u0107 nadaje ekskluzywny, ekskluzywny wygl\u0105d, kt\u00f3ry wyr\u00f3\u017cnia go\u015bci VIP.<\/p>\n<\/li>\n<li>\n<p data-path-to-node=\"7,1,0\"><b data-path-to-node=\"7,1,0\" data-index-in-node=\"0\">Najwy\u017csze bezpiecze\u0144stwo:<\/b> Posiada niezbywalny mechanizm blokuj\u0105cy, kt\u00f3ry zapobiega nieautoryzowanemu udost\u0119pnianiu i dost\u0119powi.<\/p>\n<\/li>\n<li>\n<p data-path-to-node=\"7,2,0\"><b data-path-to-node=\"7,2,0\" data-index-in-node=\"0\">Trwa\u0142y branding:<\/b> Wykonane z najwy\u017cszej jako\u015bci poliestru, kt\u00f3ry sprawdzi si\u0119 podczas wielodniowych festiwali i stanowi pami\u0105tk\u0119.<\/p>\n<\/li>\n<li>\n<p data-path-to-node=\"7,3,0\"><b data-path-to-node=\"7,3,0\" data-index-in-node=\"0\">Pe\u0142na personalizacja:<\/b> Pe\u0142nokolorowe tkanie pozwala na zintegrowanie skomplikowanych logotyp\u00f3w z b\u0142yszcz\u0105cymi z\u0142otymi akcentami.<\/p>\n<\/li>\n<\/ul>","protected":false},"featured_media":6603,"comment_status":"closed","ping_status":"closed","template":"","meta":[],"product_brand":[],"product_cat":[47],"product_tag":[],"class_list":{"0":"post-6599","1":"product","2":"type-product","3":"status-publish","4":"has-post-thumbnail","6":"product_cat-fabric-wristbands","8":"first","9":"instock","10":"shipping-taxable","11":"purchasable","12":"product-type-simple"},"_links":{"self":[{"href":"https:\/\/displayproducts.eu\/pl\/wp-json\/wp\/v2\/product\/6599","targetHints":{"allow":["GET"]}}],"collection":[{"href":"https:\/\/displayproducts.eu\/pl\/wp-json\/wp\/v2\/product"}],"about":[{"href":"https:\/\/displayproducts.eu\/pl\/wp-json\/wp\/v2\/types\/product"}],"replies":[{"embeddable":true,"href":"https:\/\/displayproducts.eu\/pl\/wp-json\/wp\/v2\/comments?post=6599"}],"wp:featuredmedia":[{"embeddable":true,"href":"https:\/\/displayproducts.eu\/pl\/wp-json\/wp\/v2\/media\/6603"}],"wp:attachment":[{"href":"https:\/\/displayproducts.eu\/pl\/wp-json\/wp\/v2\/media?parent=6599"}],"wp:term":[{"taxonomy":"product_brand","embeddable":true,"href":"https:\/\/displayproducts.eu\/pl\/wp-json\/wp\/v2\/product_brand?post=6599"},{"taxonomy":"product_cat","embeddable":true,"href":"https:\/\/displayproducts.eu\/pl\/wp-json\/wp\/v2\/product_cat?post=6599"},{"taxonomy":"product_tag","embeddable":true,"href":"https:\/\/displayproducts.eu\/pl\/wp-json\/wp\/v2\/product_tag?post=6599"}],"curies":[{"name":"wp","href":"https:\/\/api.w.org\/{rel}","templated":true}]}}