{"id":6514,"date":"2026-01-03T00:15:17","date_gmt":"2026-01-02T21:15:17","guid":{"rendered":"https:\/\/wristbandfactory.eu\/?post_type=product&#038;p=6514"},"modified":"2026-04-01T21:52:34","modified_gmt":"2026-04-01T18:52:34","slug":"event-watch-led-wristband-with-custom-logo","status":"publish","type":"product","link":"https:\/\/displayproducts.eu\/pl\/p\/event-watch-led-wristband-with-custom-logo\/","title":{"rendered":"Opaski LED w stylu zegarka z logo"},"content":{"rendered":"<p data-path-to-node=\"10\">Podnie\u015b poziom swojej marki firmowej dzi\u0119ki opasce LED \u201cEvent Watch\u201d. Zaprojektowany z wyrazist\u0105 obudow\u0105, na\u015bladuj\u0105c\u0105 nowoczesny zegarek, model ten zosta\u0142 specjalnie zaprojektowany, aby zapewni\u0107 maksymaln\u0105 widoczno\u015b\u0107 marki. P\u0142aska, du\u017ca powierzchnia modu\u0142u LED zapewnia, \u017ce nawet szczeg\u00f3\u0142owe logo s\u0105 wyra\u017anie widoczne i pozostaj\u0105 w centrum uwagi w ca\u0142ym obiekcie. Wykonany z wytrzyma\u0142ego tworzywa ABS i silikonu medycznego, ten wa\u017c\u0105cy 30 gram\u00f3w gad\u017cet do noszenia oferuje solidny i ekskluzywny wygl\u0105d, kt\u00f3ry go\u015bcie doceni\u0105 jako zaawansowan\u0105 technologicznie pami\u0105tk\u0119.<\/p>\n<h2 data-path-to-node=\"11\">G\u0142\u00f3wne cechy<\/h2>\n<ul data-path-to-node=\"12\">\n<li>\n<p data-path-to-node=\"12,0,0\"><b data-path-to-node=\"12,0,0\" data-index-in-node=\"0\">Estetyka w stylu zegarka premium:<\/b> Znajomy design zegarka sprawia, \u017ce jest to najbardziej profesjonalny wyb\u00f3r na ekskluzywne gale i konferencje korporacyjne.<\/p>\n<\/li>\n<li>\n<p data-path-to-node=\"12,1,0\"><b data-path-to-node=\"12,1,0\" data-index-in-node=\"0\">Profesjonalna integracja RF:<\/b> Synchronizuje si\u0119 bezproblemowo z pulpitem o\u015bwietleniowym, pulsuj\u0105c i migaj\u0105c w idealnej harmonii z programem scenicznym wydarzenia.<\/p>\n<\/li>\n<li>\n<p data-path-to-node=\"12,2,0\"><b data-path-to-node=\"12,2,0\" data-index-in-node=\"0\">Trwa\u0142e i wielokrotnego u\u017cytku:<\/b> Wysokiej jako\u015bci materia\u0142y i wymienny system baterii sprawiaj\u0105, \u017ce opaski te nadaj\u0105 si\u0119 do wielodniowego u\u017cytkowania lub do wielodniowych wycieczek.<\/p>\n<\/li>\n<li>\n<p data-path-to-node=\"12,3,0\"><b data-path-to-node=\"12,3,0\" data-index-in-node=\"0\">Diody LED o wysokiej intensywno\u015bci:<\/b> Wyr\u00f3\u017cnia si\u0119 silnym strumieniem \u015bwiat\u0142a, kt\u00f3ry pozwala na wy\u015bwietlanie 15 r\u00f3\u017cnych kolor\u00f3w, idealnie dopasowanych do palety barw Twojej marki.<\/p>\n<\/li>\n<\/ul>\n<h2 data-path-to-node=\"13\">Specyfikacje<\/h2>\n<ul data-path-to-node=\"14\">\n<li>\n<p data-path-to-node=\"14,0,0\"><b data-path-to-node=\"14,0,0\" data-index-in-node=\"0\">Tworzywo:<\/b> Wzmocniona obudowa ABS i pasek z wysokiej jako\u015bci silikonu<\/p>\n<\/li>\n<li>\n<p data-path-to-node=\"14,1,0\"><b data-path-to-node=\"14,1,0\" data-index-in-node=\"0\">Waga:<\/b> 30g<\/p>\n<\/li>\n<li>\n<p data-path-to-node=\"14,2,0\"><b data-path-to-node=\"14,2,0\" data-index-in-node=\"0\">Rozmiar jednostki:<\/b> 6,7 x 7,5 cm<\/p>\n<\/li>\n<li>\n<p data-path-to-node=\"14,3,0\"><b data-path-to-node=\"14,3,0\" data-index-in-node=\"0\">Komunikacja:<\/b> RF 433MHz \/ Pilot zdalnego sterowania \/ DMX512<\/p>\n<\/li>\n<li>\n<p data-path-to-node=\"14,4,0\"><b data-path-to-node=\"14,4,0\" data-index-in-node=\"0\">Bateria:<\/b> 2x CR2032 (wymienne)<\/p>\n<\/li>\n<li>\n<p data-path-to-node=\"14,5,0\"><b data-path-to-node=\"14,5,0\" data-index-in-node=\"0\">Czas pracy:<\/b> Do 12 godzin<\/p>\n<\/li>\n<li>\n<p data-path-to-node=\"14,6,0\"><b data-path-to-node=\"14,6,0\" data-index-in-node=\"0\">Kolory diod LED:<\/b> 15 tryb\u00f3w wielokolorowych<\/p>\n<\/li>\n<\/ul>\n<h2 data-path-to-node=\"15\">Przypadki u\u017cycia<\/h2>\n<ul data-path-to-node=\"16\">\n<li>\n<p data-path-to-node=\"16,0,0\"><b data-path-to-node=\"16,0,0\" data-index-in-node=\"0\">Gala firmowa:<\/b> Profesjonalny gad\u017cet, kt\u00f3ry jest jednocze\u015bnie interaktywnym akcesorium i markowym prezentem o wysokiej warto\u015bci.<\/p>\n<\/li>\n<li>\n<p data-path-to-node=\"16,1,0\"><b data-path-to-node=\"16,1,0\" data-index-in-node=\"0\">Konferencje na du\u017c\u0105 skal\u0119:<\/b> Przekszta\u0142canie ca\u0142ej widowni w zsynchronizowane p\u0142\u00f3tno \u015bwietlne podczas przem\u00f3wie\u0144 i ods\u0142oni\u0119\u0107.<\/p>\n<\/li>\n<li>\n<p data-path-to-node=\"16,2,0\"><b data-path-to-node=\"16,2,0\" data-index-in-node=\"0\">Branding sponsora VIP:<\/b> Wykorzystanie powi\u0119kszonej powierzchni do zaprezentowania g\u0142\u00f3wnych sponsor\u00f3w wydarzenia podczas ekskluzywnych wieczornych spotka\u0144.<\/p>\n<\/li>\n<li>\n<p data-path-to-node=\"16,3,0\"><b data-path-to-node=\"16,3,0\" data-index-in-node=\"0\">Wprowadzanie produkt\u00f3w na rynek:<\/b> Podkre\u015blanie to\u017csamo\u015bci marki w\u015br\u00f3d tysi\u0119cy uczestnik\u00f3w jednocze\u015bnie dzi\u0119ki centralnemu sterowaniu o\u015bwietleniem.<\/p>\n<\/li>\n<\/ul>\n<p data-path-to-node=\"17\">","protected":false},"excerpt":{"rendered":"<ul>\n<li>\n<p data-path-to-node=\"9,0,0\"><b data-path-to-node=\"9,0,0\" data-index-in-node=\"0\">Nowoczesny design zegark\u00f3w:<\/b> Wyr\u00f3\u017cnia si\u0119 wyrazist\u0105, prostok\u0105tn\u0105 obudow\u0105 na wygodnym silikonowym pasku, na\u015bladuj\u0105cym wygl\u0105dem profesjonalny smartwatch.<\/p>\n<\/li>\n<li>\n<p data-path-to-node=\"9,1,0\"><b data-path-to-node=\"9,1,0\" data-index-in-node=\"0\">Maksymalna powierzchnia marki:<\/b> Nadwymiarowa, p\u0142aska \u201ctarcza zegarka\u201d zapewnia najwi\u0119ksz\u0105 powierzchni\u0119 zadruku w naszym katalogu, co pozwala na umieszczenie na niej przyci\u0105gaj\u0105cych wzrok, niestandardowych logotyp\u00f3w.<\/p>\n<\/li>\n<li>\n<p data-path-to-node=\"9,2,0\"><b data-path-to-node=\"9,2,0\" data-index-in-node=\"0\">D\u0142ugotrwa\u0142a moc:<\/b> Wyposa\u017cony w dwie wymienne baterie CR2032, zapewnia niezawodny, 12-godzinny pokaz \u015bwietlny na d\u0142u\u017csze imprezy.<\/p>\n<\/li>\n<li>\n<p data-path-to-node=\"9,3,0\"><b data-path-to-node=\"9,3,0\" data-index-in-node=\"0\">Pe\u0142na synchronizacja kontroli:<\/b> Natychmiast reaguje na sygna\u0142y steruj\u0105ce RF i DMX512, umo\u017cliwiaj\u0105c jednoczesne zarz\u0105dzanie 15 \u017cywymi kolorami LED.<\/p>\n<\/li>\n<\/ul>","protected":false},"featured_media":6515,"comment_status":"closed","ping_status":"closed","template":"","meta":[],"product_brand":[],"product_cat":[80],"product_tag":[],"class_list":{"0":"post-6514","1":"product","2":"type-product","3":"status-publish","4":"has-post-thumbnail","6":"product_cat-led-wristbands","8":"first","9":"instock","10":"shipping-taxable","11":"purchasable","12":"product-type-simple"},"_links":{"self":[{"href":"https:\/\/displayproducts.eu\/pl\/wp-json\/wp\/v2\/product\/6514","targetHints":{"allow":["GET"]}}],"collection":[{"href":"https:\/\/displayproducts.eu\/pl\/wp-json\/wp\/v2\/product"}],"about":[{"href":"https:\/\/displayproducts.eu\/pl\/wp-json\/wp\/v2\/types\/product"}],"replies":[{"embeddable":true,"href":"https:\/\/displayproducts.eu\/pl\/wp-json\/wp\/v2\/comments?post=6514"}],"wp:featuredmedia":[{"embeddable":true,"href":"https:\/\/displayproducts.eu\/pl\/wp-json\/wp\/v2\/media\/6515"}],"wp:attachment":[{"href":"https:\/\/displayproducts.eu\/pl\/wp-json\/wp\/v2\/media?parent=6514"}],"wp:term":[{"taxonomy":"product_brand","embeddable":true,"href":"https:\/\/displayproducts.eu\/pl\/wp-json\/wp\/v2\/product_brand?post=6514"},{"taxonomy":"product_cat","embeddable":true,"href":"https:\/\/displayproducts.eu\/pl\/wp-json\/wp\/v2\/product_cat?post=6514"},{"taxonomy":"product_tag","embeddable":true,"href":"https:\/\/displayproducts.eu\/pl\/wp-json\/wp\/v2\/product_tag?post=6514"}],"curies":[{"name":"wp","href":"https:\/\/api.w.org\/{rel}","templated":true}]}}