{"id":6513,"date":"2026-01-02T23:41:25","date_gmt":"2026-01-02T20:41:25","guid":{"rendered":"https:\/\/wristbandfactory.eu\/?post_type=product&#038;p=6513"},"modified":"2026-04-01T21:52:34","modified_gmt":"2026-04-01T18:52:34","slug":"nylon-cord-remote-controlled-led-wristbands-with-custom-logo","status":"publish","type":"product","link":"https:\/\/displayproducts.eu\/pl\/p\/nylon-cord-remote-controlled-led-wristbands-with-custom-logo\/","title":{"rendered":"Opaski LED ze sznurkiem z logo"},"content":{"rendered":"<p data-path-to-node=\"9\">Podnie\u015b wizualny efekt swojego wydarzenia dzi\u0119ki opasce LED \u201cNylon Cord\u201d. Ten model oferuje wyj\u0105tkow\u0105, swobodn\u0105 estetyk\u0119 festiwalow\u0105, a jednocze\u015bnie oferuje profesjonaln\u0105 technologi\u0119 o\u015bwietlenia sterowanego zdalnie. Regulowany nylonowy przew\u00f3d zapewnia bezpieczne i wygodne dopasowanie dla wszystkich uczestnik\u00f3w, co czyni go popularnym wyborem na du\u017cych festiwalach plenerowych, nocnych biegach i imprezach muzycznych, gdzie lekkie akcesoria s\u0105 preferowane zamiast tradycyjnych opasek silikonowych.<\/p>\n<h2 data-path-to-node=\"10\">G\u0142\u00f3wne cechy<\/h2>\n<ul data-path-to-node=\"11\">\n<li>\n<p data-path-to-node=\"11,0,0\"><b data-path-to-node=\"11,0,0\" data-index-in-node=\"0\">15 dynamicznych kolor\u00f3w LED:<\/b> Prze\u0142\u0105czaj si\u0119 mi\u0119dzy 15 intensywnymi, wielokolorowymi trybami w czasie rzeczywistym, aby dopasowa\u0107 o\u015bwietlenie do motywu wydarzenia lub muzyki.<\/p>\n<\/li>\n<li>\n<p data-path-to-node=\"11,1,0\"><b data-path-to-node=\"11,1,0\" data-index-in-node=\"0\">Bezpieczne mocowanie:<\/b> Konstrukcja z w\u0119z\u0142em wykonanego nylonowego sznurka jest trwa\u0142a i \u0142atwa do dopasowania, dzi\u0119ki czemu stanowi rozwi\u0105zanie uniwersalne.<\/p>\n<\/li>\n<li>\n<p data-path-to-node=\"11,2,0\"><b data-path-to-node=\"11,2,0\" data-index-in-node=\"0\">Efektywne zarz\u0105dzanie energi\u0105:<\/b> Dzi\u0119ki zastosowaniu systemu z uchwytem zamiast r\u0119cznego prze\u0142\u0105cznika mo\u017cesz rozdzieli\u0107 opaski z kilkudniowym wyprzedzeniem, nie ryzykuj\u0105c roz\u0142adowania baterii.<\/p>\n<\/li>\n<li>\n<p data-path-to-node=\"11,3,0\"><b data-path-to-node=\"11,3,0\" data-index-in-node=\"0\">Profesjonalny branding B2B:<\/b> P\u0142aska powierzchnia obudowy diody LED jest zoptymalizowana pod k\u0105tem wysokiej jako\u015bci nadruku tampodrukowego logo Twojej firmy.<\/p>\n<\/li>\n<\/ul>\n<h2 data-path-to-node=\"12\">Specyfikacje<\/h2>\n<ul data-path-to-node=\"13\">\n<li>\n<p data-path-to-node=\"13,0,0\"><b data-path-to-node=\"13,0,0\" data-index-in-node=\"0\">Tworzywo:<\/b> Obudowa ABS z bardzo wytrzyma\u0142ym sznurkiem nylonowym.<\/p>\n<\/li>\n<li>\n<p data-path-to-node=\"13,1,0\"><b data-path-to-node=\"13,1,0\" data-index-in-node=\"0\">Waga:<\/b> 20g.<\/p>\n<\/li>\n<li>\n<p data-path-to-node=\"13,2,0\"><b data-path-to-node=\"13,2,0\" data-index-in-node=\"0\">Rozmiar jednostki:<\/b> 6,7 x 7,5 cm.<\/p>\n<\/li>\n<li>\n<p data-path-to-node=\"13,3,0\"><b data-path-to-node=\"13,3,0\" data-index-in-node=\"0\">Tryby LED:<\/b> 15 opcji wielokolorowych.<\/p>\n<\/li>\n<li>\n<p data-path-to-node=\"13,4,0\"><b data-path-to-node=\"13,4,0\" data-index-in-node=\"0\">Komunikacja:<\/b> RF 433MHz \/ Pilot zdalnego sterowania.<\/p>\n<\/li>\n<li>\n<p data-path-to-node=\"13,5,0\"><b data-path-to-node=\"13,5,0\" data-index-in-node=\"0\">Bateria:<\/b> 2x CR2032 (wymienne).<\/p>\n<\/li>\n<li>\n<p data-path-to-node=\"13,6,0\"><b data-path-to-node=\"13,6,0\" data-index-in-node=\"0\">Czas pracy:<\/b> 12 godzin.<\/p>\n<\/li>\n<\/ul>\n<h2 data-path-to-node=\"14\">Przypadki u\u017cycia<\/h2>\n<ul data-path-to-node=\"15\">\n<li>\n<p data-path-to-node=\"15,0,0\"><b data-path-to-node=\"15,0,0\" data-index-in-node=\"0\">Festiwale muzyczne:<\/b> Pasuje do klasycznej estetyki tkanego paska, ale dodaje zsynchronizowany pokaz \u015bwietlny za pomoc\u0105 najnowocze\u015bniejszych technologii.<\/p>\n<\/li>\n<li>\n<p data-path-to-node=\"15,1,0\"><b data-path-to-node=\"15,1,0\" data-index-in-node=\"0\">Nocne biegi charytatywne:<\/b> Ultralekki dodatek zwi\u0119kszaj\u0105cy widoczno\u015b\u0107 i jedno\u015b\u0107 uczestnik\u00f3w.<\/p>\n<\/li>\n<li>\n<p data-path-to-node=\"15,2,0\"><b data-path-to-node=\"15,2,0\" data-index-in-node=\"0\">Imprezy na pla\u017cy i wydarzenia letnie:<\/b> Oddychaj\u0105cy nylonowy sznurek zapewnia wygod\u0119 w ciep\u0142e dni i w dynamicznym otoczeniu.<\/p>\n<\/li>\n<li>\n<p data-path-to-node=\"15,3,0\"><b data-path-to-node=\"15,3,0\" data-index-in-node=\"0\">Aktywacje sponsor\u00f3w:<\/b> Ekonomiczny, markowy gad\u017cet, kt\u00f3ry robi niezapomniane wra\u017cenie na du\u017cych t\u0142umach.<\/p>\n<\/li>\n<\/ul>\n<p data-path-to-node=\"16\">","protected":false},"excerpt":{"rendered":"<ul>\n<li>\n<p data-path-to-node=\"8,0,0\"><b data-path-to-node=\"8,0,0\" data-index-in-node=\"0\">Ultralekki komfort:<\/b> Minimalistyczny design z mi\u0119kkim nylonowym sznurkiem i kompaktow\u0105 obudow\u0105 ABS, wa\u017c\u0105cy zaledwie 20 g.<\/p>\n<\/li>\n<li>\n<p data-path-to-node=\"8,1,0\"><b data-path-to-node=\"8,1,0\" data-index-in-node=\"0\">Zsynchronizowane zdalne sterowanie:<\/b> Pe\u0142na kompatybilno\u015b\u0107 z centralnymi sterownikami umo\u017cliwiaj\u0105cymi r\u00f3wnoczesne zarz\u0105dzanie 15 r\u00f3\u017cnymi kolorami LED w ca\u0142ym obiekcie.<\/p>\n<\/li>\n<li>\n<p data-path-to-node=\"8,2,0\"><b data-path-to-node=\"8,2,0\" data-index-in-node=\"0\">D\u0142u\u017csza \u017cywotno\u015b\u0107 baterii:<\/b> Wyposa\u017cony w dwie wymienne baterie CR2032, zapewniaj\u0105ce 12 godzin aktywnego pokazu \u015bwietlnego.<\/p>\n<\/li>\n<li>\n<p data-path-to-node=\"8,3,0\"><b data-path-to-node=\"8,3,0\" data-index-in-node=\"0\">Ochrona za pomoc\u0105 zak\u0142adki:<\/b> Karta zabezpieczaj\u0105ca bateri\u0119 zapewnia, \u017ce jednostki b\u0119d\u0105 mia\u0142y moc 100% a\u017c do momentu wyst\u0105pienia zdarzenia.<\/p>\n<\/li>\n<\/ul>","protected":false},"featured_media":5983,"comment_status":"closed","ping_status":"closed","template":"","meta":[],"product_brand":[],"product_cat":[80],"product_tag":[],"class_list":{"0":"post-6513","1":"product","2":"type-product","3":"status-publish","4":"has-post-thumbnail","6":"product_cat-led-wristbands","8":"first","9":"instock","10":"shipping-taxable","11":"product-type-simple"},"_links":{"self":[{"href":"https:\/\/displayproducts.eu\/pl\/wp-json\/wp\/v2\/product\/6513","targetHints":{"allow":["GET"]}}],"collection":[{"href":"https:\/\/displayproducts.eu\/pl\/wp-json\/wp\/v2\/product"}],"about":[{"href":"https:\/\/displayproducts.eu\/pl\/wp-json\/wp\/v2\/types\/product"}],"replies":[{"embeddable":true,"href":"https:\/\/displayproducts.eu\/pl\/wp-json\/wp\/v2\/comments?post=6513"}],"wp:featuredmedia":[{"embeddable":true,"href":"https:\/\/displayproducts.eu\/pl\/wp-json\/wp\/v2\/media\/5983"}],"wp:attachment":[{"href":"https:\/\/displayproducts.eu\/pl\/wp-json\/wp\/v2\/media?parent=6513"}],"wp:term":[{"taxonomy":"product_brand","embeddable":true,"href":"https:\/\/displayproducts.eu\/pl\/wp-json\/wp\/v2\/product_brand?post=6513"},{"taxonomy":"product_cat","embeddable":true,"href":"https:\/\/displayproducts.eu\/pl\/wp-json\/wp\/v2\/product_cat?post=6513"},{"taxonomy":"product_tag","embeddable":true,"href":"https:\/\/displayproducts.eu\/pl\/wp-json\/wp\/v2\/product_tag?post=6513"}],"curies":[{"name":"wp","href":"https:\/\/api.w.org\/{rel}","templated":true}]}}