{"id":6512,"date":"2026-01-02T23:35:13","date_gmt":"2026-01-02T20:35:13","guid":{"rendered":"https:\/\/wristbandfactory.eu\/?post_type=product&#038;p=6512"},"modified":"2026-04-01T21:52:34","modified_gmt":"2026-04-01T18:52:34","slug":"curved-ergonomic-led-wristband-with-custom-logo","status":"publish","type":"product","link":"https:\/\/displayproducts.eu\/pl\/p\/curved-ergonomic-led-wristband-with-custom-logo\/","title":{"rendered":"Ergonomiczne opaski LED z logo"},"content":{"rendered":"<p data-path-to-node=\"9\">Podnie\u015b poziom odbioru swojej marki dzi\u0119ki ergonomicznej opasce LED \u201cCurved\u201d. Ten model (Catalog LED 7) charakteryzuje si\u0119 charakterystyczn\u0105, sztywn\u0105 konstrukcj\u0105 z PVC, kt\u00f3ra zapewnia doskona\u0142y wygl\u0105d i wygod\u0119 w por\u00f3wnaniu ze standardowymi silikonowymi alternatywami. Przezroczysty materia\u0142 pozwala na eleganckie rozproszenie \u015bwiat\u0142a na ca\u0142ej d\u0142ugo\u015bci opaski, a unikalne zapi\u0119cie na zatrzask gwarantuje wygod\u0119 i stabilizacj\u0119 opaski przez ca\u0142y czas trwania wydarzenia. Jest to preferowany wyb\u00f3r dla korporacyjnych stref VIP i premier produkt\u00f3w o du\u017cym znaczeniu, gdzie nowoczesna estetyka ma kluczowe znaczenie.<\/p>\n<h2 data-path-to-node=\"10\">G\u0142\u00f3wne cechy<\/h2>\n<ul data-path-to-node=\"11\">\n<li>\n<p data-path-to-node=\"11,0,0\"><b data-path-to-node=\"11,0,0\" data-index-in-node=\"0\">Mo\u017cliwo\u015b\u0107 wyboru mocy diody LED:<\/b> Wybierz wersj\u0119 z 2 diodami LED, aby uzyska\u0107 subteln\u0105 atmosfer\u0119, lub wersj\u0119 z 4 diodami LED, aby uzyska\u0107 maksymaln\u0105 jasno\u015b\u0107 w du\u017cych pomieszczeniach.<\/p>\n<\/li>\n<li>\n<p data-path-to-node=\"11,1,0\"><b data-path-to-node=\"11,1,0\" data-index-in-node=\"0\">Trwa\u0142y materia\u0142 PVC:<\/b> Wykonane z po\u0142\u0105czenia wytrzyma\u0142ego tworzywa ABS i profesjonalnej jako\u015bci tworzywa PVC, co zapewnia zwi\u0119kszon\u0105 trwa\u0142o\u015b\u0107.<\/p>\n<\/li>\n<li>\n<p data-path-to-node=\"11,2,0\"><b data-path-to-node=\"11,2,0\" data-index-in-node=\"0\">Bezproblemowa integracja RF:<\/b> \u0141\u0105czy si\u0119 z centralnymi konsolami o\u015bwietleniowymi, umo\u017cliwiaj\u0105c zmian\u0119 kolor\u00f3w w czasie rzeczywistym i dynamiczne sekwencje migania.<\/p>\n<\/li>\n<li>\n<p data-path-to-node=\"11,3,0\"><b data-path-to-node=\"11,3,0\" data-index-in-node=\"0\">Dopasowanie anatomiczne:<\/b> Wst\u0119pnie zakrzywiony kszta\u0142t sprawia, \u017ce zegarek lepiej przylega do nadgarstka, dzi\u0119ki czemu jest l\u017cejszy i ma smuk\u0142y profil przypominaj\u0105cy zegarek.<\/p>\n<\/li>\n<\/ul>\n<h2 data-path-to-node=\"12\">Specyfikacje<\/h2>\n<ul data-path-to-node=\"13\">\n<li>\n<p data-path-to-node=\"13,0,0\"><b data-path-to-node=\"13,0,0\" data-index-in-node=\"0\">Tworzywo:<\/b> Obudowa z tworzywa ABS o wysokiej odporno\u015bci na uderzenia i pasek z najwy\u017cszej jako\u015bci tworzywa PVC.<\/p>\n<\/li>\n<li>\n<p data-path-to-node=\"13,1,0\"><b data-path-to-node=\"13,1,0\" data-index-in-node=\"0\">Rozmiar jednostki:<\/b> \u015arednica 6,9 x 6,4 cm.<\/p>\n<\/li>\n<li>\n<p data-path-to-node=\"13,2,0\"><b data-path-to-node=\"13,2,0\" data-index-in-node=\"0\">Waga:<\/b> 30g.<\/p>\n<\/li>\n<li>\n<p data-path-to-node=\"13,3,0\"><b data-path-to-node=\"13,3,0\" data-index-in-node=\"0\">Komunikacja:<\/b> RF 433MHz \/ Pilot zdalnego sterowania \/ DMX512.<\/p>\n<\/li>\n<li>\n<p data-path-to-node=\"13,4,0\"><b data-path-to-node=\"13,4,0\" data-index-in-node=\"0\">Bateria:<\/b> 2x CR2032 (wymienne).<\/p>\n<\/li>\n<li>\n<p data-path-to-node=\"13,5,0\"><b data-path-to-node=\"13,5,0\" data-index-in-node=\"0\">Czas pracy baterii:<\/b> Oko\u0142o 8 godzin aktywnego pokazu \u015bwietlnego.<\/p>\n<\/li>\n<li>\n<p data-path-to-node=\"13,6,0\"><b data-path-to-node=\"13,6,0\" data-index-in-node=\"0\">Tryby LED:<\/b> Ponad 15 tryb\u00f3w synchronizacji wielokolorowej.<\/p>\n<\/li>\n<\/ul>\n<h2 data-path-to-node=\"14\">Przypadki u\u017cycia<\/h2>\n<ul data-path-to-node=\"15\">\n<li>\n<p data-path-to-node=\"15,0,0\"><b data-path-to-node=\"15,0,0\" data-index-in-node=\"0\">Gala firmowa:<\/b> Zapewniamy wysokiej jako\u015bci, stylowy gad\u017cet, kt\u00f3ry podkre\u015bli formaln\u0105 atmosfer\u0119.<\/p>\n<\/li>\n<li>\n<p data-path-to-node=\"15,1,0\"><b data-path-to-node=\"15,1,0\" data-index-in-node=\"0\">Prezentacja produktu:<\/b> Wykorzystanie zsynchronizowanych wzor\u00f3w kolor\u00f3w w celu budowania emocji podczas wprowadzania na rynek nowych produkt\u00f3w.<\/p>\n<\/li>\n<li>\n<p data-path-to-node=\"15,2,0\"><b data-path-to-node=\"15,2,0\" data-index-in-node=\"0\">Kontrola dost\u0119pu VIP:<\/b> Wyr\u00f3\u017cnienie dla go\u015bci premium dzi\u0119ki sztywnemu, dobrze widocznemu modelowi LED.<\/p>\n<\/li>\n<li>\n<p data-path-to-node=\"15,3,0\"><b data-path-to-node=\"15,3,0\" data-index-in-node=\"0\">Imprezy tematyczne:<\/b> Wykorzystanie wielokolorowego wzornictwa pozwala na dopasowanie palety barw do konkretnej imprezy.<\/p>\n<\/li>\n<\/ul>\n<p data-path-to-node=\"16\">","protected":false},"excerpt":{"rendered":"<ul>\n<li>\n<p data-path-to-node=\"8,0,0\"><b data-path-to-node=\"8,0,0\" data-index-in-node=\"0\">Anatomiczna, sztywna konstrukcja:<\/b> Wyprofilowana konstrukcja z tworzywa PVC dopasowuje si\u0119 do naturalnego kszta\u0142tu nadgarstka, zapewniaj\u0105c profesjonalny, ergonomiczny komfort podczas wydarze\u0144.<\/p>\n<\/li>\n<li>\n<p data-path-to-node=\"8,1,0\"><b data-path-to-node=\"8,1,0\" data-index-in-node=\"0\">Bezpieczne zamkni\u0119cie blokuj\u0105ce:<\/b> Posiada wyj\u0105tkowy, blokuj\u0105cy otw\u00f3r w kszta\u0142cie puzzli, kt\u00f3ry gwarantuje, \u017ce opaska pozostanie na swoim miejscu nawet podczas dynamicznych ruch\u00f3w.<\/p>\n<\/li>\n<li>\n<p data-path-to-node=\"8,2,0\"><b data-path-to-node=\"8,2,0\" data-index-in-node=\"0\">Synchronizacja zdalnie sterowana:<\/b> Pe\u0142na kompatybilno\u015b\u0107 z profesjonalnymi kontrolerami RF i DMX512, umo\u017cliwiaj\u0105ca synchronizacj\u0119 efekt\u00f3w \u015bwietlnych w ca\u0142ym obiekcie.<\/p>\n<\/li>\n<li>\n<p data-path-to-node=\"8,3,0\"><b data-path-to-node=\"8,3,0\" data-index-in-node=\"0\">Branding o wysokiej widoczno\u015bci:<\/b> Sztywna powierzchnia z tworzywa PVC zapewnia stabiln\u0105 i widoczn\u0105 powierzchni\u0119 do precyzyjnego nadruku spersonalizowanego logo.<\/p>\n<\/li>\n<\/ul>","protected":false},"featured_media":6687,"comment_status":"closed","ping_status":"closed","template":"","meta":[],"product_brand":[],"product_cat":[80],"product_tag":[],"class_list":{"0":"post-6512","1":"product","2":"type-product","3":"status-publish","4":"has-post-thumbnail","6":"product_cat-led-wristbands","8":"first","9":"instock","10":"shipping-taxable","11":"product-type-simple"},"_links":{"self":[{"href":"https:\/\/displayproducts.eu\/pl\/wp-json\/wp\/v2\/product\/6512","targetHints":{"allow":["GET"]}}],"collection":[{"href":"https:\/\/displayproducts.eu\/pl\/wp-json\/wp\/v2\/product"}],"about":[{"href":"https:\/\/displayproducts.eu\/pl\/wp-json\/wp\/v2\/types\/product"}],"replies":[{"embeddable":true,"href":"https:\/\/displayproducts.eu\/pl\/wp-json\/wp\/v2\/comments?post=6512"}],"wp:featuredmedia":[{"embeddable":true,"href":"https:\/\/displayproducts.eu\/pl\/wp-json\/wp\/v2\/media\/6687"}],"wp:attachment":[{"href":"https:\/\/displayproducts.eu\/pl\/wp-json\/wp\/v2\/media?parent=6512"}],"wp:term":[{"taxonomy":"product_brand","embeddable":true,"href":"https:\/\/displayproducts.eu\/pl\/wp-json\/wp\/v2\/product_brand?post=6512"},{"taxonomy":"product_cat","embeddable":true,"href":"https:\/\/displayproducts.eu\/pl\/wp-json\/wp\/v2\/product_cat?post=6512"},{"taxonomy":"product_tag","embeddable":true,"href":"https:\/\/displayproducts.eu\/pl\/wp-json\/wp\/v2\/product_tag?post=6512"}],"curies":[{"name":"wp","href":"https:\/\/api.w.org\/{rel}","templated":true}]}}