{"id":6511,"date":"2026-01-02T23:31:29","date_gmt":"2026-01-02T20:31:29","guid":{"rendered":"https:\/\/wristbandfactory.eu\/?post_type=product&#038;p=6511"},"modified":"2026-04-01T21:52:34","modified_gmt":"2026-04-01T18:52:34","slug":"lightweight-festival-led-wristband-with-custom-logo","status":"publish","type":"product","link":"https:\/\/displayproducts.eu\/pl\/p\/lightweight-festival-led-wristband-with-custom-logo\/","title":{"rendered":"Lekkie opaski LED na festiwale z logo"},"content":{"rendered":"<p data-path-to-node=\"10\">Zmaksymalizuj komfort uczestnik\u00f3w bez utraty efektu wizualnego dzi\u0119ki naszej lekkiej opasce festiwalowej LED. Ten model zosta\u0142 zaprojektowany specjalnie z my\u015bl\u0105 o dynamicznych i d\u0142ugotrwa\u0142ych wydarzeniach, gdzie waga urz\u0105dzenia noszonego na ciele odgrywa istotn\u0105 rol\u0119. Pomimo smuk\u0142ej i lekkiej sylwetki, wykorzystuje t\u0119 sam\u0105 zaawansowan\u0105 technologi\u0119 RF i DMX, co nasze wi\u0119ksze modele, pozwalaj\u0105c zamieni\u0107 ogromn\u0105 publiczno\u015b\u0107 festiwalow\u0105 w zsynchronizowane \u015bwiat\u0142o.<\/p>\n<h2 data-path-to-node=\"11\">G\u0142\u00f3wne cechy<\/h2>\n<ul data-path-to-node=\"12\">\n<li>\n<p data-path-to-node=\"12,0,0\"><b data-path-to-node=\"12,0,0\" data-index-in-node=\"0\">Minimalistyczna ergonomia:<\/b> Op\u0142ywowa obudowa ABS i cienki silikonowy pasek sprawiaj\u0105, \u017ce jest to najwygodniejszy wyb\u00f3r do noszenia przez wiele dni.<\/p>\n<\/li>\n<li>\n<p data-path-to-node=\"12,1,0\"><b data-path-to-node=\"12,1,0\" data-index-in-node=\"0\">Centralne sterowanie RF\/DMX:<\/b> Bezproblemowa integracja z profesjonalnymi konsolami o\u015bwietleniowymi w celu wyzwalania kolor\u00f3w, b\u0142ysk\u00f3w i przej\u015b\u0107 w czasie rzeczywistym.<\/p>\n<\/li>\n<li>\n<p data-path-to-node=\"12,2,0\"><b data-path-to-node=\"12,2,0\" data-index-in-node=\"0\">Jaskrawe \u015bwiat\u0142o LED:<\/b> Diody LED o du\u017cej intensywno\u015bci \u015bwiat\u0142a zapewniaj\u0105 ol\u015bniewaj\u0105ce \u015bwiat\u0142o, widoczne nawet w du\u017cych, otwartych przestrzeniach festiwalowych.<\/p>\n<\/li>\n<li>\n<p data-path-to-node=\"12,3,0\"><b data-path-to-node=\"12,3,0\" data-index-in-node=\"0\">Wysokiej jako\u015bci druk niestandardowy:<\/b> Zoptymalizowana powierzchnia umo\u017cliwiaj\u0105ca nanoszenie wyra\u017anego i trwa\u0142ego logo w jednym lub wielu kolorach.<\/p>\n<\/li>\n<\/ul>\n<h2 data-path-to-node=\"13\">Specyfikacje<\/h2>\n<ul data-path-to-node=\"14\">\n<li>\n<p data-path-to-node=\"14,0,0\"><b data-path-to-node=\"14,0,0\" data-index-in-node=\"0\">Projekt:<\/b> Piasta o smuk\u0142ym profilu i ma\u0142ej wadze.<\/p>\n<\/li>\n<li>\n<p data-path-to-node=\"14,1,0\"><b data-path-to-node=\"14,1,0\" data-index-in-node=\"0\">Waga:<\/b> 18g.<\/p>\n<\/li>\n<li>\n<p data-path-to-node=\"14,2,0\"><b data-path-to-node=\"14,2,0\" data-index-in-node=\"0\">Tworzywo:<\/b> Wytrzyma\u0142y materia\u0142 ABS i silikon najwy\u017cszej jako\u015bci.<\/p>\n<\/li>\n<li>\n<p data-path-to-node=\"14,3,0\"><b data-path-to-node=\"14,3,0\" data-index-in-node=\"0\">Komunikacja:<\/b> Cz\u0119stotliwo\u015b\u0107 433MHz \/ DMX512.<\/p>\n<\/li>\n<li>\n<p data-path-to-node=\"14,4,0\"><b data-path-to-node=\"14,4,0\" data-index-in-node=\"0\">Bateria:<\/b> 2x CR2032 (wymienne).<\/p>\n<\/li>\n<li>\n<p data-path-to-node=\"14,5,0\"><b data-path-to-node=\"14,5,0\" data-index-in-node=\"0\">Czas pracy baterii:<\/b> Oko\u0142o 8-10 godzin aktywnego u\u017cytkowania.<\/p>\n<\/li>\n<li>\n<p data-path-to-node=\"14,6,0\"><b data-path-to-node=\"14,6,0\" data-index-in-node=\"0\">Personalizacja:<\/b> Precyzyjny nadruk tampodrukowy na module LED.<\/p>\n<\/li>\n<\/ul>\n<h2 data-path-to-node=\"15\">Przypadki u\u017cycia<\/h2>\n<ul data-path-to-node=\"16\">\n<li>\n<p data-path-to-node=\"16,0,0\"><b data-path-to-node=\"16,0,0\" data-index-in-node=\"0\">Festiwale muzyczne trwaj\u0105ce kilka dni:<\/b> Idealne rozwi\u0105zanie, gdy uczestnicy musz\u0105 nosi\u0107 opask\u0119 wygodnie przez kilka dni.<\/p>\n<\/li>\n<li>\n<p data-path-to-node=\"16,1,0\"><b data-path-to-node=\"16,1,0\" data-index-in-node=\"0\">Maratony i biegi nocne:<\/b> Lekki i \u015bwiec\u0105cy dodatek, kt\u00f3ry nie przeszkadza w osi\u0105ganiu wynik\u00f3w sportowych.<\/p>\n<\/li>\n<li>\n<p data-path-to-node=\"16,2,0\"><b data-path-to-node=\"16,2,0\" data-index-in-node=\"0\">Konferencje na du\u017c\u0105 skal\u0119:<\/b> Zwi\u0119kszanie zaanga\u017cowania publiczno\u015bci podczas d\u0142ugich sesji wyk\u0142adowych i wieczornych wydarze\u0144 networkingowych.<\/p>\n<\/li>\n<li>\n<p data-path-to-node=\"16,3,0\"><b data-path-to-node=\"16,3,0\" data-index-in-node=\"0\">Wydarzenia spo\u0142eczno\u015bciowe:<\/b> Ekonomiczny i popularny gad\u017cet reklamowy, kt\u00f3ry zwi\u0119ksza widoczno\u015b\u0107 marki za pomoc\u0105 \u015bwiat\u0142a.<\/p>\n<\/li>\n<\/ul>\n<p data-path-to-node=\"17\">","protected":false},"excerpt":{"rendered":"<ul>\n<li>\n<p data-path-to-node=\"9,0,0\"><b data-path-to-node=\"9,0,0\" data-index-in-node=\"0\">Ultralekka konstrukcja:<\/b> Zaprojektowane dla zapewnienia maksymalnego komfortu podczas wielodniowych festiwali i d\u0142ugotrwa\u0142ych wydarze\u0144.<\/p>\n<\/li>\n<li>\n<p data-path-to-node=\"9,1,0\"><b data-path-to-node=\"9,1,0\" data-index-in-node=\"0\">Synchronizacja pe\u0142nego spektrum:<\/b> Pe\u0142na kompatybilno\u015b\u0107 z kontrolerami RF i DMX512, umo\u017cliwiaj\u0105ca tworzenie zsynchronizowanych pokaz\u00f3w \u015bwietlnych w ca\u0142ym obiekcie.<\/p>\n<\/li>\n<li>\n<p data-path-to-node=\"9,2,0\"><b data-path-to-node=\"9,2,0\" data-index-in-node=\"0\">Wytrzyma\u0142y pasek silikonowy:<\/b> Przyjazny dla sk\u00f3ry i elastyczny silikon gwarantuje bezpieczne dopasowanie dla wszystkich uczestnik\u00f3w.<\/p>\n<\/li>\n<li>\n<p data-path-to-node=\"9,3,0\"><b data-path-to-node=\"9,3,0\" data-index-in-node=\"0\">Niestandardowa marka B2B:<\/b> Precyzyjny nadruk tampodrukowy na kompaktowej obudowie LED zapewniaj\u0105cy doskona\u0142\u0105 widoczno\u015b\u0107 logo firmowego.<\/p>\n<\/li>\n<\/ul>","protected":false},"featured_media":6688,"comment_status":"closed","ping_status":"closed","template":"","meta":[],"product_brand":[],"product_cat":[80],"product_tag":[],"class_list":{"0":"post-6511","1":"product","2":"type-product","3":"status-publish","4":"has-post-thumbnail","6":"product_cat-led-wristbands","8":"first","9":"instock","10":"shipping-taxable","11":"product-type-simple"},"_links":{"self":[{"href":"https:\/\/displayproducts.eu\/pl\/wp-json\/wp\/v2\/product\/6511","targetHints":{"allow":["GET"]}}],"collection":[{"href":"https:\/\/displayproducts.eu\/pl\/wp-json\/wp\/v2\/product"}],"about":[{"href":"https:\/\/displayproducts.eu\/pl\/wp-json\/wp\/v2\/types\/product"}],"replies":[{"embeddable":true,"href":"https:\/\/displayproducts.eu\/pl\/wp-json\/wp\/v2\/comments?post=6511"}],"wp:featuredmedia":[{"embeddable":true,"href":"https:\/\/displayproducts.eu\/pl\/wp-json\/wp\/v2\/media\/6688"}],"wp:attachment":[{"href":"https:\/\/displayproducts.eu\/pl\/wp-json\/wp\/v2\/media?parent=6511"}],"wp:term":[{"taxonomy":"product_brand","embeddable":true,"href":"https:\/\/displayproducts.eu\/pl\/wp-json\/wp\/v2\/product_brand?post=6511"},{"taxonomy":"product_cat","embeddable":true,"href":"https:\/\/displayproducts.eu\/pl\/wp-json\/wp\/v2\/product_cat?post=6511"},{"taxonomy":"product_tag","embeddable":true,"href":"https:\/\/displayproducts.eu\/pl\/wp-json\/wp\/v2\/product_tag?post=6511"}],"curies":[{"name":"wp","href":"https:\/\/api.w.org\/{rel}","templated":true}]}}