{"id":6507,"date":"2026-01-02T23:24:17","date_gmt":"2026-01-02T20:24:17","guid":{"rendered":"https:\/\/wristbandfactory.eu\/?post_type=product&#038;p=6507"},"modified":"2026-04-01T21:52:34","modified_gmt":"2026-04-01T18:52:34","slug":"the-bright-stadium-led-wristband-with-custom-logo","status":"publish","type":"product","link":"https:\/\/displayproducts.eu\/pl\/p\/the-bright-stadium-led-wristband-with-custom-logo\/","title":{"rendered":"Mocne opaski LED na stadiony z logo"},"content":{"rendered":"<p>Przekszta\u0142\u0107 swoje wydarzenie na stadionie w hipnotyzuj\u0105ce morze \u015bwiat\u0142a dzi\u0119ki opasce LED \u201cThe Bright\u201d. Ten model zosta\u0142 zaprojektowany specjalnie z my\u015bl\u0105 o produkcjach na du\u017c\u0105 skal\u0119, gdzie standardowe opaski guzikowe nie zapewniaj\u0105 wymaganej jasno\u015bci. Dzi\u0119ki 11 indywidualnym diostrona g\u0142\u00f3wna LED i dedykowanemu zasilaczowi AAA, \u201cThe Bright\u201d gwarantuje, \u017ce Twoja marka i pokaz \u015bwietlny dotr\u0105 do najdalszych miejsc z niezr\u00f3wnan\u0105 intensywno\u015bci\u0105 i wyrazisto\u015bci\u0105. To idealne narz\u0119dzie dla organizator\u00f3w wydarze\u0144, kt\u00f3rzy nie id\u0105 na kompromisy w kwestii efektu wizualnego.<\/p>\n<h2 data-path-to-node=\"11\">G\u0142\u00f3wne cechy<\/h2>\n<ul data-path-to-node=\"12\">\n<li>\n<p data-path-to-node=\"12,0,0\"><b data-path-to-node=\"12,0,0\" data-index-in-node=\"0\">11-diodowa matryca:<\/b> Nasza najmocniejsza konfiguracja o\u015bwietlenia, zaprojektowana specjalnie do uzyskania maksymalnej mocy wyj\u015bciowej w du\u017cych obiektach zewn\u0119trznych i wewn\u0119trznych.<\/p>\n<\/li>\n<li>\n<p data-path-to-node=\"12,1,0\"><b data-path-to-node=\"12,1,0\" data-index-in-node=\"0\">Zasilane bateri\u0105 AAA:<\/b> W odr\u00f3\u017cnieniu od standardowych modeli, ten model wykorzystuje wymienne baterie AAA, co u\u0142atwia konserwacj\u0119 i znacznie wyd\u0142u\u017ca czas pracy przy wysokiej intensywno\u015bci.<\/p>\n<\/li>\n<li>\n<p data-path-to-node=\"12,2,0\"><b data-path-to-node=\"12,2,0\" data-index-in-node=\"0\">Sterowanie RF i DMX:<\/b> Pe\u0142na integracja z profesjonalnymi konsolami o\u015bwietleniowymi, umo\u017cliwiaj\u0105ca wprowadzanie zmian kolor\u00f3w, fal i wzor\u00f3w w czasie rzeczywistym.<\/p>\n<\/li>\n<li>\n<p data-path-to-node=\"12,3,0\"><b data-path-to-node=\"12,3,0\" data-index-in-node=\"0\">Trwa\u0142a konstrukcja:<\/b> Wykonane z wytrzyma\u0142ego tworzywa ABS i wygodnego silikonu, aby wytrzyma\u0107 energiczny udzia\u0142 t\u0142umu.<\/p>\n<\/li>\n<\/ul>\n<h2 data-path-to-node=\"13\">Specyfikacje<\/h2>\n<ul data-path-to-node=\"14\">\n<li>\n<p data-path-to-node=\"14,0,0\"><b data-path-to-node=\"14,0,0\" data-index-in-node=\"0\">Liczba diod LED:<\/b> 11 diod LED o wysokiej intensywno\u015bci \u015bwiat\u0142a.<\/p>\n<\/li>\n<li>\n<p data-path-to-node=\"14,1,0\"><b data-path-to-node=\"14,1,0\" data-index-in-node=\"0\">\u0179r\u00f3d\u0142o zasilania:<\/b> 2 baterie AAA (wymienne).<\/p>\n<\/li>\n<li>\n<p data-path-to-node=\"14,2,0\"><b data-path-to-node=\"14,2,0\" data-index-in-node=\"0\">Waga:<\/b> 31 g (wliczaj\u0105c baterie).<\/p>\n<\/li>\n<li>\n<p data-path-to-node=\"14,3,0\"><b data-path-to-node=\"14,3,0\" data-index-in-node=\"0\">Czas wykonania:<\/b> Do 12 godzin aktywnej pracy.<\/p>\n<\/li>\n<li>\n<p data-path-to-node=\"14,4,0\"><b data-path-to-node=\"14,4,0\" data-index-in-node=\"0\">Komunikacja:<\/b> Cz\u0119stotliwo\u015b\u0107 433MHz \/ DMX512.<\/p>\n<\/li>\n<li>\n<p data-path-to-node=\"14,5,0\"><b data-path-to-node=\"14,5,0\" data-index-in-node=\"0\">Tworzywo:<\/b> Wytrzyma\u0142a obudowa ABS i pasek silikonowy.<\/p>\n<\/li>\n<li>\n<p data-path-to-node=\"14,6,0\"><b data-path-to-node=\"14,6,0\" data-index-in-node=\"0\">Personalizacja:<\/b> Wysokiej precyzji nadruk tampodrukowy na obudowie baterii\/diody LED.<\/p>\n<\/li>\n<\/ul>\n<h2 data-path-to-node=\"15\">Przypadki u\u017cycia<\/h2>\n<ul data-path-to-node=\"16\">\n<li>\n<p data-path-to-node=\"16,0,0\"><b data-path-to-node=\"16,0,0\" data-index-in-node=\"0\">Trasy koncertowe na stadionach:<\/b> Tworzenie pot\u0119\u017cnych pokaz\u00f3w \u015bwietlnych o wysokiej jasno\u015bci, idealnie zsynchronizowanych z wyst\u0119pem muzycznym.<\/p>\n<\/li>\n<li>\n<p data-path-to-node=\"16,1,0\"><b data-path-to-node=\"16,1,0\" data-index-in-node=\"0\">Du\u017ce festiwale plenerowe:<\/b> Zapewnienie widoczno\u015bci marki i zaanga\u017cowania publiczno\u015bci na rozleg\u0142ym terenie festiwalowym w godzinach wieczornych.<\/p>\n<\/li>\n<li>\n<p data-path-to-node=\"16,2,0\"><b data-path-to-node=\"16,2,0\" data-index-in-node=\"0\">Wydarzenia sportowe:<\/b> Anga\u017cowanie kibic\u00f3w i podkre\u015blanie kluczowych moment\u00f3w gry za pomoc\u0105 zsynchronizowanych pokaz\u00f3w \u015bwiate\u0142 w kolorach dru\u017cyn.<\/p>\n<\/li>\n<li>\n<p data-path-to-node=\"16,3,0\"><b data-path-to-node=\"16,3,0\" data-index-in-node=\"0\">Aktywacje sponsor\u00f3w:<\/b> Zapewniamy najwy\u017cszej jako\u015bci, markowe gad\u017cety, kt\u00f3re go\u015bcie b\u0119d\u0105 ceni\u0107 jako pami\u0105tk\u0119 z zaawansowan\u0105 technologi\u0105.<\/p>\n<\/li>\n<\/ul>","protected":false},"excerpt":{"rendered":"<ul>\n<li>\n<p data-path-to-node=\"9,0,0\"><b data-path-to-node=\"9,0,0\" data-index-in-node=\"0\">Maksymalna widoczno\u015b\u0107:<\/b> Wyposa\u017cony w 11 diod LED o du\u017cej intensywno\u015bci \u015bwiat\u0142a, zapewnia najja\u015bniejszy pokaz \u015bwietlny na du\u017cych stadionach i arenach.<\/p>\n<\/li>\n<li>\n<p data-path-to-node=\"9,1,0\"><b data-path-to-node=\"9,1,0\" data-index-in-node=\"0\">Rozszerzona wydajno\u015b\u0107:<\/b> Zasilany dwiema bateriami AAA, zapewnia niezawodny 12-godzinny czas pracy na nawet najd\u0142u\u017cszych wydarzeniach.<\/p>\n<\/li>\n<li>\n<p data-path-to-node=\"9,2,0\"><b data-path-to-node=\"9,2,0\" data-index-in-node=\"0\">Profesjonalna synchronizacja:<\/b> Pe\u0142na kompatybilno\u015b\u0107 ze sterownikami RF i DMX512, umo\u017cliwiaj\u0105ca synchronizacj\u0119 efekt\u00f3w \u015bwietlnych w ca\u0142ym obiekcie.<\/p>\n<\/li>\n<li>\n<p data-path-to-node=\"9,3,0\"><b data-path-to-node=\"9,3,0\" data-index-in-node=\"0\">Personalizacja B2B:<\/b> Du\u017ca, widoczna powierzchnia nadruku na obudowie ABS umo\u017cliwia umieszczenie bardzo widocznego logo.<\/p>\n<\/li>\n<\/ul>","protected":false},"featured_media":6690,"comment_status":"closed","ping_status":"closed","template":"","meta":[],"product_brand":[],"product_cat":[80],"product_tag":[],"class_list":{"0":"post-6507","1":"product","2":"type-product","3":"status-publish","4":"has-post-thumbnail","6":"product_cat-led-wristbands","8":"first","9":"instock","10":"shipping-taxable","11":"product-type-simple"},"_links":{"self":[{"href":"https:\/\/displayproducts.eu\/pl\/wp-json\/wp\/v2\/product\/6507","targetHints":{"allow":["GET"]}}],"collection":[{"href":"https:\/\/displayproducts.eu\/pl\/wp-json\/wp\/v2\/product"}],"about":[{"href":"https:\/\/displayproducts.eu\/pl\/wp-json\/wp\/v2\/types\/product"}],"replies":[{"embeddable":true,"href":"https:\/\/displayproducts.eu\/pl\/wp-json\/wp\/v2\/comments?post=6507"}],"wp:featuredmedia":[{"embeddable":true,"href":"https:\/\/displayproducts.eu\/pl\/wp-json\/wp\/v2\/media\/6690"}],"wp:attachment":[{"href":"https:\/\/displayproducts.eu\/pl\/wp-json\/wp\/v2\/media?parent=6507"}],"wp:term":[{"taxonomy":"product_brand","embeddable":true,"href":"https:\/\/displayproducts.eu\/pl\/wp-json\/wp\/v2\/product_brand?post=6507"},{"taxonomy":"product_cat","embeddable":true,"href":"https:\/\/displayproducts.eu\/pl\/wp-json\/wp\/v2\/product_cat?post=6507"},{"taxonomy":"product_tag","embeddable":true,"href":"https:\/\/displayproducts.eu\/pl\/wp-json\/wp\/v2\/product_tag?post=6507"}],"curies":[{"name":"wp","href":"https:\/\/api.w.org\/{rel}","templated":true}]}}