{"id":6248,"date":"2025-12-20T19:03:55","date_gmt":"2025-12-20T16:03:55","guid":{"rendered":"https:\/\/wristbandfactory.eu\/?post_type=product&#038;p=6248"},"modified":"2026-04-01T21:52:03","modified_gmt":"2026-04-01T18:52:03","slug":"custom-printed-nail-files-made-in-europe-full-color-uv-print","status":"publish","type":"product","link":"https:\/\/displayproducts.eu\/pl\/p\/custom-printed-nail-files-made-in-europe-full-color-uv-print\/","title":{"rendered":"Pilniki do paznokci z nadrukiem"},"content":{"rendered":"<p data-path-to-node=\"10\">Ulepsz swoj\u0105 mark\u0119 kosmetyczn\u0105 lub wyb\u00f3r prezent\u00f3w firmowych dzi\u0119ki naszym <b data-path-to-node=\"10\" data-index-in-node=\"88\">Pilniki do paznokci z nadrukiem na zapytanie ofertowe<\/b>, z dum\u0105 <b data-path-to-node=\"10\" data-index-in-node=\"123\">Wyprodukowano w Europie<\/b>. W przeciwie\u0144stwie do typowych artyku\u0142\u00f3w promocyjnych, te wysokiej jako\u015bci pilniki do paznokci zaprojektowano z my\u015bl\u0105 o praktycznym zastosowaniu, dzi\u0119ki czemu stanowi\u0105 cenny dodatek do profesjonalnych salon\u00f3w, spa i zestaw\u00f3w podr\u00f3\u017cnych.<\/p>\n<p data-path-to-node=\"11\">Wykorzystujemy najnowocze\u015bniejsze <b data-path-to-node=\"11\" data-index-in-node=\"20\">Druk cyfrowy UV<\/b> Aby pokry\u0107 plik Twoim w\u0142asnym projektem, logo lub wzorem. Technologia ta pozwala uzyska\u0107 fotorealistyczne detale i \u017cywe kolory dzi\u0119ki zastosowaniu bezpiecznych, nietoksycznych tuszy, odpornych na codzienne u\u017cytkowanie. Niezale\u017cnie od tego, czy jeste\u015b w\u0142a\u015bcicielem sieci hotelowej poszukuj\u0105cej luksusowych udogodnie\u0144 w pokojach, czy mark\u0105 kosmetyczn\u0105 poszukuj\u0105c\u0105 produkt\u00f3w, te pliki oferuj\u0105 idealne po\u0142\u0105czenie stylu i u\u017cyteczno\u015bci.<\/p>\n<h2 data-path-to-node=\"12\">G\u0142\u00f3wne cechy<\/h2>\n<ul data-path-to-node=\"13\">\n<li>\n<p data-path-to-node=\"13,0,0\"><b data-path-to-node=\"13,0,0\" data-index-in-node=\"0\">\u017bywa personalizacja:<\/b> Pe\u0142nopowierzchniowy nadruk UV przekszta\u0142ca bez nadruku narz\u0119dzie w modny dodatek. Idealny do skomplikowanych logotyp\u00f3w lub wzor\u00f3w na ca\u0142ej powierzchni.<\/p>\n<\/li>\n<li>\n<p data-path-to-node=\"13,1,0\"><b data-path-to-node=\"13,1,0\" data-index-in-node=\"0\">Bezpiecze\u0144stwo przede wszystkim:<\/b> U\u017cywamy wy\u0142\u0105cznie nietoksycznych, bezpiecznych farb drukarskich, dzi\u0119ki czemu nasze produkty nadaj\u0105 si\u0119 do szerokiej dystrybucji i cz\u0119stego kontaktu ze sk\u00f3r\u0105.<\/p>\n<\/li>\n<li>\n<p data-path-to-node=\"13,2,0\"><b data-path-to-node=\"13,2,0\" data-index-in-node=\"0\">Trwa\u0142a konstrukcja:<\/b> Wykonane z my\u015bl\u0105 o d\u0142ugiej \u017cywotno\u015bci, z wysokiej jako\u015bci papierem \u015bciernym, kt\u00f3ry skutecznie kszta\u0142tuje naturalne i przed\u0142u\u017cone paznokcie, nie odklejaj\u0105c si\u0119.<\/p>\n<\/li>\n<li>\n<p data-path-to-node=\"13,3,0\"><b data-path-to-node=\"13,3,0\" data-index-in-node=\"0\">Wp\u0142yw marketingu:<\/b> Wysoce funkcjonalny przedmiot, kt\u00f3ry zawsze znajdzie si\u0119 w torebce lub \u0142azience Twojego klienta, zapewniaj\u0105c mu wielokrotn\u0105 ekspozycj\u0119 marki.<\/p>\n<\/li>\n<\/ul>\n<h2 data-path-to-node=\"14\">Specyfikacje<\/h2>\n<ul data-path-to-node=\"15\">\n<li>\n<p data-path-to-node=\"15,0,0\"><b data-path-to-node=\"15,0,0\" data-index-in-node=\"0\">Pochodzenie:<\/b> Wyprodukowano w Europie.<\/p>\n<\/li>\n<li>\n<p data-path-to-node=\"15,1,0\"><b data-path-to-node=\"15,1,0\" data-index-in-node=\"0\">Metoda drukowania:<\/b> Pe\u0142nokolorowy druk cyfrowy UV.<\/p>\n<\/li>\n<li>\n<p data-path-to-node=\"15,2,0\"><b data-path-to-node=\"15,2,0\" data-index-in-node=\"0\">Tworzywo:<\/b> Wysokiej jako\u015bci rdze\u0144 z papieru \u015bciernego.<\/p>\n<\/li>\n<li>\n<p data-path-to-node=\"15,3,0\"><b data-path-to-node=\"15,3,0\" data-index-in-node=\"0\">Dost\u0119pne rozmiary:<\/b><\/p>\n<ul data-path-to-node=\"15,3,1\">\n<li>\n<p data-path-to-node=\"15,3,1,0,0\"><b data-path-to-node=\"15,3,1,0,0\" data-index-in-node=\"0\">Profesjonalny (18 cm \u00d7 1,85 cm):<\/b> Standard dla salon\u00f3w i strona g\u0142\u00f3wnaowych salon\u00f3w manicure. D\u0142uga powierzchnia dla p\u0142ynnych poci\u0105gni\u0119\u0107.<\/p>\n<\/li>\n<li>\n<p data-path-to-node=\"15,3,1,1,0\"><b data-path-to-node=\"15,3,1,1,0\" data-index-in-node=\"0\">Uniwersalny (12 cm \u00d7 1,6 cm):<\/b> Idealna r\u00f3wnowaga mi\u0119dzy wygod\u0105 i przeno\u015bno\u015bci\u0105.<\/p>\n<\/li>\n<li>\n<p data-path-to-node=\"15,3,1,2,0\"><b data-path-to-node=\"15,3,1,2,0\" data-index-in-node=\"0\">Podr\u00f3\u017c (8,7 cm \u00d7 1,6 cm):<\/b> Kompaktowy rozmiar idealny do kosmetyczek, zestaw\u00f3w podr\u00f3\u017cnych i szybkich napraw w podr\u00f3\u017cy.<\/p>\n<\/li>\n<\/ul>\n<\/li>\n<\/ul>\n<h2 data-path-to-node=\"16\">Przypadki u\u017cycia<\/h2>\n<ul data-path-to-node=\"17\">\n<li>\n<p data-path-to-node=\"17,0,0\"><b data-path-to-node=\"17,0,0\" data-index-in-node=\"0\">Salony pi\u0119kno\u015bci i spa:<\/b> Markowe narz\u0119dzia dla technik\u00f3w lub artyku\u0142y detaliczne do zabrania przez klient\u00f3w do strona g\u0142\u00f3wnau.<\/p>\n<\/li>\n<li>\n<p data-path-to-node=\"17,1,0\"><b data-path-to-node=\"17,1,0\" data-index-in-node=\"0\">Udogodnienia w hotelu:<\/b> Przemy\u015blany dodatek do zestaw\u00f3w \u0142azienkowych w luksusowych hotelach i o\u015brodkach wypoczynkowych.<\/p>\n<\/li>\n<li>\n<p data-path-to-node=\"17,2,0\"><b data-path-to-node=\"17,2,0\" data-index-in-node=\"0\">Prezenty firmowe:<\/b> Kompaktowy, niedrogi, a jednocze\u015bnie bardzo praktyczny gad\u017cet na konferencje dla kobiet, wydarzenia modowe lub kampanie promuj\u0105ce zdrowe od\u017cywianie.<\/p>\n<\/li>\n<\/ul>","protected":false},"excerpt":{"rendered":"<ul>\n<li>\n<p data-path-to-node=\"9,0,0\"><b data-path-to-node=\"9,0,0\" data-index-in-node=\"0\">Produkcja europejska:<\/b> Z dum\u0105 wyprodukowano w Europie, co gwarantuje wy\u017csz\u0105 jako\u015b\u0107 wykonania, bezpiecze\u0144stwo i trwa\u0142o\u015b\u0107 w por\u00f3wnaniu ze standardowymi produktami importowanymi.<\/p>\n<\/li>\n<li>\n<p data-path-to-node=\"9,1,0\"><b data-path-to-node=\"9,1,0\" data-index-in-node=\"0\">Pe\u0142nokolorowy branding:<\/b> Wykorzystuje zaawansowan\u0105 technologi\u0119 druku UV z u\u017cyciem nietoksycznych tuszy, aby tworzy\u0107 \u017cywe, odporne na zarysowania logo i wzory.<\/p>\n<\/li>\n<li>\n<p data-path-to-node=\"9,2,0\"><b data-path-to-node=\"9,2,0\" data-index-in-node=\"0\">Trzy uniwersalne rozmiary:<\/b> Dost\u0119pne w rozmiarach: du\u017cym (profesjonalnym), \u015brednim (uniwersalnym) i ma\u0142ym (podr\u00f3\u017cnym), aby sprosta\u0107 wymaganiom ka\u017cdej grupy docelowej.<\/p>\n<\/li>\n<li>\n<p data-path-to-node=\"9,3,0\"><b data-path-to-node=\"9,3,0\" data-index-in-node=\"0\">Jako\u015b\u0107 profesjonalna:<\/b> Nadaje si\u0119 zar\u00f3wno do paznokci naturalnych, jak i sztucznych, oferuj\u0105c skuteczne pi\u0142owanie za pomoc\u0105 wysokiej jako\u015bci materia\u0142\u00f3w \u015bciernych.<\/p>\n<\/li>\n<\/ul>","protected":false},"featured_media":6249,"comment_status":"closed","ping_status":"closed","template":"","meta":[],"product_brand":[],"product_cat":[132],"product_tag":[],"class_list":{"0":"post-6248","1":"product","2":"type-product","3":"status-publish","4":"has-post-thumbnail","6":"product_cat-hotel-spa-amenities","8":"first","9":"instock","10":"shipping-taxable","11":"product-type-simple"},"_links":{"self":[{"href":"https:\/\/displayproducts.eu\/pl\/wp-json\/wp\/v2\/product\/6248","targetHints":{"allow":["GET"]}}],"collection":[{"href":"https:\/\/displayproducts.eu\/pl\/wp-json\/wp\/v2\/product"}],"about":[{"href":"https:\/\/displayproducts.eu\/pl\/wp-json\/wp\/v2\/types\/product"}],"replies":[{"embeddable":true,"href":"https:\/\/displayproducts.eu\/pl\/wp-json\/wp\/v2\/comments?post=6248"}],"wp:featuredmedia":[{"embeddable":true,"href":"https:\/\/displayproducts.eu\/pl\/wp-json\/wp\/v2\/media\/6249"}],"wp:attachment":[{"href":"https:\/\/displayproducts.eu\/pl\/wp-json\/wp\/v2\/media?parent=6248"}],"wp:term":[{"taxonomy":"product_brand","embeddable":true,"href":"https:\/\/displayproducts.eu\/pl\/wp-json\/wp\/v2\/product_brand?post=6248"},{"taxonomy":"product_cat","embeddable":true,"href":"https:\/\/displayproducts.eu\/pl\/wp-json\/wp\/v2\/product_cat?post=6248"},{"taxonomy":"product_tag","embeddable":true,"href":"https:\/\/displayproducts.eu\/pl\/wp-json\/wp\/v2\/product_tag?post=6248"}],"curies":[{"name":"wp","href":"https:\/\/api.w.org\/{rel}","templated":true}]}}