{"id":6245,"date":"2025-12-20T18:56:31","date_gmt":"2025-12-20T15:56:31","guid":{"rendered":"https:\/\/wristbandfactory.eu\/?post_type=product&#038;p=6245"},"modified":"2026-04-01T21:52:03","modified_gmt":"2026-04-01T18:52:03","slug":"bio-based-reusable-coffee-cups","status":"publish","type":"product","link":"https:\/\/displayproducts.eu\/pl\/p\/bio-based-reusable-coffee-cups\/","title":{"rendered":"Kubki wielorazowe z nadrukiem (Bio)"},"content":{"rendered":"<p data-path-to-node=\"10\">Z\u0142\u00f3\u017c zr\u00f3wnowa\u017cone o\u015bwiadczenie z naszym <b data-path-to-node=\"10\" data-index-in-node=\"63\">Z w\u0142asnym nadrukiem kubki wielokrotnego u\u017cytku na kaw\u0119 z biopochodnych<\/b>. Zaprojektowany jako idealna, ekologiczna alternatywa dla jednorazowych kubk\u00f3w papierowych, ten 200-mililitrowy pojemnik \u0142\u0105czy niemieck\u0105 in\u017cynieri\u0119 z materia\u0142ami odnawialnymi. To idealny gad\u017cet promocyjny dla biur, kawiarni i event\u00f3w firmowych dbaj\u0105cych o \u015brodowisko.<\/p>\n<p data-path-to-node=\"11\">Kubek wykonany jest z wysokiej jako\u015bci <b data-path-to-node=\"11\" data-index-in-node=\"37\">biotworzywa sztuczne pochodz\u0105ce ze \u017ar\u00f3de\u0142 odnawialnych<\/b>, zapewniaj\u0105c ni\u017cszy \u015blad w\u0119glowy bez utraty trwa\u0142o\u015bci. Praktyczna konstrukcja obejmuje bezpieczn\u0105 pokrywk\u0119, kt\u00f3ra utrzymuje napoje ciep\u0142e d\u0142u\u017cej, zapobiegaj\u0105c rozlaniu podczas podr\u00f3\u017cy.<\/p>\n<h2 data-path-to-node=\"12\">G\u0142\u00f3wne cechy<\/h2>\n<ul data-path-to-node=\"13\">\n<li>\n<p data-path-to-node=\"13,0,0\"><b data-path-to-node=\"13,0,0\" data-index-in-node=\"0\">Sk\u0142ad odnawialny:<\/b> Wykonane z biopolimer\u00f3w, stanowi\u0105 odpowiedzialn\u0105 alternatyw\u0119 dla tworzyw sztucznych produkowanych z paliw kopalnych.<\/p>\n<\/li>\n<li>\n<p data-path-to-node=\"13,1,0\"><b data-path-to-node=\"13,1,0\" data-index-in-node=\"0\">Przyjazne dla biura:<\/b> Zaprojektowano go tak, aby idealnie pasowa\u0142 pod standardowe wylewki ekspres\u00f3w do kawy, dzi\u0119ki czemu jest doskona\u0142ym akcesorium \u201cna biurko i na spotkanie\u201d.<\/p>\n<\/li>\n<li>\n<p data-path-to-node=\"13,2,0\"><b data-path-to-node=\"13,2,0\" data-index-in-node=\"0\">Higiena i bezpiecze\u0144stwo:<\/b> Ca\u0142kowicie wolny od BPA i bezpieczny dla \u017cywno\u015bci. Materia\u0142 jest wytrzyma\u0142y i w pe\u0142ni nadaje si\u0119 do recyklingu po zako\u0144czeniu cyklu \u017cycia.<\/p>\n<\/li>\n<li>\n<p data-path-to-node=\"13,3,0\"><b data-path-to-node=\"13,3,0\" data-index-in-node=\"0\">Wszechstronny branding:<\/b> Spersonalizuj swoje logo za pomoc\u0105 sitodruku, tampodruku lub najwy\u017cszej jako\u015bci grawerowania laserowego, aby na sta\u0142e wyeksponowa\u0107 je.<\/p>\n<\/li>\n<\/ul>\n<h2 data-path-to-node=\"14\">Specyfikacje<\/h2>\n<ul data-path-to-node=\"15\">\n<li>\n<p data-path-to-node=\"15,0,0\"><b data-path-to-node=\"15,0,0\" data-index-in-node=\"0\">Pojemno\u015b\u0107:<\/b> 200 ml.<\/p>\n<\/li>\n<li>\n<p data-path-to-node=\"15,1,0\"><b data-path-to-node=\"15,1,0\" data-index-in-node=\"0\">Tworzywo:<\/b> Tworzywa sztuczne pochodzenia biologicznego (\u017ar\u00f3d\u0142a odnawialne).<\/p>\n<\/li>\n<li>\n<p data-path-to-node=\"15,2,0\"><b data-path-to-node=\"15,2,0\" data-index-in-node=\"0\">Pochodzenie:<\/b> Wyprodukowano w Niemczech.<\/p>\n<\/li>\n<li>\n<p data-path-to-node=\"15,3,0\"><b data-path-to-node=\"15,3,0\" data-index-in-node=\"0\">W\u0142a\u015bciwo\u015bci:<\/b> Nie zawiera BPA, 100%, nadaje si\u0119 do recyklingu, mo\u017cna my\u0107 w zmywarce.<\/p>\n<\/li>\n<li>\n<p data-path-to-node=\"15,4,0\"><b data-path-to-node=\"15,4,0\" data-index-in-node=\"0\">Pokrywa:<\/b> W zestawie (biologiczne, zatrzymuj\u0105ce ciep\u0142o).<\/p>\n<\/li>\n<li>\n<p data-path-to-node=\"15,5,0\"><b data-path-to-node=\"15,5,0\" data-index-in-node=\"0\">Opcje brandingu:<\/b> Sitodruk, tampodruk, grawerowanie laserowe.<\/p>\n<\/li>\n<\/ul>\n<h2 data-path-to-node=\"16\">Przypadki u\u017cycia<\/h2>\n<ul data-path-to-node=\"17\">\n<li>\n<p data-path-to-node=\"17,0,0\"><b data-path-to-node=\"17,0,0\" data-index-in-node=\"0\">Zr\u00f3wnowa\u017cony rozw\u00f3j biura:<\/b> Wymie\u0144 kubki jednorazowe w aneksie kuchennym w biurze, aby zmniejszy\u0107 ilo\u015b\u0107 odpad\u00f3w i koszty.<\/p>\n<\/li>\n<li>\n<p data-path-to-node=\"17,1,0\"><b data-path-to-node=\"17,1,0\" data-index-in-node=\"0\">Prezenty firmowe:<\/b> Praktyczny, wysokiej jako\u015bci prezent dla pracownik\u00f3w i klient\u00f3w, zgodny z celami CSR.<\/p>\n<\/li>\n<li>\n<p data-path-to-node=\"17,2,0\"><b data-path-to-node=\"17,2,0\" data-index-in-node=\"0\">Kawiarnie i imprezy:<\/b> Trwa\u0142e rozwi\u0105zanie do serwowania napoj\u00f3w na konferencjach i w sto\u0142\u00f3wkach, wymagaj\u0105ce naczy\u0144 nadaj\u0105cych si\u0119 do mycia i uk\u0142adania w stosy.<\/p>\n<\/li>\n<\/ul>","protected":false},"excerpt":{"rendered":"<ul>\n<li>\n<p data-path-to-node=\"9,0,0\"><b data-path-to-node=\"9,0,0\" data-index-in-node=\"0\">Eko-innowacja:<\/b> Wyprodukowano w Niemczech z odnawialnych materia\u0142\u00f3w biologicznych, wspieraj\u0105c ekologiczny styl \u017cycia.<\/p>\n<\/li>\n<li>\n<p data-path-to-node=\"9,1,0\"><b data-path-to-node=\"9,1,0\" data-index-in-node=\"0\">Idealny rozmiar na wynos:<\/b> Pojemno\u015b\u0107 200 ml pasuje do wi\u0119kszo\u015bci standardowych ekspres\u00f3w do kawy; idealny do u\u017cytku w biurze i w strona g\u0142\u00f3wnau.<\/p>\n<\/li>\n<li>\n<p data-path-to-node=\"9,2,0\"><b data-path-to-node=\"9,2,0\" data-index-in-node=\"0\">Inteligentny projekt:<\/b> Posiada biologiczn\u0105 pokrywk\u0119 zatrzymuj\u0105c\u0105 ciep\u0142o i zapobiegaj\u0105c\u0105 przeciekaniu oraz sk\u0142adan\u0105 konstrukcj\u0119, co u\u0142atwia przechowywanie.<\/p>\n<\/li>\n<li>\n<p data-path-to-node=\"9,3,0\"><b data-path-to-node=\"9,3,0\" data-index-in-node=\"0\">Bezpieczne i trwa\u0142e:<\/b> Nie zawiera BPA, nadaje si\u0119 do recyklingu 100% i mo\u017cna go my\u0107 w zmywarce (zaleca si\u0119 mycie r\u0119czne w przypadku nadrukowanych logo).<\/p>\n<\/li>\n<\/ul>","protected":false},"featured_media":6246,"comment_status":"closed","ping_status":"closed","template":"","meta":[],"product_brand":[],"product_cat":[111],"product_tag":[],"class_list":{"0":"post-6245","1":"product","2":"type-product","3":"status-publish","4":"has-post-thumbnail","6":"product_cat-reusable-event-cups","8":"first","9":"instock","10":"shipping-taxable","11":"purchasable","12":"product-type-simple"},"_links":{"self":[{"href":"https:\/\/displayproducts.eu\/pl\/wp-json\/wp\/v2\/product\/6245","targetHints":{"allow":["GET"]}}],"collection":[{"href":"https:\/\/displayproducts.eu\/pl\/wp-json\/wp\/v2\/product"}],"about":[{"href":"https:\/\/displayproducts.eu\/pl\/wp-json\/wp\/v2\/types\/product"}],"replies":[{"embeddable":true,"href":"https:\/\/displayproducts.eu\/pl\/wp-json\/wp\/v2\/comments?post=6245"}],"wp:featuredmedia":[{"embeddable":true,"href":"https:\/\/displayproducts.eu\/pl\/wp-json\/wp\/v2\/media\/6246"}],"wp:attachment":[{"href":"https:\/\/displayproducts.eu\/pl\/wp-json\/wp\/v2\/media?parent=6245"}],"wp:term":[{"taxonomy":"product_brand","embeddable":true,"href":"https:\/\/displayproducts.eu\/pl\/wp-json\/wp\/v2\/product_brand?post=6245"},{"taxonomy":"product_cat","embeddable":true,"href":"https:\/\/displayproducts.eu\/pl\/wp-json\/wp\/v2\/product_cat?post=6245"},{"taxonomy":"product_tag","embeddable":true,"href":"https:\/\/displayproducts.eu\/pl\/wp-json\/wp\/v2\/product_tag?post=6245"}],"curies":[{"name":"wp","href":"https:\/\/api.w.org\/{rel}","templated":true}]}}