{"id":6242,"date":"2025-12-20T18:48:57","date_gmt":"2025-12-20T15:48:57","guid":{"rendered":"https:\/\/wristbandfactory.eu\/?post_type=product&#038;p=6242"},"modified":"2026-04-01T21:52:34","modified_gmt":"2026-04-01T18:52:34","slug":"custom-made-hooded-wearable-blankets-bespoke-design","status":"publish","type":"product","link":"https:\/\/displayproducts.eu\/pl\/p\/custom-made-hooded-wearable-blankets-bespoke-design\/","title":{"rendered":"Koce z kapturem na zapytanie ofertowe (W\u0142asny projekt)"},"content":{"rendered":"<p data-path-to-node=\"10\">Stw\u00f3rz naprawd\u0119 wyj\u0105tkowy prezent firmowy lub produkt detaliczny dzi\u0119ki naszym <b data-path-to-node=\"10\" data-index-in-node=\"89\">Koce z kapturem na zapytanie ofertowe<\/b>. Us\u0142uga ta pozwala Ci wyj\u015b\u0107 poza ograniczenia standardowych produkt\u00f3w magazynowych. Oferujemy kompleksow\u0105 obs\u0142ug\u0119. <b data-path-to-node=\"10\" data-index-in-node=\"226\">\u201cRozwi\u0105zanie produkcyjne \u201dCut &amp; Sew\u201d<\/b>, co daje Ci ca\u0142kowit\u0105 kontrol\u0119 nad wygl\u0105dem, charakterem i funkcjami produktu finalnego.<\/p>\n<p data-path-to-node=\"11\">Niezale\u017cnie od tego, czy szukasz ogromnej bluzy z kapturem na zimow\u0105 kampani\u0119, lekkiego poncza na letnie festiwale, czy luksusowego koca z podszewk\u0105 Sherpa na prezenty VIP, stworzymy go wed\u0142ug Twoich wymaga\u0144. Tw\u00f3j projekt jest drukowany na rolkach materia\u0142u przed ci\u0119ciem, co zapewnia bezszwowe po\u0142\u0105czenie. <b data-path-to-node=\"11\" data-index-in-node=\"274\">Do\u015bwiadczenie marki 360 stopni<\/b> bez niezadrukowanych margines\u00f3w.<\/p>\n<h2 data-path-to-node=\"12\">G\u0142\u00f3wne cechy<\/h2>\n<ul data-path-to-node=\"13\">\n<li>\n<p data-path-to-node=\"13,0,0\"><b data-path-to-node=\"13,0,0\" data-index-in-node=\"0\">Nieograniczona swoboda projektowania:<\/b> Nasz druk sublimacyjny na ca\u0142ej powierzchni oznacza, \u017ce Twoja grafika pokrywa ka\u017cdy centymetr tkaniny. Idealne do skomplikowanych wzor\u00f3w, maskotek marek lub projekt\u00f3w fotograficznych.<\/p>\n<\/li>\n<li>\n<p data-path-to-node=\"13,1,0\"><b data-path-to-node=\"13,1,0\" data-index-in-node=\"0\">Wyb\u00f3r materia\u0142\u00f3w:<\/b><\/p>\n<ul data-path-to-node=\"13,1,1\">\n<li>\n<p data-path-to-node=\"13,1,1,0,0\"><i data-path-to-node=\"13,1,1,0,0\" data-index-in-node=\"0\">Warstwa zewn\u0119trzna:<\/i> G\u0142adka flanela polarowa (idealna do nadruku) lub welur.<\/p>\n<\/li>\n<li>\n<p data-path-to-node=\"13,1,1,1,0\"><i data-path-to-node=\"13,1,1,1,0\" data-index-in-node=\"0\">Podszewka wewn\u0119trzna:<\/i> Gruba bia\u0142a kurtka Sherpa (klasyczne ciep\u0142o), szara kurtka Sherpa lub mikropolar (l\u017cejszy).<\/p>\n<\/li>\n<li>\n<p data-path-to-node=\"13,1,1,2,0\"><i data-path-to-node=\"13,1,1,2,0\" data-index-in-node=\"0\">Opcja ekologiczna:<\/i> Dost\u0119pne na \u017cyczenie w wersji z poliestru pochodz\u0105cego z recyklingu 100% GRS.<\/p>\n<\/li>\n<\/ul>\n<\/li>\n<li>\n<p data-path-to-node=\"13,2,0\"><b data-path-to-node=\"13,2,0\" data-index-in-node=\"0\">Z w\u0142asnym nadrukiem rozmiary:<\/b> Mo\u017cemy produkowa\u0107 w wymiarach dzieci\u0119cych, standardowych dla doros\u0142ych i du\u017cych dla doros\u0142ych.<\/p>\n<\/li>\n<li>\n<p data-path-to-node=\"13,3,0\"><b data-path-to-node=\"13,3,0\" data-index-in-node=\"0\">Gotowy na mark\u0119 w\u0142asn\u0105:<\/b> Mo\u017cemy wszy\u0107 Twoje w\u0142asne metki z oznaczeniami na ko\u0142nierzykach, metki dotycz\u0105ce piel\u0119gnacji, a nawet spersonalizowa\u0107 suwaki lub guziki.<\/p>\n<\/li>\n<\/ul>\n<h2 data-path-to-node=\"14\">Specyfikacje<\/h2>\n<ul data-path-to-node=\"15\">\n<li>\n<p data-path-to-node=\"15,0,0\"><b data-path-to-node=\"15,0,0\" data-index-in-node=\"0\">Typ produkcji:<\/b> Wykonane na zapytanie ofertowe (OEM\/ODM).<\/p>\n<\/li>\n<li>\n<p data-path-to-node=\"15,1,0\"><b data-path-to-node=\"15,1,0\" data-index-in-node=\"0\">Standardowa gramatura tkaniny:<\/b> Flanela 200 g\/m2 + tkanina Sherpa 230 g\/m2 (mo\u017cliwo\u015b\u0107 dostosowania).<\/p>\n<\/li>\n<li>\n<p data-path-to-node=\"15,2,0\"><b data-path-to-node=\"15,2,0\" data-index-in-node=\"0\">Metoda drukowania:<\/b> Pe\u0142nokolorowa sublimacja (CMYK).<\/p>\n<\/li>\n<li>\n<p data-path-to-node=\"15,3,0\"><b data-path-to-node=\"15,3,0\" data-index-in-node=\"0\">Rozmiar standardowy:<\/b> 100 x 80 cm (styl bluzy z kapturem) \u2013 <i data-path-to-node=\"15,3,0\" data-index-in-node=\"53\">Dost\u0119pne rozmiary z w\u0142asnym nadrukiem.<\/i><\/p>\n<\/li>\n<li>\n<p data-path-to-node=\"15,4,0\"><b data-path-to-node=\"15,4,0\" data-index-in-node=\"0\">Cechy:<\/b> Kaptur, kiesze\u0144 kangurkowa, \u015bci\u0105gacze.<\/p>\n<\/li>\n<li>\n<p data-path-to-node=\"15,5,0\"><b data-path-to-node=\"15,5,0\" data-index-in-node=\"0\">Opakowanie:<\/b> Pakowane pr\u00f3\u017cniowo w celu sprawnej wysy\u0142ki lub w pude\u0142kach prezentowych.<\/p>\n<\/li>\n<\/ul>","protected":false},"excerpt":{"rendered":"<ul>\n<li>\n<p data-path-to-node=\"9,0,0\"><b data-path-to-node=\"9,0,0\" data-index-in-node=\"0\">100% W pe\u0142ni konfigurowalny:<\/b> W odr\u00f3\u017cnieniu od towar\u00f3w magazynowych, ten produkt jest wytwarzany od podstaw, co pozwala na zadruk od kraw\u0119dzi do kraw\u0119dzi i dopasowanie kolor\u00f3w Pantone do indywidualnych potrzeb.<\/p>\n<\/li>\n<li>\n<p data-path-to-node=\"9,1,0\"><b data-path-to-node=\"9,1,0\" data-index-in-node=\"0\">Opcje materia\u0142\u00f3w premium:<\/b> Wybierz pomi\u0119dzy puszyst\u0105 podszewk\u0105 Sherpa, mi\u0119kkim mikropolarem lub przyjazn\u0105 dla \u015brodowiska kombinacj\u0105 poliestru z recyklingu GRS.<\/p>\n<\/li>\n<li>\n<p data-path-to-node=\"9,2,0\"><b data-path-to-node=\"9,2,0\" data-index-in-node=\"0\">Ca\u0142o\u015bciowy branding:<\/b> Wykorzystaj ca\u0142\u0105 powierzchni\u0119 koca \u2014 prz\u00f3d, ty\u0142, kaptur i r\u0119kawy \u2014 aby uzyska\u0107 \u017cywy, fotorealistyczny nadruk sublimacyjny.<\/p>\n<\/li>\n<li>\n<p data-path-to-node=\"9,3,0\"><b data-path-to-node=\"9,3,0\" data-index-in-node=\"0\">Funkcje dostosowane:<\/b> Dostosuj szczeg\u00f3\u0142y, takie jak kszta\u0142t kieszeni, kolory mankiet\u00f3w, a tak\u017ce dodaj prywatne etykiety lub haftowane naszywki.<\/p>\n<\/li>\n<\/ul>","protected":false},"featured_media":6244,"comment_status":"closed","ping_status":"closed","template":"","meta":[],"product_brand":[],"product_cat":[129],"product_tag":[],"class_list":{"0":"post-6242","1":"product","2":"type-product","3":"status-publish","4":"has-post-thumbnail","6":"product_cat-leisure-lifestyle","8":"first","9":"instock","10":"shipping-taxable","11":"product-type-simple"},"_links":{"self":[{"href":"https:\/\/displayproducts.eu\/pl\/wp-json\/wp\/v2\/product\/6242","targetHints":{"allow":["GET"]}}],"collection":[{"href":"https:\/\/displayproducts.eu\/pl\/wp-json\/wp\/v2\/product"}],"about":[{"href":"https:\/\/displayproducts.eu\/pl\/wp-json\/wp\/v2\/types\/product"}],"replies":[{"embeddable":true,"href":"https:\/\/displayproducts.eu\/pl\/wp-json\/wp\/v2\/comments?post=6242"}],"wp:featuredmedia":[{"embeddable":true,"href":"https:\/\/displayproducts.eu\/pl\/wp-json\/wp\/v2\/media\/6244"}],"wp:attachment":[{"href":"https:\/\/displayproducts.eu\/pl\/wp-json\/wp\/v2\/media?parent=6242"}],"wp:term":[{"taxonomy":"product_brand","embeddable":true,"href":"https:\/\/displayproducts.eu\/pl\/wp-json\/wp\/v2\/product_brand?post=6242"},{"taxonomy":"product_cat","embeddable":true,"href":"https:\/\/displayproducts.eu\/pl\/wp-json\/wp\/v2\/product_cat?post=6242"},{"taxonomy":"product_tag","embeddable":true,"href":"https:\/\/displayproducts.eu\/pl\/wp-json\/wp\/v2\/product_tag?post=6242"}],"curies":[{"name":"wp","href":"https:\/\/api.w.org\/{rel}","templated":true}]}}