{"id":6239,"date":"2025-12-20T18:40:33","date_gmt":"2025-12-20T15:40:33","guid":{"rendered":"https:\/\/wristbandfactory.eu\/?post_type=product&#038;p=6239"},"modified":"2026-04-01T21:52:34","modified_gmt":"2026-04-01T18:52:34","slug":"custom-laser-engraved-portable-ashtrays-zinc-alloy-with-carabiner","status":"publish","type":"product","link":"https:\/\/displayproducts.eu\/pl\/p\/custom-laser-engraved-portable-ashtrays-zinc-alloy-with-carabiner\/","title":{"rendered":"Przeno\u015bne popielniczki z grawerem"},"content":{"rendered":"<p data-path-to-node=\"10\">Po\u0142\u0105cz styl, funkcjonalno\u015b\u0107 i odpowiedzialno\u015b\u0107 za \u015brodowisko dzi\u0119ki naszym <b data-path-to-node=\"10\" data-index-in-node=\"97\">Z w\u0142asnym nadrukiem, grawerowane laserowo, przeno\u015bne popielniczki<\/b>. Zaprojektowany z my\u015bl\u0105 o nowoczesnych profesjonalistach, ten dodatek oferuje dyskretny i elegancki spos\u00f3b na uporz\u0105dkowanie popio\u0142u i niedopa\u0142k\u00f3w w podr\u00f3\u017cy. Niezale\u017cnie od tego, czy jest to produkt dla dyrektora firmy, mi\u0142o\u015bnika aktywno\u015bci na \u015bwie\u017cym powietrzu, czy przemy\u015blany prezent firmowy, ta popielniczka ze stopu cynku to gwarancja jako\u015bci.<\/p>\n<p data-path-to-node=\"11\">G\u0142adki <b data-path-to-node=\"11\" data-index-in-node=\"10\">Konstrukcja ze stopu cynku<\/b> Zapewnia nie tylko nowoczesny, l\u015bni\u0105cy, srebrny wygl\u0105d, ale tak\u017ce trwa\u0142o\u015b\u0107. Jest odporny na rdz\u0119 i zu\u017cycie, zachowuj\u0105c sw\u00f3j l\u015bni\u0105cy wygl\u0105d przez d\u0142ugi czas. Kompaktowa, prostok\u0105tna konstrukcja wyposa\u017cona jest w bezpieczny mechanizm zamykaj\u0105cy, kt\u00f3ry zatrzymuje zapachy i popi\u00f3\u0142 wewn\u0105trz, dzi\u0119ki czemu mo\u017cna go bezpiecznie nosi\u0107 w kieszeni lub torbie.<\/p>\n<h2 data-path-to-node=\"12\">G\u0142\u00f3wne cechy<\/h2>\n<ul data-path-to-node=\"13\">\n<li>\n<p data-path-to-node=\"13,0,0\"><b data-path-to-node=\"13,0,0\" data-index-in-node=\"0\">Zbudowane, by przetrwa\u0107:<\/b> Stop cynku jest znacznie trwalszy od alternatyw z plastiku lub aluminium, dzi\u0119ki czemu produkt charakteryzuje si\u0119 odpowiedni\u0105 wag\u0105 i wysokiej jako\u015bci wygl\u0105dem.<\/p>\n<\/li>\n<li>\n<p data-path-to-node=\"13,1,0\"><b data-path-to-node=\"13,1,0\" data-index-in-node=\"0\">Precyzja lasera:<\/b> U\u017cywamy grawerowania laserowego, aby wytrawi\u0107 Twoje logo na powierzchni metalu. Ta technika tworzy wyra\u017any, trwa\u0142y znak, kt\u00f3ry nie \u015bciera si\u0119 jak nadruk.<\/p>\n<\/li>\n<li>\n<p data-path-to-node=\"13,2,0\"><b data-path-to-node=\"13,2,0\" data-index-in-node=\"0\">Wygoda mobilna:<\/b> Wyposa\u017cony w karabi\u0144czyk (haczyk), dzi\u0119ki kt\u00f3remu mo\u017cna go przymocowa\u0107 do szlufek paska, plecaka lub breloka, aby zapewni\u0107 sobie \u0142atwy dost\u0119p.<\/p>\n<\/li>\n<li>\n<p data-path-to-node=\"13,3,0\"><b data-path-to-node=\"13,3,0\" data-index-in-node=\"0\">Higiena i bezpiecze\u0144stwo:<\/b> Szczelnie zamykana pokrywa zapobiega wysypywaniu si\u0119 popio\u0142u i zatrzymuje zapachy, dzi\u0119ki czemu kieszenie i torby pozostaj\u0105 czyste.<\/p>\n<\/li>\n<\/ul>\n<h2 data-path-to-node=\"14\">Specyfikacje<\/h2>\n<ul data-path-to-node=\"15\">\n<li>\n<p data-path-to-node=\"15,0,0\"><b data-path-to-node=\"15,0,0\" data-index-in-node=\"0\">Tworzywo:<\/b> Wysokiej jako\u015bci stop cynku.<\/p>\n<\/li>\n<li>\n<p data-path-to-node=\"15,1,0\"><b data-path-to-node=\"15,1,0\" data-index-in-node=\"0\">Sko\u0144czy\u0107:<\/b> B\u0142yszcz\u0105ce srebro \/ Polerowane.<\/p>\n<\/li>\n<li>\n<p data-path-to-node=\"15,2,0\"><b data-path-to-node=\"15,2,0\" data-index-in-node=\"0\">Wymiary:<\/b> 85 \u00d7 32 \u00d7 17 mm.<\/p>\n<\/li>\n<li>\n<p data-path-to-node=\"15,3,0\"><b data-path-to-node=\"15,3,0\" data-index-in-node=\"0\">Metoda brandingu:<\/b> Grawerowanie laserowe (jedna strona).<\/p>\n<\/li>\n<li>\n<p data-path-to-node=\"15,4,0\"><b data-path-to-node=\"15,4,0\" data-index-in-node=\"0\">Opakowanie:<\/b> Dostarczane w ochronnym woreczku\/torbie, gotowe do wr\u0119czenia w prezencie.<\/p>\n<\/li>\n<li>\n<p data-path-to-node=\"15,5,0\"><b data-path-to-node=\"15,5,0\" data-index-in-node=\"0\">Cechy:<\/b> Zintegrowany karabi\u0144czyk.<\/p>\n<\/li>\n<\/ul>\n<h2 data-path-to-node=\"16\">Przypadki u\u017cycia<\/h2>\n<ul data-path-to-node=\"17\">\n<li>\n<p data-path-to-node=\"17,0,0\"><b data-path-to-node=\"17,0,0\" data-index-in-node=\"0\">Prezenty firmowe:<\/b> Wyrafinowany prezent dla klient\u00f3w i partner\u00f3w ceni\u0105cych praktyczne, wysokiej jako\u015bci akcesoria.<\/p>\n<\/li>\n<li>\n<p data-path-to-node=\"17,1,0\"><b data-path-to-node=\"17,1,0\" data-index-in-node=\"0\">Wydarzenia plenerowe:<\/b> Niezb\u0119dne na festiwalach, turniejach golfowych i imprezach na \u015bwie\u017cym powietrzu, aby utrzyma\u0107 teren w czysto\u015bci.<\/p>\n<\/li>\n<li>\n<p data-path-to-node=\"17,2,0\"><b data-path-to-node=\"17,2,0\" data-index-in-node=\"0\">Go\u015bcinno\u015b\u0107:<\/b> Zaoferuj go\u015bciom hotelowym lub klientom restauracji w strefach dla pal\u0105cych przeno\u015bne popielniczki z logo marki.<\/p>\n<\/li>\n<\/ul>\n<p data-path-to-node=\"18\">","protected":false},"excerpt":{"rendered":"<ul>\n<li>\n<p data-path-to-node=\"9,0,0\"><b data-path-to-node=\"9,0,0\" data-index-in-node=\"0\">Materia\u0142 premium:<\/b> Wykonane z wysokiej jako\u015bci stopu cynku z b\u0142yszcz\u0105cym srebrnym wyko\u0144czeniem, odpornym na rdz\u0119 i zu\u017cycie.<\/p>\n<\/li>\n<li>\n<p data-path-to-node=\"9,1,0\"><b data-path-to-node=\"9,1,0\" data-index-in-node=\"0\">Kompaktowy i przeno\u015bny:<\/b> Dzi\u0119ki wymiarom 85 \u00d7 32 \u00d7 17 mm z \u0142atwo\u015bci\u0105 zmie\u015bci si\u0119 w kieszeni lub torbie, mo\u017cna go te\u017c przypi\u0105\u0107 do sprz\u0119tu za pomoc\u0105 karabi\u0144czyka.<\/p>\n<\/li>\n<li>\n<p data-path-to-node=\"9,2,0\"><b data-path-to-node=\"9,2,0\" data-index-in-node=\"0\">Wyrafinowany branding:<\/b> Twoje logo zostanie wygrawerowane laserowo na boku, co zapewni trwa\u0142y, subtelny i profesjonalny wygl\u0105d.<\/p>\n<\/li>\n<li>\n<p data-path-to-node=\"9,3,0\"><b data-path-to-node=\"9,3,0\" data-index-in-node=\"0\">Rozwi\u0105zanie przyjazne dla \u015brodowiska:<\/b> Zach\u0119ca do odpowiedzialnej utylizacji odpad\u00f3w papierosowych, co jest doskona\u0142ym rozwi\u0105zaniem podczas imprez plenerowych i inicjatyw proekologicznych.<\/p>\n<\/li>\n<\/ul>","protected":false},"featured_media":6240,"comment_status":"closed","ping_status":"closed","template":"","meta":[],"product_brand":[],"product_cat":[68,121],"product_tag":[],"class_list":{"0":"post-6239","1":"product","2":"type-product","3":"status-publish","4":"has-post-thumbnail","6":"product_cat-event-supplies","7":"product_cat-promotional-merchandise","9":"first","10":"instock","11":"shipping-taxable","12":"purchasable","13":"product-type-simple"},"_links":{"self":[{"href":"https:\/\/displayproducts.eu\/pl\/wp-json\/wp\/v2\/product\/6239","targetHints":{"allow":["GET"]}}],"collection":[{"href":"https:\/\/displayproducts.eu\/pl\/wp-json\/wp\/v2\/product"}],"about":[{"href":"https:\/\/displayproducts.eu\/pl\/wp-json\/wp\/v2\/types\/product"}],"replies":[{"embeddable":true,"href":"https:\/\/displayproducts.eu\/pl\/wp-json\/wp\/v2\/comments?post=6239"}],"wp:featuredmedia":[{"embeddable":true,"href":"https:\/\/displayproducts.eu\/pl\/wp-json\/wp\/v2\/media\/6240"}],"wp:attachment":[{"href":"https:\/\/displayproducts.eu\/pl\/wp-json\/wp\/v2\/media?parent=6239"}],"wp:term":[{"taxonomy":"product_brand","embeddable":true,"href":"https:\/\/displayproducts.eu\/pl\/wp-json\/wp\/v2\/product_brand?post=6239"},{"taxonomy":"product_cat","embeddable":true,"href":"https:\/\/displayproducts.eu\/pl\/wp-json\/wp\/v2\/product_cat?post=6239"},{"taxonomy":"product_tag","embeddable":true,"href":"https:\/\/displayproducts.eu\/pl\/wp-json\/wp\/v2\/product_tag?post=6239"}],"curies":[{"name":"wp","href":"https:\/\/api.w.org\/{rel}","templated":true}]}}