{"id":6234,"date":"2025-12-20T18:28:29","date_gmt":"2025-12-20T15:28:29","guid":{"rendered":"https:\/\/wristbandfactory.eu\/?post_type=product&#038;p=6234"},"modified":"2026-04-01T21:52:34","modified_gmt":"2026-04-01T18:52:34","slug":"custom-3d-printed-cookie-cutters-gingerbread-molds-logo-shape","status":"publish","type":"product","link":"https:\/\/displayproducts.eu\/pl\/p\/custom-3d-printed-cookie-cutters-gingerbread-molds-logo-shape\/","title":{"rendered":"Foremki do ciastek z logo (Druk 3D)"},"content":{"rendered":"<p data-path-to-node=\"10\">Wnie\u015b smak swojej marki do kuchni ka\u017cdego klienta dzi\u0119ki naszym <b data-path-to-node=\"10\" data-index-in-node=\"88\">Z w\u0142asnym nadrukiem foremki do ciastek drukowane w technologii 3D<\/b>. Niezale\u017cnie od tego, czy chodzi o \u015bwi\u0105teczne pierniki, kruche ciasteczka, czy ciasteczka cukrowe, te spersonalizowane formy zamieniaj\u0105 pieczenie w do\u015bwiadczenie zwi\u0105zane z mark\u0105. W przeciwie\u0144stwie do standardowych metalowych foremek, nasza technologia druku 3D pozwala nam tworzy\u0107 <b data-path-to-node=\"10\" data-index-in-node=\"332\">dowolny wyobra\u017calny kszta\u0142t<\/b>\u2014od dok\u0142adnego logo Twojej firmy po konkretny kszta\u0142t produktu.<\/p>\n<p data-path-to-node=\"11\">Wyprodukowane w technologii druku 3D o wysokiej rozdzielczo\u015bci, te no\u017cyki s\u0105 wytrzyma\u0142e i precyzyjne. Przywi\u0105zujemy szczeg\u00f3ln\u0105 wag\u0119 do ostrza, dbaj\u0105c o to, aby by\u0142o wystarczaj\u0105co ostre, aby precyzyjnie kroi\u0107 ciasto, a jednocze\u015bnie zapewnia\u0142o bezpieczny i wygodny chwyt za g\u00f3rn\u0105 kraw\u0119d\u017a. Dost\u0119pne w \u015bwi\u0105tecznych kolorach, takich jak czerwony, zielony i niebieski, aby pasowa\u0142y do \u015bwi\u0105tecznego nastroju lub identyfikacji wizualnej Twojej firmy.<\/p>\n<h2 data-path-to-node=\"12\">G\u0142\u00f3wne cechy<\/h2>\n<ul data-path-to-node=\"13\">\n<li>\n<p data-path-to-node=\"13,0,0\"><b data-path-to-node=\"13,0,0\" data-index-in-node=\"0\">Projekt zgodny z mark\u0105:<\/b> Nie ma tu \u201cstandardowych kszta\u0142t\u00f3w\u201d. Ka\u017cdy frez jest projektowany specjalnie dla Ciebie, aby pasowa\u0142 do Twojego logo lub motywu kampanii.<\/p>\n<\/li>\n<li>\n<p data-path-to-node=\"13,1,0\"><b data-path-to-node=\"13,1,0\" data-index-in-node=\"0\">Materia\u0142 biologiczny:<\/b> Wykonane z <b data-path-to-node=\"13,1,0\" data-index-in-node=\"30\">PLA bezpieczne dla \u017cywno\u015bci<\/b> (kwas polimlekowy), bioplastik wytwarzany ze skrobi kukurydzianej lub trzciny cukrowej, co czyni go wyborem przyjaznym dla \u015brodowiska.<\/p>\n<\/li>\n<li>\n<p data-path-to-node=\"13,2,0\"><b data-path-to-node=\"13,2,0\" data-index-in-node=\"0\">Zoptymalizowana geometria:<\/b> Posiada wzmocnion\u0105 kraw\u0119d\u017a zapewniaj\u0105c\u0105 trwa\u0142o\u015b\u0107 i sto\u017ckowe ostrze umo\u017cliwiaj\u0105ce \u0142atwe wyjmowanie ciasta.<\/p>\n<\/li>\n<li>\n<p data-path-to-node=\"13,3,0\"><b data-path-to-node=\"13,3,0\" data-index-in-node=\"0\">\u017bywe kolory:<\/b> Dost\u0119pne w r\u00f3\u017cnych kolorach, dzi\u0119ki czemu narz\u0119dzie mo\u017ce by\u0107 atrakcyjnym prezentem.<\/p>\n<\/li>\n<\/ul>\n<h2 data-path-to-node=\"14\">Specyfikacje<\/h2>\n<ul data-path-to-node=\"15\">\n<li>\n<p data-path-to-node=\"15,0,0\"><b data-path-to-node=\"15,0,0\" data-index-in-node=\"0\">Tworzywo:<\/b> Plastik PLA bezpieczny dla \u017cywno\u015bci (biodegradowalny).<\/p>\n<\/li>\n<li>\n<p data-path-to-node=\"15,1,0\"><b data-path-to-node=\"15,1,0\" data-index-in-node=\"0\">Metoda produkcji:<\/b> Drukowanie 3D FDM o wysokiej rozdzielczo\u015bci (70\u2013200 mikron\u00f3w).<\/p>\n<\/li>\n<li>\n<p data-path-to-node=\"15,2,0\"><b data-path-to-node=\"15,2,0\" data-index-in-node=\"0\">G\u0142\u0119boko\u015b\u0107 standardowa:<\/b> 1,27 cm (0,5 cala) \u2013 idealne do standardowego ciasta wa\u0142kowanego. <i data-path-to-node=\"15,2,0\" data-index-in-node=\"72\">Dost\u0119pne s\u0105 z w\u0142asnym nadrukiem g\u0142\u0119boko\u015bci.<\/i><\/p>\n<\/li>\n<li>\n<p data-path-to-node=\"15,3,0\"><b data-path-to-node=\"15,3,0\" data-index-in-node=\"0\">Rozmiar:<\/b> Z w\u0142asnym nadrukiem (dostosowane do projektu). <i data-path-to-node=\"15,3,0\" data-index-in-node=\"33\">Zdj\u0119cia referencyjne wykorzystuj\u0105 siatk\u0119 2,54 cm.<\/i><\/p>\n<\/li>\n<li>\n<p data-path-to-node=\"15,4,0\"><b data-path-to-node=\"15,4,0\" data-index-in-node=\"0\">Instrukcje dotycz\u0105ce piel\u0119gnacji:<\/b> <b data-path-to-node=\"15,4,0\" data-index-in-node=\"19\">Tylko pranie r\u0119czne<\/b> letni\u0105 wod\u0105. Nie nadaje si\u0119 do mycia w zmywarce (wysoka temperatura mo\u017ce odkszta\u0142ci\u0107 PLA). Unika\u0107 d\u0142ugotrwa\u0142ego nara\u017cenia na bezpo\u015brednie dzia\u0142anie promieni s\u0142onecznych.<\/p>\n<\/li>\n<\/ul>\n<h2 data-path-to-node=\"16\">Przypadki u\u017cycia<\/h2>\n<ul data-path-to-node=\"17\">\n<li>\n<p data-path-to-node=\"17,0,0\"><b data-path-to-node=\"17,0,0\" data-index-in-node=\"0\">Prezenty firmowe na Bo\u017ce Narodzenie:<\/b> Do\u0142\u0105cz firmow\u0105 foremk\u0119 do ciastek do \u015bwi\u0105tecznych koszy prezentowych dla partner\u00f3w i pracownik\u00f3w.<\/p>\n<\/li>\n<li>\n<p data-path-to-node=\"17,1,0\"><b data-path-to-node=\"17,1,0\" data-index-in-node=\"0\">Catering na imprezy:<\/b> Podawaj ciasteczka w kszta\u0142cie nowego produktu na imprezach z okazji premiery lub targach.<\/p>\n<\/li>\n<li>\n<p data-path-to-node=\"17,2,0\"><b data-path-to-node=\"17,2,0\" data-index-in-node=\"0\">Merchandising:<\/b> Wyj\u0105tkowy, niedrogi przedmiot do sprzeda\u017cy lub rozdania dla szk\u00f3\u0142 gotowania, piekarni lub marek zorientowanych na rodzin\u0119.<\/p>\n<\/li>\n<\/ul>","protected":false},"excerpt":{"rendered":"<ul>\n<li>\n<p data-path-to-node=\"9,0,0\"><b data-path-to-node=\"9,0,0\" data-index-in-node=\"0\">Modelowanie niestandardowych kszta\u0142t\u00f3w:<\/b> Przekszta\u0142cimy Twoje dwuwymiarowe logo lub maskotk\u0119 w w pe\u0142ni funkcjonaln\u0105 foremk\u0119 do ciastek 3D.<\/p>\n<\/li>\n<li>\n<p data-path-to-node=\"9,1,0\"><b data-path-to-node=\"9,1,0\" data-index-in-node=\"0\">Bezpieczne dla \u017cywno\u015bci i przyjazne dla \u015brodowiska:<\/b> Wykonane z tworzywa PLA, biodegradowalnego materia\u0142u pochodz\u0105cego z odnawialnych \u017ar\u00f3de\u0142.<\/p>\n<\/li>\n<li>\n<p data-path-to-node=\"9,2,0\"><b data-path-to-node=\"9,2,0\" data-index-in-node=\"0\">Ci\u0119cie precyzyjne:<\/b> Druk 3D o wysokiej rozdzielczo\u015bci (70\u2013200 mikron\u00f3w) pozwala na uzyskanie ostrych kraw\u0119dzi i czystych ci\u0119\u0107 nawet w przypadku skomplikowanych wzor\u00f3w.<\/p>\n<\/li>\n<li>\n<p data-path-to-node=\"9,3,0\"><b data-path-to-node=\"9,3,0\" data-index-in-node=\"0\">Branding sezonowy:<\/b> Doskona\u0142y interaktywny upominek firmowy, kt\u00f3ry wprowadzi Twoj\u0105 mark\u0119 na \u015bwi\u0105teczny st\u00f3\u0142.<\/p>\n<\/li>\n<\/ul>","protected":false},"featured_media":6235,"comment_status":"closed","ping_status":"closed","template":"","meta":[],"product_brand":[],"product_cat":[122],"product_tag":[],"class_list":{"0":"post-6234","1":"product","2":"type-product","3":"status-publish","4":"has-post-thumbnail","6":"product_cat-promotional-accessories","8":"first","9":"instock","10":"shipping-taxable","11":"purchasable","12":"product-type-simple"},"_links":{"self":[{"href":"https:\/\/displayproducts.eu\/pl\/wp-json\/wp\/v2\/product\/6234","targetHints":{"allow":["GET"]}}],"collection":[{"href":"https:\/\/displayproducts.eu\/pl\/wp-json\/wp\/v2\/product"}],"about":[{"href":"https:\/\/displayproducts.eu\/pl\/wp-json\/wp\/v2\/types\/product"}],"replies":[{"embeddable":true,"href":"https:\/\/displayproducts.eu\/pl\/wp-json\/wp\/v2\/comments?post=6234"}],"wp:featuredmedia":[{"embeddable":true,"href":"https:\/\/displayproducts.eu\/pl\/wp-json\/wp\/v2\/media\/6235"}],"wp:attachment":[{"href":"https:\/\/displayproducts.eu\/pl\/wp-json\/wp\/v2\/media?parent=6234"}],"wp:term":[{"taxonomy":"product_brand","embeddable":true,"href":"https:\/\/displayproducts.eu\/pl\/wp-json\/wp\/v2\/product_brand?post=6234"},{"taxonomy":"product_cat","embeddable":true,"href":"https:\/\/displayproducts.eu\/pl\/wp-json\/wp\/v2\/product_cat?post=6234"},{"taxonomy":"product_tag","embeddable":true,"href":"https:\/\/displayproducts.eu\/pl\/wp-json\/wp\/v2\/product_tag?post=6234"}],"curies":[{"name":"wp","href":"https:\/\/api.w.org\/{rel}","templated":true}]}}