{"id":6232,"date":"2025-12-20T18:21:12","date_gmt":"2025-12-20T15:21:12","guid":{"rendered":"https:\/\/wristbandfactory.eu\/?post_type=product&#038;p=6232"},"modified":"2026-04-01T21:52:03","modified_gmt":"2026-04-01T18:52:03","slug":"custom-printed-beer-coasters-drink-mats-absorbent-pulpboard","status":"publish","type":"product","link":"https:\/\/displayproducts.eu\/pl\/p\/custom-printed-beer-coasters-drink-mats-absorbent-pulpboard\/","title":{"rendered":"Podk\u0142adki pod piwo z nadrukiem"},"content":{"rendered":"<p data-path-to-node=\"10\">Zamie\u0144 ka\u017cdy st\u00f3\u0142 w billboard dzi\u0119ki naszym <b data-path-to-node=\"10\" data-index-in-node=\"68\">Podk\u0142adki pod piwo z nadrukiem na zapytanie ofertowe<\/b>. Te podk\u0142adki pod napoje to nie tylko praktyczne narz\u0119dzie do ochrony mebli przed zalaniem i kondensacj\u0105, ale tak\u017ce skuteczny i skuteczny \u015brodek marketingowy o wysokiej cz\u0119stotliwo\u015bci. Niezale\u017cnie od tego, czy prowadzisz browar, bar, czy organizujesz du\u017c\u0105 imprez\u0119 firmow\u0105, spersonalizowane podstawki dos\u0142ownie oddaj\u0105 Twoj\u0105 mark\u0119 w r\u0119ce odbiorc\u00f3w.<\/p>\n<p data-path-to-node=\"11\">Zach\u0119camy do <b data-path-to-node=\"11\" data-index-in-node=\"20\">u\u017cyj swojej wyobra\u017ani<\/b>. Poniewa\u017c te podstawki s\u0105 drukowane w pe\u0142nym kolorze, nie musisz ogranicza\u0107 si\u0119 do bez nadrukugo logo. Skorzystaj z mo\u017cliwo\u015bci druku dwustronnego, aby organizowa\u0107 konkursy, udost\u0119pnia\u0107 przepisy na koktajle lub wy\u015bwietla\u0107 kody QR, kt\u00f3re zwi\u0119kszaj\u0105 zaanga\u017cowanie cyfrowe.<\/p>\n<h2 data-path-to-node=\"12\">G\u0142\u00f3wne cechy<\/h2>\n<ul data-path-to-node=\"13\">\n<li>\n<p data-path-to-node=\"13,0,0\"><b data-path-to-node=\"13,0,0\" data-index-in-node=\"0\">Doskona\u0142a ch\u0142onno\u015b\u0107:<\/b> Wykonane ze specjalistycznego papieru podk\u0142adowego (tektury celulozowej), kt\u00f3ry zatrzymuje wilgo\u0107, nie rozpadaj\u0105c si\u0119, dzi\u0119ki czemu powierzchnie pozostaj\u0105 suche.<\/p>\n<\/li>\n<li>\n<p data-path-to-node=\"13,1,0\"><b data-path-to-node=\"13,1,0\" data-index-in-node=\"0\">Branding dwustronny:<\/b> Wzmocnij sw\u00f3j przekaz, drukuj\u0105c r\u00f3\u017cne wzory z przodu i z ty\u0142u \u2014 idealne rozwi\u0105zanie w przypadku promocji krzy\u017cowych lub wiastrona g\u0142\u00f3wnao\u015bci-niespodzianek.<\/p>\n<\/li>\n<li>\n<p data-path-to-node=\"13,2,0\"><b data-path-to-node=\"13,2,0\" data-index-in-node=\"0\">R\u00f3\u017cnorodno\u015b\u0107 kszta\u0142t\u00f3w:<\/b> Dost\u0119pne w wersji klasycznej <b data-path-to-node=\"13,2,0\" data-index-in-node=\"36\">Okr\u0105g\u0142y<\/b> Lub <b data-path-to-node=\"13,2,0\" data-index-in-node=\"45\">Kwadrat<\/b> formaty z zaokr\u0105glonymi rogami, kt\u00f3re dopasuj\u0105 si\u0119 do Twojego gustu.<\/p>\n<\/li>\n<li>\n<p data-path-to-node=\"13,3,0\"><b data-path-to-node=\"13,3,0\" data-index-in-node=\"0\">Wydruk w jako\u015bci fotograficznej:<\/b> Nasz proces druku offsetowego gwarantuje \u017cywe kolory i ostre szczeg\u00f3\u0142y, dzi\u0119ki czemu Tw\u00f3j projekt b\u0119dzie si\u0119 wyr\u00f3\u017cnia\u0142.<\/p>\n<\/li>\n<\/ul>\n<h2 data-path-to-node=\"14\">Specyfikacje<\/h2>\n<ul data-path-to-node=\"15\">\n<li>\n<p data-path-to-node=\"15,0,0\"><b data-path-to-node=\"15,0,0\" data-index-in-node=\"0\">Tworzywo:<\/b> Tektura celulozowa o wysokiej g\u0119sto\u015bci i ch\u0142onno\u015bci (p\u0142yta Beermat).<\/p>\n<\/li>\n<li>\n<p data-path-to-node=\"15,1,0\"><b data-path-to-node=\"15,1,0\" data-index-in-node=\"0\">Kszta\u0142ty standardowe:<\/b><\/p>\n<ul data-path-to-node=\"15,1,1\">\n<li>\n<p data-path-to-node=\"15,1,1,0,0\">Okr\u0105g\u0142e (\u00d8 107 mm lub \u00d8 93 mm).<\/p>\n<\/li>\n<li>\n<p data-path-to-node=\"15,1,1,1,0\">Kwadratowe (93 \u00d7 93 mm lub 107 \u00d7 107 mm) z zaokr\u0105glonymi rogami.<\/p>\n<\/li>\n<\/ul>\n<\/li>\n<li>\n<p data-path-to-node=\"15,2,0\"><b data-path-to-node=\"15,2,0\" data-index-in-node=\"0\">Opcje grubo\u015bci:<\/b> Standardowa 1,2 mm, Premium 1,6 mm lub Heavy Duty 2,0 mm.<\/p>\n<\/li>\n<li>\n<p data-path-to-node=\"15,3,0\"><b data-path-to-node=\"15,3,0\" data-index-in-node=\"0\">Druk:<\/b> Pe\u0142nokolorowe przesuni\u0119cie (CMYK) po obu stronach.<\/p>\n<\/li>\n<\/ul>\n<h2 data-path-to-node=\"16\">Przypadki u\u017cycia<\/h2>\n<ul data-path-to-node=\"17\">\n<li>\n<p data-path-to-node=\"17,0,0\"><b data-path-to-node=\"17,0,0\" data-index-in-node=\"0\">Browary i bary:<\/b> Niezb\u0119dne do serwowania piwa lane i wzmacniania identyfikacji marki.<\/p>\n<\/li>\n<li>\n<p data-path-to-node=\"17,1,0\"><b data-path-to-node=\"17,1,0\" data-index-in-node=\"0\">\u015aluby i imprezy:<\/b> Spersonalizowane podstawki dodadz\u0105 wyj\u0105tkowego charakteru zastawie sto\u0142owej i b\u0119d\u0105 stanowi\u0107 pami\u0105tk\u0119.<\/p>\n<\/li>\n<li>\n<p data-path-to-node=\"17,2,0\"><b data-path-to-node=\"17,2,0\" data-index-in-node=\"0\">Marketing partyzancki:<\/b> Rozpowszechniaj je w partnerskich lokalizacjach, aby promowa\u0107 premier\u0119 aplikacji, festiwal lub us\u0142ug\u0119 taks\u00f3wkarsk\u0105.<\/p>\n<\/li>\n<\/ul>","protected":false},"excerpt":{"rendered":"<ul>\n<li>\n<p data-path-to-node=\"9,0,0\"><b data-path-to-node=\"9,0,0\" data-index-in-node=\"0\">Wysoka ch\u0142onno\u015b\u0107:<\/b> Wykonane z najwy\u017cszej jako\u015bci tektury falistej, kt\u00f3ra skutecznie poch\u0142ania wilgo\u0107, chroni\u0105c sto\u0142y i meble.<\/p>\n<\/li>\n<li>\n<p data-path-to-node=\"9,1,0\"><b data-path-to-node=\"9,1,0\" data-index-in-node=\"0\">Maksymalna ekspozycja:<\/b> Umieszczone bezpo\u015brednio przed klientem, gwarantuj\u0105, \u017ce Twoja marka b\u0119dzie widoczna przy ka\u017cdym \u0142yku.<\/p>\n<\/li>\n<li>\n<p data-path-to-node=\"9,2,0\"><b data-path-to-node=\"9,2,0\" data-index-in-node=\"0\">Marketing kreatywny:<\/b> Doskonale nadaje si\u0119 do kod\u00f3w QR, gier typu quiz czy serii kolekcjonerskich, kt\u00f3re pozwalaj\u0105 na interaktywne anga\u017cowanie klient\u00f3w.<\/p>\n<\/li>\n<li>\n<p data-path-to-node=\"9,3,0\"><b data-path-to-node=\"9,3,0\" data-index-in-node=\"0\">Op\u0142acalne:<\/b> Niedrogie narz\u0119dzie promocyjne o du\u017cej przepustowo\u015bci, zapewniaj\u0105ce wysoki zwrot z inwestycji.<\/p>\n<\/li>\n<\/ul>","protected":false},"featured_media":6233,"comment_status":"closed","ping_status":"closed","template":"","meta":[],"product_brand":[],"product_cat":[119],"product_tag":[],"class_list":{"0":"post-6232","1":"product","2":"type-product","3":"status-publish","4":"has-post-thumbnail","6":"product_cat-drinkware-accessories","8":"first","9":"instock","10":"shipping-taxable","11":"purchasable","12":"product-type-simple"},"_links":{"self":[{"href":"https:\/\/displayproducts.eu\/pl\/wp-json\/wp\/v2\/product\/6232","targetHints":{"allow":["GET"]}}],"collection":[{"href":"https:\/\/displayproducts.eu\/pl\/wp-json\/wp\/v2\/product"}],"about":[{"href":"https:\/\/displayproducts.eu\/pl\/wp-json\/wp\/v2\/types\/product"}],"replies":[{"embeddable":true,"href":"https:\/\/displayproducts.eu\/pl\/wp-json\/wp\/v2\/comments?post=6232"}],"wp:featuredmedia":[{"embeddable":true,"href":"https:\/\/displayproducts.eu\/pl\/wp-json\/wp\/v2\/media\/6233"}],"wp:attachment":[{"href":"https:\/\/displayproducts.eu\/pl\/wp-json\/wp\/v2\/media?parent=6232"}],"wp:term":[{"taxonomy":"product_brand","embeddable":true,"href":"https:\/\/displayproducts.eu\/pl\/wp-json\/wp\/v2\/product_brand?post=6232"},{"taxonomy":"product_cat","embeddable":true,"href":"https:\/\/displayproducts.eu\/pl\/wp-json\/wp\/v2\/product_cat?post=6232"},{"taxonomy":"product_tag","embeddable":true,"href":"https:\/\/displayproducts.eu\/pl\/wp-json\/wp\/v2\/product_tag?post=6232"}],"curies":[{"name":"wp","href":"https:\/\/api.w.org\/{rel}","templated":true}]}}