{"id":6230,"date":"2025-12-20T18:14:23","date_gmt":"2025-12-20T15:14:23","guid":{"rendered":"https:\/\/wristbandfactory.eu\/?post_type=product&#038;p=6230"},"modified":"2026-04-01T21:52:34","modified_gmt":"2026-04-01T18:52:34","slug":"custom-printed-door-hangers-do-not-disturb-signs-pvc-pp-cardboard","status":"publish","type":"product","link":"https:\/\/displayproducts.eu\/pl\/p\/custom-printed-door-hangers-do-not-disturb-signs-pvc-pp-cardboard\/","title":{"rendered":"Zawieszki na drzwi z nadrukiem"},"content":{"rendered":"<p data-path-to-node=\"10\">Usprawnij komunikacj\u0119 i wzmocnij mark\u0119 dzi\u0119ki naszym <b data-path-to-node=\"10\" data-index-in-node=\"80\">Zawieszki na drzwi z nadrukiem na zapytanie ofertowe<\/b>. Niezale\u017cnie od tego, czy potrzebujesz funkcjonalnych znak\u00f3w \u201cNie przeszkadza\u0107\u201d dla sieci hoteli, czy przyci\u0105gaj\u0105cych wzrok narz\u0119dzi marketingowych do partyzanckiej kampanii reklamowej, nasze zawieszki na drzwi zosta\u0142y zaprojektowane tak, aby przekaza\u0107 Tw\u00f3j komunikat jasno i profesjonalnie.<\/p>\n<p data-path-to-node=\"11\">Oferujemy szerok\u0105 gam\u0119 materia\u0142\u00f3w dostosowanych do Twoich konkretnych potrzeb w zakresie trwa\u0142o\u015bci. <b data-path-to-node=\"11\" data-index-in-node=\"74\">PVC i polipropylen (PP)<\/b> Opcje s\u0105 odporne na rozdarcia i wodoodporne, dzi\u0119ki czemu idealnie nadaj\u0105 si\u0119 do codziennego, wielokrotnego u\u017cytku w obiektach hotelarskich. W przypadku kr\u00f3tkoterminowych promocji lub kampanii mailingowych, nasze wysokiej jako\u015bci\u2026 <b data-path-to-node=\"11\" data-index-in-node=\"283\">Karton<\/b> opcje oferuj\u0105 wygl\u0105d premium za przyst\u0119pn\u0105 cen\u0119.<\/p>\n<h2 data-path-to-node=\"12\">G\u0142\u00f3wne cechy<\/h2>\n<ul data-path-to-node=\"13\">\n<li>\n<p data-path-to-node=\"13,0,0\"><b data-path-to-node=\"13,0,0\" data-index-in-node=\"0\">Elastyczno\u015b\u0107 materia\u0142u:<\/b><\/p>\n<ul data-path-to-node=\"13,0,1\">\n<li>\n<p data-path-to-node=\"13,0,1,0,0\"><b data-path-to-node=\"13,0,1,0,0\" data-index-in-node=\"0\">PVC\/PP:<\/b> Wodoodporne, sztywne i \u0142atwe w czyszczeniu. Idealne do d\u0142ugotrwa\u0142ego u\u017cytkowania wewn\u0105trz i na zewn\u0105trz.<\/p>\n<\/li>\n<li>\n<p data-path-to-node=\"13,0,1,1,0\"><b data-path-to-node=\"13,0,1,1,0\" data-index-in-node=\"0\">Karton:<\/b> Zr\u00f3wnowa\u017cony i lekki. Idealny na imprezy jednorazowe lub masow\u0105 dystrybucj\u0119.<\/p>\n<\/li>\n<\/ul>\n<\/li>\n<li>\n<p data-path-to-node=\"13,1,0\"><b data-path-to-node=\"13,1,0\" data-index-in-node=\"0\">Doskona\u0142o\u015b\u0107 wizualna:<\/b> U\u017cywamy wysokiej rozdzielczo\u015bci <b data-path-to-node=\"13,1,0\" data-index-in-node=\"42\">Zr\u00f3wnowa\u017cy\u0107<\/b> Lub <b data-path-to-node=\"13,1,0\" data-index-in-node=\"52\">Sitodruk<\/b> aby mie\u0107 pewno\u015b\u0107, \u017ce Twoje logo i tekst b\u0119d\u0105 wyra\u017ane, kolorowe i odporne na blakni\u0119cie.<\/p>\n<\/li>\n<li>\n<p data-path-to-node=\"13,2,0\"><b data-path-to-node=\"13,2,0\" data-index-in-node=\"0\">Kszta\u0142ty z w\u0142asnym nadrukiem:<\/b> Chocia\u017c oferujemy standardowe, prostok\u0105tne kszta\u0142ty z haczykiem, mo\u017cemy r\u00f3wnie\u017c wyci\u0105\u0107 wieszaki w z w\u0142asnym nadrukiem kszta\u0142ty, tak aby pasowa\u0142y do Twojej marki.<\/p>\n<\/li>\n<li>\n<p data-path-to-node=\"13,3,0\"><b data-path-to-node=\"13,3,0\" data-index-in-node=\"0\">Podw\u00f3jne przesy\u0142anie wiastrona g\u0142\u00f3wnao\u015bci:<\/b> Wykorzystaj obie strony etykiety, aby przekaza\u0107 wi\u0119cej informacji lub zaoferowa\u0107 podw\u00f3jn\u0105 funkcjonalno\u015b\u0107.<\/p>\n<\/li>\n<\/ul>\n<h2 data-path-to-node=\"14\">Specyfikacje<\/h2>\n<ul data-path-to-node=\"15\">\n<li>\n<p data-path-to-node=\"15,0,0\"><b data-path-to-node=\"15,0,0\" data-index-in-node=\"0\">Przybory:<\/b> Twarde PCV, elastyczne PP (polipropylen) lub tektura powlekana.<\/p>\n<\/li>\n<li>\n<p data-path-to-node=\"15,1,0\"><b data-path-to-node=\"15,1,0\" data-index-in-node=\"0\">Technika druku:<\/b> Druk offsetowy pe\u0142nokolorowy (CMYK) lub sitodruk (kolory dodatkowe).<\/p>\n<\/li>\n<li>\n<p data-path-to-node=\"15,2,0\"><b data-path-to-node=\"15,2,0\" data-index-in-node=\"0\">Zasi\u0119g druku:<\/b> Jednostronne lub dwustronne.<\/p>\n<\/li>\n<li>\n<p data-path-to-node=\"15,3,0\"><b data-path-to-node=\"15,3,0\" data-index-in-node=\"0\">Grubo\u015b\u0107:<\/b> Mo\u017cliwo\u015b\u0107 dostosowania do wybranego materia\u0142u (np. tektura 300 g, PVC 500 mikron\u00f3w).<\/p>\n<\/li>\n<li>\n<p data-path-to-node=\"15,4,0\"><b data-path-to-node=\"15,4,0\" data-index-in-node=\"0\">Za\u0142\u0105cznik:<\/b> Standardowy wyci\u0119ty haczyk do klamek drzwi.<\/p>\n<\/li>\n<\/ul>\n<h2 data-path-to-node=\"16\">Przypadki u\u017cycia<\/h2>\n<ul data-path-to-node=\"17\">\n<li>\n<p data-path-to-node=\"17,0,0\"><b data-path-to-node=\"17,0,0\" data-index-in-node=\"0\">Bran\u017ca hotelarska:<\/b> Niezb\u0119dne w hotelach, o\u015brodkach wypoczynkowych i statkach wycieczkowych (\u201cNie przeszkadza\u0107\u201d, \u201cMenu \u015bniadaniowe\u201d, \u201cObs\u0142uga pokoju\u201d).<\/p>\n<\/li>\n<li>\n<p data-path-to-node=\"17,1,0\"><b data-path-to-node=\"17,1,0\" data-index-in-node=\"0\">Biura korporacyjne:<\/b> Przydatne w przypadku sal konferencyjnych (\u201cSpotkanie w toku\u201d) lub harmonogram\u00f3w sprz\u0105tania.<\/p>\n<\/li>\n<li>\n<p data-path-to-node=\"17,2,0\"><b data-path-to-node=\"17,2,0\" data-index-in-node=\"0\">Nieruchomo\u015bci i marketing:<\/b> \u201cOg\u0142oszenia \u201dW\u0142a\u015bnie sprzedane\u201c i \u201dStrona g\u0142\u00f3wna otwarty\u201d pozostawione na klamkach drzwi s\u0105siad\u00f3w.<\/p>\n<\/li>\n<\/ul>\n<p data-path-to-node=\"18\">","protected":false},"excerpt":{"rendered":"<ul>\n<li>\n<p data-path-to-node=\"9,0,0\"><b data-path-to-node=\"9,0,0\" data-index-in-node=\"0\">Wszechstronny wyb\u00f3r materia\u0142\u00f3w:<\/b> Wybierz wytrzyma\u0142y materia\u0142 PVC lub polipropylen (PP) do d\u0142ugotrwa\u0142ego ponownego wykorzystania w hotelach lub ekonomiczny karton do kampanii marketingowych.<\/p>\n<\/li>\n<li>\n<p data-path-to-node=\"9,1,0\"><b data-path-to-node=\"9,1,0\" data-index-in-node=\"0\">Drukowanie o du\u017cym wp\u0142ywie:<\/b> Dost\u0119pne z pe\u0142nokolorowym nadrukiem offsetowym lub sitodrukiem, dzi\u0119ki czemu Tw\u00f3j przekaz b\u0119dzie widoczny z daleka.<\/p>\n<\/li>\n<li>\n<p data-path-to-node=\"9,2,0\"><b data-path-to-node=\"9,2,0\" data-index-in-node=\"0\">Komunikacja dwustronna:<\/b> Maksymalnie wykorzystaj u\u017cyteczno\u015b\u0107, drukuj\u0105c r\u00f3\u017cne komunikaty na ka\u017cdej stronie (np. \u201cNie przeszkadza\u0107\u201d \/ \u201cProsz\u0119 posprz\u0105ta\u0107 pok\u00f3j\u201d).<\/p>\n<\/li>\n<li>\n<p data-path-to-node=\"9,3,0\"><b data-path-to-node=\"9,3,0\" data-index-in-node=\"0\">Uniwersalne dopasowanie:<\/b> Zaprojektowane tak, aby pasowa\u0142y do standardowych klamek w hotelach, centrach konferencyjnych i biurach korporacyjnych.<\/p>\n<\/li>\n<\/ul>","protected":false},"featured_media":6280,"comment_status":"closed","ping_status":"closed","template":"","meta":[],"product_brand":[],"product_cat":[132],"product_tag":[],"class_list":{"0":"post-6230","1":"product","2":"type-product","3":"status-publish","4":"has-post-thumbnail","6":"product_cat-hotel-spa-amenities","8":"first","9":"instock","10":"shipping-taxable","11":"product-type-simple"},"_links":{"self":[{"href":"https:\/\/displayproducts.eu\/pl\/wp-json\/wp\/v2\/product\/6230","targetHints":{"allow":["GET"]}}],"collection":[{"href":"https:\/\/displayproducts.eu\/pl\/wp-json\/wp\/v2\/product"}],"about":[{"href":"https:\/\/displayproducts.eu\/pl\/wp-json\/wp\/v2\/types\/product"}],"replies":[{"embeddable":true,"href":"https:\/\/displayproducts.eu\/pl\/wp-json\/wp\/v2\/comments?post=6230"}],"wp:featuredmedia":[{"embeddable":true,"href":"https:\/\/displayproducts.eu\/pl\/wp-json\/wp\/v2\/media\/6280"}],"wp:attachment":[{"href":"https:\/\/displayproducts.eu\/pl\/wp-json\/wp\/v2\/media?parent=6230"}],"wp:term":[{"taxonomy":"product_brand","embeddable":true,"href":"https:\/\/displayproducts.eu\/pl\/wp-json\/wp\/v2\/product_brand?post=6230"},{"taxonomy":"product_cat","embeddable":true,"href":"https:\/\/displayproducts.eu\/pl\/wp-json\/wp\/v2\/product_cat?post=6230"},{"taxonomy":"product_tag","embeddable":true,"href":"https:\/\/displayproducts.eu\/pl\/wp-json\/wp\/v2\/product_tag?post=6230"}],"curies":[{"name":"wp","href":"https:\/\/api.w.org\/{rel}","templated":true}]}}