{"id":6228,"date":"2025-12-20T18:09:00","date_gmt":"2025-12-20T15:09:00","guid":{"rendered":"https:\/\/wristbandfactory.eu\/?post_type=product&#038;p=6228"},"modified":"2026-04-01T21:52:34","modified_gmt":"2026-04-01T18:52:34","slug":"custom-printed-rulers-3d-lenticular-rulers-pvc-pp-pet","status":"publish","type":"product","link":"https:\/\/displayproducts.eu\/pl\/p\/custom-printed-rulers-3d-lenticular-rulers-pvc-pp-pet\/","title":{"rendered":"Linijki reklamowe z nadrukiem"},"content":{"rendered":"<p data-path-to-node=\"10\">Zapewnij sobie sta\u0142e miejsce na biurku swojego klienta dzi\u0119ki naszemu <b data-path-to-node=\"10\" data-index-in-node=\"80\">Linijki z nadrukiem na zapytanie ofertowe<\/b>. W przeciwie\u0144stwie do ulotek jednorazowego u\u017cytku, markowa linijka jest praktycznym narz\u0119dziem, kt\u00f3re zapewnia d\u0142ugoterminow\u0105 warto\u015b\u0107 i codzienn\u0105 widoczno\u015b\u0107 w biurach, szko\u0142ach i zak\u0142adach przemys\u0142owych.<\/p>\n<p data-path-to-node=\"11\">Oferujemy szerok\u0105 gam\u0119 materia\u0142\u00f3w dopasowanych do cel\u00f3w Twojej kampanii. Wybierz nasze <b data-path-to-node=\"11\" data-index-in-node=\"75\">Standardowy PVC<\/b> dla klasycznego wygl\u0105du, <b data-path-to-node=\"11\" data-index-in-node=\"108\">Ekologiczny polipropylen (PP)<\/b> dla zr\u00f3wnowa\u017conego brandingu lub naszych najnowocze\u015bniejszych rozwi\u0105za\u0144 <b data-path-to-node=\"11\" data-index-in-node=\"186\">Linijki soczewkowe 3D<\/b> dla maksymalnego efektu. Technologia soczewkowa tworzy anga\u017cuj\u0105ce efekty wizualne, takie jak animacja, g\u0142\u0119bia czy efekt odbicia obrazu, dzi\u0119ki czemu idealnie nadaje si\u0119 do kampanii w przemy\u015ble farmaceutycznym i spo\u017cywczym.<\/p>\n<h2 data-path-to-node=\"12\">G\u0142\u00f3wne cechy<\/h2>\n<ul data-path-to-node=\"13\">\n<li>\n<p data-path-to-node=\"13,0,0\"><b data-path-to-node=\"13,0,0\" data-index-in-node=\"0\">Branding wysokiej rozdzielczo\u015bci:<\/b> Niezale\u017cnie od tego, czy wybierzesz druk cyfrowy w przypadku skomplikowanych obraz\u00f3w, czy sitodruk w przypadku jednolitych kolor\u00f3w, gwarantujemy ostre, \u017cywe rezultaty.<\/p>\n<\/li>\n<li>\n<p data-path-to-node=\"13,1,0\"><b data-path-to-node=\"13,1,0\" data-index-in-node=\"0\">Wymiary z w\u0142asnym nadrukiem:<\/b> Oferujemy nie tylko standardowe rozmiary; jeste\u015bmy w stanie wyprodukowa\u0107 linijki od kompaktowych wersji 15 cm a\u017c do du\u017cych format\u00f3w 68 cm.<\/p>\n<\/li>\n<li>\n<p data-path-to-node=\"13,2,0\"><b data-path-to-node=\"13,2,0\" data-index-in-node=\"0\">Opcje przyjazne dla \u015brodowiska:<\/b> Na potrzeby kampanii ekologicznych oferujemy biodegradowalne i nadaj\u0105ce si\u0119 do recyklingu materia\u0142y polipropylenowe (PP).<\/p>\n<\/li>\n<li>\n<p data-path-to-node=\"13,3,0\"><b data-path-to-node=\"13,3,0\" data-index-in-node=\"0\">Zaawansowane efekty 3D:<\/b> Druk soczewkowy umo\u017cliwia uzyskanie efekt\u00f3w \u201cFlip\u201d (zmiany obraz\u00f3w), \u201cMotion\u201d (ruchu przypominaj\u0105cego wideo) lub \u201cG\u0142\u0119bi 3D\u201d, dzi\u0119ki czemu zwyk\u0142a linijka staje si\u0119 interaktywnym do\u015bwiadczeniem.<\/p>\n<\/li>\n<\/ul>\n<h2 data-path-to-node=\"14\">Specyfikacje<\/h2>\n<table data-path-to-node=\"15\">\n<thead>\n<tr>\n<td><strong>Funkcja<\/strong><\/td>\n<td><strong>Linijki PVC<\/strong><\/td>\n<td><strong>Linijki PP (polipropylenowe)<\/strong><\/td>\n<td><strong>Linijki soczewkowe 3D<\/strong><\/td>\n<\/tr>\n<\/thead>\n<tbody>\n<tr>\n<td><span data-path-to-node=\"15,1,0,0\"><b data-path-to-node=\"15,1,0,0\" data-index-in-node=\"0\">Tworzywo<\/b><\/span><\/td>\n<td><span data-path-to-node=\"15,1,1,0\">P\u00f3\u0142sztywny bia\u0142y PVC<\/span><\/td>\n<td><span data-path-to-node=\"15,1,2,0\">Elastyczny, ekologiczny PP<\/span><\/td>\n<td><span data-path-to-node=\"15,1,3,0\">Soczewkowe PET<\/span><\/td>\n<\/tr>\n<tr>\n<td><span data-path-to-node=\"15,2,0,0\"><b data-path-to-node=\"15,2,0,0\" data-index-in-node=\"0\">Grubo\u015b\u0107<\/b><\/span><\/td>\n<td><span data-path-to-node=\"15,2,1,0\">300, 500 lub 700 mikron\u00f3w<\/span><\/td>\n<td><span data-path-to-node=\"15,2,2,0\">500 lub 800 mikron\u00f3w<\/span><\/td>\n<td><span data-path-to-node=\"15,2,3,0\">500 mikron\u00f3w<\/span><\/td>\n<\/tr>\n<tr>\n<td><span data-path-to-node=\"15,3,0,0\"><b data-path-to-node=\"15,3,0,0\" data-index-in-node=\"0\">Metoda drukowania<\/b><\/span><\/td>\n<td><span data-path-to-node=\"15,3,1,0\">Druk cyfrowy lub sitodruk<\/span><\/td>\n<td><span data-path-to-node=\"15,3,2,0\">Druk cyfrowy lub sitodruk<\/span><\/td>\n<td><span data-path-to-node=\"15,3,3,0\">Przesuni\u0119cie\/Ekran (efekty 3D)<\/span><\/td>\n<\/tr>\n<tr>\n<td><span data-path-to-node=\"15,4,0,0\"><b data-path-to-node=\"15,4,0,0\" data-index-in-node=\"0\">Boki<\/b><\/span><\/td>\n<td><span data-path-to-node=\"15,4,1,0\">1 lub 2-stronny<\/span><\/td>\n<td><span data-path-to-node=\"15,4,2,0\">1 lub 2-stronny<\/span><\/td>\n<td><span data-path-to-node=\"15,4,3,0\">Prz\u00f3d (3D) + Ty\u0142 (Statyczny)<\/span><\/td>\n<\/tr>\n<tr>\n<td><span data-path-to-node=\"15,5,0,0\"><b data-path-to-node=\"15,5,0,0\" data-index-in-node=\"0\">Zakres d\u0142ugo\u015bci<\/b><\/span><\/td>\n<td><span data-path-to-node=\"15,5,1,0\">15 cm \u2013 68 cm<\/span><\/td>\n<td><span data-path-to-node=\"15,5,2,0\">15 cm \u2013 68 cm<\/span><\/td>\n<td><span data-path-to-node=\"15,5,3,0\">Standardowe rozmiary<\/span><\/td>\n<\/tr>\n<\/tbody>\n<\/table>\n<h2 data-path-to-node=\"16\">Przypadki u\u017cycia<\/h2>\n<ul data-path-to-node=\"17\">\n<li>\n<p data-path-to-node=\"17,0,0\"><b data-path-to-node=\"17,0,0\" data-index-in-node=\"0\">Kampanie edukacyjne:<\/b> Niezb\u0119dne materia\u0142y dla szk\u00f3\u0142, uniwersytet\u00f3w i o\u015brodk\u00f3w szkoleniowych.<\/p>\n<\/li>\n<li>\n<p data-path-to-node=\"17,1,0\"><b data-path-to-node=\"17,1,0\" data-index-in-node=\"0\">Marketing farmaceutyczny:<\/b> U\u017cyj efekt\u00f3w soczewkowych 3D, aby pokaza\u0107 wyniki \u201cprzed i po\u201d lub animacje mechanizm\u00f3w dzia\u0142ania.<\/p>\n<\/li>\n<li>\n<p data-path-to-node=\"17,2,0\"><b data-path-to-node=\"17,2,0\" data-index-in-node=\"0\">Budownictwo i in\u017cynieria:<\/b> Niezb\u0119dne narz\u0119dzie dla architekt\u00f3w i in\u017cynier\u00f3w, kt\u00f3re mo\u017ce s\u0142u\u017cy\u0107 jako wizyt\u00f3wka premium.<\/p>\n<\/li>\n<\/ul>","protected":false},"excerpt":{"rendered":"<ul>\n<li>\n<p data-path-to-node=\"9,0,0\"><b data-path-to-node=\"9,0,0\" data-index-in-node=\"0\">Wszechstronne opcje materia\u0142owe:<\/b> Mo\u017cesz wybiera\u0107 spo\u015br\u00f3d p\u00f3\u0142sztywnego PVC, ekologicznego polipropylenu (PP) lub specjalistycznego soczewkowego PET.<\/p>\n<\/li>\n<li>\n<p data-path-to-node=\"9,1,0\"><b data-path-to-node=\"9,1,0\" data-index-in-node=\"0\">Efekty wizualne 3D:<\/b> Nasze linijki soczewkowe PET oferuj\u0105 niesamowite efekty ruchu, powi\u0119kszania i przekszta\u0142cania, kt\u00f3re przyci\u0105gaj\u0105 uwag\u0119.<\/p>\n<\/li>\n<li>\n<p data-path-to-node=\"9,2,0\"><b data-path-to-node=\"9,2,0\" data-index-in-node=\"0\">Pe\u0142na personalizacja:<\/b> Dost\u0119pne z nadrukiem cyfrowym lub sitodrukiem o wysokiej rozdzielczo\u015bci na ca\u0142ej powierzchni (1 lub 2 strony).<\/p>\n<\/li>\n<li>\n<p data-path-to-node=\"9,3,0\"><b data-path-to-node=\"9,3,0\" data-index-in-node=\"0\">Praktyczna widoczno\u015b\u0107 marki:<\/b> Funkcjonalne narz\u0119dzie biurowe, dzi\u0119ki kt\u00f3remu Twoja marka pozostaje codziennie widoczna dla klienta.<\/p>\n<\/li>\n<\/ul>","protected":false},"featured_media":6229,"comment_status":"closed","ping_status":"closed","template":"","meta":[],"product_brand":[],"product_cat":[122],"product_tag":[],"class_list":{"0":"post-6228","1":"product","2":"type-product","3":"status-publish","4":"has-post-thumbnail","6":"product_cat-promotional-accessories","8":"first","9":"instock","10":"shipping-taxable","11":"product-type-simple"},"_links":{"self":[{"href":"https:\/\/displayproducts.eu\/pl\/wp-json\/wp\/v2\/product\/6228","targetHints":{"allow":["GET"]}}],"collection":[{"href":"https:\/\/displayproducts.eu\/pl\/wp-json\/wp\/v2\/product"}],"about":[{"href":"https:\/\/displayproducts.eu\/pl\/wp-json\/wp\/v2\/types\/product"}],"replies":[{"embeddable":true,"href":"https:\/\/displayproducts.eu\/pl\/wp-json\/wp\/v2\/comments?post=6228"}],"wp:featuredmedia":[{"embeddable":true,"href":"https:\/\/displayproducts.eu\/pl\/wp-json\/wp\/v2\/media\/6229"}],"wp:attachment":[{"href":"https:\/\/displayproducts.eu\/pl\/wp-json\/wp\/v2\/media?parent=6228"}],"wp:term":[{"taxonomy":"product_brand","embeddable":true,"href":"https:\/\/displayproducts.eu\/pl\/wp-json\/wp\/v2\/product_brand?post=6228"},{"taxonomy":"product_cat","embeddable":true,"href":"https:\/\/displayproducts.eu\/pl\/wp-json\/wp\/v2\/product_cat?post=6228"},{"taxonomy":"product_tag","embeddable":true,"href":"https:\/\/displayproducts.eu\/pl\/wp-json\/wp\/v2\/product_tag?post=6228"}],"curies":[{"name":"wp","href":"https:\/\/api.w.org\/{rel}","templated":true}]}}