{"id":6226,"date":"2025-12-20T18:04:19","date_gmt":"2025-12-20T15:04:19","guid":{"rendered":"https:\/\/wristbandfactory.eu\/?post_type=product&#038;p=6226"},"modified":"2026-04-01T21:52:03","modified_gmt":"2026-04-01T18:52:03","slug":"custom-fsc-certified-pencils-with-eraser-360-full-color-print","status":"publish","type":"product","link":"https:\/\/displayproducts.eu\/pl\/p\/custom-fsc-certified-pencils-with-eraser-360-full-color-print\/","title":{"rendered":"O\u0142\u00f3wki z nadrukiem (Certyfikat FSC\u00ae)"},"content":{"rendered":"<p data-path-to-node=\"10\">Wyka\u017c swoje zaanga\u017cowanie w ochron\u0119 \u015brodowiska, nie rezygnuj\u0105c z designu dzi\u0119ki naszym <b data-path-to-node=\"10\" data-index-in-node=\"109\">O\u0142\u00f3wki z certyfikatem FSC\u00ae na zapytanie ofertowe<\/b>. To nie tylko przybory do pisania; to deklaracja zr\u00f3wnowa\u017conych warto\u015bci marki. Wybieraj\u0105c drewno z certyfikatem FSC\u00ae, wspierasz odpowiedzialn\u0105 gospodark\u0119 le\u015bn\u0105 na ca\u0142ym \u015bwiecie.<\/p>\n<p data-path-to-node=\"11\">To, co wyr\u00f3\u017cnia ten o\u0142\u00f3wek, to <b data-path-to-node=\"11\" data-index-in-node=\"35\">360\u00b0 Pe\u0142nokolorowa personalizacja<\/b>. Nie tylko drukujemy ma\u0142e logo z boku; ozdabiamy ca\u0142y korpus o\u0142\u00f3wka Twoim unikalnym projektem. Niezale\u017cnie od tego, czy jest to z\u0142o\u017cony wz\u00f3r, zdj\u0119cie, czy kolory firmowe, rezultatem jest sp\u00f3jny i przyci\u0105gaj\u0105cy wzrok gad\u017cet reklamowy.<\/p>\n<h2 data-path-to-node=\"12\">G\u0142\u00f3wne cechy<\/h2>\n<ul data-path-to-node=\"13\">\n<li>\n<p data-path-to-node=\"13,0,0\"><b data-path-to-node=\"13,0,0\" data-index-in-node=\"0\">Wyb\u00f3r przyjazny dla \u015brodowiska:<\/b> Wyprodukowano z naturalnego drewna pochodz\u0105cego z certyfikowanych, zr\u00f3wnowa\u017conych \u017ar\u00f3de\u0142, dzi\u0119ki czemu jest to bezpieczny gad\u017cet promocyjny.<\/p>\n<\/li>\n<li>\n<p data-path-to-node=\"13,1,0\"><b data-path-to-node=\"13,1,0\" data-index-in-node=\"0\">Nieograniczony projekt:<\/b> Technika druku 360\u00b0 umo\u017cliwia tworzenie nadruk\u00f3w od kraw\u0119dzi do kraw\u0119dzi w CMYK, co doskonale sprawdza si\u0119 w przypadku skomplikowanych grafik i wyrazistych przekaz\u00f3w.<\/p>\n<\/li>\n<li>\n<p data-path-to-node=\"13,2,0\"><b data-path-to-node=\"13,2,0\" data-index-in-node=\"0\">Funkcjonalne i stylowe:<\/b> Wyposa\u017cony w praktyczn\u0105 gumk\u0119, utrzymywan\u0105 na miejscu przez eleganck\u0105 <b data-path-to-node=\"13,2,0\" data-index-in-node=\"80\">metalowa tuleja<\/b>, \u0142\u0105cz\u0105ce w sobie u\u017cyteczno\u015b\u0107 z eleganckim wygl\u0105dem.<\/p>\n<\/li>\n<li>\n<p data-path-to-node=\"13,3,0\"><b data-path-to-node=\"13,3,0\" data-index-in-node=\"0\">Wysoka u\u017cyteczno\u015b\u0107:<\/b> O\u0142\u00f3wki nale\u017c\u0105 do najch\u0119tniej kupowanych artyku\u0142\u00f3w promocyjnych, dzi\u0119ki czemu Twoja marka pozostaje w r\u0119kach klient\u00f3w przez wiele miesi\u0119cy.<\/p>\n<\/li>\n<\/ul>\n<h2 data-path-to-node=\"14\">Specyfikacje<\/h2>\n<ul data-path-to-node=\"15\">\n<li>\n<p data-path-to-node=\"15,0,0\"><b data-path-to-node=\"15,0,0\" data-index-in-node=\"0\">Tworzywo:<\/b> Naturalne drewno (certyfikat FSC\u00ae).<\/p>\n<\/li>\n<li>\n<p data-path-to-node=\"15,1,0\"><b data-path-to-node=\"15,1,0\" data-index-in-node=\"0\">Metoda drukowania:<\/b> Cyfrowe opakowanie 360\u00b0 w pe\u0142nym kolorze.<\/p>\n<\/li>\n<li>\n<p data-path-to-node=\"15,2,0\"><b data-path-to-node=\"15,2,0\" data-index-in-node=\"0\">Sk\u0142adniki:<\/b> Grafitowy wk\u0142ad, gumka, metalowa tulejka.<\/p>\n<\/li>\n<li>\n<p data-path-to-node=\"15,3,0\"><b data-path-to-node=\"15,3,0\" data-index-in-node=\"0\">Kszta\u0142t:<\/b> Standardowy okr\u0105g\u0142y lub sze\u015bciok\u0105tny (w zale\u017cno\u015bci od stanu magazynowego).<\/p>\n<\/li>\n<li>\n<p data-path-to-node=\"15,4,0\"><b data-path-to-node=\"15,4,0\" data-index-in-node=\"0\">Certyfikaty:<\/b> FSC\u00ae (Rada ds. Zr\u00f3wnowa\u017conej Gospodarki Le\u015bnej).<\/p>\n<\/li>\n<\/ul>\n<h2 data-path-to-node=\"16\">Przypadki u\u017cycia<\/h2>\n<ul data-path-to-node=\"17\">\n<li>\n<p data-path-to-node=\"17,0,0\"><b data-path-to-node=\"17,0,0\" data-index-in-node=\"0\">Wydarzenia edukacyjne:<\/b> Doskonale nadaje si\u0119 do szk\u00f3\u0142, uniwersytet\u00f3w i o\u015brodk\u00f3w szkoleniowych.<\/p>\n<\/li>\n<li>\n<p data-path-to-node=\"17,1,0\"><b data-path-to-node=\"17,1,0\" data-index-in-node=\"0\">Targi:<\/b> Lekki, ekologiczny gad\u017cet, z kt\u00f3rego uczestnicy faktycznie korzystaj\u0105.<\/p>\n<\/li>\n<li>\n<p data-path-to-node=\"17,2,0\"><b data-path-to-node=\"17,2,0\" data-index-in-node=\"0\">Artyku\u0142y biurowe:<\/b> Stw\u00f3rz w\u0142asn\u0105 mark\u0119 artyku\u0142\u00f3w biurowych, aby wzmocni\u0107 identyfikacj\u0119 korporacyjn\u0105 wewn\u0105trz firmy oraz na spotkaniach z klientami.<\/p>\n<\/li>\n<\/ul>","protected":false},"excerpt":{"rendered":"<ul>\n<li>\n<p data-path-to-node=\"9,0,0\"><b data-path-to-node=\"9,0,0\" data-index-in-node=\"0\">Certyfikowany Zr\u00f3wnowa\u017cony:<\/b> Wykonane z naturalnego drewna 100% pochodz\u0105cego z odpowiedzialnie zarz\u0105dzanych las\u00f3w (certyfikat FSC\u00ae).<\/p>\n<\/li>\n<li>\n<p data-path-to-node=\"9,1,0\"><b data-path-to-node=\"9,1,0\" data-index-in-node=\"0\">Pe\u0142ne brandingowanie 360\u00b0:<\/b> W przeciwie\u0144stwie do standardowego nadruku tampodrukowego, Tw\u00f3j wz\u00f3r pokrywa ca\u0142\u0105 powierzchni\u0119 korpusu \u017cywym, pe\u0142nokolorowym nadrukiem cyfrowym.<\/p>\n<\/li>\n<li>\n<p data-path-to-node=\"9,2,0\"><b data-path-to-node=\"9,2,0\" data-index-in-node=\"0\">Wyko\u0144czenie premium:<\/b> Posiada wysokiej jako\u015bci gumk\u0119 zamocowan\u0105 na trwa\u0142ej metalowej skuwce (szczeg\u00f3\u0142y).<\/p>\n<\/li>\n<li>\n<p data-path-to-node=\"9,3,0\"><b data-path-to-node=\"9,3,0\" data-index-in-node=\"0\">Wszechstronna promocja:<\/b> Idealny, niedrogi i dobrze widoczny gad\u017cet na targi, do szk\u00f3\u0142 i biur.<\/p>\n<\/li>\n<\/ul>","protected":false},"featured_media":6227,"comment_status":"closed","ping_status":"closed","template":"","meta":[],"product_brand":[],"product_cat":[122],"product_tag":[],"class_list":{"0":"post-6226","1":"product","2":"type-product","3":"status-publish","4":"has-post-thumbnail","6":"product_cat-promotional-accessories","8":"first","9":"instock","10":"shipping-taxable","11":"product-type-simple"},"_links":{"self":[{"href":"https:\/\/displayproducts.eu\/pl\/wp-json\/wp\/v2\/product\/6226","targetHints":{"allow":["GET"]}}],"collection":[{"href":"https:\/\/displayproducts.eu\/pl\/wp-json\/wp\/v2\/product"}],"about":[{"href":"https:\/\/displayproducts.eu\/pl\/wp-json\/wp\/v2\/types\/product"}],"replies":[{"embeddable":true,"href":"https:\/\/displayproducts.eu\/pl\/wp-json\/wp\/v2\/comments?post=6226"}],"wp:featuredmedia":[{"embeddable":true,"href":"https:\/\/displayproducts.eu\/pl\/wp-json\/wp\/v2\/media\/6227"}],"wp:attachment":[{"href":"https:\/\/displayproducts.eu\/pl\/wp-json\/wp\/v2\/media?parent=6226"}],"wp:term":[{"taxonomy":"product_brand","embeddable":true,"href":"https:\/\/displayproducts.eu\/pl\/wp-json\/wp\/v2\/product_brand?post=6226"},{"taxonomy":"product_cat","embeddable":true,"href":"https:\/\/displayproducts.eu\/pl\/wp-json\/wp\/v2\/product_cat?post=6226"},{"taxonomy":"product_tag","embeddable":true,"href":"https:\/\/displayproducts.eu\/pl\/wp-json\/wp\/v2\/product_tag?post=6226"}],"curies":[{"name":"wp","href":"https:\/\/api.w.org\/{rel}","templated":true}]}}