{"id":6224,"date":"2025-12-20T18:00:02","date_gmt":"2025-12-20T15:00:02","guid":{"rendered":"https:\/\/wristbandfactory.eu\/?post_type=product&#038;p=6224"},"modified":"2026-04-01T21:52:34","modified_gmt":"2026-04-01T18:52:34","slug":"custom-foldable-glasses-cases-pu-leather-metal-core","status":"publish","type":"product","link":"https:\/\/displayproducts.eu\/pl\/p\/custom-foldable-glasses-cases-pu-leather-metal-core\/","title":{"rendered":"Sk\u0142adane etui na okulary z nadrukiem"},"content":{"rendered":"<p data-path-to-node=\"10\">Ulepsz swoje markowe akcesoria dzi\u0119ki naszym <b data-path-to-node=\"10\" data-index-in-node=\"67\">Z w\u0142asnym nadrukiem sk\u0142adane etui na okulary<\/b>. Zaprojektowane z my\u015bl\u0105 o nowoczesnej wygodzie, etui rozwi\u0105zuje problem przechowywania du\u017cych okular\u00f3w. Podczas u\u017cytkowania etui sk\u0142ada si\u0119 ca\u0142kowicie na p\u0142asko, z \u0142atwo\u015bci\u0105 mieszcz\u0105c si\u0119 w kieszeni kurtki lub smuk\u0142ej torbie.<\/p>\n<p data-path-to-node=\"11\">Idealne do salon\u00f3w optycznych, letnich kampanii reklamowych i prezent\u00f3w firmowych, to etui \u0142\u0105czy w sobie wytrzyma\u0142o\u015b\u0107 z wysokiej jako\u015bci estetyk\u0105. Rdze\u0144 wykonany jest z lekkich metalowych p\u0142ytek zapewniaj\u0105cych integralno\u015b\u0107 konstrukcji, pokryty g\u0142adk\u0105 sk\u00f3r\u0105 poliuretanow\u0105 dla uzyskania wysokiej jako\u015bci wyko\u0144czenia i wy\u015bcie\u0142any mi\u0119kk\u0105 tkanin\u0105, kt\u00f3ra chroni soczewki przed zarysowaniami.<\/p>\n<h2 data-path-to-node=\"12\">G\u0142\u00f3wne cechy<\/h2>\n<ul data-path-to-node=\"13\">\n<li>\n<p data-path-to-node=\"13,0,0\"><b data-path-to-node=\"13,0,0\" data-index-in-node=\"0\">Maksymalna powierzchnia brandingu:<\/b> W przeciwie\u0144stwie do standardowych etui, kt\u00f3re ograniczaj\u0105 si\u0119 do ma\u0142ego logo, ten model pozwala na <b data-path-to-node=\"13,0,0\" data-index-in-node=\"92\">pe\u0142nopowierzchniowy druk cyfrowy CMYK<\/b> na ca\u0142ej powierzchni zewn\u0119trznej.<\/p>\n<\/li>\n<li>\n<p data-path-to-node=\"13,1,0\"><b data-path-to-node=\"13,1,0\" data-index-in-node=\"0\">Szczeg\u00f3\u0142y luksusowego wn\u0119trza:<\/b> Dodaj odrobin\u0119 elegancji za pomoc\u0105 srebra lub z\u0142ota <b data-path-to-node=\"13,1,0\" data-index-in-node=\"70\">logo t\u0142oczone na gor\u0105co<\/b> (5 \u00d7 2 cm) na wewn\u0119trznej podszewce.<\/p>\n<\/li>\n<li>\n<p data-path-to-node=\"13,2,0\"><b data-path-to-node=\"13,2,0\" data-index-in-node=\"0\">Uniwersalne dopasowanie:<\/b> Po otwarciu tr\u00f3jk\u0105tny kszta\u0142t pozwala na dopasowanie wi\u0119kszo\u015bci standardowych okular\u00f3w do czytania i przeciws\u0142onecznych.<\/p>\n<\/li>\n<li>\n<p data-path-to-node=\"13,3,0\"><b data-path-to-node=\"13,3,0\" data-index-in-node=\"0\">Wytrzyma\u0142o\u015b\u0107 konstrukcyjna:<\/b> Konstrukcja z metalowej p\u0142yty sprawia, \u017ce pomimo mo\u017cliwo\u015bci z\u0142o\u017cenia, obudowa po roz\u0142o\u017ceniu jest sztywna i zapewnia ochron\u0119.<\/p>\n<\/li>\n<\/ul>\n<h2 data-path-to-node=\"14\">Specyfikacje<\/h2>\n<ul data-path-to-node=\"15\">\n<li>\n<p data-path-to-node=\"15,0,0\"><b data-path-to-node=\"15,0,0\" data-index-in-node=\"0\">Tworzywo:<\/b> Lekki metalowy rdze\u0144, zewn\u0119trzna strona ze sk\u00f3ry PU, mi\u0119kka podszewka z tkaniny.<\/p>\n<\/li>\n<li>\n<p data-path-to-node=\"15,1,0\"><b data-path-to-node=\"15,1,0\" data-index-in-node=\"0\">Wymiary (zamkni\u0119te):<\/b> 16 \u00d7 6,5 \u00d7 1,0 cm.<\/p>\n<\/li>\n<li>\n<p data-path-to-node=\"15,2,0\"><b data-path-to-node=\"15,2,0\" data-index-in-node=\"0\">Wymiary (otwarte):<\/b> 16 \u00d7 6,5 \u00d7 6,5 cm.<\/p>\n<\/li>\n<li>\n<p data-path-to-node=\"15,3,0\"><b data-path-to-node=\"15,3,0\" data-index-in-node=\"0\">Typ zamkni\u0119cia:<\/b> Ukryty pasek magnetyczny.<\/p>\n<\/li>\n<li>\n<p data-path-to-node=\"15,4,0\"><b data-path-to-node=\"15,4,0\" data-index-in-node=\"0\">Opcje brandingu:<\/b><\/p>\n<ul data-path-to-node=\"15,4,1\">\n<li>\n<p data-path-to-node=\"15,4,1,0,0\">Zewn\u0119trzna: Nadruk pe\u0142nokolorowy (CMYK).<\/p>\n<\/li>\n<li>\n<p data-path-to-node=\"15,4,1,1,0\">Wn\u0119trze: t\u0142oczenie na gor\u0105co (folia z\u0142ota lub srebrna).<\/p>\n<\/li>\n<\/ul>\n<\/li>\n<li>\n<p data-path-to-node=\"15,5,0\"><b data-path-to-node=\"15,5,0\" data-index-in-node=\"0\">Opakowanie:<\/b> Pojedynczy woreczek foliowy (standardowy).<\/p>\n<ul data-path-to-node=\"15,5,1\">\n<li>\n<p data-path-to-node=\"15,5,1,0,0\"><i data-path-to-node=\"15,5,1,0,0\" data-index-in-node=\"0\">Fakultatywny:<\/i> Wk\u0142adka kartonowa z nadrukiem w\u0142asnym (15 \u00d7 6 cm).<\/p>\n<\/li>\n<\/ul>\n<\/li>\n<\/ul>\n<h2 data-path-to-node=\"16\">Przypadki u\u017cycia<\/h2>\n<ul data-path-to-node=\"17\">\n<li>\n<p data-path-to-node=\"17,0,0\"><b data-path-to-node=\"17,0,0\" data-index-in-node=\"0\">Sprzedawcy sprz\u0119tu optycznego:<\/b> Warto\u015bciowy upominek przy zakupie okular\u00f3w korekcyjnych.<\/p>\n<\/li>\n<li>\n<p data-path-to-node=\"17,1,0\"><b data-path-to-node=\"17,1,0\" data-index-in-node=\"0\">Podr\u00f3\u017ce i turystyka:<\/b> Doskonale sprawdza si\u0119 w biurach podr\u00f3\u017cy i liniach lotniczych jako oszcz\u0119dzaj\u0105cy miejsce dodatek podr\u00f3\u017cny.<\/p>\n<\/li>\n<li>\n<p data-path-to-node=\"17,2,0\"><b data-path-to-node=\"17,2,0\" data-index-in-node=\"0\">Promocje letnie:<\/b> Idealny towarzysz kampanii promuj\u0105cych markowe okulary przeciws\u0142oneczne.<\/p>\n<\/li>\n<\/ul>","protected":false},"excerpt":{"rendered":"<ul>\n<li>\n<p data-path-to-node=\"9,0,0\"><b data-path-to-node=\"9,0,0\" data-index-in-node=\"0\">Inteligentna, sk\u0142adana konstrukcja:<\/b> Gdy nie jest u\u017cywany, mo\u017cna go z\u0142o\u017cy\u0107 na p\u0142asko do grubo\u015bci zaledwie 1,0 cm, oszcz\u0119dzaj\u0105c cenne miejsce w kieszeni lub torbie.<\/p>\n<\/li>\n<li>\n<p data-path-to-node=\"9,1,0\"><b data-path-to-node=\"9,1,0\" data-index-in-node=\"0\">Pe\u0142na personalizacja:<\/b> Ca\u0142\u0105 zewn\u0119trzn\u0105 powierzchni\u0119 z poliuretanu mo\u017cna zadrukowa\u0107 w pe\u0142nym kolorze, natomiast wn\u0119trze zdobi luksusowe, wyt\u0142oczone na gor\u0105co logo.<\/p>\n<\/li>\n<li>\n<p data-path-to-node=\"9,2,0\"><b data-path-to-node=\"9,2,0\" data-index-in-node=\"0\">Materia\u0142y najwy\u017cszej jako\u015bci:<\/b> Wykonane z mocnych p\u0142yt z lekkiego metalu, pokryte sk\u00f3r\u0105 PU i wy\u0142o\u017cone mi\u0119kk\u0105 tkanin\u0105 zapobiegaj\u0105c\u0105 zarysowaniom.<\/p>\n<\/li>\n<li>\n<p data-path-to-node=\"9,3,0\"><b data-path-to-node=\"9,3,0\" data-index-in-node=\"0\">Zapi\u0119cie magnetyczne:<\/b> Bezpieczna i \u0142atwa w u\u017cyciu magnetyczna pokrywa zapewnia bezpiecze\u0144stwo okular\u00f3w.<\/p>\n<\/li>\n<\/ul>","protected":false},"featured_media":6225,"comment_status":"closed","ping_status":"closed","template":"","meta":[],"product_brand":[],"product_cat":[121],"product_tag":[],"class_list":{"0":"post-6224","1":"product","2":"type-product","3":"status-publish","4":"has-post-thumbnail","6":"product_cat-promotional-merchandise","8":"first","9":"instock","10":"shipping-taxable","11":"product-type-simple"},"_links":{"self":[{"href":"https:\/\/displayproducts.eu\/pl\/wp-json\/wp\/v2\/product\/6224","targetHints":{"allow":["GET"]}}],"collection":[{"href":"https:\/\/displayproducts.eu\/pl\/wp-json\/wp\/v2\/product"}],"about":[{"href":"https:\/\/displayproducts.eu\/pl\/wp-json\/wp\/v2\/types\/product"}],"replies":[{"embeddable":true,"href":"https:\/\/displayproducts.eu\/pl\/wp-json\/wp\/v2\/comments?post=6224"}],"wp:featuredmedia":[{"embeddable":true,"href":"https:\/\/displayproducts.eu\/pl\/wp-json\/wp\/v2\/media\/6225"}],"wp:attachment":[{"href":"https:\/\/displayproducts.eu\/pl\/wp-json\/wp\/v2\/media?parent=6224"}],"wp:term":[{"taxonomy":"product_brand","embeddable":true,"href":"https:\/\/displayproducts.eu\/pl\/wp-json\/wp\/v2\/product_brand?post=6224"},{"taxonomy":"product_cat","embeddable":true,"href":"https:\/\/displayproducts.eu\/pl\/wp-json\/wp\/v2\/product_cat?post=6224"},{"taxonomy":"product_tag","embeddable":true,"href":"https:\/\/displayproducts.eu\/pl\/wp-json\/wp\/v2\/product_tag?post=6224"}],"curies":[{"name":"wp","href":"https:\/\/api.w.org\/{rel}","templated":true}]}}