{"id":6222,"date":"2025-12-20T17:56:31","date_gmt":"2025-12-20T14:56:31","guid":{"rendered":"https:\/\/wristbandfactory.eu\/?post_type=product&#038;p=6222"},"modified":"2026-04-01T21:52:03","modified_gmt":"2026-04-01T18:52:03","slug":"custom-3d-snow-globes-with-bespoke-interior-logo","status":"publish","type":"product","link":"https:\/\/displayproducts.eu\/pl\/p\/custom-3d-snow-globes-with-bespoke-interior-logo\/","title":{"rendered":"Kule \u015bnie\u017cne z logo (3D)"},"content":{"rendered":"<p data-path-to-node=\"10\">Uchwy\u0107 magi\u0119 \u015bwi\u0105t lub zatrzymaj chwil\u0119 w czasie dzi\u0119ki naszym zdj\u0119ciom <b data-path-to-node=\"10\" data-index-in-node=\"95\">Z w\u0142asnym nadrukiem kule \u015bnie\u017cne 3D<\/b>. W przeciwie\u0144stwie do standardowych gad\u017cet\u00f3w promocyjnych, te globusy zawieraj\u0105 w \u015brodku w pe\u0142ni spersonalizowan\u0105 rze\u017ab\u0119 3D \u2014 niezale\u017cnie od tego, czy jest to miniaturowa replika Twojego produktu, maskotki Twojej firmy czy te\u017c konkretna scena architektoniczna.<\/p>\n<p data-path-to-node=\"11\">Wykonane z trwa\u0142ej, bezrozpuszczalnikowej \u017cywicy poliestrowej, te globusy to wysokiej jako\u015bci przedmioty kolekcjonerskie. Unosz\u0105cy si\u0119 brokat dodaje hipnotyzuj\u0105cego efektu, kt\u00f3ry przyci\u0105ga uwag\u0119 do Twojej marki. Dzi\u0119ki mo\u017cliwo\u015bci wyboru zar\u00f3wno rze\u017aby wewn\u0119trznej, jak i brandingu na zewn\u0119trznej podstawie, jest to idealny prezent premium dla partner\u00f3w korporacyjnych i kampanii sezonowych.<\/p>\n<h2 data-path-to-node=\"12\">G\u0142\u00f3wne cechy<\/h2>\n<ul data-path-to-node=\"13\">\n<li>\n<p data-path-to-node=\"13,0,0\"><b data-path-to-node=\"13,0,0\" data-index-in-node=\"0\">W pe\u0142ni spersonalizowane modelowanie 3D:<\/b> Wn\u0119trze nie jest p\u0142ask\u0105 wk\u0142adk\u0105, lecz odlewan\u0105 z \u017cywicy figurk\u0105 stworzon\u0105 specjalnie na potrzeby Twojego projektu.<\/p>\n<\/li>\n<li>\n<p data-path-to-node=\"13,1,0\"><b data-path-to-node=\"13,1,0\" data-index-in-node=\"0\">Wyko\u0144czenie artystyczne:<\/b> Elementy 3D mog\u0105 by\u0107 w eleganckim, jednolitym bia\u0142ym kolorze lub starannie pomalowane r\u0119cznie, tak aby pasowa\u0142y do kolor\u00f3w Twojej marki.<\/p>\n<\/li>\n<li>\n<p data-path-to-node=\"13,2,0\"><b data-path-to-node=\"13,2,0\" data-index-in-node=\"0\">Podstawa markowa:<\/b> Podstawa (dost\u0119pna w kolorze bia\u0142ym lub czarnym) wyposa\u017cona jest <b data-path-to-node=\"13,2,0\" data-index-in-node=\"62\">druk wypuk\u0142y<\/b>, dodaj\u0105c tekstur\u0119 3D do swojego logo lub tekstu na zewn\u0105trz.<\/p>\n<\/li>\n<li>\n<p data-path-to-node=\"13,3,0\"><b data-path-to-node=\"13,3,0\" data-index-in-node=\"0\">Opakowania gotowe do sprzeda\u017cy detalicznej:<\/b> Nie ma potrzeby dodatkowego pakowania. Ka\u017cdy globus jest dostarczany w kolorowym, zadrukowanym kartonowym pude\u0142ku z bezpiecznym wype\u0142nieniem, gotowy do dystrybucji.<\/p>\n<\/li>\n<\/ul>\n<h2 data-path-to-node=\"14\">Specyfikacje<\/h2>\n<ul data-path-to-node=\"15\">\n<li>\n<p data-path-to-node=\"15,0,0\"><b data-path-to-node=\"15,0,0\" data-index-in-node=\"0\">Materia\u0142 globusa:<\/b> Figurki ze szk\u0142a\/przezroczystego plastiku z \u017cywic\u0105 poliestrow\u0105 (bez rozpuszczalnik\u00f3w).<\/p>\n<\/li>\n<li>\n<p data-path-to-node=\"15,1,0\"><b data-path-to-node=\"15,1,0\" data-index-in-node=\"0\">Materia\u0142 bazowy:<\/b> Trwa\u0142y kompozyt.<\/p>\n<\/li>\n<li>\n<p data-path-to-node=\"15,2,0\"><b data-path-to-node=\"15,2,0\" data-index-in-node=\"0\">Po\u017cywny:<\/b> P\u0142yn z b\u0142yszcz\u0105cym brokatem\/cekinami.<\/p>\n<\/li>\n<li>\n<p data-path-to-node=\"15,3,0\"><b data-path-to-node=\"15,3,0\" data-index-in-node=\"0\">Dost\u0119pne rozmiary:<\/b><\/p>\n<ul data-path-to-node=\"15,3,1\">\n<li>\n<p data-path-to-node=\"15,3,1,0,0\"><b data-path-to-node=\"15,3,1,0,0\" data-index-in-node=\"0\">\u00d8 8 cm Globus:<\/b> Podstawa 7,5 \u00d7 7,5 \u00d7 2,5 cm | Pude\u0142ko 11 \u00d7 13 \u00d7 11 cm.<\/p>\n<\/li>\n<li>\n<p data-path-to-node=\"15,3,1,1,0\"><b data-path-to-node=\"15,3,1,1,0\" data-index-in-node=\"0\">\u00d8 10 cm Globus:<\/b> Podstawa 9 \u00d7 9 \u00d7 3 cm | Pude\u0142ko 13,7 \u00d7 15,7 \u00d7 13,7 cm.<\/p>\n<\/li>\n<\/ul>\n<\/li>\n<li>\n<p data-path-to-node=\"15,4,0\"><b data-path-to-node=\"15,4,0\" data-index-in-node=\"0\">Personalizacja:<\/b> Wn\u0119trze formowane w technologii 3D + nadruk wypuk\u0142y na podstawie + pude\u0142ko na zapytanie ofertowe.<\/p>\n<\/li>\n<\/ul>\n<h2 data-path-to-node=\"16\">Przypadki u\u017cycia<\/h2>\n<ul data-path-to-node=\"17\">\n<li>\n<p data-path-to-node=\"17,0,0\"><b data-path-to-node=\"17,0,0\" data-index-in-node=\"0\">Prezenty \u015bwi\u0105teczne:<\/b> Klasyczny prezent \u015bwi\u0105teczny dla klient\u00f3w i pracownik\u00f3w.<\/p>\n<\/li>\n<li>\n<p data-path-to-node=\"17,1,0\"><b data-path-to-node=\"17,1,0\" data-index-in-node=\"0\">Turystyka i pami\u0105tki:<\/b> Spersonalizowane sceny zabytk\u00f3w dla muze\u00f3w, hoteli i rad miejskich.<\/p>\n<\/li>\n<li>\n<p data-path-to-node=\"17,2,0\"><b data-path-to-node=\"17,2,0\" data-index-in-node=\"0\">Wprowadzanie produkt\u00f3w na rynek:<\/b> Stw\u00f3rz miniaturow\u0105 wersj\u0119 nowego samochodu, budynku lub produktu unosz\u0105cego si\u0119 na \u201c\u015bniegu\u201d.\u201d<\/p>\n<\/li>\n<\/ul>","protected":false},"excerpt":{"rendered":"<ul>\n<li>\n<p data-path-to-node=\"9,0,0\"><b data-path-to-node=\"9,0,0\" data-index-in-node=\"0\">Indywidualne wn\u0119trza 3D:<\/b> Modelujemy Twoje logo, produkt lub maskotk\u0119 w szczeg\u00f3\u0142ow\u0105 rze\u017ab\u0119 3D wewn\u0105trz globusa.<\/p>\n<\/li>\n<li>\n<p data-path-to-node=\"9,1,0\"><b data-path-to-node=\"9,1,0\" data-index-in-node=\"0\">Malowane r\u0119cznie lub monochromatyczne:<\/b> Wybierz pomi\u0119dzy klasyczn\u0105, ca\u0142kowicie bia\u0142\u0105 rze\u017ab\u0105 a \u017cywymi, r\u0119cznie malowanymi detalami.<\/p>\n<\/li>\n<li>\n<p data-path-to-node=\"9,2,0\"><b data-path-to-node=\"9,2,0\" data-index-in-node=\"0\">Podstawa Premium:<\/b> Solidna podstawa dost\u0119pna w kolorze czarnym lub bia\u0142ym, z mo\u017cliwo\u015bci\u0105 personalizacji za pomoc\u0105 nadruku wypuk\u0142ego.<\/p>\n<\/li>\n<li>\n<p data-path-to-node=\"9,3,0\"><b data-path-to-node=\"9,3,0\" data-index-in-node=\"0\">Kompleksowe rozwi\u0105zanie w zakresie prezent\u00f3w:<\/b> Dostarczane w kolorowym pude\u0142ku z nadrukiem i ochronnymi wk\u0142adkami z polistyrenu.<\/p>\n<\/li>\n<\/ul>","protected":false},"featured_media":6223,"comment_status":"closed","ping_status":"closed","template":"","meta":[],"product_brand":[],"product_cat":[121],"product_tag":[],"class_list":{"0":"post-6222","1":"product","2":"type-product","3":"status-publish","4":"has-post-thumbnail","6":"product_cat-promotional-merchandise","8":"first","9":"instock","10":"shipping-taxable","11":"product-type-simple"},"_links":{"self":[{"href":"https:\/\/displayproducts.eu\/pl\/wp-json\/wp\/v2\/product\/6222","targetHints":{"allow":["GET"]}}],"collection":[{"href":"https:\/\/displayproducts.eu\/pl\/wp-json\/wp\/v2\/product"}],"about":[{"href":"https:\/\/displayproducts.eu\/pl\/wp-json\/wp\/v2\/types\/product"}],"replies":[{"embeddable":true,"href":"https:\/\/displayproducts.eu\/pl\/wp-json\/wp\/v2\/comments?post=6222"}],"wp:featuredmedia":[{"embeddable":true,"href":"https:\/\/displayproducts.eu\/pl\/wp-json\/wp\/v2\/media\/6223"}],"wp:attachment":[{"href":"https:\/\/displayproducts.eu\/pl\/wp-json\/wp\/v2\/media?parent=6222"}],"wp:term":[{"taxonomy":"product_brand","embeddable":true,"href":"https:\/\/displayproducts.eu\/pl\/wp-json\/wp\/v2\/product_brand?post=6222"},{"taxonomy":"product_cat","embeddable":true,"href":"https:\/\/displayproducts.eu\/pl\/wp-json\/wp\/v2\/product_cat?post=6222"},{"taxonomy":"product_tag","embeddable":true,"href":"https:\/\/displayproducts.eu\/pl\/wp-json\/wp\/v2\/product_tag?post=6222"}],"curies":[{"name":"wp","href":"https:\/\/api.w.org\/{rel}","templated":true}]}}